{"id":66582,"date":"2025-03-31T17:11:33","date_gmt":"2025-03-31T14:11:33","guid":{"rendered":"https:\/\/www.www.santaclausreindeer.fi\/product\/balade-prioritaire-en-traineau-a-rennes-acces-rapide-pour-votre-promenade-sur-le-sentier-forestier-avec-les-rennes\/"},"modified":"2026-04-13T21:10:32","modified_gmt":"2026-04-13T18:10:32","slug":"balade-prioritaire-en-traineau-a-rennes-acces-rapide-pour-votre-promenade-sur-le-sentier-forestier-avec-les-rennes","status":"publish","type":"product","link":"https:\/\/www.santaclausreindeer.fi\/fr\/product\/balade-prioritaire-en-traineau-a-rennes-acces-rapide-pour-votre-promenade-sur-le-sentier-forestier-avec-les-rennes\/","title":{"rendered":"Balade Prioritaire en Tra\u00eeneau \u00e0 Rennes \u2013 Acc\u00e8s Rapide pour votre Promenade sur le Sentier Forestier avec les Rennes"},"content":{"rendered":"","protected":false},"excerpt":{"rendered":"<p>\u00c9vitez la file d\u2019attente et profitez d\u2019une balade magique en tra\u00eeneau \u00e0 rennes le long du Sentier de la For\u00eat, accompagn\u00e9e d\u2019une boisson chaude et d\u2019un permis de conduire des rennes en souvenir<\/p>\n","protected":false},"featured_media":0,"menu_order":100,"template":"","meta":{"_acf_changed":false,"_et_pb_use_builder":"","_et_pb_old_content":"","_et_gb_content_width":"","inline_featured_image":false},"activity-category":[7167,7058,7169],"activity-attribute":[7059,7063,7310],"difficulty-level":[7064],"activity-type":[7065],"product-season":[7570,7110],"product-includes":[7439,7433,7434,7436,7440,7441,7438,7435,7437],"know-before-you-go":[],"company":[],"bookability":[7044],"icons":[7138,7137,7140],"product-category":[7288],"class_list":["post-66582","product","type-product","status-publish","hentry","activity-category-holiday-and-seasonal-tours","activity-category-nature","activity-category-vip-and-exclusive","activity-attribute-family-friendly","activity-attribute-group-friendly","activity-attribute-skip-the-line","difficulty-level-easy","activity-type-day-tour-or-activity","product-season-hiver","product-season-winter","product-includes-acces-a-lenclos-des-rennes-du-pere-noel-rencontrez-les-rennes-et-prenez-des-photos-avant-ou-apres-votre-balade","product-includes-acces-prioritaire-evitez-la-file-dattente-et-montez-directement-a-bord-de-votre-traineau-de-rennes","product-includes-balade-en-traineau-de-rennes-de-metres-environ-a-minutes-sur-le-magnifique-sentier-forestier-du-village-du-pere-noel","product-includes-boisson-chaude-une-boisson-de-saison-a-savourer-autour-du-feu","product-includes-emplacement-pratique-situe-au-coeur-du-village-du-pere-noel-a-rovaniemi","product-includes-experience-exclusive-creneaux-limites-chaque-jour-pour-garantir-une-visite-detendue-et-de-qualite","product-includes-experience-familiale-convient-a-tous-les-ages-y-compris-les-jeunes-enfants","product-includes-moment-chaleureux-pres-du-feu-profitez-de-la-chaleur-dun-abri-lapone-traditionnel-apres-votre-balade","product-includes-permis-de-conduire-de-renne-un-certificat-souvenir-amusant-et-memorable-pour-chaque-participant","bookability-bookable","icons-bonfire","icons-guide","icons-reindeer-ride","product-category-product"],"acf":[],"yoast_head":"<!-- This site is optimized with the Yoast SEO plugin v27.3 - https:\/\/yoast.com\/product\/yoast-seo-wordpress\/ -->\n<title>Balade Prioritaire en Tra\u00eeneau \u00e0 Rennes \u2013 Acc\u00e8s Rapide pour votre Promenade sur le Sentier Forestier avec les Rennes - Santa Claus Reindeer<\/title>\n<meta name=\"robots\" content=\"index, follow, max-snippet:-1, max-image-preview:large, max-video-preview:-1\" \/>\n<link rel=\"canonical\" href=\"https:\/\/www.santaclausreindeer.fi\/fr\/product\/balade-prioritaire-en-traineau-a-rennes-acces-rapide-pour-votre-promenade-sur-le-sentier-forestier-avec-les-rennes\/\" \/>\n<meta property=\"og:locale\" content=\"fr_FR\" \/>\n<meta property=\"og:type\" content=\"article\" \/>\n<meta property=\"og:title\" content=\"Balade Prioritaire en Tra\u00eeneau \u00e0 Rennes \u2013 Acc\u00e8s Rapide pour votre Promenade sur le Sentier Forestier avec les Rennes - Santa Claus Reindeer\" \/>\n<meta property=\"og:description\" content=\"\u00c9vitez la file d\u2019attente et profitez d\u2019une balade magique en tra\u00eeneau \u00e0 rennes le long du Sentier de la For\u00eat, accompagn\u00e9e d\u2019une boisson chaude et d\u2019un permis de conduire des rennes en souvenir\" \/>\n<meta property=\"og:url\" content=\"https:\/\/www.santaclausreindeer.fi\/fr\/product\/balade-prioritaire-en-traineau-a-rennes-acces-rapide-pour-votre-promenade-sur-le-sentier-forestier-avec-les-rennes\/\" \/>\n<meta property=\"og:site_name\" content=\"Santa Claus Reindeer\" \/>\n<meta property=\"article:publisher\" content=\"https:\/\/www.facebook.com\/SantaClausReindeer\/\" \/>\n<meta property=\"article:modified_time\" content=\"2026-04-13T18:10:32+00:00\" \/>\n<meta name=\"twitter:card\" content=\"summary_large_image\" \/>\n<script type=\"application\/ld+json\" class=\"yoast-schema-graph\">{\"@context\":\"https:\\\/\\\/schema.org\",\"@graph\":[{\"@type\":\"WebPage\",\"@id\":\"https:\\\/\\\/www.santaclausreindeer.fi\\\/fr\\\/product\\\/balade-prioritaire-en-traineau-a-rennes-acces-rapide-pour-votre-promenade-sur-le-sentier-forestier-avec-les-rennes\\\/\",\"url\":\"https:\\\/\\\/www.santaclausreindeer.fi\\\/fr\\\/product\\\/balade-prioritaire-en-traineau-a-rennes-acces-rapide-pour-votre-promenade-sur-le-sentier-forestier-avec-les-rennes\\\/\",\"name\":\"Balade Prioritaire en Tra\u00eeneau \u00e0 Rennes \u2013 Acc\u00e8s Rapide pour votre Promenade sur le Sentier Forestier avec les Rennes - Santa Claus Reindeer\",\"isPartOf\":{\"@id\":\"https:\\\/\\\/www.santaclausreindeer.fi\\\/fr\\\/#website\"},\"datePublished\":\"2025-03-31T14:11:33+00:00\",\"dateModified\":\"2026-04-13T18:10:32+00:00\",\"breadcrumb\":{\"@id\":\"https:\\\/\\\/www.santaclausreindeer.fi\\\/fr\\\/product\\\/balade-prioritaire-en-traineau-a-rennes-acces-rapide-pour-votre-promenade-sur-le-sentier-forestier-avec-les-rennes\\\/#breadcrumb\"},\"inLanguage\":\"fr-FR\",\"potentialAction\":[{\"@type\":\"ReadAction\",\"target\":[\"https:\\\/\\\/www.santaclausreindeer.fi\\\/fr\\\/product\\\/balade-prioritaire-en-traineau-a-rennes-acces-rapide-pour-votre-promenade-sur-le-sentier-forestier-avec-les-rennes\\\/\"]}]},{\"@type\":\"BreadcrumbList\",\"@id\":\"https:\\\/\\\/www.santaclausreindeer.fi\\\/fr\\\/product\\\/balade-prioritaire-en-traineau-a-rennes-acces-rapide-pour-votre-promenade-sur-le-sentier-forestier-avec-les-rennes\\\/#breadcrumb\",\"itemListElement\":[{\"@type\":\"ListItem\",\"position\":1,\"name\":\"Home\",\"item\":\"https:\\\/\\\/www.santaclausreindeer.fi\\\/fr\\\/\"},{\"@type\":\"ListItem\",\"position\":2,\"name\":\"Products\",\"item\":\"https:\\\/\\\/www.santaclausreindeer.fi\\\/fr\\\/product\\\/\"},{\"@type\":\"ListItem\",\"position\":3,\"name\":\"Balade Prioritaire en Tra\u00eeneau \u00e0 Rennes \u2013 Acc\u00e8s Rapide pour votre Promenade sur le Sentier Forestier avec les Rennes\"}]},{\"@type\":\"WebSite\",\"@id\":\"https:\\\/\\\/www.santaclausreindeer.fi\\\/fr\\\/#website\",\"url\":\"https:\\\/\\\/www.santaclausreindeer.fi\\\/fr\\\/\",\"name\":\"Santa Claus Reindeer\",\"description\":\"Arctic Circle, Rovaniemi, Lapland\",\"publisher\":{\"@id\":\"https:\\\/\\\/www.santaclausreindeer.fi\\\/fr\\\/#organization\"},\"potentialAction\":[{\"@type\":\"SearchAction\",\"target\":{\"@type\":\"EntryPoint\",\"urlTemplate\":\"https:\\\/\\\/www.santaclausreindeer.fi\\\/fr\\\/?s={search_term_string}\"},\"query-input\":{\"@type\":\"PropertyValueSpecification\",\"valueRequired\":true,\"valueName\":\"search_term_string\"}}],\"inLanguage\":\"fr-FR\"},{\"@type\":\"Organization\",\"@id\":\"https:\\\/\\\/www.santaclausreindeer.fi\\\/fr\\\/#organization\",\"name\":\"Santa Claus Reindeer\",\"url\":\"https:\\\/\\\/www.santaclausreindeer.fi\\\/fr\\\/\",\"logo\":{\"@type\":\"ImageObject\",\"inLanguage\":\"fr-FR\",\"@id\":\"https:\\\/\\\/www.santaclausreindeer.fi\\\/fr\\\/#\\\/schema\\\/logo\\\/image\\\/\",\"url\":\"https:\\\/\\\/www.santaclausreindeer.fi\\\/wp-content\\\/uploads\\\/2024\\\/10\\\/scr_logo_vaakaslogan-RVN-RGB-opt.svg\",\"contentUrl\":\"https:\\\/\\\/www.santaclausreindeer.fi\\\/wp-content\\\/uploads\\\/2024\\\/10\\\/scr_logo_vaakaslogan-RVN-RGB-opt.svg\",\"width\":396,\"height\":212,\"caption\":\"Santa Claus Reindeer\"},\"image\":{\"@id\":\"https:\\\/\\\/www.santaclausreindeer.fi\\\/fr\\\/#\\\/schema\\\/logo\\\/image\\\/\"},\"sameAs\":[\"https:\\\/\\\/www.facebook.com\\\/SantaClausReindeer\\\/\",\"https:\\\/\\\/www.instagram.com\\\/santaclausreindeer\\\/\",\"https:\\\/\\\/www.youtube.com\\\/user\\\/santareindeerlapland\",\"https:\\\/\\\/www.tripadvisor.fr\\\/Attraction_Review-g189922-d6662018-Reviews-Santa_Claus_Reindeer-Rovaniemi_Lapland.html\"]}]}<\/script>\n<!-- \/ Yoast SEO plugin. -->","yoast_head_json":{"title":"Balade Prioritaire en Tra\u00eeneau \u00e0 Rennes \u2013 Acc\u00e8s Rapide pour votre Promenade sur le Sentier Forestier avec les Rennes - Santa Claus Reindeer","robots":{"index":"index","follow":"follow","max-snippet":"max-snippet:-1","max-image-preview":"max-image-preview:large","max-video-preview":"max-video-preview:-1"},"canonical":"https:\/\/www.santaclausreindeer.fi\/fr\/product\/balade-prioritaire-en-traineau-a-rennes-acces-rapide-pour-votre-promenade-sur-le-sentier-forestier-avec-les-rennes\/","og_locale":"fr_FR","og_type":"article","og_title":"Balade Prioritaire en Tra\u00eeneau \u00e0 Rennes \u2013 Acc\u00e8s Rapide pour votre Promenade sur le Sentier Forestier avec les Rennes - Santa Claus Reindeer","og_description":"\u00c9vitez la file d\u2019attente et profitez d\u2019une balade magique en tra\u00eeneau \u00e0 rennes le long du Sentier de la For\u00eat, accompagn\u00e9e d\u2019une boisson chaude et d\u2019un permis de conduire des rennes en souvenir","og_url":"https:\/\/www.santaclausreindeer.fi\/fr\/product\/balade-prioritaire-en-traineau-a-rennes-acces-rapide-pour-votre-promenade-sur-le-sentier-forestier-avec-les-rennes\/","og_site_name":"Santa Claus Reindeer","article_publisher":"https:\/\/www.facebook.com\/SantaClausReindeer\/","article_modified_time":"2026-04-13T18:10:32+00:00","twitter_card":"summary_large_image","schema":{"@context":"https:\/\/schema.org","@graph":[{"@type":"WebPage","@id":"https:\/\/www.santaclausreindeer.fi\/fr\/product\/balade-prioritaire-en-traineau-a-rennes-acces-rapide-pour-votre-promenade-sur-le-sentier-forestier-avec-les-rennes\/","url":"https:\/\/www.santaclausreindeer.fi\/fr\/product\/balade-prioritaire-en-traineau-a-rennes-acces-rapide-pour-votre-promenade-sur-le-sentier-forestier-avec-les-rennes\/","name":"Balade Prioritaire en Tra\u00eeneau \u00e0 Rennes \u2013 Acc\u00e8s Rapide pour votre Promenade sur le Sentier Forestier avec les Rennes - Santa Claus Reindeer","isPartOf":{"@id":"https:\/\/www.santaclausreindeer.fi\/fr\/#website"},"datePublished":"2025-03-31T14:11:33+00:00","dateModified":"2026-04-13T18:10:32+00:00","breadcrumb":{"@id":"https:\/\/www.santaclausreindeer.fi\/fr\/product\/balade-prioritaire-en-traineau-a-rennes-acces-rapide-pour-votre-promenade-sur-le-sentier-forestier-avec-les-rennes\/#breadcrumb"},"inLanguage":"fr-FR","potentialAction":[{"@type":"ReadAction","target":["https:\/\/www.santaclausreindeer.fi\/fr\/product\/balade-prioritaire-en-traineau-a-rennes-acces-rapide-pour-votre-promenade-sur-le-sentier-forestier-avec-les-rennes\/"]}]},{"@type":"BreadcrumbList","@id":"https:\/\/www.santaclausreindeer.fi\/fr\/product\/balade-prioritaire-en-traineau-a-rennes-acces-rapide-pour-votre-promenade-sur-le-sentier-forestier-avec-les-rennes\/#breadcrumb","itemListElement":[{"@type":"ListItem","position":1,"name":"Home","item":"https:\/\/www.santaclausreindeer.fi\/fr\/"},{"@type":"ListItem","position":2,"name":"Products","item":"https:\/\/www.santaclausreindeer.fi\/fr\/product\/"},{"@type":"ListItem","position":3,"name":"Balade Prioritaire en Tra\u00eeneau \u00e0 Rennes \u2013 Acc\u00e8s Rapide pour votre Promenade sur le Sentier Forestier avec les Rennes"}]},{"@type":"WebSite","@id":"https:\/\/www.santaclausreindeer.fi\/fr\/#website","url":"https:\/\/www.santaclausreindeer.fi\/fr\/","name":"Santa Claus Reindeer","description":"Arctic Circle, Rovaniemi, Lapland","publisher":{"@id":"https:\/\/www.santaclausreindeer.fi\/fr\/#organization"},"potentialAction":[{"@type":"SearchAction","target":{"@type":"EntryPoint","urlTemplate":"https:\/\/www.santaclausreindeer.fi\/fr\/?s={search_term_string}"},"query-input":{"@type":"PropertyValueSpecification","valueRequired":true,"valueName":"search_term_string"}}],"inLanguage":"fr-FR"},{"@type":"Organization","@id":"https:\/\/www.santaclausreindeer.fi\/fr\/#organization","name":"Santa Claus Reindeer","url":"https:\/\/www.santaclausreindeer.fi\/fr\/","logo":{"@type":"ImageObject","inLanguage":"fr-FR","@id":"https:\/\/www.santaclausreindeer.fi\/fr\/#\/schema\/logo\/image\/","url":"https:\/\/www.santaclausreindeer.fi\/wp-content\/uploads\/2024\/10\/scr_logo_vaakaslogan-RVN-RGB-opt.svg","contentUrl":"https:\/\/www.santaclausreindeer.fi\/wp-content\/uploads\/2024\/10\/scr_logo_vaakaslogan-RVN-RGB-opt.svg","width":396,"height":212,"caption":"Santa Claus Reindeer"},"image":{"@id":"https:\/\/www.santaclausreindeer.fi\/fr\/#\/schema\/logo\/image\/"},"sameAs":["https:\/\/www.facebook.com\/SantaClausReindeer\/","https:\/\/www.instagram.com\/santaclausreindeer\/","https:\/\/www.youtube.com\/user\/santareindeerlapland","https:\/\/www.tripadvisor.fr\/Attraction_Review-g189922-d6662018-Reviews-Santa_Claus_Reindeer-Rovaniemi_Lapland.html"]}]}},"_links":{"self":[{"href":"https:\/\/www.santaclausreindeer.fi\/fr\/wp-json\/wp\/v2\/product\/66582","targetHints":{"allow":["GET"]}}],"collection":[{"href":"https:\/\/www.santaclausreindeer.fi\/fr\/wp-json\/wp\/v2\/product"}],"about":[{"href":"https:\/\/www.santaclausreindeer.fi\/fr\/wp-json\/wp\/v2\/types\/product"}],"wp:attachment":[{"href":"https:\/\/www.santaclausreindeer.fi\/fr\/wp-json\/wp\/v2\/media?parent=66582"}],"wp:term":[{"taxonomy":"activity-category","embeddable":true,"href":"https:\/\/www.santaclausreindeer.fi\/fr\/wp-json\/wp\/v2\/activity-category?post=66582"},{"taxonomy":"activity-attribute","embeddable":true,"href":"https:\/\/www.santaclausreindeer.fi\/fr\/wp-json\/wp\/v2\/activity-attribute?post=66582"},{"taxonomy":"difficulty-level","embeddable":true,"href":"https:\/\/www.santaclausreindeer.fi\/fr\/wp-json\/wp\/v2\/difficulty-level?post=66582"},{"taxonomy":"activity-type","embeddable":true,"href":"https:\/\/www.santaclausreindeer.fi\/fr\/wp-json\/wp\/v2\/activity-type?post=66582"},{"taxonomy":"product-season","embeddable":true,"href":"https:\/\/www.santaclausreindeer.fi\/fr\/wp-json\/wp\/v2\/product-season?post=66582"},{"taxonomy":"product-includes","embeddable":true,"href":"https:\/\/www.santaclausreindeer.fi\/fr\/wp-json\/wp\/v2\/product-includes?post=66582"},{"taxonomy":"know-before-you-go","embeddable":true,"href":"https:\/\/www.santaclausreindeer.fi\/fr\/wp-json\/wp\/v2\/know-before-you-go?post=66582"},{"taxonomy":"company","embeddable":true,"href":"https:\/\/www.santaclausreindeer.fi\/fr\/wp-json\/wp\/v2\/company?post=66582"},{"taxonomy":"bookability","embeddable":true,"href":"https:\/\/www.santaclausreindeer.fi\/fr\/wp-json\/wp\/v2\/bookability?post=66582"},{"taxonomy":"icons","embeddable":true,"href":"https:\/\/www.santaclausreindeer.fi\/fr\/wp-json\/wp\/v2\/icons?post=66582"},{"taxonomy":"product-category","embeddable":true,"href":"https:\/\/www.santaclausreindeer.fi\/fr\/wp-json\/wp\/v2\/product-category?post=66582"}],"curies":[{"name":"wp","href":"https:\/\/api.w.org\/{rel}","templated":true}]}}