{"id":66556,"date":"2025-01-28T13:23:34","date_gmt":"2025-01-28T11:23:34","guid":{"rendered":"https:\/\/www.www.santaclausreindeer.fi\/product\/sentier-des-rennes-une-promenade-en-traineau-de-400-metres-avec-les-rennes-du-pere-noel\/"},"modified":"2026-03-23T20:14:02","modified_gmt":"2026-03-23T18:14:02","slug":"sentier-des-rennes-une-promenade-en-traineau-de-400-metres-avec-les-rennes-du-pere-noel","status":"publish","type":"product","link":"https:\/\/www.santaclausreindeer.fi\/fr\/product\/sentier-des-rennes-une-promenade-en-traineau-de-400-metres-avec-les-rennes-du-pere-noel\/","title":{"rendered":"Sentier des rennes \u2013 Une promenade en tra\u00eeneau de 400 m\u00e8tres avec les rennes du P\u00e8re No\u00ebl"},"content":{"rendered":"","protected":false},"excerpt":{"rendered":"<p>Sentier des rennes \u2013 Promenade en tra\u00eeneau de 400 m au c\u0153ur du Village du P\u00e8re No\u00ebl<\/p>\n","protected":false},"featured_media":0,"menu_order":7,"template":"","meta":{"_acf_changed":false,"_et_pb_use_builder":"","_et_pb_old_content":"","_et_gb_content_width":"","inline_featured_image":false},"activity-category":[7096,7058],"activity-attribute":[7062,7060,7059,7063,7061],"difficulty-level":[7064],"activity-type":[7065],"product-season":[7567,7113,7570,7568,7111,7110],"product-includes":[7380,7379],"know-before-you-go":[7081,7089],"company":[],"bookability":[7043],"icons":[7137,7140],"product-category":[7288],"class_list":["post-66556","product","type-product","status-publish","hentry","activity-category-adventure","activity-category-nature","activity-attribute-couples","activity-attribute-eco-friendly","activity-attribute-family-friendly","activity-attribute-group-friendly","activity-attribute-outdoor","difficulty-level-easy","activity-type-day-tour-or-activity","product-season-automne","product-season-autumn","product-season-hiver","product-season-printemps","product-season-spring","product-season-winter","product-includes-possibilite-de-sasseoir-autour-dun-feu-de-camp","product-includes-promenade-en-traineau-de-rennes-de-a-minutes-m","know-before-you-go-infants-must-sit-on-laps","know-before-you-go-public-transportation-nearby","bookability-not-bookable","icons-guide","icons-reindeer-ride","product-category-product"],"acf":[],"yoast_head":"<!-- This site is optimized with the Yoast SEO plugin v27.3 - https:\/\/yoast.com\/product\/yoast-seo-wordpress\/ -->\n<title>Sentier des rennes \u2013 Une promenade en tra\u00eeneau de 400 m\u00e8tres avec les rennes du P\u00e8re No\u00ebl - Santa Claus Reindeer<\/title>\n<meta name=\"robots\" content=\"index, follow, max-snippet:-1, max-image-preview:large, max-video-preview:-1\" \/>\n<link rel=\"canonical\" href=\"https:\/\/www.santaclausreindeer.fi\/fr\/product\/sentier-des-rennes-une-promenade-en-traineau-de-400-metres-avec-les-rennes-du-pere-noel\/\" \/>\n<meta property=\"og:locale\" content=\"fr_FR\" \/>\n<meta property=\"og:type\" content=\"article\" \/>\n<meta property=\"og:title\" content=\"Sentier des rennes \u2013 Une promenade en tra\u00eeneau de 400 m\u00e8tres avec les rennes du P\u00e8re No\u00ebl - Santa Claus Reindeer\" \/>\n<meta property=\"og:description\" content=\"Sentier des rennes \u2013 Promenade en tra\u00eeneau de 400 m au c\u0153ur du Village du P\u00e8re No\u00ebl\" \/>\n<meta property=\"og:url\" content=\"https:\/\/www.santaclausreindeer.fi\/fr\/product\/sentier-des-rennes-une-promenade-en-traineau-de-400-metres-avec-les-rennes-du-pere-noel\/\" \/>\n<meta property=\"og:site_name\" content=\"Santa Claus Reindeer\" \/>\n<meta property=\"article:publisher\" content=\"https:\/\/www.facebook.com\/SantaClausReindeer\/\" \/>\n<meta property=\"article:modified_time\" content=\"2026-03-23T18:14:02+00:00\" \/>\n<meta name=\"twitter:card\" content=\"summary_large_image\" \/>\n<script type=\"application\/ld+json\" class=\"yoast-schema-graph\">{\"@context\":\"https:\\\/\\\/schema.org\",\"@graph\":[{\"@type\":\"WebPage\",\"@id\":\"https:\\\/\\\/www.santaclausreindeer.fi\\\/fr\\\/product\\\/sentier-des-rennes-une-promenade-en-traineau-de-400-metres-avec-les-rennes-du-pere-noel\\\/\",\"url\":\"https:\\\/\\\/www.santaclausreindeer.fi\\\/fr\\\/product\\\/sentier-des-rennes-une-promenade-en-traineau-de-400-metres-avec-les-rennes-du-pere-noel\\\/\",\"name\":\"Sentier des rennes \u2013 Une promenade en tra\u00eeneau de 400 m\u00e8tres avec les rennes du P\u00e8re No\u00ebl - Santa Claus Reindeer\",\"isPartOf\":{\"@id\":\"https:\\\/\\\/www.santaclausreindeer.fi\\\/fr\\\/#website\"},\"datePublished\":\"2025-01-28T11:23:34+00:00\",\"dateModified\":\"2026-03-23T18:14:02+00:00\",\"breadcrumb\":{\"@id\":\"https:\\\/\\\/www.santaclausreindeer.fi\\\/fr\\\/product\\\/sentier-des-rennes-une-promenade-en-traineau-de-400-metres-avec-les-rennes-du-pere-noel\\\/#breadcrumb\"},\"inLanguage\":\"fr-FR\",\"potentialAction\":[{\"@type\":\"ReadAction\",\"target\":[\"https:\\\/\\\/www.santaclausreindeer.fi\\\/fr\\\/product\\\/sentier-des-rennes-une-promenade-en-traineau-de-400-metres-avec-les-rennes-du-pere-noel\\\/\"]}]},{\"@type\":\"BreadcrumbList\",\"@id\":\"https:\\\/\\\/www.santaclausreindeer.fi\\\/fr\\\/product\\\/sentier-des-rennes-une-promenade-en-traineau-de-400-metres-avec-les-rennes-du-pere-noel\\\/#breadcrumb\",\"itemListElement\":[{\"@type\":\"ListItem\",\"position\":1,\"name\":\"Home\",\"item\":\"https:\\\/\\\/www.santaclausreindeer.fi\\\/fr\\\/\"},{\"@type\":\"ListItem\",\"position\":2,\"name\":\"Products\",\"item\":\"https:\\\/\\\/www.santaclausreindeer.fi\\\/fr\\\/product\\\/\"},{\"@type\":\"ListItem\",\"position\":3,\"name\":\"Sentier des rennes \u2013 Une promenade en tra\u00eeneau de 400 m\u00e8tres avec les rennes du P\u00e8re No\u00ebl\"}]},{\"@type\":\"WebSite\",\"@id\":\"https:\\\/\\\/www.santaclausreindeer.fi\\\/fr\\\/#website\",\"url\":\"https:\\\/\\\/www.santaclausreindeer.fi\\\/fr\\\/\",\"name\":\"Santa Claus Reindeer\",\"description\":\"Arctic Circle, Rovaniemi, Lapland\",\"publisher\":{\"@id\":\"https:\\\/\\\/www.santaclausreindeer.fi\\\/fr\\\/#organization\"},\"potentialAction\":[{\"@type\":\"SearchAction\",\"target\":{\"@type\":\"EntryPoint\",\"urlTemplate\":\"https:\\\/\\\/www.santaclausreindeer.fi\\\/fr\\\/?s={search_term_string}\"},\"query-input\":{\"@type\":\"PropertyValueSpecification\",\"valueRequired\":true,\"valueName\":\"search_term_string\"}}],\"inLanguage\":\"fr-FR\"},{\"@type\":\"Organization\",\"@id\":\"https:\\\/\\\/www.santaclausreindeer.fi\\\/fr\\\/#organization\",\"name\":\"Santa Claus Reindeer\",\"url\":\"https:\\\/\\\/www.santaclausreindeer.fi\\\/fr\\\/\",\"logo\":{\"@type\":\"ImageObject\",\"inLanguage\":\"fr-FR\",\"@id\":\"https:\\\/\\\/www.santaclausreindeer.fi\\\/fr\\\/#\\\/schema\\\/logo\\\/image\\\/\",\"url\":\"https:\\\/\\\/www.santaclausreindeer.fi\\\/wp-content\\\/uploads\\\/2024\\\/10\\\/scr_logo_vaakaslogan-RVN-RGB-opt.svg\",\"contentUrl\":\"https:\\\/\\\/www.santaclausreindeer.fi\\\/wp-content\\\/uploads\\\/2024\\\/10\\\/scr_logo_vaakaslogan-RVN-RGB-opt.svg\",\"width\":396,\"height\":212,\"caption\":\"Santa Claus Reindeer\"},\"image\":{\"@id\":\"https:\\\/\\\/www.santaclausreindeer.fi\\\/fr\\\/#\\\/schema\\\/logo\\\/image\\\/\"},\"sameAs\":[\"https:\\\/\\\/www.facebook.com\\\/SantaClausReindeer\\\/\",\"https:\\\/\\\/www.instagram.com\\\/santaclausreindeer\\\/\",\"https:\\\/\\\/www.youtube.com\\\/user\\\/santareindeerlapland\",\"https:\\\/\\\/www.tripadvisor.fr\\\/Attraction_Review-g189922-d6662018-Reviews-Santa_Claus_Reindeer-Rovaniemi_Lapland.html\"]}]}<\/script>\n<!-- \/ Yoast SEO plugin. -->","yoast_head_json":{"title":"Sentier des rennes \u2013 Une promenade en tra\u00eeneau de 400 m\u00e8tres avec les rennes du P\u00e8re No\u00ebl - Santa Claus Reindeer","robots":{"index":"index","follow":"follow","max-snippet":"max-snippet:-1","max-image-preview":"max-image-preview:large","max-video-preview":"max-video-preview:-1"},"canonical":"https:\/\/www.santaclausreindeer.fi\/fr\/product\/sentier-des-rennes-une-promenade-en-traineau-de-400-metres-avec-les-rennes-du-pere-noel\/","og_locale":"fr_FR","og_type":"article","og_title":"Sentier des rennes \u2013 Une promenade en tra\u00eeneau de 400 m\u00e8tres avec les rennes du P\u00e8re No\u00ebl - Santa Claus Reindeer","og_description":"Sentier des rennes \u2013 Promenade en tra\u00eeneau de 400 m au c\u0153ur du Village du P\u00e8re No\u00ebl","og_url":"https:\/\/www.santaclausreindeer.fi\/fr\/product\/sentier-des-rennes-une-promenade-en-traineau-de-400-metres-avec-les-rennes-du-pere-noel\/","og_site_name":"Santa Claus Reindeer","article_publisher":"https:\/\/www.facebook.com\/SantaClausReindeer\/","article_modified_time":"2026-03-23T18:14:02+00:00","twitter_card":"summary_large_image","schema":{"@context":"https:\/\/schema.org","@graph":[{"@type":"WebPage","@id":"https:\/\/www.santaclausreindeer.fi\/fr\/product\/sentier-des-rennes-une-promenade-en-traineau-de-400-metres-avec-les-rennes-du-pere-noel\/","url":"https:\/\/www.santaclausreindeer.fi\/fr\/product\/sentier-des-rennes-une-promenade-en-traineau-de-400-metres-avec-les-rennes-du-pere-noel\/","name":"Sentier des rennes \u2013 Une promenade en tra\u00eeneau de 400 m\u00e8tres avec les rennes du P\u00e8re No\u00ebl - Santa Claus Reindeer","isPartOf":{"@id":"https:\/\/www.santaclausreindeer.fi\/fr\/#website"},"datePublished":"2025-01-28T11:23:34+00:00","dateModified":"2026-03-23T18:14:02+00:00","breadcrumb":{"@id":"https:\/\/www.santaclausreindeer.fi\/fr\/product\/sentier-des-rennes-une-promenade-en-traineau-de-400-metres-avec-les-rennes-du-pere-noel\/#breadcrumb"},"inLanguage":"fr-FR","potentialAction":[{"@type":"ReadAction","target":["https:\/\/www.santaclausreindeer.fi\/fr\/product\/sentier-des-rennes-une-promenade-en-traineau-de-400-metres-avec-les-rennes-du-pere-noel\/"]}]},{"@type":"BreadcrumbList","@id":"https:\/\/www.santaclausreindeer.fi\/fr\/product\/sentier-des-rennes-une-promenade-en-traineau-de-400-metres-avec-les-rennes-du-pere-noel\/#breadcrumb","itemListElement":[{"@type":"ListItem","position":1,"name":"Home","item":"https:\/\/www.santaclausreindeer.fi\/fr\/"},{"@type":"ListItem","position":2,"name":"Products","item":"https:\/\/www.santaclausreindeer.fi\/fr\/product\/"},{"@type":"ListItem","position":3,"name":"Sentier des rennes \u2013 Une promenade en tra\u00eeneau de 400 m\u00e8tres avec les rennes du P\u00e8re No\u00ebl"}]},{"@type":"WebSite","@id":"https:\/\/www.santaclausreindeer.fi\/fr\/#website","url":"https:\/\/www.santaclausreindeer.fi\/fr\/","name":"Santa Claus Reindeer","description":"Arctic Circle, Rovaniemi, Lapland","publisher":{"@id":"https:\/\/www.santaclausreindeer.fi\/fr\/#organization"},"potentialAction":[{"@type":"SearchAction","target":{"@type":"EntryPoint","urlTemplate":"https:\/\/www.santaclausreindeer.fi\/fr\/?s={search_term_string}"},"query-input":{"@type":"PropertyValueSpecification","valueRequired":true,"valueName":"search_term_string"}}],"inLanguage":"fr-FR"},{"@type":"Organization","@id":"https:\/\/www.santaclausreindeer.fi\/fr\/#organization","name":"Santa Claus Reindeer","url":"https:\/\/www.santaclausreindeer.fi\/fr\/","logo":{"@type":"ImageObject","inLanguage":"fr-FR","@id":"https:\/\/www.santaclausreindeer.fi\/fr\/#\/schema\/logo\/image\/","url":"https:\/\/www.santaclausreindeer.fi\/wp-content\/uploads\/2024\/10\/scr_logo_vaakaslogan-RVN-RGB-opt.svg","contentUrl":"https:\/\/www.santaclausreindeer.fi\/wp-content\/uploads\/2024\/10\/scr_logo_vaakaslogan-RVN-RGB-opt.svg","width":396,"height":212,"caption":"Santa Claus Reindeer"},"image":{"@id":"https:\/\/www.santaclausreindeer.fi\/fr\/#\/schema\/logo\/image\/"},"sameAs":["https:\/\/www.facebook.com\/SantaClausReindeer\/","https:\/\/www.instagram.com\/santaclausreindeer\/","https:\/\/www.youtube.com\/user\/santareindeerlapland","https:\/\/www.tripadvisor.fr\/Attraction_Review-g189922-d6662018-Reviews-Santa_Claus_Reindeer-Rovaniemi_Lapland.html"]}]}},"_links":{"self":[{"href":"https:\/\/www.santaclausreindeer.fi\/fr\/wp-json\/wp\/v2\/product\/66556","targetHints":{"allow":["GET"]}}],"collection":[{"href":"https:\/\/www.santaclausreindeer.fi\/fr\/wp-json\/wp\/v2\/product"}],"about":[{"href":"https:\/\/www.santaclausreindeer.fi\/fr\/wp-json\/wp\/v2\/types\/product"}],"wp:attachment":[{"href":"https:\/\/www.santaclausreindeer.fi\/fr\/wp-json\/wp\/v2\/media?parent=66556"}],"wp:term":[{"taxonomy":"activity-category","embeddable":true,"href":"https:\/\/www.santaclausreindeer.fi\/fr\/wp-json\/wp\/v2\/activity-category?post=66556"},{"taxonomy":"activity-attribute","embeddable":true,"href":"https:\/\/www.santaclausreindeer.fi\/fr\/wp-json\/wp\/v2\/activity-attribute?post=66556"},{"taxonomy":"difficulty-level","embeddable":true,"href":"https:\/\/www.santaclausreindeer.fi\/fr\/wp-json\/wp\/v2\/difficulty-level?post=66556"},{"taxonomy":"activity-type","embeddable":true,"href":"https:\/\/www.santaclausreindeer.fi\/fr\/wp-json\/wp\/v2\/activity-type?post=66556"},{"taxonomy":"product-season","embeddable":true,"href":"https:\/\/www.santaclausreindeer.fi\/fr\/wp-json\/wp\/v2\/product-season?post=66556"},{"taxonomy":"product-includes","embeddable":true,"href":"https:\/\/www.santaclausreindeer.fi\/fr\/wp-json\/wp\/v2\/product-includes?post=66556"},{"taxonomy":"know-before-you-go","embeddable":true,"href":"https:\/\/www.santaclausreindeer.fi\/fr\/wp-json\/wp\/v2\/know-before-you-go?post=66556"},{"taxonomy":"company","embeddable":true,"href":"https:\/\/www.santaclausreindeer.fi\/fr\/wp-json\/wp\/v2\/company?post=66556"},{"taxonomy":"bookability","embeddable":true,"href":"https:\/\/www.santaclausreindeer.fi\/fr\/wp-json\/wp\/v2\/bookability?post=66556"},{"taxonomy":"icons","embeddable":true,"href":"https:\/\/www.santaclausreindeer.fi\/fr\/wp-json\/wp\/v2\/icons?post=66556"},{"taxonomy":"product-category","embeddable":true,"href":"https:\/\/www.santaclausreindeer.fi\/fr\/wp-json\/wp\/v2\/product-category?post=66556"}],"curies":[{"name":"wp","href":"https:\/\/api.w.org\/{rel}","templated":true}]}}