{"id":70433,"date":"2025-10-14T10:24:13","date_gmt":"2025-10-14T07:24:13","guid":{"rendered":"https:\/\/www.santaclausreindeer.fi\/transferts-de-rovaniemi-a-taava\/"},"modified":"2026-04-22T13:41:50","modified_gmt":"2026-04-22T10:41:50","slug":"transferts-de-rovaniemi-a-taava","status":"publish","type":"page","link":"https:\/\/www.santaclausreindeer.fi\/fr\/transferts-de-rovaniemi-a-taava\/","title":{"rendered":"Transferts de Rovaniemi \u00e0 Taava"},"content":{"rendered":"<p>[et_pb_section fb_built=\u00a0\u00bb1&Prime; _builder_version=\u00a0\u00bb4.27.4&Prime; _module_preset=\u00a0\u00bbdefault\u00a0\u00bb background_color=\u00a0\u00bbRGBA(62,49,49,0.8)\u00a0\u00bb global_colors_info=\u00a0\u00bb{}\u00a0\u00bb][et_pb_row _builder_version=\u00a0\u00bb4.27.4&Prime; _module_preset=\u00a0\u00bbdefault\u00a0\u00bb global_colors_info=\u00a0\u00bb{}\u00a0\u00bb][et_pb_column type=\u00a0\u00bb4_4&Prime; _builder_version=\u00a0\u00bb4.27.4&Prime; _module_preset=\u00a0\u00bbdefault\u00a0\u00bb global_colors_info=\u00a0\u00bb{}\u00a0\u00bb][et_pb_text _builder_version=\u00a0\u00bb4.27.4&Prime; _module_preset=\u00a0\u00bbdefault\u00a0\u00bb background_layout=\u00a0\u00bbdark\u00a0\u00bb global_colors_info=\u00a0\u00bb{}\u00a0\u00bb]<\/p>\n<p>Transferts de Rovaniemi \u00e0 Taava<\/p>\n<p><\/p>\n<p>Se rendre de Rovaniemi \u00e0 la ferme de rennes Taava est simple et fluide. Des transferts partag\u00e9s r\u00e9guliers et des liaisons avec les excursions sont disponibles tout au long de la saison, vous emmenant directement depuis la ville ou votre h\u00e9bergement jusqu\u2019\u00e0 la ferme.<\/p>\n<p><\/p>\n<p>Le trajet pittoresque de 30 \u00e0 40 minutes traverse des for\u00eats enneig\u00e9es et la paisible campagne lapone \u2014 une introduction parfaite \u00e0 votre exp\u00e9rience magique \u00e0 Taava.<\/p>\n<p>[\/et_pb_text][\/et_pb_column][\/et_pb_row][\/et_pb_section][et_pb_section fb_built=\u00a0\u00bb1&Prime; _builder_version=\u00a0\u00bb4.27.4&Prime; _module_preset=\u00a0\u00bbdefault\u00a0\u00bb background_color=\u00a0\u00bb#FFF9ED\u00a0\u00bb custom_margin=\u00a0\u00bb0px||-74px||false|false\u00a0\u00bb custom_padding=\u00a0\u00bb0px||0px||false|false\u00a0\u00bb global_colors_info=\u00a0\u00bb{}\u00a0\u00bb][et_pb_row _builder_version=\u00a0\u00bb4.27.4&Prime; _module_preset=\u00a0\u00bbdefault\u00a0\u00bb global_colors_info=\u00a0\u00bb{}\u00a0\u00bb][et_pb_column type=\u00a0\u00bb4_4&Prime; _builder_version=\u00a0\u00bb4.27.4&Prime; _module_preset=\u00a0\u00bbdefault\u00a0\u00bb global_colors_info=\u00a0\u00bb{}\u00a0\u00bb][et_pb_text _builder_version=\u00a0\u00bb4.27.4&Prime; _module_preset=\u00a0\u00bbdefault\u00a0\u00bb global_colors_info=\u00a0\u00bb{}\u00a0\u00bb]<\/p>\n<p>Transferts, rotations, horaires de prise en charge et informations pratiques<\/p>\n<p><\/p>\n<p><strong>INFORMATIONS PRATIQUES POUR LES CLIENTS PARTICIPANT AUX EXP\u00c9RIENCES SANTA CLAUS REINDEER<\/strong><\/p>\n<p><\/p>\n<p>Afin de garantir une exp\u00e9rience fluide et agr\u00e9able, merci de prendre un moment pour lire les consignes suivantes concernant le transport :<\/p>\n<p><\/p>\n<p><strong>Soyez \u00e0 l\u2019heure<\/strong><br \/>Veuillez \u00eatre au point de prise en charge d\u00e9sign\u00e9 au moins 5 minutes avant l\u2019heure de d\u00e9part pr\u00e9vue.<br \/>Nos transports suivent un horaire strict et ne peuvent pas attendre les retardataires.<\/p>\n<p><\/p>\n<p><strong>Que se passe-t-il en cas de retard<\/strong><br \/>Si vous manquez la prise en charge, Santa Claus Reindeer n\u2019est pas responsable de l\u2019organisation d\u2019un transport alternatif.<br \/>Vous pouvez r\u00e9server et payer un taxi \u00e0 vos frais pour rejoindre la ferme de rennes Taava ou le lieu de l\u2019activit\u00e9.<br \/>Veuillez noter que si le retard est d\u00fb au client, la visite n\u2019est pas remboursable et aucun report ni alternative ne pourra \u00eatre propos\u00e9.<\/p>\n<p><\/p>\n<p><strong>Confirmation de r\u00e9servation obligatoire<\/strong><br \/>Tous les clients doivent pr\u00e9senter une confirmation de r\u00e9servation num\u00e9rique valide (Bokun) au chauffeur lors de l\u2019embarquement.<br \/>Seuls les clients pr\u00e9sentant une confirmation valide seront autoris\u00e9s \u00e0 monter \u00e0 bord.<\/p>\n<p><\/p>\n<p><strong>Reconna\u00eetre votre v\u00e9hicule<\/strong><br \/>Les prises en charge s\u2019effectuent avec un minibus portant un panneau Santa Claus Reindeer (SCR) sur la fen\u00eatre.<br \/>Assurez-vous de monter dans le bon v\u00e9hicule.<\/p>\n<p>[\/et_pb_text][\/et_pb_column][\/et_pb_row][\/et_pb_section][et_pb_section fb_built=\u00a0\u00bb1&Prime; _builder_version=\u00a0\u00bb4.27.4&Prime; _module_preset=\u00a0\u00bbdefault\u00a0\u00bb background_color=\u00a0\u00bb#FFF9ED\u00a0\u00bb global_colors_info=\u00a0\u00bb{}\u00a0\u00bb][et_pb_row column_structure=\u00a0\u00bb1_2,1_2&Prime; _builder_version=\u00a0\u00bb4.27.4&Prime; _module_preset=\u00a0\u00bbdefault\u00a0\u00bb global_colors_info=\u00a0\u00bb{}\u00a0\u00bb][et_pb_column type=\u00a0\u00bb1_2&Prime; _builder_version=\u00a0\u00bb4.27.4&Prime; _module_preset=\u00a0\u00bbdefault\u00a0\u00bb hover_enabled=\u00a0\u00bb0&Prime; global_colors_info=\u00a0\u00bb{}\u00a0\u00bb sticky_enabled=\u00a0\u00bb0&Prime;][et_pb_text _builder_version=\u00a0\u00bb4.27.4&Prime; _module_preset=\u00a0\u00bbdefault\u00a0\u00bb global_colors_info=\u00a0\u00bb{}\u00a0\u00bb]<\/p>\n<h2><strong>\u00c0 PARTIR DU 12.1.2026<\/strong><\/h2>\n<p><\/p>\n<p><strong>SAFARI DE RENNES EN JOURN\u00c9E, programme 10h00 \u2013 12h30 (\u00e0 la ferme de rennes)<\/strong><br \/><strong>Vers Taava<\/strong><br \/>9h15 Santa Claus Reindeer \/ SCV<br \/>9h25 Point de prise en charge centre-ville de Rovaniemi, adresse : Poromiehentie 2<br \/>9h35 Lapland Hotel Sky Ounasvaara<br \/>10h00 Arriv\u00e9e \u00e0 Taava \/ d\u00e9but du safari de jour<\/p>\n<p><\/p>\n<p><strong>Depuis Taava<\/strong><br \/>12h30 D\u00e9part de Taava<br \/>12h55 Lapland Hotel Sky Ounasvaara<br \/>13h05 Point de prise en charge centre-ville de Rovaniemi, adresse : Poromiehentie 2<br \/>13h15 Santa Claus Reindeer \/ SCV<\/p>\n<p><\/p>\n<hr \/>\n<p><\/p>\n<p><strong>FERME DE RENNES TAAVA \u2013 RENNES &amp; TRADITIONS DE LAPONIE TOUTE L\u2019ANN\u00c9E 1, programme 13h00 \u2013 14h30 (\u00e0 la ferme de rennes)<\/strong><br \/><strong>Vers Taava<\/strong><br \/>12h15 Santa Claus Reindeer \/ SCV<br \/>12h20 Point de prise en charge centre-ville de Rovaniemi, adresse : Poromiehentie 2<br \/>12h35 Lapland Hotel Sky Ounasvaara<br \/>13h00 Arriv\u00e9e \u00e0 Taava \/ d\u00e9but de la visite de la ferme de rennes 1<\/p>\n<p><\/p>\n<p><strong>Depuis Taava<\/strong><br \/>14h30 D\u00e9part de Taava<br \/>14h55 Lapland Hotel Sky Ounasvaara<br \/>15h05 Point de prise en charge centre-ville de Rovaniemi, adresse : Poromiehentie 2<br \/>15h15 Santa Claus Reindeer \/ SCV<\/p>\n<p><\/p>\n<hr \/>\n<p><\/p>\n<p><strong>\u00c0 LA RECHERCHE DES AURORES BOR\u00c9ALES, programme 20h00 \u2013 22h15 (\u00e0 la ferme de rennes)<\/strong><br \/><strong>Vers Taava<\/strong><br \/>19h15 Santa Claus Reindeer \/ SCV<br \/>19h25 Point de prise en charge centre-ville de Rovaniemi, adresse : Poromiehentie 2<br \/>19h35 Lapland Hotel Sky Ounasvaara<br \/>20h00 Arriv\u00e9e \u00e0 Taava \/ d\u00e9but de l\u2019exp\u00e9rience du soir<\/p>\n<p><\/p>\n<p><strong>Depuis Taava<\/strong><br \/>22h15 D\u00e9part de Taava<br \/>22h35 Lapland Hotel Sky Ounasvaara<br \/>22h45 Point de prise en charge centre-ville de Rovaniemi, adresse : Poromiehentie 2<br \/>env. 23h00 Santa Claus Reindeer \/ SCV<\/p>\n<p><\/p>\n<hr \/>\n<p><\/p>\n<p>\u00c0 PARTIR DU 21.3.2026<\/p>\n<p><\/p>\n<p><strong>\u00c0 LA RECHERCHE DES AURORES BOR\u00c9ALES, programme 21h00 \u2013 23h15 (\u00e0 la ferme de rennes)<\/strong><br \/><strong>Vers Taava<\/strong><br \/>20h15 Santa Claus Reindeer \/ SCV<br \/>20h25 Point de prise en charge centre-ville de Rovaniemi, adresse : Poromiehentie 2<br \/>20h35 Lapland Hotel Sky Ounasvaara<br \/>21h00 Arriv\u00e9e \u00e0 Taava \/ d\u00e9but de l\u2019exp\u00e9rience du soir<\/p>\n<p><\/p>\n<p><strong>Depuis Taava<\/strong><br \/>23h15 D\u00e9part de Taava<br \/>23h35 Lapland Hotel Sky Ounasvaara<br \/>23h45 Point de prise en charge centre-ville de Rovaniemi, adresse : Poromiehentie 2<br \/>env. 00h00 Santa Claus Reindeer \/ SCV<\/p>\n<p>[\/et_pb_text][\/et_pb_column][et_pb_column type=\u00a0\u00bb1_2&Prime; _builder_version=\u00a0\u00bb4.27.4&Prime; _module_preset=\u00a0\u00bbdefault\u00a0\u00bb global_colors_info=\u00a0\u00bb{}\u00a0\u00bb]<\/p>\n<p>[bokun_products display_mode=\u00a0\u00bbspecific\u00a0\u00bb product_ids_text=\u00a0\u00bb65144, 66025, 68779&Prime; _builder_version=\u00a0\u00bb4.27.4&Prime; _module_preset=\u00a0\u00bbdefault\u00a0\u00bb global_colors_info=\u00a0\u00bb{}\u00a0\u00bb][\/bokun_products]<\/p>\n<p>[\/et_pb_column][\/et_pb_row][et_pb_row _builder_version=\u00a0\u00bb4.27.4&Prime; _module_preset=\u00a0\u00bbdefault\u00a0\u00bb global_colors_info=\u00a0\u00bb{}\u00a0\u00bb][et_pb_column type=\u00a0\u00bb4_4&Prime; _builder_version=\u00a0\u00bb4.27.4&Prime; _module_preset=\u00a0\u00bbdefault\u00a0\u00bb global_colors_info=\u00a0\u00bb{}\u00a0\u00bb][et_pb_text _builder_version=\u00a0\u00bb4.27.4&Prime; _module_preset=\u00a0\u00bbdefault\u00a0\u00bb global_colors_info=\u00a0\u00bb{}\u00a0\u00bb]<\/p>\n<h2><strong>Lieux<\/strong><\/h2>\n<p><\/p>\n<p>Pour une exp\u00e9rience optimale, nous vous recommandons de v\u00e9rifier votre lieu choisi sur Google Maps ou une autre application de navigation avant votre visite afin de garantir des indications pr\u00e9cises et des temps de trajet fiables. Pr\u00e9voyez un peu de temps suppl\u00e9mentaire en hiver, car les conditions routi\u00e8res peuvent parfois ralentir les d\u00e9placements en raison de la neige ou du verglas.<\/p>\n<p><\/p>\n<p>Si vous participez \u00e0 une visite guid\u00e9e ou \u00e0 un transfert, votre point de prise en charge et l\u2019horaire seront indiqu\u00e9s dans les d\u00e9tails de votre r\u00e9servation \u2014 merci de les consulter attentivement et d\u2019arriver quelques minutes \u00e0 l\u2019avance pour \u00e9viter tout retard.<\/p>\n<p><\/p>\n<p>Pour les visiteurs venant par leurs propres moyens, les zones de stationnement et les entr\u00e9es principales sont clairement indiqu\u00e9es, et notre \u00e9quipe sera ravie de vous accueillir \u00e0 votre arriv\u00e9e. Si vous avez des difficult\u00e9s \u00e0 trouver l\u2019endroit exact, n\u2019h\u00e9sitez pas \u00e0 nous appeler ou \u00e0 nous envoyer un e-mail : nous serons heureux de vous guider.<\/p>\n<p>[\/et_pb_text][\/et_pb_column][\/et_pb_row][et_pb_row column_structure=\u00a0\u00bb1_3,1_3,1_3&Prime; _builder_version=\u00a0\u00bb4.27.4&Prime; _module_preset=\u00a0\u00bbdefault\u00a0\u00bb global_colors_info=\u00a0\u00bb{}\u00a0\u00bb][et_pb_column type=\u00a0\u00bb1_3&Prime; _builder_version=\u00a0\u00bb4.27.4&Prime; _module_preset=\u00a0\u00bbdefault\u00a0\u00bb global_colors_info=\u00a0\u00bb{}\u00a0\u00bb][et_pb_text _builder_version=\u00a0\u00bb4.27.4&Prime; _module_preset=\u00a0\u00bbdefault\u00a0\u00bb global_colors_info=\u00a0\u00bb{}\u00a0\u00bb]<\/p>\n<p>Santa Claus Reindeer<\/p>\n<p>[\/et_pb_text][\/et_pb_column][et_pb_column type=\u00a0\u00bb1_3&Prime; _builder_version=\u00a0\u00bb4.27.4&Prime; _module_preset=\u00a0\u00bbdefault\u00a0\u00bb global_colors_info=\u00a0\u00bb{}\u00a0\u00bb][et_pb_text _builder_version=\u00a0\u00bb4.27.4&Prime; _module_preset=\u00a0\u00bbdefault\u00a0\u00bb global_colors_info=\u00a0\u00bb{}\u00a0\u00bb]<\/p>\n<p>Ville de Rovaniemi<\/p>\n<p>[\/et_pb_text][\/et_pb_column][et_pb_column type=\u00a0\u00bb1_3&Prime; _builder_version=\u00a0\u00bb4.27.4&Prime; _module_preset=\u00a0\u00bbdefault\u00a0\u00bb global_colors_info=\u00a0\u00bb{}\u00a0\u00bb][et_pb_text _builder_version=\u00a0\u00bb4.27.4&Prime; _module_preset=\u00a0\u00bbdefault\u00a0\u00bb global_colors_info=\u00a0\u00bb{}\u00a0\u00bb]<\/p>\n<p>Hotel Sky Ounasvaara<\/p>\n<p>[\/et_pb_text][\/et_pb_column][\/et_pb_row][et_pb_row column_structure=\u00a0\u00bb1_3,1_3,1_3&Prime; _builder_version=\u00a0\u00bb4.27.4&Prime; _module_preset=\u00a0\u00bbdefault\u00a0\u00bb global_colors_info=\u00a0\u00bb{}\u00a0\u00bb][et_pb_column type=\u00a0\u00bb1_3&Prime; _builder_version=\u00a0\u00bb4.27.4&Prime; _module_preset=\u00a0\u00bbdefault\u00a0\u00bb global_colors_info=\u00a0\u00bb{}\u00a0\u00bb][et_pb_code _builder_version=\u00a0\u00bb4.27.4&Prime; _module_preset=\u00a0\u00bbdefault\u00a0\u00bb global_colors_info=\u00a0\u00bb{}\u00a0\u00bb]<pee><iframe loading=\"lazy\" style=\"border: 0;\" src=\"https:\/\/www.google.com\/maps\/embed?pb=!1m18!1m12!1m3!1d1588.2184598962888!2d25.84637737760336!3d66.5425531788714!2m3!1f0!2f0!3f0!3m2!1i1024!2i768!4f13.1!3m3!1m2!1s0x442b4e7fcd5b233b%3A0x668949368d865aaa!2sSanta%20Claus%20Reindeer!5e0!3m2!1sen!2sfi!4v1761127252627!5m2!1sen!2sfi\" width=\"600\" height=\"450\" allowfullscreen=\"allowfullscreen\"><\/iframe><\/pee>[\/et_pb_code][\/et_pb_column][et_pb_column type=\u00a0\u00bb1_3&Prime; _builder_version=\u00a0\u00bb4.27.4&Prime; _module_preset=\u00a0\u00bbdefault\u00a0\u00bb global_colors_info=\u00a0\u00bb{}\u00a0\u00bb][et_pb_code _builder_version=\u00a0\u00bb4.27.4&Prime; _module_preset=\u00a0\u00bbdefault\u00a0\u00bb global_colors_info=\u00a0\u00bb{}\u00a0\u00bb]<iframe src=\"https:\/\/www.google.com\/maps\/embed?pb=!1m18!1m12!1m3!1d795.4485955068391!2d25.71953116991745!3d66.50061304996382!2m3!1f0!2f0!3f0!3m2!1i1024!2i768!4f13.1!3m3!1m2!1s0x442b4b8d5d1c94bd%3A0x762647e33bcbb1e6!2sRoimunrotko%20P!5e0!3m2!1sen!2sfi!4v1764748121758!5m2!1sen!2sfi\" width=\"600\" height=\"450\" style=\"border:0;\" allowfullscreen=\"\" loading=\"lazy\" referrerpolicy=\"no-referrer-when-downgrade\"><\/iframe>[\/et_pb_code][\/et_pb_column][et_pb_column type=\u00a0\u00bb1_3&Prime; _builder_version=\u00a0\u00bb4.27.4&Prime; _module_preset=\u00a0\u00bbdefault\u00a0\u00bb global_colors_info=\u00a0\u00bb{}\u00a0\u00bb][et_pb_code _builder_version=\u00a0\u00bb4.27.4&Prime; _module_preset=\u00a0\u00bbdefault\u00a0\u00bb global_colors_info=\u00a0\u00bb{}\u00a0\u00bb]<iframe src=\"https:\/\/www.google.com\/maps\/embed?pb=!1m18!1m12!1m3!1d1590.8098506002052!2d25.783450996615546!3d66.50198072429303!2m3!1f0!2f0!3f0!3m2!1i1024!2i768!4f13.1!3m3!1m2!1s0x442b4eaab856d2a1%3A0x96d7ed547ca96d28!2sLapland%20Hotels%20Sky%20Ounasvaara!5e0!3m2!1sen!2sfi!4v1761127297549!5m2!1sen!2sfi\" width=\"600\" height=\"450\" style=\"border:0;\" allowfullscreen=\"\" loading=\"lazy\" referrerpolicy=\"no-referrer-when-downgrade\"><\/iframe>[\/et_pb_code][\/et_pb_column][\/et_pb_row][\/et_pb_section]<\/p>\n","protected":false},"excerpt":{"rendered":"<p>Transferts de Rovaniemi \u00e0 TaavaSe rendre de Rovaniemi \u00e0 la ferme de rennes Taava est simple et fluide. Des transferts [&hellip;]<\/p>\n","protected":false},"author":9,"featured_media":68236,"parent":0,"menu_order":0,"comment_status":"closed","ping_status":"closed","template":"","meta":{"_acf_changed":false,"_et_pb_use_builder":"on","_et_pb_old_content":"","_et_gb_content_width":"","inline_featured_image":false,"footnotes":""},"class_list":["post-70433","page","type-page","status-publish","has-post-thumbnail","hentry"],"acf":[],"yoast_head":"<!-- This site is optimized with the Yoast SEO plugin v27.4 - https:\/\/yoast.com\/product\/yoast-seo-wordpress\/ -->\n<title>Transferts de Rovaniemi \u00e0 Taava - Santa Claus Reindeer<\/title>\n<meta name=\"description\" content=\"Trouvez les horaires d\u00e9taill\u00e9s de prise en charge et les plannings de transfert pour Santa Claus Reindeer. Consultez les heures de d\u00e9part et de retour vers la ferme de rennes Taava.\" \/>\n<meta name=\"robots\" content=\"noindex, follow\" \/>\n<meta property=\"og:locale\" content=\"fr_FR\" \/>\n<meta property=\"og:type\" content=\"article\" \/>\n<meta property=\"og:title\" content=\"Transferts de Rovaniemi \u00e0 Taava - Santa Claus Reindeer\" \/>\n<meta property=\"og:description\" content=\"Trouvez les horaires d\u00e9taill\u00e9s de prise en charge et les plannings de transfert pour Santa Claus Reindeer. Consultez les heures de d\u00e9part et de retour vers la ferme de rennes Taava.\" \/>\n<meta property=\"og:url\" content=\"https:\/\/www.santaclausreindeer.fi\/fr\/transferts-de-rovaniemi-a-taava\/\" \/>\n<meta property=\"og:site_name\" content=\"Santa Claus Reindeer\" \/>\n<meta property=\"article:publisher\" content=\"https:\/\/www.facebook.com\/SantaClausReindeer\/\" \/>\n<meta property=\"article:modified_time\" content=\"2026-04-22T10:41:50+00:00\" \/>\n<meta property=\"og:image\" content=\"https:\/\/www.santaclausreindeer.fi\/wp-content\/uploads\/2025\/08\/DSC01309-scaled.jpeg\" \/>\n\t<meta property=\"og:image:width\" content=\"1707\" \/>\n\t<meta property=\"og:image:height\" content=\"2560\" \/>\n\t<meta property=\"og:image:type\" content=\"image\/jpeg\" \/>\n<meta name=\"twitter:card\" content=\"summary_large_image\" \/>\n<meta name=\"twitter:label1\" content=\"Dur\u00e9e de lecture estim\u00e9e\" \/>\n\t<meta name=\"twitter:data1\" content=\"6 minutes\" \/>\n<script type=\"application\/ld+json\" class=\"yoast-schema-graph\">{\"@context\":\"https:\\\/\\\/schema.org\",\"@graph\":[{\"@type\":\"WebPage\",\"@id\":\"https:\\\/\\\/www.santaclausreindeer.fi\\\/fr\\\/transferts-de-rovaniemi-a-taava\\\/\",\"url\":\"https:\\\/\\\/www.santaclausreindeer.fi\\\/fr\\\/transferts-de-rovaniemi-a-taava\\\/\",\"name\":\"Transferts de Rovaniemi \u00e0 Taava - Santa Claus Reindeer\",\"isPartOf\":{\"@id\":\"https:\\\/\\\/www.santaclausreindeer.fi\\\/fr\\\/#website\"},\"primaryImageOfPage\":{\"@id\":\"https:\\\/\\\/www.santaclausreindeer.fi\\\/fr\\\/transferts-de-rovaniemi-a-taava\\\/#primaryimage\"},\"image\":{\"@id\":\"https:\\\/\\\/www.santaclausreindeer.fi\\\/fr\\\/transferts-de-rovaniemi-a-taava\\\/#primaryimage\"},\"thumbnailUrl\":\"https:\\\/\\\/www.santaclausreindeer.fi\\\/wp-content\\\/uploads\\\/2025\\\/08\\\/DSC01309-scaled.jpeg\",\"datePublished\":\"2025-10-14T07:24:13+00:00\",\"dateModified\":\"2026-04-22T10:41:50+00:00\",\"description\":\"Trouvez les horaires d\u00e9taill\u00e9s de prise en charge et les plannings de transfert pour Santa Claus Reindeer. Consultez les heures de d\u00e9part et de retour vers la ferme de rennes Taava.\",\"breadcrumb\":{\"@id\":\"https:\\\/\\\/www.santaclausreindeer.fi\\\/fr\\\/transferts-de-rovaniemi-a-taava\\\/#breadcrumb\"},\"inLanguage\":\"fr-FR\",\"potentialAction\":[{\"@type\":\"ReadAction\",\"target\":[\"https:\\\/\\\/www.santaclausreindeer.fi\\\/fr\\\/transferts-de-rovaniemi-a-taava\\\/\"]}]},{\"@type\":\"ImageObject\",\"inLanguage\":\"fr-FR\",\"@id\":\"https:\\\/\\\/www.santaclausreindeer.fi\\\/fr\\\/transferts-de-rovaniemi-a-taava\\\/#primaryimage\",\"url\":\"https:\\\/\\\/www.santaclausreindeer.fi\\\/wp-content\\\/uploads\\\/2025\\\/08\\\/DSC01309-scaled.jpeg\",\"contentUrl\":\"https:\\\/\\\/www.santaclausreindeer.fi\\\/wp-content\\\/uploads\\\/2025\\\/08\\\/DSC01309-scaled.jpeg\",\"width\":1707,\"height\":2560,\"caption\":\"The road of Taava Reindeer Farm\"},{\"@type\":\"BreadcrumbList\",\"@id\":\"https:\\\/\\\/www.santaclausreindeer.fi\\\/fr\\\/transferts-de-rovaniemi-a-taava\\\/#breadcrumb\",\"itemListElement\":[{\"@type\":\"ListItem\",\"position\":1,\"name\":\"Home\",\"item\":\"https:\\\/\\\/www.santaclausreindeer.fi\\\/fr\\\/\"},{\"@type\":\"ListItem\",\"position\":2,\"name\":\"Transferts de Rovaniemi \u00e0 Taava\"}]},{\"@type\":\"WebSite\",\"@id\":\"https:\\\/\\\/www.santaclausreindeer.fi\\\/fr\\\/#website\",\"url\":\"https:\\\/\\\/www.santaclausreindeer.fi\\\/fr\\\/\",\"name\":\"Santa Claus Reindeer\",\"description\":\"Arctic Circle, Rovaniemi, Lapland\",\"publisher\":{\"@id\":\"https:\\\/\\\/www.santaclausreindeer.fi\\\/fr\\\/#organization\"},\"potentialAction\":[{\"@type\":\"SearchAction\",\"target\":{\"@type\":\"EntryPoint\",\"urlTemplate\":\"https:\\\/\\\/www.santaclausreindeer.fi\\\/fr\\\/?s={search_term_string}\"},\"query-input\":{\"@type\":\"PropertyValueSpecification\",\"valueRequired\":true,\"valueName\":\"search_term_string\"}}],\"inLanguage\":\"fr-FR\"},{\"@type\":\"Organization\",\"@id\":\"https:\\\/\\\/www.santaclausreindeer.fi\\\/fr\\\/#organization\",\"name\":\"Santa Claus Reindeer\",\"url\":\"https:\\\/\\\/www.santaclausreindeer.fi\\\/fr\\\/\",\"logo\":{\"@type\":\"ImageObject\",\"inLanguage\":\"fr-FR\",\"@id\":\"https:\\\/\\\/www.santaclausreindeer.fi\\\/fr\\\/#\\\/schema\\\/logo\\\/image\\\/\",\"url\":\"https:\\\/\\\/www.santaclausreindeer.fi\\\/wp-content\\\/uploads\\\/2024\\\/10\\\/scr_logo_vaakaslogan-RVN-RGB-opt.svg\",\"contentUrl\":\"https:\\\/\\\/www.santaclausreindeer.fi\\\/wp-content\\\/uploads\\\/2024\\\/10\\\/scr_logo_vaakaslogan-RVN-RGB-opt.svg\",\"width\":396,\"height\":212,\"caption\":\"Santa Claus Reindeer\"},\"image\":{\"@id\":\"https:\\\/\\\/www.santaclausreindeer.fi\\\/fr\\\/#\\\/schema\\\/logo\\\/image\\\/\"},\"sameAs\":[\"https:\\\/\\\/www.facebook.com\\\/SantaClausReindeer\\\/\",\"https:\\\/\\\/www.instagram.com\\\/santaclausreindeer\\\/\",\"https:\\\/\\\/www.youtube.com\\\/user\\\/santareindeerlapland\",\"https:\\\/\\\/www.tripadvisor.fr\\\/Attraction_Review-g189922-d6662018-Reviews-Santa_Claus_Reindeer-Rovaniemi_Lapland.html\"]}]}<\/script>\n<!-- \/ Yoast SEO plugin. -->","yoast_head_json":{"title":"Transferts de Rovaniemi \u00e0 Taava - Santa Claus Reindeer","description":"Trouvez les horaires d\u00e9taill\u00e9s de prise en charge et les plannings de transfert pour Santa Claus Reindeer. Consultez les heures de d\u00e9part et de retour vers la ferme de rennes Taava.","robots":{"index":"noindex","follow":"follow"},"og_locale":"fr_FR","og_type":"article","og_title":"Transferts de Rovaniemi \u00e0 Taava - Santa Claus Reindeer","og_description":"Trouvez les horaires d\u00e9taill\u00e9s de prise en charge et les plannings de transfert pour Santa Claus Reindeer. Consultez les heures de d\u00e9part et de retour vers la ferme de rennes Taava.","og_url":"https:\/\/www.santaclausreindeer.fi\/fr\/transferts-de-rovaniemi-a-taava\/","og_site_name":"Santa Claus Reindeer","article_publisher":"https:\/\/www.facebook.com\/SantaClausReindeer\/","article_modified_time":"2026-04-22T10:41:50+00:00","og_image":[{"width":1707,"height":2560,"url":"https:\/\/www.santaclausreindeer.fi\/wp-content\/uploads\/2025\/08\/DSC01309-scaled.jpeg","type":"image\/jpeg"}],"twitter_card":"summary_large_image","twitter_misc":{"Dur\u00e9e de lecture estim\u00e9e":"6 minutes"},"schema":{"@context":"https:\/\/schema.org","@graph":[{"@type":"WebPage","@id":"https:\/\/www.santaclausreindeer.fi\/fr\/transferts-de-rovaniemi-a-taava\/","url":"https:\/\/www.santaclausreindeer.fi\/fr\/transferts-de-rovaniemi-a-taava\/","name":"Transferts de Rovaniemi \u00e0 Taava - Santa Claus Reindeer","isPartOf":{"@id":"https:\/\/www.santaclausreindeer.fi\/fr\/#website"},"primaryImageOfPage":{"@id":"https:\/\/www.santaclausreindeer.fi\/fr\/transferts-de-rovaniemi-a-taava\/#primaryimage"},"image":{"@id":"https:\/\/www.santaclausreindeer.fi\/fr\/transferts-de-rovaniemi-a-taava\/#primaryimage"},"thumbnailUrl":"https:\/\/www.santaclausreindeer.fi\/wp-content\/uploads\/2025\/08\/DSC01309-scaled.jpeg","datePublished":"2025-10-14T07:24:13+00:00","dateModified":"2026-04-22T10:41:50+00:00","description":"Trouvez les horaires d\u00e9taill\u00e9s de prise en charge et les plannings de transfert pour Santa Claus Reindeer. Consultez les heures de d\u00e9part et de retour vers la ferme de rennes Taava.","breadcrumb":{"@id":"https:\/\/www.santaclausreindeer.fi\/fr\/transferts-de-rovaniemi-a-taava\/#breadcrumb"},"inLanguage":"fr-FR","potentialAction":[{"@type":"ReadAction","target":["https:\/\/www.santaclausreindeer.fi\/fr\/transferts-de-rovaniemi-a-taava\/"]}]},{"@type":"ImageObject","inLanguage":"fr-FR","@id":"https:\/\/www.santaclausreindeer.fi\/fr\/transferts-de-rovaniemi-a-taava\/#primaryimage","url":"https:\/\/www.santaclausreindeer.fi\/wp-content\/uploads\/2025\/08\/DSC01309-scaled.jpeg","contentUrl":"https:\/\/www.santaclausreindeer.fi\/wp-content\/uploads\/2025\/08\/DSC01309-scaled.jpeg","width":1707,"height":2560,"caption":"The road of Taava Reindeer Farm"},{"@type":"BreadcrumbList","@id":"https:\/\/www.santaclausreindeer.fi\/fr\/transferts-de-rovaniemi-a-taava\/#breadcrumb","itemListElement":[{"@type":"ListItem","position":1,"name":"Home","item":"https:\/\/www.santaclausreindeer.fi\/fr\/"},{"@type":"ListItem","position":2,"name":"Transferts de Rovaniemi \u00e0 Taava"}]},{"@type":"WebSite","@id":"https:\/\/www.santaclausreindeer.fi\/fr\/#website","url":"https:\/\/www.santaclausreindeer.fi\/fr\/","name":"Santa Claus Reindeer","description":"Arctic Circle, Rovaniemi, Lapland","publisher":{"@id":"https:\/\/www.santaclausreindeer.fi\/fr\/#organization"},"potentialAction":[{"@type":"SearchAction","target":{"@type":"EntryPoint","urlTemplate":"https:\/\/www.santaclausreindeer.fi\/fr\/?s={search_term_string}"},"query-input":{"@type":"PropertyValueSpecification","valueRequired":true,"valueName":"search_term_string"}}],"inLanguage":"fr-FR"},{"@type":"Organization","@id":"https:\/\/www.santaclausreindeer.fi\/fr\/#organization","name":"Santa Claus Reindeer","url":"https:\/\/www.santaclausreindeer.fi\/fr\/","logo":{"@type":"ImageObject","inLanguage":"fr-FR","@id":"https:\/\/www.santaclausreindeer.fi\/fr\/#\/schema\/logo\/image\/","url":"https:\/\/www.santaclausreindeer.fi\/wp-content\/uploads\/2024\/10\/scr_logo_vaakaslogan-RVN-RGB-opt.svg","contentUrl":"https:\/\/www.santaclausreindeer.fi\/wp-content\/uploads\/2024\/10\/scr_logo_vaakaslogan-RVN-RGB-opt.svg","width":396,"height":212,"caption":"Santa Claus Reindeer"},"image":{"@id":"https:\/\/www.santaclausreindeer.fi\/fr\/#\/schema\/logo\/image\/"},"sameAs":["https:\/\/www.facebook.com\/SantaClausReindeer\/","https:\/\/www.instagram.com\/santaclausreindeer\/","https:\/\/www.youtube.com\/user\/santareindeerlapland","https:\/\/www.tripadvisor.fr\/Attraction_Review-g189922-d6662018-Reviews-Santa_Claus_Reindeer-Rovaniemi_Lapland.html"]}]}},"_links":{"self":[{"href":"https:\/\/www.santaclausreindeer.fi\/fr\/wp-json\/wp\/v2\/pages\/70433","targetHints":{"allow":["GET"]}}],"collection":[{"href":"https:\/\/www.santaclausreindeer.fi\/fr\/wp-json\/wp\/v2\/pages"}],"about":[{"href":"https:\/\/www.santaclausreindeer.fi\/fr\/wp-json\/wp\/v2\/types\/page"}],"author":[{"embeddable":true,"href":"https:\/\/www.santaclausreindeer.fi\/fr\/wp-json\/wp\/v2\/users\/9"}],"replies":[{"embeddable":true,"href":"https:\/\/www.santaclausreindeer.fi\/fr\/wp-json\/wp\/v2\/comments?post=70433"}],"version-history":[{"count":2,"href":"https:\/\/www.santaclausreindeer.fi\/fr\/wp-json\/wp\/v2\/pages\/70433\/revisions"}],"predecessor-version":[{"id":70435,"href":"https:\/\/www.santaclausreindeer.fi\/fr\/wp-json\/wp\/v2\/pages\/70433\/revisions\/70435"}],"wp:featuredmedia":[{"embeddable":true,"href":"https:\/\/www.santaclausreindeer.fi\/fr\/wp-json\/wp\/v2\/media\/68236"}],"wp:attachment":[{"href":"https:\/\/www.santaclausreindeer.fi\/fr\/wp-json\/wp\/v2\/media?parent=70433"}],"curies":[{"name":"wp","href":"https:\/\/api.w.org\/{rel}","templated":true}]}}