{"id":69247,"date":"2025-10-13T21:10:18","date_gmt":"2025-10-13T18:10:18","guid":{"rendered":"https:\/\/www.santaclausreindeer.fi\/product\/vieraile-taava-reindeer-farmilla-aito-poroelamys-rovaniemella\/"},"modified":"2026-04-01T21:13:34","modified_gmt":"2026-04-01T18:13:34","slug":"vieraile-taava-reindeer-farmilla-aito-poroelamys-rovaniemella","status":"publish","type":"product","link":"https:\/\/www.santaclausreindeer.fi\/fi\/tuote\/vieraile-taava-reindeer-farmilla-aito-poroelamys-rovaniemella\/","title":{"rendered":"Vieraile Taava Reindeer Farmilla \u2013 aito poroel\u00e4mys Rovaniemell\u00e4"},"content":{"rendered":"","protected":false},"excerpt":{"rendered":"<p>Taava Reindeer Farm &#8211; Aito porotilael\u00e4mys Rovaniemell\u00e4<\/p>\n","protected":false},"featured_media":0,"menu_order":100,"template":"","meta":{"_acf_changed":false,"_et_pb_use_builder":"","_et_pb_old_content":"","_et_gb_content_width":"","inline_featured_image":false},"activity-category":[7619,7048,7191,7095,7097],"activity-attribute":[7289,7290,7221,7052,7049,7053,7051,7050],"difficulty-level":[7293,7054],"activity-type":[7292,7055],"product-season":[7110],"product-includes":[7652,7654,7653,7650,7651],"know-before-you-go":[],"company":[],"bookability":[7044],"icons":[],"product-category":[7288],"class_list":["post-69247","product","type-product","status-publish","hentry","activity-category-educational-tour","activity-category-luonto","activity-category-paivaretket-ja-excursiot","activity-category-seikkailu","activity-category-teemapuistot","activity-attribute-family-friendly-fi","activity-attribute-group-friendly-fi","activity-attribute-nuoriso","activity-attribute-parit","activity-attribute-perheystavallinen","activity-attribute-ryhmille-sopiva","activity-attribute-ulkoilma","activity-attribute-ymparistoystavallinen","difficulty-level-easy-fi","difficulty-level-helppo","activity-type-day-tour-or-activity-fi","activity-type-paivaretki-tai-aktiviteetti","product-season-winter","product-includes-informatiivinen-ja-mielenkiinoinen-sisalto-poroista-luonnosta-ja-poronhoidosta","product-includes-lammin-juoma-ja-paikallinen-valipala-tarjoillaan-perinteisessa-hirsikodassa-tulen-aarella","product-includes-lamminhenkinen-ja-henkilokohtainen-poro-opas-huolehtii-vierailun-sujuvuudesta","product-includes-lyhyt-pororekiajelu-n-m-lumisessa-porotilamiljoossa-talvella","product-includes-vierailu-poroaitauksessa-tapaa-ruoki-ja-valokuvaa-poroja-mukaan-lukien-poromme-nimeltaan-taava-","bookability-bookable","product-category-product"],"acf":[],"yoast_head":"<!-- This site is optimized with the Yoast SEO plugin v27.3 - https:\/\/yoast.com\/product\/yoast-seo-wordpress\/ -->\n<title>Vieraile Taava Reindeer Farmilla \u2013 aito poroel\u00e4mys Rovaniemell\u00e4 - Santa Claus Reindeer<\/title>\n<meta name=\"robots\" content=\"index, follow, max-snippet:-1, max-image-preview:large, max-video-preview:-1\" \/>\n<link rel=\"canonical\" href=\"https:\/\/www.santaclausreindeer.fi\/fi\/tuote\/vieraile-taava-reindeer-farmilla-aito-poroelamys-rovaniemella\/\" \/>\n<meta property=\"og:locale\" content=\"fi_FI\" \/>\n<meta property=\"og:type\" content=\"article\" \/>\n<meta property=\"og:title\" content=\"Vieraile Taava Reindeer Farmilla \u2013 aito poroel\u00e4mys Rovaniemell\u00e4 - Santa Claus Reindeer\" \/>\n<meta property=\"og:description\" content=\"Taava Reindeer Farm - Aito porotilael\u00e4mys Rovaniemell\u00e4\" \/>\n<meta property=\"og:url\" content=\"https:\/\/www.santaclausreindeer.fi\/fi\/tuote\/vieraile-taava-reindeer-farmilla-aito-poroelamys-rovaniemella\/\" \/>\n<meta property=\"og:site_name\" content=\"Santa Claus Reindeer\" \/>\n<meta property=\"article:publisher\" content=\"https:\/\/www.facebook.com\/SantaClausReindeer\/\" \/>\n<meta property=\"article:modified_time\" content=\"2026-04-01T18:13:34+00:00\" \/>\n<meta name=\"twitter:card\" content=\"summary_large_image\" \/>\n<script type=\"application\/ld+json\" class=\"yoast-schema-graph\">{\"@context\":\"https:\\\/\\\/schema.org\",\"@graph\":[{\"@type\":\"WebPage\",\"@id\":\"https:\\\/\\\/www.santaclausreindeer.fi\\\/fi\\\/tuote\\\/vieraile-taava-reindeer-farmilla-aito-poroelamys-rovaniemella\\\/\",\"url\":\"https:\\\/\\\/www.santaclausreindeer.fi\\\/fi\\\/tuote\\\/vieraile-taava-reindeer-farmilla-aito-poroelamys-rovaniemella\\\/\",\"name\":\"Vieraile Taava Reindeer Farmilla \u2013 aito poroel\u00e4mys Rovaniemell\u00e4 - Santa Claus Reindeer\",\"isPartOf\":{\"@id\":\"https:\\\/\\\/www.santaclausreindeer.fi\\\/fi\\\/#website\"},\"datePublished\":\"2025-10-13T18:10:18+00:00\",\"dateModified\":\"2026-04-01T18:13:34+00:00\",\"breadcrumb\":{\"@id\":\"https:\\\/\\\/www.santaclausreindeer.fi\\\/fi\\\/tuote\\\/vieraile-taava-reindeer-farmilla-aito-poroelamys-rovaniemella\\\/#breadcrumb\"},\"inLanguage\":\"fi\",\"potentialAction\":[{\"@type\":\"ReadAction\",\"target\":[\"https:\\\/\\\/www.santaclausreindeer.fi\\\/fi\\\/tuote\\\/vieraile-taava-reindeer-farmilla-aito-poroelamys-rovaniemella\\\/\"]}]},{\"@type\":\"BreadcrumbList\",\"@id\":\"https:\\\/\\\/www.santaclausreindeer.fi\\\/fi\\\/tuote\\\/vieraile-taava-reindeer-farmilla-aito-poroelamys-rovaniemella\\\/#breadcrumb\",\"itemListElement\":[{\"@type\":\"ListItem\",\"position\":1,\"name\":\"Home\",\"item\":\"https:\\\/\\\/www.santaclausreindeer.fi\\\/fi\\\/\"},{\"@type\":\"ListItem\",\"position\":2,\"name\":\"Tuotteet\",\"item\":\"https:\\\/\\\/www.santaclausreindeer.fi\\\/fi\\\/tuote\\\/\"},{\"@type\":\"ListItem\",\"position\":3,\"name\":\"Vieraile Taava Reindeer Farmilla \u2013 aito poroel\u00e4mys Rovaniemell\u00e4\"}]},{\"@type\":\"WebSite\",\"@id\":\"https:\\\/\\\/www.santaclausreindeer.fi\\\/fi\\\/#website\",\"url\":\"https:\\\/\\\/www.santaclausreindeer.fi\\\/fi\\\/\",\"name\":\"Santa Claus Reindeer\",\"description\":\"Arctic Circle, Rovaniemi, Lapland\",\"publisher\":{\"@id\":\"https:\\\/\\\/www.santaclausreindeer.fi\\\/fi\\\/#organization\"},\"potentialAction\":[{\"@type\":\"SearchAction\",\"target\":{\"@type\":\"EntryPoint\",\"urlTemplate\":\"https:\\\/\\\/www.santaclausreindeer.fi\\\/fi\\\/?s={search_term_string}\"},\"query-input\":{\"@type\":\"PropertyValueSpecification\",\"valueRequired\":true,\"valueName\":\"search_term_string\"}}],\"inLanguage\":\"fi\"},{\"@type\":\"Organization\",\"@id\":\"https:\\\/\\\/www.santaclausreindeer.fi\\\/fi\\\/#organization\",\"name\":\"Santa Claus Reindeer\",\"url\":\"https:\\\/\\\/www.santaclausreindeer.fi\\\/fi\\\/\",\"logo\":{\"@type\":\"ImageObject\",\"inLanguage\":\"fi\",\"@id\":\"https:\\\/\\\/www.santaclausreindeer.fi\\\/fi\\\/#\\\/schema\\\/logo\\\/image\\\/\",\"url\":\"https:\\\/\\\/www.santaclausreindeer.fi\\\/wp-content\\\/uploads\\\/2024\\\/10\\\/scr_logo_vaakaslogan-RVN-RGB-opt.svg\",\"contentUrl\":\"https:\\\/\\\/www.santaclausreindeer.fi\\\/wp-content\\\/uploads\\\/2024\\\/10\\\/scr_logo_vaakaslogan-RVN-RGB-opt.svg\",\"width\":396,\"height\":212,\"caption\":\"Santa Claus Reindeer\"},\"image\":{\"@id\":\"https:\\\/\\\/www.santaclausreindeer.fi\\\/fi\\\/#\\\/schema\\\/logo\\\/image\\\/\"},\"sameAs\":[\"https:\\\/\\\/www.facebook.com\\\/SantaClausReindeer\\\/\",\"https:\\\/\\\/www.instagram.com\\\/santaclausreindeer\\\/\",\"https:\\\/\\\/www.youtube.com\\\/user\\\/santareindeerlapland\",\"https:\\\/\\\/www.tripadvisor.fr\\\/Attraction_Review-g189922-d6662018-Reviews-Santa_Claus_Reindeer-Rovaniemi_Lapland.html\"]}]}<\/script>\n<!-- \/ Yoast SEO plugin. -->","yoast_head_json":{"title":"Vieraile Taava Reindeer Farmilla \u2013 aito poroel\u00e4mys Rovaniemell\u00e4 - Santa Claus Reindeer","robots":{"index":"index","follow":"follow","max-snippet":"max-snippet:-1","max-image-preview":"max-image-preview:large","max-video-preview":"max-video-preview:-1"},"canonical":"https:\/\/www.santaclausreindeer.fi\/fi\/tuote\/vieraile-taava-reindeer-farmilla-aito-poroelamys-rovaniemella\/","og_locale":"fi_FI","og_type":"article","og_title":"Vieraile Taava Reindeer Farmilla \u2013 aito poroel\u00e4mys Rovaniemell\u00e4 - Santa Claus Reindeer","og_description":"Taava Reindeer Farm - Aito porotilael\u00e4mys Rovaniemell\u00e4","og_url":"https:\/\/www.santaclausreindeer.fi\/fi\/tuote\/vieraile-taava-reindeer-farmilla-aito-poroelamys-rovaniemella\/","og_site_name":"Santa Claus Reindeer","article_publisher":"https:\/\/www.facebook.com\/SantaClausReindeer\/","article_modified_time":"2026-04-01T18:13:34+00:00","twitter_card":"summary_large_image","schema":{"@context":"https:\/\/schema.org","@graph":[{"@type":"WebPage","@id":"https:\/\/www.santaclausreindeer.fi\/fi\/tuote\/vieraile-taava-reindeer-farmilla-aito-poroelamys-rovaniemella\/","url":"https:\/\/www.santaclausreindeer.fi\/fi\/tuote\/vieraile-taava-reindeer-farmilla-aito-poroelamys-rovaniemella\/","name":"Vieraile Taava Reindeer Farmilla \u2013 aito poroel\u00e4mys Rovaniemell\u00e4 - Santa Claus Reindeer","isPartOf":{"@id":"https:\/\/www.santaclausreindeer.fi\/fi\/#website"},"datePublished":"2025-10-13T18:10:18+00:00","dateModified":"2026-04-01T18:13:34+00:00","breadcrumb":{"@id":"https:\/\/www.santaclausreindeer.fi\/fi\/tuote\/vieraile-taava-reindeer-farmilla-aito-poroelamys-rovaniemella\/#breadcrumb"},"inLanguage":"fi","potentialAction":[{"@type":"ReadAction","target":["https:\/\/www.santaclausreindeer.fi\/fi\/tuote\/vieraile-taava-reindeer-farmilla-aito-poroelamys-rovaniemella\/"]}]},{"@type":"BreadcrumbList","@id":"https:\/\/www.santaclausreindeer.fi\/fi\/tuote\/vieraile-taava-reindeer-farmilla-aito-poroelamys-rovaniemella\/#breadcrumb","itemListElement":[{"@type":"ListItem","position":1,"name":"Home","item":"https:\/\/www.santaclausreindeer.fi\/fi\/"},{"@type":"ListItem","position":2,"name":"Tuotteet","item":"https:\/\/www.santaclausreindeer.fi\/fi\/tuote\/"},{"@type":"ListItem","position":3,"name":"Vieraile Taava Reindeer Farmilla \u2013 aito poroel\u00e4mys Rovaniemell\u00e4"}]},{"@type":"WebSite","@id":"https:\/\/www.santaclausreindeer.fi\/fi\/#website","url":"https:\/\/www.santaclausreindeer.fi\/fi\/","name":"Santa Claus Reindeer","description":"Arctic Circle, Rovaniemi, Lapland","publisher":{"@id":"https:\/\/www.santaclausreindeer.fi\/fi\/#organization"},"potentialAction":[{"@type":"SearchAction","target":{"@type":"EntryPoint","urlTemplate":"https:\/\/www.santaclausreindeer.fi\/fi\/?s={search_term_string}"},"query-input":{"@type":"PropertyValueSpecification","valueRequired":true,"valueName":"search_term_string"}}],"inLanguage":"fi"},{"@type":"Organization","@id":"https:\/\/www.santaclausreindeer.fi\/fi\/#organization","name":"Santa Claus Reindeer","url":"https:\/\/www.santaclausreindeer.fi\/fi\/","logo":{"@type":"ImageObject","inLanguage":"fi","@id":"https:\/\/www.santaclausreindeer.fi\/fi\/#\/schema\/logo\/image\/","url":"https:\/\/www.santaclausreindeer.fi\/wp-content\/uploads\/2024\/10\/scr_logo_vaakaslogan-RVN-RGB-opt.svg","contentUrl":"https:\/\/www.santaclausreindeer.fi\/wp-content\/uploads\/2024\/10\/scr_logo_vaakaslogan-RVN-RGB-opt.svg","width":396,"height":212,"caption":"Santa Claus Reindeer"},"image":{"@id":"https:\/\/www.santaclausreindeer.fi\/fi\/#\/schema\/logo\/image\/"},"sameAs":["https:\/\/www.facebook.com\/SantaClausReindeer\/","https:\/\/www.instagram.com\/santaclausreindeer\/","https:\/\/www.youtube.com\/user\/santareindeerlapland","https:\/\/www.tripadvisor.fr\/Attraction_Review-g189922-d6662018-Reviews-Santa_Claus_Reindeer-Rovaniemi_Lapland.html"]}]}},"_links":{"self":[{"href":"https:\/\/www.santaclausreindeer.fi\/fi\/wp-json\/wp\/v2\/product\/69247","targetHints":{"allow":["GET"]}}],"collection":[{"href":"https:\/\/www.santaclausreindeer.fi\/fi\/wp-json\/wp\/v2\/product"}],"about":[{"href":"https:\/\/www.santaclausreindeer.fi\/fi\/wp-json\/wp\/v2\/types\/product"}],"wp:attachment":[{"href":"https:\/\/www.santaclausreindeer.fi\/fi\/wp-json\/wp\/v2\/media?parent=69247"}],"wp:term":[{"taxonomy":"activity-category","embeddable":true,"href":"https:\/\/www.santaclausreindeer.fi\/fi\/wp-json\/wp\/v2\/activity-category?post=69247"},{"taxonomy":"activity-attribute","embeddable":true,"href":"https:\/\/www.santaclausreindeer.fi\/fi\/wp-json\/wp\/v2\/activity-attribute?post=69247"},{"taxonomy":"difficulty-level","embeddable":true,"href":"https:\/\/www.santaclausreindeer.fi\/fi\/wp-json\/wp\/v2\/difficulty-level?post=69247"},{"taxonomy":"activity-type","embeddable":true,"href":"https:\/\/www.santaclausreindeer.fi\/fi\/wp-json\/wp\/v2\/activity-type?post=69247"},{"taxonomy":"product-season","embeddable":true,"href":"https:\/\/www.santaclausreindeer.fi\/fi\/wp-json\/wp\/v2\/product-season?post=69247"},{"taxonomy":"product-includes","embeddable":true,"href":"https:\/\/www.santaclausreindeer.fi\/fi\/wp-json\/wp\/v2\/product-includes?post=69247"},{"taxonomy":"know-before-you-go","embeddable":true,"href":"https:\/\/www.santaclausreindeer.fi\/fi\/wp-json\/wp\/v2\/know-before-you-go?post=69247"},{"taxonomy":"company","embeddable":true,"href":"https:\/\/www.santaclausreindeer.fi\/fi\/wp-json\/wp\/v2\/company?post=69247"},{"taxonomy":"bookability","embeddable":true,"href":"https:\/\/www.santaclausreindeer.fi\/fi\/wp-json\/wp\/v2\/bookability?post=69247"},{"taxonomy":"icons","embeddable":true,"href":"https:\/\/www.santaclausreindeer.fi\/fi\/wp-json\/wp\/v2\/icons?post=69247"},{"taxonomy":"product-category","embeddable":true,"href":"https:\/\/www.santaclausreindeer.fi\/fi\/wp-json\/wp\/v2\/product-category?post=69247"}],"curies":[{"name":"wp","href":"https:\/\/api.w.org\/{rel}","templated":true}]}}