{"id":67607,"date":"2025-03-31T17:11:07","date_gmt":"2025-03-31T14:11:07","guid":{"rendered":"https:\/\/www.santaclausreindeer.fi\/product\/tapaavat-joulumuorin-joulumuorin-joulukodissa-napapiirilla\/"},"modified":"2026-04-17T08:10:33","modified_gmt":"2026-04-17T05:10:33","slug":"tapaavat-joulumuorin-joulumuorin-joulukodissa-napapiirilla","status":"publish","type":"product","link":"https:\/\/www.santaclausreindeer.fi\/fi\/tuote\/tapaavat-joulumuorin-joulumuorin-joulukodissa-napapiirilla\/","title":{"rendered":"Tapaa Joulumuorin Joulumuorin joulukodissa Napapiirill\u00e4"},"content":{"rendered":"","protected":false},"excerpt":{"rendered":"<p>Astut Joulumuorin l\u00e4mpim\u00e4\u00e4n ja tervetulleeksi tuntevaan maailmaan \u2013 taikaa ymp\u00e4ri vuoden!<\/p>\n","protected":false},"featured_media":0,"menu_order":100,"template":"","meta":{"_acf_changed":false,"_et_pb_use_builder":"","_et_pb_old_content":"","_et_gb_content_width":"","inline_featured_image":false},"activity-category":[7202,7097],"activity-attribute":[7049,7071],"difficulty-level":[7281],"activity-type":[7055],"product-season":[7567,7113,7569,7570,7568,7111,7112,7110],"product-includes":[7557,7554,7555,7556,7558],"know-before-you-go":[],"company":[7143],"bookability":[7044],"icons":[],"product-category":[7288],"class_list":["post-67607","product","type-product","status-publish","hentry","activity-category-loma-ja-kausimatkat","activity-category-teemapuistot","activity-attribute-perheystavallinen","activity-attribute-sisatiloissa","difficulty-level-very-easy","activity-type-paivaretki-tai-aktiviteetti","product-season-automne","product-season-autumn","product-season-ete","product-season-hiver","product-season-printemps","product-season-spring","product-season-summer","product-season-winter","product-includes-huomioithan","product-includes-lammin-ja-henkilokohtainen-tapaaminen-joulumuorin-kanssa-noin-minuuttia-ennakkovaraus","product-includes-sisaanpaasy-hanen-viehattavaan-joulukotiinsa-napapiirilla","product-includes-yksi-painettu-muistokuva-per-ryhma-joka-vie-kotiin-muistoksi-vierailustasi","product-includes-ystavalliset-tonttumme-auttavat-mielellaan-vierailusi-aikana","company-joulumuori","bookability-bookable","product-category-product"],"acf":[],"yoast_head":"<!-- This site is optimized with the Yoast SEO plugin v27.4 - https:\/\/yoast.com\/product\/yoast-seo-wordpress\/ -->\n<title>Tapaa Joulumuorin Joulumuorin joulukodissa Napapiirill\u00e4 - Santa Claus Reindeer<\/title>\n<meta name=\"robots\" content=\"index, follow, max-snippet:-1, max-image-preview:large, max-video-preview:-1\" \/>\n<link rel=\"canonical\" href=\"https:\/\/www.santaclausreindeer.fi\/fi\/tuote\/tapaavat-joulumuorin-joulumuorin-joulukodissa-napapiirilla\/\" \/>\n<meta property=\"og:locale\" content=\"fi_FI\" \/>\n<meta property=\"og:type\" content=\"article\" \/>\n<meta property=\"og:title\" content=\"Tapaa Joulumuorin Joulumuorin joulukodissa Napapiirill\u00e4 - Santa Claus Reindeer\" \/>\n<meta property=\"og:description\" content=\"Astut Joulumuorin l\u00e4mpim\u00e4\u00e4n ja tervetulleeksi tuntevaan maailmaan \u2013 taikaa ymp\u00e4ri vuoden!\" \/>\n<meta property=\"og:url\" content=\"https:\/\/www.santaclausreindeer.fi\/fi\/tuote\/tapaavat-joulumuorin-joulumuorin-joulukodissa-napapiirilla\/\" \/>\n<meta property=\"og:site_name\" content=\"Santa Claus Reindeer\" \/>\n<meta property=\"article:publisher\" content=\"https:\/\/www.facebook.com\/SantaClausReindeer\/\" \/>\n<meta property=\"article:modified_time\" content=\"2026-04-17T05:10:33+00:00\" \/>\n<meta name=\"twitter:card\" content=\"summary_large_image\" \/>\n<script type=\"application\/ld+json\" class=\"yoast-schema-graph\">{\"@context\":\"https:\\\/\\\/schema.org\",\"@graph\":[{\"@type\":\"WebPage\",\"@id\":\"https:\\\/\\\/www.santaclausreindeer.fi\\\/fi\\\/tuote\\\/tapaavat-joulumuorin-joulumuorin-joulukodissa-napapiirilla\\\/\",\"url\":\"https:\\\/\\\/www.santaclausreindeer.fi\\\/fi\\\/tuote\\\/tapaavat-joulumuorin-joulumuorin-joulukodissa-napapiirilla\\\/\",\"name\":\"Tapaa Joulumuorin Joulumuorin joulukodissa Napapiirill\u00e4 - Santa Claus Reindeer\",\"isPartOf\":{\"@id\":\"https:\\\/\\\/www.santaclausreindeer.fi\\\/fi\\\/#website\"},\"datePublished\":\"2025-03-31T14:11:07+00:00\",\"dateModified\":\"2026-04-17T05:10:33+00:00\",\"breadcrumb\":{\"@id\":\"https:\\\/\\\/www.santaclausreindeer.fi\\\/fi\\\/tuote\\\/tapaavat-joulumuorin-joulumuorin-joulukodissa-napapiirilla\\\/#breadcrumb\"},\"inLanguage\":\"fi\",\"potentialAction\":[{\"@type\":\"ReadAction\",\"target\":[\"https:\\\/\\\/www.santaclausreindeer.fi\\\/fi\\\/tuote\\\/tapaavat-joulumuorin-joulumuorin-joulukodissa-napapiirilla\\\/\"]}]},{\"@type\":\"BreadcrumbList\",\"@id\":\"https:\\\/\\\/www.santaclausreindeer.fi\\\/fi\\\/tuote\\\/tapaavat-joulumuorin-joulumuorin-joulukodissa-napapiirilla\\\/#breadcrumb\",\"itemListElement\":[{\"@type\":\"ListItem\",\"position\":1,\"name\":\"Home\",\"item\":\"https:\\\/\\\/www.santaclausreindeer.fi\\\/fi\\\/\"},{\"@type\":\"ListItem\",\"position\":2,\"name\":\"Tuotteet\",\"item\":\"https:\\\/\\\/www.santaclausreindeer.fi\\\/fi\\\/tuote\\\/\"},{\"@type\":\"ListItem\",\"position\":3,\"name\":\"Tapaa Joulumuorin Joulumuorin joulukodissa Napapiirill\u00e4\"}]},{\"@type\":\"WebSite\",\"@id\":\"https:\\\/\\\/www.santaclausreindeer.fi\\\/fi\\\/#website\",\"url\":\"https:\\\/\\\/www.santaclausreindeer.fi\\\/fi\\\/\",\"name\":\"Santa Claus Reindeer\",\"description\":\"Arctic Circle, Rovaniemi, Lapland\",\"publisher\":{\"@id\":\"https:\\\/\\\/www.santaclausreindeer.fi\\\/fi\\\/#organization\"},\"potentialAction\":[{\"@type\":\"SearchAction\",\"target\":{\"@type\":\"EntryPoint\",\"urlTemplate\":\"https:\\\/\\\/www.santaclausreindeer.fi\\\/fi\\\/?s={search_term_string}\"},\"query-input\":{\"@type\":\"PropertyValueSpecification\",\"valueRequired\":true,\"valueName\":\"search_term_string\"}}],\"inLanguage\":\"fi\"},{\"@type\":\"Organization\",\"@id\":\"https:\\\/\\\/www.santaclausreindeer.fi\\\/fi\\\/#organization\",\"name\":\"Santa Claus Reindeer\",\"url\":\"https:\\\/\\\/www.santaclausreindeer.fi\\\/fi\\\/\",\"logo\":{\"@type\":\"ImageObject\",\"inLanguage\":\"fi\",\"@id\":\"https:\\\/\\\/www.santaclausreindeer.fi\\\/fi\\\/#\\\/schema\\\/logo\\\/image\\\/\",\"url\":\"https:\\\/\\\/www.santaclausreindeer.fi\\\/wp-content\\\/uploads\\\/2024\\\/10\\\/scr_logo_vaakaslogan-RVN-RGB-opt.svg\",\"contentUrl\":\"https:\\\/\\\/www.santaclausreindeer.fi\\\/wp-content\\\/uploads\\\/2024\\\/10\\\/scr_logo_vaakaslogan-RVN-RGB-opt.svg\",\"width\":396,\"height\":212,\"caption\":\"Santa Claus Reindeer\"},\"image\":{\"@id\":\"https:\\\/\\\/www.santaclausreindeer.fi\\\/fi\\\/#\\\/schema\\\/logo\\\/image\\\/\"},\"sameAs\":[\"https:\\\/\\\/www.facebook.com\\\/SantaClausReindeer\\\/\",\"https:\\\/\\\/www.instagram.com\\\/santaclausreindeer\\\/\",\"https:\\\/\\\/www.youtube.com\\\/user\\\/santareindeerlapland\",\"https:\\\/\\\/www.tripadvisor.fr\\\/Attraction_Review-g189922-d6662018-Reviews-Santa_Claus_Reindeer-Rovaniemi_Lapland.html\"]}]}<\/script>\n<!-- \/ Yoast SEO plugin. -->","yoast_head_json":{"title":"Tapaa Joulumuorin Joulumuorin joulukodissa Napapiirill\u00e4 - Santa Claus Reindeer","robots":{"index":"index","follow":"follow","max-snippet":"max-snippet:-1","max-image-preview":"max-image-preview:large","max-video-preview":"max-video-preview:-1"},"canonical":"https:\/\/www.santaclausreindeer.fi\/fi\/tuote\/tapaavat-joulumuorin-joulumuorin-joulukodissa-napapiirilla\/","og_locale":"fi_FI","og_type":"article","og_title":"Tapaa Joulumuorin Joulumuorin joulukodissa Napapiirill\u00e4 - Santa Claus Reindeer","og_description":"Astut Joulumuorin l\u00e4mpim\u00e4\u00e4n ja tervetulleeksi tuntevaan maailmaan \u2013 taikaa ymp\u00e4ri vuoden!","og_url":"https:\/\/www.santaclausreindeer.fi\/fi\/tuote\/tapaavat-joulumuorin-joulumuorin-joulukodissa-napapiirilla\/","og_site_name":"Santa Claus Reindeer","article_publisher":"https:\/\/www.facebook.com\/SantaClausReindeer\/","article_modified_time":"2026-04-17T05:10:33+00:00","twitter_card":"summary_large_image","schema":{"@context":"https:\/\/schema.org","@graph":[{"@type":"WebPage","@id":"https:\/\/www.santaclausreindeer.fi\/fi\/tuote\/tapaavat-joulumuorin-joulumuorin-joulukodissa-napapiirilla\/","url":"https:\/\/www.santaclausreindeer.fi\/fi\/tuote\/tapaavat-joulumuorin-joulumuorin-joulukodissa-napapiirilla\/","name":"Tapaa Joulumuorin Joulumuorin joulukodissa Napapiirill\u00e4 - Santa Claus Reindeer","isPartOf":{"@id":"https:\/\/www.santaclausreindeer.fi\/fi\/#website"},"datePublished":"2025-03-31T14:11:07+00:00","dateModified":"2026-04-17T05:10:33+00:00","breadcrumb":{"@id":"https:\/\/www.santaclausreindeer.fi\/fi\/tuote\/tapaavat-joulumuorin-joulumuorin-joulukodissa-napapiirilla\/#breadcrumb"},"inLanguage":"fi","potentialAction":[{"@type":"ReadAction","target":["https:\/\/www.santaclausreindeer.fi\/fi\/tuote\/tapaavat-joulumuorin-joulumuorin-joulukodissa-napapiirilla\/"]}]},{"@type":"BreadcrumbList","@id":"https:\/\/www.santaclausreindeer.fi\/fi\/tuote\/tapaavat-joulumuorin-joulumuorin-joulukodissa-napapiirilla\/#breadcrumb","itemListElement":[{"@type":"ListItem","position":1,"name":"Home","item":"https:\/\/www.santaclausreindeer.fi\/fi\/"},{"@type":"ListItem","position":2,"name":"Tuotteet","item":"https:\/\/www.santaclausreindeer.fi\/fi\/tuote\/"},{"@type":"ListItem","position":3,"name":"Tapaa Joulumuorin Joulumuorin joulukodissa Napapiirill\u00e4"}]},{"@type":"WebSite","@id":"https:\/\/www.santaclausreindeer.fi\/fi\/#website","url":"https:\/\/www.santaclausreindeer.fi\/fi\/","name":"Santa Claus Reindeer","description":"Arctic Circle, Rovaniemi, Lapland","publisher":{"@id":"https:\/\/www.santaclausreindeer.fi\/fi\/#organization"},"potentialAction":[{"@type":"SearchAction","target":{"@type":"EntryPoint","urlTemplate":"https:\/\/www.santaclausreindeer.fi\/fi\/?s={search_term_string}"},"query-input":{"@type":"PropertyValueSpecification","valueRequired":true,"valueName":"search_term_string"}}],"inLanguage":"fi"},{"@type":"Organization","@id":"https:\/\/www.santaclausreindeer.fi\/fi\/#organization","name":"Santa Claus Reindeer","url":"https:\/\/www.santaclausreindeer.fi\/fi\/","logo":{"@type":"ImageObject","inLanguage":"fi","@id":"https:\/\/www.santaclausreindeer.fi\/fi\/#\/schema\/logo\/image\/","url":"https:\/\/www.santaclausreindeer.fi\/wp-content\/uploads\/2024\/10\/scr_logo_vaakaslogan-RVN-RGB-opt.svg","contentUrl":"https:\/\/www.santaclausreindeer.fi\/wp-content\/uploads\/2024\/10\/scr_logo_vaakaslogan-RVN-RGB-opt.svg","width":396,"height":212,"caption":"Santa Claus Reindeer"},"image":{"@id":"https:\/\/www.santaclausreindeer.fi\/fi\/#\/schema\/logo\/image\/"},"sameAs":["https:\/\/www.facebook.com\/SantaClausReindeer\/","https:\/\/www.instagram.com\/santaclausreindeer\/","https:\/\/www.youtube.com\/user\/santareindeerlapland","https:\/\/www.tripadvisor.fr\/Attraction_Review-g189922-d6662018-Reviews-Santa_Claus_Reindeer-Rovaniemi_Lapland.html"]}]}},"_links":{"self":[{"href":"https:\/\/www.santaclausreindeer.fi\/fi\/wp-json\/wp\/v2\/product\/67607","targetHints":{"allow":["GET"]}}],"collection":[{"href":"https:\/\/www.santaclausreindeer.fi\/fi\/wp-json\/wp\/v2\/product"}],"about":[{"href":"https:\/\/www.santaclausreindeer.fi\/fi\/wp-json\/wp\/v2\/types\/product"}],"wp:attachment":[{"href":"https:\/\/www.santaclausreindeer.fi\/fi\/wp-json\/wp\/v2\/media?parent=67607"}],"wp:term":[{"taxonomy":"activity-category","embeddable":true,"href":"https:\/\/www.santaclausreindeer.fi\/fi\/wp-json\/wp\/v2\/activity-category?post=67607"},{"taxonomy":"activity-attribute","embeddable":true,"href":"https:\/\/www.santaclausreindeer.fi\/fi\/wp-json\/wp\/v2\/activity-attribute?post=67607"},{"taxonomy":"difficulty-level","embeddable":true,"href":"https:\/\/www.santaclausreindeer.fi\/fi\/wp-json\/wp\/v2\/difficulty-level?post=67607"},{"taxonomy":"activity-type","embeddable":true,"href":"https:\/\/www.santaclausreindeer.fi\/fi\/wp-json\/wp\/v2\/activity-type?post=67607"},{"taxonomy":"product-season","embeddable":true,"href":"https:\/\/www.santaclausreindeer.fi\/fi\/wp-json\/wp\/v2\/product-season?post=67607"},{"taxonomy":"product-includes","embeddable":true,"href":"https:\/\/www.santaclausreindeer.fi\/fi\/wp-json\/wp\/v2\/product-includes?post=67607"},{"taxonomy":"know-before-you-go","embeddable":true,"href":"https:\/\/www.santaclausreindeer.fi\/fi\/wp-json\/wp\/v2\/know-before-you-go?post=67607"},{"taxonomy":"company","embeddable":true,"href":"https:\/\/www.santaclausreindeer.fi\/fi\/wp-json\/wp\/v2\/company?post=67607"},{"taxonomy":"bookability","embeddable":true,"href":"https:\/\/www.santaclausreindeer.fi\/fi\/wp-json\/wp\/v2\/bookability?post=67607"},{"taxonomy":"icons","embeddable":true,"href":"https:\/\/www.santaclausreindeer.fi\/fi\/wp-json\/wp\/v2\/icons?post=67607"},{"taxonomy":"product-category","embeddable":true,"href":"https:\/\/www.santaclausreindeer.fi\/fi\/wp-json\/wp\/v2\/product-category?post=67607"}],"curies":[{"name":"wp","href":"https:\/\/api.w.org\/{rel}","templated":true}]}}