{"id":67582,"date":"2025-11-27T11:59:39","date_gmt":"2025-11-27T09:59:39","guid":{"rendered":"https:\/\/www.santaclausreindeer.fi\/product\/ela-poronomistajan-elamaa-puolen-paivan-kokemus-arktiksella\/"},"modified":"2026-04-13T09:14:25","modified_gmt":"2026-04-13T06:14:25","slug":"ela-poronomistajan-elamaa-puolen-paivan-kokemus-arktiksella","status":"publish","type":"product","link":"https:\/\/www.santaclausreindeer.fi\/fi\/tuote\/ela-poronomistajan-elamaa-puolen-paivan-kokemus-arktiksella\/","title":{"rendered":"El\u00e4 poronomistajan el\u00e4m\u00e4\u00e4 \u2013 Puolen p\u00e4iv\u00e4n el\u00e4mys Napapiirill\u00e4"},"content":{"rendered":"","protected":false},"excerpt":{"rendered":"<p>Poronhoitajan el\u00e4m\u00e4 odottaa \u2014 Astu pois p\u00e4ivitt\u00e4isest\u00e4 rutiinistasi ja koe arktisen poronhoidon raaka, aito maailma Lapissa.<\/p>\n","protected":false},"featured_media":0,"menu_order":100,"template":"","meta":{"_acf_changed":false,"_et_pb_use_builder":"","_et_pb_old_content":"","_et_gb_content_width":"","inline_featured_image":false},"activity-category":[7048,7074],"activity-attribute":[7290,7052,7053,7051,7050],"difficulty-level":[7192],"activity-type":[7292,7055],"product-season":[7113,7112],"product-includes":[7521,7520,7656,7519,7518,7522,7523,7524],"know-before-you-go":[],"company":[7283],"bookability":[7044],"icons":[7295,7138,7136,7294,7137,7297,7141,7142],"product-category":[7288],"class_list":["post-67582","product","type-product","status-publish","hentry","activity-category-luonto","activity-category-safari-ja-villielaimet","activity-attribute-group-friendly-fi","activity-attribute-parit","activity-attribute-ryhmille-sopiva","activity-attribute-ulkoilma","activity-attribute-ymparistoystavallinen","difficulty-level-kohtalainen","activity-type-day-tour-or-activity-fi","activity-type-paivaretki-tai-aktiviteetti","product-season-autumn","product-season-summer","product-includes-aitauksien-korjaaminen-ja-elinympariston-hoitaminen","product-includes-lauman-kayttaytymisen-tarkkailu-ja-ymmartaminen","product-includes-luonnollisen-pororuoan-keraaminen","product-includes-luonnollisten-ruokapakettien-valmistaminen","product-includes-perinteiset-poronhoitajan-aktiviteetit-kuten","product-includes-porojen-kausittainen-seuraaminen-luonnossa","product-includes-tarinankerrontaa-ja-nakemyksia-paikalliselta-poronhoitajalta-opi-arktisten-poronhoitajaperheiden-kulttuurista-perinteista-ja-ympari-vuoden-kestavasta-elamantavasta","product-includes-tauko-nuotion-aarella-perinteisella-lappilaisella-valipalalla-ja-lampimalla-juomallapieni-ryhmakoko-max-osallistujaa-joka-takaa-syvallisen-ja-immersiivisen-kokemuksen","company-santaclausreindeer","bookability-bookable","icons-bonfire-fi","icons-bonfire","icons-feeding-reindeer","icons-guide-fi","icons-guide","icons-snack-fi","icons-snack","icons-transportation","product-category-product"],"acf":[],"yoast_head":"<!-- This site is optimized with the Yoast SEO plugin v27.3 - https:\/\/yoast.com\/product\/yoast-seo-wordpress\/ -->\n<title>El\u00e4 poronomistajan el\u00e4m\u00e4\u00e4 \u2013 Puolen p\u00e4iv\u00e4n el\u00e4mys Napapiirill\u00e4 - Santa Claus Reindeer<\/title>\n<meta name=\"robots\" content=\"index, follow, max-snippet:-1, max-image-preview:large, max-video-preview:-1\" \/>\n<link rel=\"canonical\" href=\"https:\/\/www.santaclausreindeer.fi\/fi\/tuote\/ela-poronomistajan-elamaa-puolen-paivan-kokemus-arktiksella\/\" \/>\n<meta property=\"og:locale\" content=\"fi_FI\" \/>\n<meta property=\"og:type\" content=\"article\" \/>\n<meta property=\"og:title\" content=\"El\u00e4 poronomistajan el\u00e4m\u00e4\u00e4 \u2013 Puolen p\u00e4iv\u00e4n el\u00e4mys Napapiirill\u00e4 - Santa Claus Reindeer\" \/>\n<meta property=\"og:description\" content=\"Poronhoitajan el\u00e4m\u00e4 odottaa \u2014 Astu pois p\u00e4ivitt\u00e4isest\u00e4 rutiinistasi ja koe arktisen poronhoidon raaka, aito maailma Lapissa.\" \/>\n<meta property=\"og:url\" content=\"https:\/\/www.santaclausreindeer.fi\/fi\/tuote\/ela-poronomistajan-elamaa-puolen-paivan-kokemus-arktiksella\/\" \/>\n<meta property=\"og:site_name\" content=\"Santa Claus Reindeer\" \/>\n<meta property=\"article:publisher\" content=\"https:\/\/www.facebook.com\/SantaClausReindeer\/\" \/>\n<meta property=\"article:modified_time\" content=\"2026-04-13T06:14:25+00:00\" \/>\n<meta name=\"twitter:card\" content=\"summary_large_image\" \/>\n<script type=\"application\/ld+json\" class=\"yoast-schema-graph\">{\"@context\":\"https:\\\/\\\/schema.org\",\"@graph\":[{\"@type\":\"WebPage\",\"@id\":\"https:\\\/\\\/www.santaclausreindeer.fi\\\/fi\\\/tuote\\\/ela-poronomistajan-elamaa-puolen-paivan-kokemus-arktiksella\\\/\",\"url\":\"https:\\\/\\\/www.santaclausreindeer.fi\\\/fi\\\/tuote\\\/ela-poronomistajan-elamaa-puolen-paivan-kokemus-arktiksella\\\/\",\"name\":\"El\u00e4 poronomistajan el\u00e4m\u00e4\u00e4 \u2013 Puolen p\u00e4iv\u00e4n el\u00e4mys Napapiirill\u00e4 - Santa Claus Reindeer\",\"isPartOf\":{\"@id\":\"https:\\\/\\\/www.santaclausreindeer.fi\\\/fi\\\/#website\"},\"datePublished\":\"2025-11-27T09:59:39+00:00\",\"dateModified\":\"2026-04-13T06:14:25+00:00\",\"breadcrumb\":{\"@id\":\"https:\\\/\\\/www.santaclausreindeer.fi\\\/fi\\\/tuote\\\/ela-poronomistajan-elamaa-puolen-paivan-kokemus-arktiksella\\\/#breadcrumb\"},\"inLanguage\":\"fi\",\"potentialAction\":[{\"@type\":\"ReadAction\",\"target\":[\"https:\\\/\\\/www.santaclausreindeer.fi\\\/fi\\\/tuote\\\/ela-poronomistajan-elamaa-puolen-paivan-kokemus-arktiksella\\\/\"]}]},{\"@type\":\"BreadcrumbList\",\"@id\":\"https:\\\/\\\/www.santaclausreindeer.fi\\\/fi\\\/tuote\\\/ela-poronomistajan-elamaa-puolen-paivan-kokemus-arktiksella\\\/#breadcrumb\",\"itemListElement\":[{\"@type\":\"ListItem\",\"position\":1,\"name\":\"Home\",\"item\":\"https:\\\/\\\/www.santaclausreindeer.fi\\\/fi\\\/\"},{\"@type\":\"ListItem\",\"position\":2,\"name\":\"Tuotteet\",\"item\":\"https:\\\/\\\/www.santaclausreindeer.fi\\\/fi\\\/tuote\\\/\"},{\"@type\":\"ListItem\",\"position\":3,\"name\":\"El\u00e4 poronomistajan el\u00e4m\u00e4\u00e4 \u2013 Puolen p\u00e4iv\u00e4n el\u00e4mys Napapiirill\u00e4\"}]},{\"@type\":\"WebSite\",\"@id\":\"https:\\\/\\\/www.santaclausreindeer.fi\\\/fi\\\/#website\",\"url\":\"https:\\\/\\\/www.santaclausreindeer.fi\\\/fi\\\/\",\"name\":\"Santa Claus Reindeer\",\"description\":\"Arctic Circle, Rovaniemi, Lapland\",\"publisher\":{\"@id\":\"https:\\\/\\\/www.santaclausreindeer.fi\\\/fi\\\/#organization\"},\"potentialAction\":[{\"@type\":\"SearchAction\",\"target\":{\"@type\":\"EntryPoint\",\"urlTemplate\":\"https:\\\/\\\/www.santaclausreindeer.fi\\\/fi\\\/?s={search_term_string}\"},\"query-input\":{\"@type\":\"PropertyValueSpecification\",\"valueRequired\":true,\"valueName\":\"search_term_string\"}}],\"inLanguage\":\"fi\"},{\"@type\":\"Organization\",\"@id\":\"https:\\\/\\\/www.santaclausreindeer.fi\\\/fi\\\/#organization\",\"name\":\"Santa Claus Reindeer\",\"url\":\"https:\\\/\\\/www.santaclausreindeer.fi\\\/fi\\\/\",\"logo\":{\"@type\":\"ImageObject\",\"inLanguage\":\"fi\",\"@id\":\"https:\\\/\\\/www.santaclausreindeer.fi\\\/fi\\\/#\\\/schema\\\/logo\\\/image\\\/\",\"url\":\"https:\\\/\\\/www.santaclausreindeer.fi\\\/wp-content\\\/uploads\\\/2024\\\/10\\\/scr_logo_vaakaslogan-RVN-RGB-opt.svg\",\"contentUrl\":\"https:\\\/\\\/www.santaclausreindeer.fi\\\/wp-content\\\/uploads\\\/2024\\\/10\\\/scr_logo_vaakaslogan-RVN-RGB-opt.svg\",\"width\":396,\"height\":212,\"caption\":\"Santa Claus Reindeer\"},\"image\":{\"@id\":\"https:\\\/\\\/www.santaclausreindeer.fi\\\/fi\\\/#\\\/schema\\\/logo\\\/image\\\/\"},\"sameAs\":[\"https:\\\/\\\/www.facebook.com\\\/SantaClausReindeer\\\/\",\"https:\\\/\\\/www.instagram.com\\\/santaclausreindeer\\\/\",\"https:\\\/\\\/www.youtube.com\\\/user\\\/santareindeerlapland\",\"https:\\\/\\\/www.tripadvisor.fr\\\/Attraction_Review-g189922-d6662018-Reviews-Santa_Claus_Reindeer-Rovaniemi_Lapland.html\"]}]}<\/script>\n<!-- \/ Yoast SEO plugin. -->","yoast_head_json":{"title":"El\u00e4 poronomistajan el\u00e4m\u00e4\u00e4 \u2013 Puolen p\u00e4iv\u00e4n el\u00e4mys Napapiirill\u00e4 - Santa Claus Reindeer","robots":{"index":"index","follow":"follow","max-snippet":"max-snippet:-1","max-image-preview":"max-image-preview:large","max-video-preview":"max-video-preview:-1"},"canonical":"https:\/\/www.santaclausreindeer.fi\/fi\/tuote\/ela-poronomistajan-elamaa-puolen-paivan-kokemus-arktiksella\/","og_locale":"fi_FI","og_type":"article","og_title":"El\u00e4 poronomistajan el\u00e4m\u00e4\u00e4 \u2013 Puolen p\u00e4iv\u00e4n el\u00e4mys Napapiirill\u00e4 - Santa Claus Reindeer","og_description":"Poronhoitajan el\u00e4m\u00e4 odottaa \u2014 Astu pois p\u00e4ivitt\u00e4isest\u00e4 rutiinistasi ja koe arktisen poronhoidon raaka, aito maailma Lapissa.","og_url":"https:\/\/www.santaclausreindeer.fi\/fi\/tuote\/ela-poronomistajan-elamaa-puolen-paivan-kokemus-arktiksella\/","og_site_name":"Santa Claus Reindeer","article_publisher":"https:\/\/www.facebook.com\/SantaClausReindeer\/","article_modified_time":"2026-04-13T06:14:25+00:00","twitter_card":"summary_large_image","schema":{"@context":"https:\/\/schema.org","@graph":[{"@type":"WebPage","@id":"https:\/\/www.santaclausreindeer.fi\/fi\/tuote\/ela-poronomistajan-elamaa-puolen-paivan-kokemus-arktiksella\/","url":"https:\/\/www.santaclausreindeer.fi\/fi\/tuote\/ela-poronomistajan-elamaa-puolen-paivan-kokemus-arktiksella\/","name":"El\u00e4 poronomistajan el\u00e4m\u00e4\u00e4 \u2013 Puolen p\u00e4iv\u00e4n el\u00e4mys Napapiirill\u00e4 - Santa Claus Reindeer","isPartOf":{"@id":"https:\/\/www.santaclausreindeer.fi\/fi\/#website"},"datePublished":"2025-11-27T09:59:39+00:00","dateModified":"2026-04-13T06:14:25+00:00","breadcrumb":{"@id":"https:\/\/www.santaclausreindeer.fi\/fi\/tuote\/ela-poronomistajan-elamaa-puolen-paivan-kokemus-arktiksella\/#breadcrumb"},"inLanguage":"fi","potentialAction":[{"@type":"ReadAction","target":["https:\/\/www.santaclausreindeer.fi\/fi\/tuote\/ela-poronomistajan-elamaa-puolen-paivan-kokemus-arktiksella\/"]}]},{"@type":"BreadcrumbList","@id":"https:\/\/www.santaclausreindeer.fi\/fi\/tuote\/ela-poronomistajan-elamaa-puolen-paivan-kokemus-arktiksella\/#breadcrumb","itemListElement":[{"@type":"ListItem","position":1,"name":"Home","item":"https:\/\/www.santaclausreindeer.fi\/fi\/"},{"@type":"ListItem","position":2,"name":"Tuotteet","item":"https:\/\/www.santaclausreindeer.fi\/fi\/tuote\/"},{"@type":"ListItem","position":3,"name":"El\u00e4 poronomistajan el\u00e4m\u00e4\u00e4 \u2013 Puolen p\u00e4iv\u00e4n el\u00e4mys Napapiirill\u00e4"}]},{"@type":"WebSite","@id":"https:\/\/www.santaclausreindeer.fi\/fi\/#website","url":"https:\/\/www.santaclausreindeer.fi\/fi\/","name":"Santa Claus Reindeer","description":"Arctic Circle, Rovaniemi, Lapland","publisher":{"@id":"https:\/\/www.santaclausreindeer.fi\/fi\/#organization"},"potentialAction":[{"@type":"SearchAction","target":{"@type":"EntryPoint","urlTemplate":"https:\/\/www.santaclausreindeer.fi\/fi\/?s={search_term_string}"},"query-input":{"@type":"PropertyValueSpecification","valueRequired":true,"valueName":"search_term_string"}}],"inLanguage":"fi"},{"@type":"Organization","@id":"https:\/\/www.santaclausreindeer.fi\/fi\/#organization","name":"Santa Claus Reindeer","url":"https:\/\/www.santaclausreindeer.fi\/fi\/","logo":{"@type":"ImageObject","inLanguage":"fi","@id":"https:\/\/www.santaclausreindeer.fi\/fi\/#\/schema\/logo\/image\/","url":"https:\/\/www.santaclausreindeer.fi\/wp-content\/uploads\/2024\/10\/scr_logo_vaakaslogan-RVN-RGB-opt.svg","contentUrl":"https:\/\/www.santaclausreindeer.fi\/wp-content\/uploads\/2024\/10\/scr_logo_vaakaslogan-RVN-RGB-opt.svg","width":396,"height":212,"caption":"Santa Claus Reindeer"},"image":{"@id":"https:\/\/www.santaclausreindeer.fi\/fi\/#\/schema\/logo\/image\/"},"sameAs":["https:\/\/www.facebook.com\/SantaClausReindeer\/","https:\/\/www.instagram.com\/santaclausreindeer\/","https:\/\/www.youtube.com\/user\/santareindeerlapland","https:\/\/www.tripadvisor.fr\/Attraction_Review-g189922-d6662018-Reviews-Santa_Claus_Reindeer-Rovaniemi_Lapland.html"]}]}},"_links":{"self":[{"href":"https:\/\/www.santaclausreindeer.fi\/fi\/wp-json\/wp\/v2\/product\/67582","targetHints":{"allow":["GET"]}}],"collection":[{"href":"https:\/\/www.santaclausreindeer.fi\/fi\/wp-json\/wp\/v2\/product"}],"about":[{"href":"https:\/\/www.santaclausreindeer.fi\/fi\/wp-json\/wp\/v2\/types\/product"}],"wp:attachment":[{"href":"https:\/\/www.santaclausreindeer.fi\/fi\/wp-json\/wp\/v2\/media?parent=67582"}],"wp:term":[{"taxonomy":"activity-category","embeddable":true,"href":"https:\/\/www.santaclausreindeer.fi\/fi\/wp-json\/wp\/v2\/activity-category?post=67582"},{"taxonomy":"activity-attribute","embeddable":true,"href":"https:\/\/www.santaclausreindeer.fi\/fi\/wp-json\/wp\/v2\/activity-attribute?post=67582"},{"taxonomy":"difficulty-level","embeddable":true,"href":"https:\/\/www.santaclausreindeer.fi\/fi\/wp-json\/wp\/v2\/difficulty-level?post=67582"},{"taxonomy":"activity-type","embeddable":true,"href":"https:\/\/www.santaclausreindeer.fi\/fi\/wp-json\/wp\/v2\/activity-type?post=67582"},{"taxonomy":"product-season","embeddable":true,"href":"https:\/\/www.santaclausreindeer.fi\/fi\/wp-json\/wp\/v2\/product-season?post=67582"},{"taxonomy":"product-includes","embeddable":true,"href":"https:\/\/www.santaclausreindeer.fi\/fi\/wp-json\/wp\/v2\/product-includes?post=67582"},{"taxonomy":"know-before-you-go","embeddable":true,"href":"https:\/\/www.santaclausreindeer.fi\/fi\/wp-json\/wp\/v2\/know-before-you-go?post=67582"},{"taxonomy":"company","embeddable":true,"href":"https:\/\/www.santaclausreindeer.fi\/fi\/wp-json\/wp\/v2\/company?post=67582"},{"taxonomy":"bookability","embeddable":true,"href":"https:\/\/www.santaclausreindeer.fi\/fi\/wp-json\/wp\/v2\/bookability?post=67582"},{"taxonomy":"icons","embeddable":true,"href":"https:\/\/www.santaclausreindeer.fi\/fi\/wp-json\/wp\/v2\/icons?post=67582"},{"taxonomy":"product-category","embeddable":true,"href":"https:\/\/www.santaclausreindeer.fi\/fi\/wp-json\/wp\/v2\/product-category?post=67582"}],"curies":[{"name":"wp","href":"https:\/\/api.w.org\/{rel}","templated":true}]}}