{"id":67566,"date":"2025-03-10T12:46:41","date_gmt":"2025-03-10T10:46:41","guid":{"rendered":"https:\/\/www.santaclausreindeer.fi\/product\/santa-clausin-kesataika-rovaniemella-hauska-ja-unohtumaton-kohtaaminen-porojen-kanssa-kesalla-ja-syksylla\/"},"modified":"2026-04-14T21:10:34","modified_gmt":"2026-04-14T18:10:34","slug":"santa-clausin-kesataika-rovaniemella-hauska-ja-unohtumaton-kohtaaminen-porojen-kanssa-kesalla-ja-syksylla","status":"publish","type":"product","link":"https:\/\/www.santaclausreindeer.fi\/fi\/tuote\/santa-clausin-kesataika-rovaniemella-hauska-ja-unohtumaton-kohtaaminen-porojen-kanssa-kesalla-ja-syksylla\/","title":{"rendered":"Joulupukin kes\u00e4taikaa Rovaniemell\u00e4 \u2013 Hauska ja unohtumaton kohtaaminen porojen kanssa kes\u00e4ll\u00e4 ja syksyll\u00e4"},"content":{"rendered":"","protected":false},"excerpt":{"rendered":"<p>Santa Clausin kes\u00e4taika Rovaniemell\u00e4 odottaa \u2013 Tapaa porot l\u00e4helt\u00e4 ja nauti leppoisasta tunnelmasta<\/p>\n","protected":false},"featured_media":0,"menu_order":1,"template":"","meta":{"_acf_changed":false,"_et_pb_use_builder":"","_et_pb_old_content":"","_et_gb_content_width":"","inline_featured_image":false},"activity-category":[7202],"activity-attribute":[7289,7290,7052,7049,7053,7051],"difficulty-level":[7281],"activity-type":[7292,7055],"product-season":[7113,7112],"product-includes":[7604,7516,7515,7605,7517],"know-before-you-go":[7086,7076,7282,7299],"company":[],"bookability":[7044],"icons":[7138,7295,7136],"product-category":[7288],"class_list":["post-67566","product","type-product","status-publish","hentry","activity-category-loma-ja-kausimatkat","activity-attribute-family-friendly-fi","activity-attribute-group-friendly-fi","activity-attribute-parit","activity-attribute-perheystavallinen","activity-attribute-ryhmille-sopiva","activity-attribute-ulkoilma","difficulty-level-very-easy","activity-type-day-tour-or-activity-fi","activity-type-paivaretki-tai-aktiviteetti","product-season-autumn","product-season-summer","product-includes-perinteinen-suomalainen-nuotiokahvi-avotulen-aarella-marjamehua-ja-kekseja","product-includes-perinteinen-suomalainen-ulkokahvi-avotulen-aarella-marjamehua-ja-kekseja","product-includes-poroinfo","product-includes-tutustu-perinteiseen-lappilaiseen-elinkeinoon","product-includes-tutustu-perinteiseen-lappilaiseen-kulttuuriin","know-before-you-go-pyoratuolilla-saavutettavissa","know-before-you-go-rajoitetusti-liikuntarajoitteisten-saavutettavissa","know-before-you-go-stroller-or-pram-accessible","know-before-you-go-wheelchair-accessible-fi","bookability-bookable","icons-bonfire","icons-bonfire-fi","icons-feeding-reindeer","product-category-product"],"acf":[],"yoast_head":"<!-- This site is optimized with the Yoast SEO plugin v27.3 - https:\/\/yoast.com\/product\/yoast-seo-wordpress\/ -->\n<title>Joulupukin kes\u00e4taikaa Rovaniemell\u00e4 \u2013 Hauska ja unohtumaton kohtaaminen porojen kanssa kes\u00e4ll\u00e4 ja syksyll\u00e4 - Santa Claus Reindeer<\/title>\n<meta name=\"robots\" content=\"index, follow, max-snippet:-1, max-image-preview:large, max-video-preview:-1\" \/>\n<link rel=\"canonical\" href=\"https:\/\/www.santaclausreindeer.fi\/fi\/tuote\/santa-clausin-kesataika-rovaniemella-hauska-ja-unohtumaton-kohtaaminen-porojen-kanssa-kesalla-ja-syksylla\/\" \/>\n<meta property=\"og:locale\" content=\"fi_FI\" \/>\n<meta property=\"og:type\" content=\"article\" \/>\n<meta property=\"og:title\" content=\"Joulupukin kes\u00e4taikaa Rovaniemell\u00e4 \u2013 Hauska ja unohtumaton kohtaaminen porojen kanssa kes\u00e4ll\u00e4 ja syksyll\u00e4 - Santa Claus Reindeer\" \/>\n<meta property=\"og:description\" content=\"Santa Clausin kes\u00e4taika Rovaniemell\u00e4 odottaa \u2013 Tapaa porot l\u00e4helt\u00e4 ja nauti leppoisasta tunnelmasta\" \/>\n<meta property=\"og:url\" content=\"https:\/\/www.santaclausreindeer.fi\/fi\/tuote\/santa-clausin-kesataika-rovaniemella-hauska-ja-unohtumaton-kohtaaminen-porojen-kanssa-kesalla-ja-syksylla\/\" \/>\n<meta property=\"og:site_name\" content=\"Santa Claus Reindeer\" \/>\n<meta property=\"article:publisher\" content=\"https:\/\/www.facebook.com\/SantaClausReindeer\/\" \/>\n<meta property=\"article:modified_time\" content=\"2026-04-14T18:10:34+00:00\" \/>\n<meta name=\"twitter:card\" content=\"summary_large_image\" \/>\n<script type=\"application\/ld+json\" class=\"yoast-schema-graph\">{\"@context\":\"https:\\\/\\\/schema.org\",\"@graph\":[{\"@type\":\"WebPage\",\"@id\":\"https:\\\/\\\/www.santaclausreindeer.fi\\\/fi\\\/tuote\\\/santa-clausin-kesataika-rovaniemella-hauska-ja-unohtumaton-kohtaaminen-porojen-kanssa-kesalla-ja-syksylla\\\/\",\"url\":\"https:\\\/\\\/www.santaclausreindeer.fi\\\/fi\\\/tuote\\\/santa-clausin-kesataika-rovaniemella-hauska-ja-unohtumaton-kohtaaminen-porojen-kanssa-kesalla-ja-syksylla\\\/\",\"name\":\"Joulupukin kes\u00e4taikaa Rovaniemell\u00e4 \u2013 Hauska ja unohtumaton kohtaaminen porojen kanssa kes\u00e4ll\u00e4 ja syksyll\u00e4 - Santa Claus Reindeer\",\"isPartOf\":{\"@id\":\"https:\\\/\\\/www.santaclausreindeer.fi\\\/fi\\\/#website\"},\"datePublished\":\"2025-03-10T10:46:41+00:00\",\"dateModified\":\"2026-04-14T18:10:34+00:00\",\"breadcrumb\":{\"@id\":\"https:\\\/\\\/www.santaclausreindeer.fi\\\/fi\\\/tuote\\\/santa-clausin-kesataika-rovaniemella-hauska-ja-unohtumaton-kohtaaminen-porojen-kanssa-kesalla-ja-syksylla\\\/#breadcrumb\"},\"inLanguage\":\"fi\",\"potentialAction\":[{\"@type\":\"ReadAction\",\"target\":[\"https:\\\/\\\/www.santaclausreindeer.fi\\\/fi\\\/tuote\\\/santa-clausin-kesataika-rovaniemella-hauska-ja-unohtumaton-kohtaaminen-porojen-kanssa-kesalla-ja-syksylla\\\/\"]}]},{\"@type\":\"BreadcrumbList\",\"@id\":\"https:\\\/\\\/www.santaclausreindeer.fi\\\/fi\\\/tuote\\\/santa-clausin-kesataika-rovaniemella-hauska-ja-unohtumaton-kohtaaminen-porojen-kanssa-kesalla-ja-syksylla\\\/#breadcrumb\",\"itemListElement\":[{\"@type\":\"ListItem\",\"position\":1,\"name\":\"Home\",\"item\":\"https:\\\/\\\/www.santaclausreindeer.fi\\\/fi\\\/\"},{\"@type\":\"ListItem\",\"position\":2,\"name\":\"Tuotteet\",\"item\":\"https:\\\/\\\/www.santaclausreindeer.fi\\\/fi\\\/tuote\\\/\"},{\"@type\":\"ListItem\",\"position\":3,\"name\":\"Joulupukin kes\u00e4taikaa Rovaniemell\u00e4 \u2013 Hauska ja unohtumaton kohtaaminen porojen kanssa kes\u00e4ll\u00e4 ja syksyll\u00e4\"}]},{\"@type\":\"WebSite\",\"@id\":\"https:\\\/\\\/www.santaclausreindeer.fi\\\/fi\\\/#website\",\"url\":\"https:\\\/\\\/www.santaclausreindeer.fi\\\/fi\\\/\",\"name\":\"Santa Claus Reindeer\",\"description\":\"Arctic Circle, Rovaniemi, Lapland\",\"publisher\":{\"@id\":\"https:\\\/\\\/www.santaclausreindeer.fi\\\/fi\\\/#organization\"},\"potentialAction\":[{\"@type\":\"SearchAction\",\"target\":{\"@type\":\"EntryPoint\",\"urlTemplate\":\"https:\\\/\\\/www.santaclausreindeer.fi\\\/fi\\\/?s={search_term_string}\"},\"query-input\":{\"@type\":\"PropertyValueSpecification\",\"valueRequired\":true,\"valueName\":\"search_term_string\"}}],\"inLanguage\":\"fi\"},{\"@type\":\"Organization\",\"@id\":\"https:\\\/\\\/www.santaclausreindeer.fi\\\/fi\\\/#organization\",\"name\":\"Santa Claus Reindeer\",\"url\":\"https:\\\/\\\/www.santaclausreindeer.fi\\\/fi\\\/\",\"logo\":{\"@type\":\"ImageObject\",\"inLanguage\":\"fi\",\"@id\":\"https:\\\/\\\/www.santaclausreindeer.fi\\\/fi\\\/#\\\/schema\\\/logo\\\/image\\\/\",\"url\":\"https:\\\/\\\/www.santaclausreindeer.fi\\\/wp-content\\\/uploads\\\/2024\\\/10\\\/scr_logo_vaakaslogan-RVN-RGB-opt.svg\",\"contentUrl\":\"https:\\\/\\\/www.santaclausreindeer.fi\\\/wp-content\\\/uploads\\\/2024\\\/10\\\/scr_logo_vaakaslogan-RVN-RGB-opt.svg\",\"width\":396,\"height\":212,\"caption\":\"Santa Claus Reindeer\"},\"image\":{\"@id\":\"https:\\\/\\\/www.santaclausreindeer.fi\\\/fi\\\/#\\\/schema\\\/logo\\\/image\\\/\"},\"sameAs\":[\"https:\\\/\\\/www.facebook.com\\\/SantaClausReindeer\\\/\",\"https:\\\/\\\/www.instagram.com\\\/santaclausreindeer\\\/\",\"https:\\\/\\\/www.youtube.com\\\/user\\\/santareindeerlapland\",\"https:\\\/\\\/www.tripadvisor.fr\\\/Attraction_Review-g189922-d6662018-Reviews-Santa_Claus_Reindeer-Rovaniemi_Lapland.html\"]}]}<\/script>\n<!-- \/ Yoast SEO plugin. -->","yoast_head_json":{"title":"Joulupukin kes\u00e4taikaa Rovaniemell\u00e4 \u2013 Hauska ja unohtumaton kohtaaminen porojen kanssa kes\u00e4ll\u00e4 ja syksyll\u00e4 - Santa Claus Reindeer","robots":{"index":"index","follow":"follow","max-snippet":"max-snippet:-1","max-image-preview":"max-image-preview:large","max-video-preview":"max-video-preview:-1"},"canonical":"https:\/\/www.santaclausreindeer.fi\/fi\/tuote\/santa-clausin-kesataika-rovaniemella-hauska-ja-unohtumaton-kohtaaminen-porojen-kanssa-kesalla-ja-syksylla\/","og_locale":"fi_FI","og_type":"article","og_title":"Joulupukin kes\u00e4taikaa Rovaniemell\u00e4 \u2013 Hauska ja unohtumaton kohtaaminen porojen kanssa kes\u00e4ll\u00e4 ja syksyll\u00e4 - Santa Claus Reindeer","og_description":"Santa Clausin kes\u00e4taika Rovaniemell\u00e4 odottaa \u2013 Tapaa porot l\u00e4helt\u00e4 ja nauti leppoisasta tunnelmasta","og_url":"https:\/\/www.santaclausreindeer.fi\/fi\/tuote\/santa-clausin-kesataika-rovaniemella-hauska-ja-unohtumaton-kohtaaminen-porojen-kanssa-kesalla-ja-syksylla\/","og_site_name":"Santa Claus Reindeer","article_publisher":"https:\/\/www.facebook.com\/SantaClausReindeer\/","article_modified_time":"2026-04-14T18:10:34+00:00","twitter_card":"summary_large_image","schema":{"@context":"https:\/\/schema.org","@graph":[{"@type":"WebPage","@id":"https:\/\/www.santaclausreindeer.fi\/fi\/tuote\/santa-clausin-kesataika-rovaniemella-hauska-ja-unohtumaton-kohtaaminen-porojen-kanssa-kesalla-ja-syksylla\/","url":"https:\/\/www.santaclausreindeer.fi\/fi\/tuote\/santa-clausin-kesataika-rovaniemella-hauska-ja-unohtumaton-kohtaaminen-porojen-kanssa-kesalla-ja-syksylla\/","name":"Joulupukin kes\u00e4taikaa Rovaniemell\u00e4 \u2013 Hauska ja unohtumaton kohtaaminen porojen kanssa kes\u00e4ll\u00e4 ja syksyll\u00e4 - Santa Claus Reindeer","isPartOf":{"@id":"https:\/\/www.santaclausreindeer.fi\/fi\/#website"},"datePublished":"2025-03-10T10:46:41+00:00","dateModified":"2026-04-14T18:10:34+00:00","breadcrumb":{"@id":"https:\/\/www.santaclausreindeer.fi\/fi\/tuote\/santa-clausin-kesataika-rovaniemella-hauska-ja-unohtumaton-kohtaaminen-porojen-kanssa-kesalla-ja-syksylla\/#breadcrumb"},"inLanguage":"fi","potentialAction":[{"@type":"ReadAction","target":["https:\/\/www.santaclausreindeer.fi\/fi\/tuote\/santa-clausin-kesataika-rovaniemella-hauska-ja-unohtumaton-kohtaaminen-porojen-kanssa-kesalla-ja-syksylla\/"]}]},{"@type":"BreadcrumbList","@id":"https:\/\/www.santaclausreindeer.fi\/fi\/tuote\/santa-clausin-kesataika-rovaniemella-hauska-ja-unohtumaton-kohtaaminen-porojen-kanssa-kesalla-ja-syksylla\/#breadcrumb","itemListElement":[{"@type":"ListItem","position":1,"name":"Home","item":"https:\/\/www.santaclausreindeer.fi\/fi\/"},{"@type":"ListItem","position":2,"name":"Tuotteet","item":"https:\/\/www.santaclausreindeer.fi\/fi\/tuote\/"},{"@type":"ListItem","position":3,"name":"Joulupukin kes\u00e4taikaa Rovaniemell\u00e4 \u2013 Hauska ja unohtumaton kohtaaminen porojen kanssa kes\u00e4ll\u00e4 ja syksyll\u00e4"}]},{"@type":"WebSite","@id":"https:\/\/www.santaclausreindeer.fi\/fi\/#website","url":"https:\/\/www.santaclausreindeer.fi\/fi\/","name":"Santa Claus Reindeer","description":"Arctic Circle, Rovaniemi, Lapland","publisher":{"@id":"https:\/\/www.santaclausreindeer.fi\/fi\/#organization"},"potentialAction":[{"@type":"SearchAction","target":{"@type":"EntryPoint","urlTemplate":"https:\/\/www.santaclausreindeer.fi\/fi\/?s={search_term_string}"},"query-input":{"@type":"PropertyValueSpecification","valueRequired":true,"valueName":"search_term_string"}}],"inLanguage":"fi"},{"@type":"Organization","@id":"https:\/\/www.santaclausreindeer.fi\/fi\/#organization","name":"Santa Claus Reindeer","url":"https:\/\/www.santaclausreindeer.fi\/fi\/","logo":{"@type":"ImageObject","inLanguage":"fi","@id":"https:\/\/www.santaclausreindeer.fi\/fi\/#\/schema\/logo\/image\/","url":"https:\/\/www.santaclausreindeer.fi\/wp-content\/uploads\/2024\/10\/scr_logo_vaakaslogan-RVN-RGB-opt.svg","contentUrl":"https:\/\/www.santaclausreindeer.fi\/wp-content\/uploads\/2024\/10\/scr_logo_vaakaslogan-RVN-RGB-opt.svg","width":396,"height":212,"caption":"Santa Claus Reindeer"},"image":{"@id":"https:\/\/www.santaclausreindeer.fi\/fi\/#\/schema\/logo\/image\/"},"sameAs":["https:\/\/www.facebook.com\/SantaClausReindeer\/","https:\/\/www.instagram.com\/santaclausreindeer\/","https:\/\/www.youtube.com\/user\/santareindeerlapland","https:\/\/www.tripadvisor.fr\/Attraction_Review-g189922-d6662018-Reviews-Santa_Claus_Reindeer-Rovaniemi_Lapland.html"]}]}},"_links":{"self":[{"href":"https:\/\/www.santaclausreindeer.fi\/fi\/wp-json\/wp\/v2\/product\/67566","targetHints":{"allow":["GET"]}}],"collection":[{"href":"https:\/\/www.santaclausreindeer.fi\/fi\/wp-json\/wp\/v2\/product"}],"about":[{"href":"https:\/\/www.santaclausreindeer.fi\/fi\/wp-json\/wp\/v2\/types\/product"}],"wp:attachment":[{"href":"https:\/\/www.santaclausreindeer.fi\/fi\/wp-json\/wp\/v2\/media?parent=67566"}],"wp:term":[{"taxonomy":"activity-category","embeddable":true,"href":"https:\/\/www.santaclausreindeer.fi\/fi\/wp-json\/wp\/v2\/activity-category?post=67566"},{"taxonomy":"activity-attribute","embeddable":true,"href":"https:\/\/www.santaclausreindeer.fi\/fi\/wp-json\/wp\/v2\/activity-attribute?post=67566"},{"taxonomy":"difficulty-level","embeddable":true,"href":"https:\/\/www.santaclausreindeer.fi\/fi\/wp-json\/wp\/v2\/difficulty-level?post=67566"},{"taxonomy":"activity-type","embeddable":true,"href":"https:\/\/www.santaclausreindeer.fi\/fi\/wp-json\/wp\/v2\/activity-type?post=67566"},{"taxonomy":"product-season","embeddable":true,"href":"https:\/\/www.santaclausreindeer.fi\/fi\/wp-json\/wp\/v2\/product-season?post=67566"},{"taxonomy":"product-includes","embeddable":true,"href":"https:\/\/www.santaclausreindeer.fi\/fi\/wp-json\/wp\/v2\/product-includes?post=67566"},{"taxonomy":"know-before-you-go","embeddable":true,"href":"https:\/\/www.santaclausreindeer.fi\/fi\/wp-json\/wp\/v2\/know-before-you-go?post=67566"},{"taxonomy":"company","embeddable":true,"href":"https:\/\/www.santaclausreindeer.fi\/fi\/wp-json\/wp\/v2\/company?post=67566"},{"taxonomy":"bookability","embeddable":true,"href":"https:\/\/www.santaclausreindeer.fi\/fi\/wp-json\/wp\/v2\/bookability?post=67566"},{"taxonomy":"icons","embeddable":true,"href":"https:\/\/www.santaclausreindeer.fi\/fi\/wp-json\/wp\/v2\/icons?post=67566"},{"taxonomy":"product-category","embeddable":true,"href":"https:\/\/www.santaclausreindeer.fi\/fi\/wp-json\/wp\/v2\/product-category?post=67566"}],"curies":[{"name":"wp","href":"https:\/\/api.w.org\/{rel}","templated":true}]}}