{"id":66020,"date":"2025-03-13T15:36:35","date_gmt":"2025-03-13T13:36:35","guid":{"rendered":"https:\/\/www.www.santaclausreindeer.fi\/product\/napapiirin-ylitysseremonia\/"},"modified":"2026-01-09T10:40:59","modified_gmt":"2026-01-09T08:40:59","slug":"napapiirin-ylitysseremonia","status":"publish","type":"product","link":"https:\/\/www.santaclausreindeer.fi\/fi\/tuote\/napapiirin-ylitysseremonia\/","title":{"rendered":"Napapiirin ylitysseremonia"},"content":{"rendered":"","protected":false},"excerpt":{"rendered":"<p>Kiehtova seremonia Napapiirin syd\u00e4mess\u00e4.<\/p>\n","protected":false},"featured_media":0,"menu_order":6,"template":"","meta":{"_acf_changed":false,"_et_pb_use_builder":"","_et_pb_old_content":"","_et_gb_content_width":"","inline_featured_image":false},"activity-category":[7291,7070],"activity-attribute":[7289,7290,7049,7053],"difficulty-level":[7293,7054],"activity-type":[7292,7055],"product-season":[7113,7111,7112,7110],"product-includes":[7302,7303,7608,7301,7023,6918,7024],"know-before-you-go":[7298,7075,7087,7300,7086,7299],"company":[],"bookability":[7043],"icons":[7295,7138,7296,7139,7137,7294,7297,7141],"product-category":[7288],"class_list":["post-66020","product","type-product","status-publish","hentry","activity-category-cultural-and-theme-tours-fi","activity-category-kulttuuri-ja-teemakierrokset","activity-attribute-family-friendly-fi","activity-attribute-group-friendly-fi","activity-attribute-perheystavallinen","activity-attribute-ryhmille-sopiva","difficulty-level-easy-fi","difficulty-level-helppo","activity-type-day-tour-or-activity-fi","activity-type-paivaretki-tai-aktiviteetti","product-season-autumn","product-season-spring","product-season-summer","product-season-winter","product-includes-arctic-circle-crossing-certificate-fi","product-includes-enchanting-stories-told-by-the-master-of-ceremonies-fi","product-includes-glogi-alkoholiton","product-includes-hot-juice-by-the-open-fire-non-alcoholic-fi","product-includes-kuuma-mehu-alkoholiton","product-includes-napapiirin-ylitystodistus","product-includes-seremoniamestarin-kertomat-tarinat","know-before-you-go-animals-or-pets-allowed-fi","know-before-you-go-elaimet-tai-lemmikit-sallittu","know-before-you-go-julkinen-liikenne-lahella","know-before-you-go-public-transportation-nearby-fi","know-before-you-go-pyoratuolilla-saavutettavissa","know-before-you-go-wheelchair-accessible-fi","bookability-not-bookable","icons-bonfire-fi","icons-bonfire","icons-certificate-fi","icons-certificate","icons-guide","icons-guide-fi","icons-snack-fi","icons-snack","product-category-product"],"acf":[],"yoast_head":"<!-- This site is optimized with the Yoast SEO plugin v27.4 - https:\/\/yoast.com\/product\/yoast-seo-wordpress\/ -->\n<title>Napapiirin ylitysseremonia \u2013 Santa Claus Reindeer<\/title>\n<meta name=\"description\" content=\"Napapiirin ylitysseremonia \u2013 Osallistu ikimuistoiseen seremoniaan, jossa saat virallisen todistuksen Napapiirin ylityksest\u00e4. Lue lis\u00e4\u00e4 ja varaa el\u00e4mys!\" \/>\n<meta name=\"robots\" content=\"index, follow, max-snippet:-1, max-image-preview:large, max-video-preview:-1\" \/>\n<link rel=\"canonical\" href=\"https:\/\/www.santaclausreindeer.fi\/fi\/tuote\/napapiirin-ylitysseremonia\/\" \/>\n<meta property=\"og:locale\" content=\"fi_FI\" \/>\n<meta property=\"og:type\" content=\"article\" \/>\n<meta property=\"og:title\" content=\"Napapiirin ylitysseremonia \u2013 Santa Claus Reindeer\" \/>\n<meta property=\"og:description\" content=\"Napapiirin ylitysseremonia \u2013 Osallistu ikimuistoiseen seremoniaan, jossa saat virallisen todistuksen Napapiirin ylityksest\u00e4. Lue lis\u00e4\u00e4 ja varaa el\u00e4mys!\" \/>\n<meta property=\"og:url\" content=\"https:\/\/www.santaclausreindeer.fi\/fi\/tuote\/napapiirin-ylitysseremonia\/\" \/>\n<meta property=\"og:site_name\" content=\"Santa Claus Reindeer\" \/>\n<meta property=\"article:publisher\" content=\"https:\/\/www.facebook.com\/SantaClausReindeer\/\" \/>\n<meta property=\"article:modified_time\" content=\"2026-01-09T08:40:59+00:00\" \/>\n<meta name=\"twitter:card\" content=\"summary_large_image\" \/>\n<script type=\"application\/ld+json\" class=\"yoast-schema-graph\">{\"@context\":\"https:\\\/\\\/schema.org\",\"@graph\":[{\"@type\":\"WebPage\",\"@id\":\"https:\\\/\\\/www.santaclausreindeer.fi\\\/fi\\\/tuote\\\/napapiirin-ylitysseremonia\\\/\",\"url\":\"https:\\\/\\\/www.santaclausreindeer.fi\\\/fi\\\/tuote\\\/napapiirin-ylitysseremonia\\\/\",\"name\":\"Napapiirin ylitysseremonia \u2013 Santa Claus Reindeer\",\"isPartOf\":{\"@id\":\"https:\\\/\\\/www.santaclausreindeer.fi\\\/fi\\\/#website\"},\"datePublished\":\"2025-03-13T13:36:35+00:00\",\"dateModified\":\"2026-01-09T08:40:59+00:00\",\"description\":\"Napapiirin ylitysseremonia \u2013 Osallistu ikimuistoiseen seremoniaan, jossa saat virallisen todistuksen Napapiirin ylityksest\u00e4. Lue lis\u00e4\u00e4 ja varaa el\u00e4mys!\",\"breadcrumb\":{\"@id\":\"https:\\\/\\\/www.santaclausreindeer.fi\\\/fi\\\/tuote\\\/napapiirin-ylitysseremonia\\\/#breadcrumb\"},\"inLanguage\":\"fi\",\"potentialAction\":[{\"@type\":\"ReadAction\",\"target\":[\"https:\\\/\\\/www.santaclausreindeer.fi\\\/fi\\\/tuote\\\/napapiirin-ylitysseremonia\\\/\"]}]},{\"@type\":\"BreadcrumbList\",\"@id\":\"https:\\\/\\\/www.santaclausreindeer.fi\\\/fi\\\/tuote\\\/napapiirin-ylitysseremonia\\\/#breadcrumb\",\"itemListElement\":[{\"@type\":\"ListItem\",\"position\":1,\"name\":\"Home\",\"item\":\"https:\\\/\\\/www.santaclausreindeer.fi\\\/fi\\\/\"},{\"@type\":\"ListItem\",\"position\":2,\"name\":\"Tuotteet\",\"item\":\"https:\\\/\\\/www.santaclausreindeer.fi\\\/fi\\\/tuote\\\/\"},{\"@type\":\"ListItem\",\"position\":3,\"name\":\"Napapiirin ylitysseremonia\"}]},{\"@type\":\"WebSite\",\"@id\":\"https:\\\/\\\/www.santaclausreindeer.fi\\\/fi\\\/#website\",\"url\":\"https:\\\/\\\/www.santaclausreindeer.fi\\\/fi\\\/\",\"name\":\"Santa Claus Reindeer\",\"description\":\"Arctic Circle, Rovaniemi, Lapland\",\"publisher\":{\"@id\":\"https:\\\/\\\/www.santaclausreindeer.fi\\\/fi\\\/#organization\"},\"potentialAction\":[{\"@type\":\"SearchAction\",\"target\":{\"@type\":\"EntryPoint\",\"urlTemplate\":\"https:\\\/\\\/www.santaclausreindeer.fi\\\/fi\\\/?s={search_term_string}\"},\"query-input\":{\"@type\":\"PropertyValueSpecification\",\"valueRequired\":true,\"valueName\":\"search_term_string\"}}],\"inLanguage\":\"fi\"},{\"@type\":\"Organization\",\"@id\":\"https:\\\/\\\/www.santaclausreindeer.fi\\\/fi\\\/#organization\",\"name\":\"Santa Claus Reindeer\",\"url\":\"https:\\\/\\\/www.santaclausreindeer.fi\\\/fi\\\/\",\"logo\":{\"@type\":\"ImageObject\",\"inLanguage\":\"fi\",\"@id\":\"https:\\\/\\\/www.santaclausreindeer.fi\\\/fi\\\/#\\\/schema\\\/logo\\\/image\\\/\",\"url\":\"https:\\\/\\\/www.santaclausreindeer.fi\\\/wp-content\\\/uploads\\\/2024\\\/10\\\/scr_logo_vaakaslogan-RVN-RGB-opt.svg\",\"contentUrl\":\"https:\\\/\\\/www.santaclausreindeer.fi\\\/wp-content\\\/uploads\\\/2024\\\/10\\\/scr_logo_vaakaslogan-RVN-RGB-opt.svg\",\"width\":396,\"height\":212,\"caption\":\"Santa Claus Reindeer\"},\"image\":{\"@id\":\"https:\\\/\\\/www.santaclausreindeer.fi\\\/fi\\\/#\\\/schema\\\/logo\\\/image\\\/\"},\"sameAs\":[\"https:\\\/\\\/www.facebook.com\\\/SantaClausReindeer\\\/\",\"https:\\\/\\\/www.instagram.com\\\/santaclausreindeer\\\/\",\"https:\\\/\\\/www.youtube.com\\\/user\\\/santareindeerlapland\",\"https:\\\/\\\/www.tripadvisor.fr\\\/Attraction_Review-g189922-d6662018-Reviews-Santa_Claus_Reindeer-Rovaniemi_Lapland.html\"]}]}<\/script>\n<!-- \/ Yoast SEO plugin. -->","yoast_head_json":{"title":"Napapiirin ylitysseremonia \u2013 Santa Claus Reindeer","description":"Napapiirin ylitysseremonia \u2013 Osallistu ikimuistoiseen seremoniaan, jossa saat virallisen todistuksen Napapiirin ylityksest\u00e4. Lue lis\u00e4\u00e4 ja varaa el\u00e4mys!","robots":{"index":"index","follow":"follow","max-snippet":"max-snippet:-1","max-image-preview":"max-image-preview:large","max-video-preview":"max-video-preview:-1"},"canonical":"https:\/\/www.santaclausreindeer.fi\/fi\/tuote\/napapiirin-ylitysseremonia\/","og_locale":"fi_FI","og_type":"article","og_title":"Napapiirin ylitysseremonia \u2013 Santa Claus Reindeer","og_description":"Napapiirin ylitysseremonia \u2013 Osallistu ikimuistoiseen seremoniaan, jossa saat virallisen todistuksen Napapiirin ylityksest\u00e4. Lue lis\u00e4\u00e4 ja varaa el\u00e4mys!","og_url":"https:\/\/www.santaclausreindeer.fi\/fi\/tuote\/napapiirin-ylitysseremonia\/","og_site_name":"Santa Claus Reindeer","article_publisher":"https:\/\/www.facebook.com\/SantaClausReindeer\/","article_modified_time":"2026-01-09T08:40:59+00:00","twitter_card":"summary_large_image","schema":{"@context":"https:\/\/schema.org","@graph":[{"@type":"WebPage","@id":"https:\/\/www.santaclausreindeer.fi\/fi\/tuote\/napapiirin-ylitysseremonia\/","url":"https:\/\/www.santaclausreindeer.fi\/fi\/tuote\/napapiirin-ylitysseremonia\/","name":"Napapiirin ylitysseremonia \u2013 Santa Claus Reindeer","isPartOf":{"@id":"https:\/\/www.santaclausreindeer.fi\/fi\/#website"},"datePublished":"2025-03-13T13:36:35+00:00","dateModified":"2026-01-09T08:40:59+00:00","description":"Napapiirin ylitysseremonia \u2013 Osallistu ikimuistoiseen seremoniaan, jossa saat virallisen todistuksen Napapiirin ylityksest\u00e4. Lue lis\u00e4\u00e4 ja varaa el\u00e4mys!","breadcrumb":{"@id":"https:\/\/www.santaclausreindeer.fi\/fi\/tuote\/napapiirin-ylitysseremonia\/#breadcrumb"},"inLanguage":"fi","potentialAction":[{"@type":"ReadAction","target":["https:\/\/www.santaclausreindeer.fi\/fi\/tuote\/napapiirin-ylitysseremonia\/"]}]},{"@type":"BreadcrumbList","@id":"https:\/\/www.santaclausreindeer.fi\/fi\/tuote\/napapiirin-ylitysseremonia\/#breadcrumb","itemListElement":[{"@type":"ListItem","position":1,"name":"Home","item":"https:\/\/www.santaclausreindeer.fi\/fi\/"},{"@type":"ListItem","position":2,"name":"Tuotteet","item":"https:\/\/www.santaclausreindeer.fi\/fi\/tuote\/"},{"@type":"ListItem","position":3,"name":"Napapiirin ylitysseremonia"}]},{"@type":"WebSite","@id":"https:\/\/www.santaclausreindeer.fi\/fi\/#website","url":"https:\/\/www.santaclausreindeer.fi\/fi\/","name":"Santa Claus Reindeer","description":"Arctic Circle, Rovaniemi, Lapland","publisher":{"@id":"https:\/\/www.santaclausreindeer.fi\/fi\/#organization"},"potentialAction":[{"@type":"SearchAction","target":{"@type":"EntryPoint","urlTemplate":"https:\/\/www.santaclausreindeer.fi\/fi\/?s={search_term_string}"},"query-input":{"@type":"PropertyValueSpecification","valueRequired":true,"valueName":"search_term_string"}}],"inLanguage":"fi"},{"@type":"Organization","@id":"https:\/\/www.santaclausreindeer.fi\/fi\/#organization","name":"Santa Claus Reindeer","url":"https:\/\/www.santaclausreindeer.fi\/fi\/","logo":{"@type":"ImageObject","inLanguage":"fi","@id":"https:\/\/www.santaclausreindeer.fi\/fi\/#\/schema\/logo\/image\/","url":"https:\/\/www.santaclausreindeer.fi\/wp-content\/uploads\/2024\/10\/scr_logo_vaakaslogan-RVN-RGB-opt.svg","contentUrl":"https:\/\/www.santaclausreindeer.fi\/wp-content\/uploads\/2024\/10\/scr_logo_vaakaslogan-RVN-RGB-opt.svg","width":396,"height":212,"caption":"Santa Claus Reindeer"},"image":{"@id":"https:\/\/www.santaclausreindeer.fi\/fi\/#\/schema\/logo\/image\/"},"sameAs":["https:\/\/www.facebook.com\/SantaClausReindeer\/","https:\/\/www.instagram.com\/santaclausreindeer\/","https:\/\/www.youtube.com\/user\/santareindeerlapland","https:\/\/www.tripadvisor.fr\/Attraction_Review-g189922-d6662018-Reviews-Santa_Claus_Reindeer-Rovaniemi_Lapland.html"]}]}},"_links":{"self":[{"href":"https:\/\/www.santaclausreindeer.fi\/fi\/wp-json\/wp\/v2\/product\/66020","targetHints":{"allow":["GET"]}}],"collection":[{"href":"https:\/\/www.santaclausreindeer.fi\/fi\/wp-json\/wp\/v2\/product"}],"about":[{"href":"https:\/\/www.santaclausreindeer.fi\/fi\/wp-json\/wp\/v2\/types\/product"}],"wp:attachment":[{"href":"https:\/\/www.santaclausreindeer.fi\/fi\/wp-json\/wp\/v2\/media?parent=66020"}],"wp:term":[{"taxonomy":"activity-category","embeddable":true,"href":"https:\/\/www.santaclausreindeer.fi\/fi\/wp-json\/wp\/v2\/activity-category?post=66020"},{"taxonomy":"activity-attribute","embeddable":true,"href":"https:\/\/www.santaclausreindeer.fi\/fi\/wp-json\/wp\/v2\/activity-attribute?post=66020"},{"taxonomy":"difficulty-level","embeddable":true,"href":"https:\/\/www.santaclausreindeer.fi\/fi\/wp-json\/wp\/v2\/difficulty-level?post=66020"},{"taxonomy":"activity-type","embeddable":true,"href":"https:\/\/www.santaclausreindeer.fi\/fi\/wp-json\/wp\/v2\/activity-type?post=66020"},{"taxonomy":"product-season","embeddable":true,"href":"https:\/\/www.santaclausreindeer.fi\/fi\/wp-json\/wp\/v2\/product-season?post=66020"},{"taxonomy":"product-includes","embeddable":true,"href":"https:\/\/www.santaclausreindeer.fi\/fi\/wp-json\/wp\/v2\/product-includes?post=66020"},{"taxonomy":"know-before-you-go","embeddable":true,"href":"https:\/\/www.santaclausreindeer.fi\/fi\/wp-json\/wp\/v2\/know-before-you-go?post=66020"},{"taxonomy":"company","embeddable":true,"href":"https:\/\/www.santaclausreindeer.fi\/fi\/wp-json\/wp\/v2\/company?post=66020"},{"taxonomy":"bookability","embeddable":true,"href":"https:\/\/www.santaclausreindeer.fi\/fi\/wp-json\/wp\/v2\/bookability?post=66020"},{"taxonomy":"icons","embeddable":true,"href":"https:\/\/www.santaclausreindeer.fi\/fi\/wp-json\/wp\/v2\/icons?post=66020"},{"taxonomy":"product-category","embeddable":true,"href":"https:\/\/www.santaclausreindeer.fi\/fi\/wp-json\/wp\/v2\/product-category?post=66020"}],"curies":[{"name":"wp","href":"https:\/\/api.w.org\/{rel}","templated":true}]}}