{"id":66015,"date":"2025-01-28T13:24:39","date_gmt":"2025-01-28T11:24:39","guid":{"rendered":"https:\/\/www.www.santaclausreindeer.fi\/product\/1-tunnin-porosafari-joulupukin-pajakylassa\/"},"modified":"2026-04-11T21:11:23","modified_gmt":"2026-04-11T18:11:23","slug":"1-tunnin-porosafari-rovaniemella-joulupukin-pajakylassa","status":"publish","type":"product","link":"https:\/\/www.santaclausreindeer.fi\/fi\/tuote\/1-tunnin-porosafari-rovaniemella-joulupukin-pajakylassa\/","title":{"rendered":"1 tunnin porosafari Joulupukin Pajakyl\u00e4ss\u00e4"},"content":{"rendered":"","protected":false},"excerpt":{"rendered":"<p>Istut paikallisbussissa ja pian oletkin jo Joulupukin porojen reess\u00e4, matkalla kauas talven ihmemaahan. Vain Rovaniemell\u00e4 voi tapahtua jotain t\u00e4llaista!<\/p>\n","protected":false},"featured_media":0,"menu_order":1,"template":"","meta":{"_acf_changed":false,"_et_pb_use_builder":"","_et_pb_old_content":"","_et_gb_content_width":"","inline_featured_image":false},"activity-category":[7048,7074,7095],"activity-attribute":[7289,7290,7049,7053,7051],"difficulty-level":[7293,7054],"activity-type":[7292,7055],"product-season":[7110],"product-includes":[6934,6933,6932],"know-before-you-go":[7298,7075,7077],"company":[],"bookability":[7044],"icons":[7295,7138,7137,7294,7140,7297,7141],"product-category":[7288],"class_list":["post-66015","product","type-product","status-publish","hentry","activity-category-luonto","activity-category-safari-ja-villielaimet","activity-category-seikkailu","activity-attribute-family-friendly-fi","activity-attribute-group-friendly-fi","activity-attribute-perheystavallinen","activity-attribute-ryhmille-sopiva","activity-attribute-ulkoilma","difficulty-level-easy-fi","difficulty-level-helppo","activity-type-day-tour-or-activity-fi","activity-type-paivaretki-tai-aktiviteetti","product-season-winter","product-includes-minuutin-mittainen-poroajelu","product-includes-evaat","product-includes-opastus","know-before-you-go-animals-or-pets-allowed-fi","know-before-you-go-elaimet-tai-lemmikit-sallittu","know-before-you-go-vauvojen-on-istuttava-sylissa","bookability-bookable","icons-bonfire-fi","icons-bonfire","icons-guide","icons-guide-fi","icons-reindeer-ride","icons-snack-fi","icons-snack","product-category-product"],"acf":[],"yoast_head":"<!-- This site is optimized with the Yoast SEO plugin v27.3 - https:\/\/yoast.com\/product\/yoast-seo-wordpress\/ -->\n<title>Porosafari Rovaniemell\u00e4 Pajakyl\u00e4ss\u00e4 \u2013 Santa Claus Reindeer<\/title>\n<meta name=\"description\" content=\"Porosafari Rovaniemi \u2013 Nauti pienest\u00e4 porohetkest\u00e4 keskell\u00e4 Joulupukin Pajakyl\u00e4\u00e4, noin tunnin mittaisella safarilla. L\u00e4hde mukaan poroseikkailuun. Varaa nyt!\" \/>\n<meta name=\"robots\" content=\"index, follow, max-snippet:-1, max-image-preview:large, max-video-preview:-1\" \/>\n<link rel=\"canonical\" href=\"https:\/\/www.santaclausreindeer.fi\/fi\/tuote\/1-tunnin-porosafari-rovaniemella-joulupukin-pajakylassa\/\" \/>\n<meta property=\"og:locale\" content=\"fi_FI\" \/>\n<meta property=\"og:type\" content=\"article\" \/>\n<meta property=\"og:title\" content=\"Porosafari Rovaniemell\u00e4 Pajakyl\u00e4ss\u00e4 \u2013 Santa Claus Reindeer\" \/>\n<meta property=\"og:description\" content=\"Porosafari Rovaniemi \u2013 Nauti pienest\u00e4 porohetkest\u00e4 keskell\u00e4 Joulupukin Pajakyl\u00e4\u00e4, noin tunnin mittaisella safarilla. L\u00e4hde mukaan poroseikkailuun. Varaa nyt!\" \/>\n<meta property=\"og:url\" content=\"https:\/\/www.santaclausreindeer.fi\/fi\/tuote\/1-tunnin-porosafari-rovaniemella-joulupukin-pajakylassa\/\" \/>\n<meta property=\"og:site_name\" content=\"Santa Claus Reindeer\" \/>\n<meta property=\"article:publisher\" content=\"https:\/\/www.facebook.com\/SantaClausReindeer\/\" \/>\n<meta property=\"article:modified_time\" content=\"2026-04-11T18:11:23+00:00\" \/>\n<meta name=\"twitter:card\" content=\"summary_large_image\" \/>\n<script type=\"application\/ld+json\" class=\"yoast-schema-graph\">{\"@context\":\"https:\\\/\\\/schema.org\",\"@graph\":[{\"@type\":\"WebPage\",\"@id\":\"https:\\\/\\\/www.santaclausreindeer.fi\\\/fi\\\/tuote\\\/1-tunnin-porosafari-rovaniemella-joulupukin-pajakylassa\\\/\",\"url\":\"https:\\\/\\\/www.santaclausreindeer.fi\\\/fi\\\/tuote\\\/1-tunnin-porosafari-rovaniemella-joulupukin-pajakylassa\\\/\",\"name\":\"Porosafari Rovaniemell\u00e4 Pajakyl\u00e4ss\u00e4 \u2013 Santa Claus Reindeer\",\"isPartOf\":{\"@id\":\"https:\\\/\\\/www.santaclausreindeer.fi\\\/fi\\\/#website\"},\"datePublished\":\"2025-01-28T11:24:39+00:00\",\"dateModified\":\"2026-04-11T18:11:23+00:00\",\"description\":\"Porosafari Rovaniemi \u2013 Nauti pienest\u00e4 porohetkest\u00e4 keskell\u00e4 Joulupukin Pajakyl\u00e4\u00e4, noin tunnin mittaisella safarilla. L\u00e4hde mukaan poroseikkailuun. Varaa nyt!\",\"breadcrumb\":{\"@id\":\"https:\\\/\\\/www.santaclausreindeer.fi\\\/fi\\\/tuote\\\/1-tunnin-porosafari-rovaniemella-joulupukin-pajakylassa\\\/#breadcrumb\"},\"inLanguage\":\"fi\",\"potentialAction\":[{\"@type\":\"ReadAction\",\"target\":[\"https:\\\/\\\/www.santaclausreindeer.fi\\\/fi\\\/tuote\\\/1-tunnin-porosafari-rovaniemella-joulupukin-pajakylassa\\\/\"]}]},{\"@type\":\"BreadcrumbList\",\"@id\":\"https:\\\/\\\/www.santaclausreindeer.fi\\\/fi\\\/tuote\\\/1-tunnin-porosafari-rovaniemella-joulupukin-pajakylassa\\\/#breadcrumb\",\"itemListElement\":[{\"@type\":\"ListItem\",\"position\":1,\"name\":\"Home\",\"item\":\"https:\\\/\\\/www.santaclausreindeer.fi\\\/fi\\\/\"},{\"@type\":\"ListItem\",\"position\":2,\"name\":\"Tuotteet\",\"item\":\"https:\\\/\\\/www.santaclausreindeer.fi\\\/fi\\\/tuote\\\/\"},{\"@type\":\"ListItem\",\"position\":3,\"name\":\"1 tunnin porosafari Joulupukin Pajakyl\u00e4ss\u00e4\"}]},{\"@type\":\"WebSite\",\"@id\":\"https:\\\/\\\/www.santaclausreindeer.fi\\\/fi\\\/#website\",\"url\":\"https:\\\/\\\/www.santaclausreindeer.fi\\\/fi\\\/\",\"name\":\"Santa Claus Reindeer\",\"description\":\"Arctic Circle, Rovaniemi, Lapland\",\"publisher\":{\"@id\":\"https:\\\/\\\/www.santaclausreindeer.fi\\\/fi\\\/#organization\"},\"potentialAction\":[{\"@type\":\"SearchAction\",\"target\":{\"@type\":\"EntryPoint\",\"urlTemplate\":\"https:\\\/\\\/www.santaclausreindeer.fi\\\/fi\\\/?s={search_term_string}\"},\"query-input\":{\"@type\":\"PropertyValueSpecification\",\"valueRequired\":true,\"valueName\":\"search_term_string\"}}],\"inLanguage\":\"fi\"},{\"@type\":\"Organization\",\"@id\":\"https:\\\/\\\/www.santaclausreindeer.fi\\\/fi\\\/#organization\",\"name\":\"Santa Claus Reindeer\",\"url\":\"https:\\\/\\\/www.santaclausreindeer.fi\\\/fi\\\/\",\"logo\":{\"@type\":\"ImageObject\",\"inLanguage\":\"fi\",\"@id\":\"https:\\\/\\\/www.santaclausreindeer.fi\\\/fi\\\/#\\\/schema\\\/logo\\\/image\\\/\",\"url\":\"https:\\\/\\\/www.santaclausreindeer.fi\\\/wp-content\\\/uploads\\\/2024\\\/10\\\/scr_logo_vaakaslogan-RVN-RGB-opt.svg\",\"contentUrl\":\"https:\\\/\\\/www.santaclausreindeer.fi\\\/wp-content\\\/uploads\\\/2024\\\/10\\\/scr_logo_vaakaslogan-RVN-RGB-opt.svg\",\"width\":396,\"height\":212,\"caption\":\"Santa Claus Reindeer\"},\"image\":{\"@id\":\"https:\\\/\\\/www.santaclausreindeer.fi\\\/fi\\\/#\\\/schema\\\/logo\\\/image\\\/\"},\"sameAs\":[\"https:\\\/\\\/www.facebook.com\\\/SantaClausReindeer\\\/\",\"https:\\\/\\\/www.instagram.com\\\/santaclausreindeer\\\/\",\"https:\\\/\\\/www.youtube.com\\\/user\\\/santareindeerlapland\",\"https:\\\/\\\/www.tripadvisor.fr\\\/Attraction_Review-g189922-d6662018-Reviews-Santa_Claus_Reindeer-Rovaniemi_Lapland.html\"]}]}<\/script>\n<!-- \/ Yoast SEO plugin. -->","yoast_head_json":{"title":"Porosafari Rovaniemell\u00e4 Pajakyl\u00e4ss\u00e4 \u2013 Santa Claus Reindeer","description":"Porosafari Rovaniemi \u2013 Nauti pienest\u00e4 porohetkest\u00e4 keskell\u00e4 Joulupukin Pajakyl\u00e4\u00e4, noin tunnin mittaisella safarilla. L\u00e4hde mukaan poroseikkailuun. Varaa nyt!","robots":{"index":"index","follow":"follow","max-snippet":"max-snippet:-1","max-image-preview":"max-image-preview:large","max-video-preview":"max-video-preview:-1"},"canonical":"https:\/\/www.santaclausreindeer.fi\/fi\/tuote\/1-tunnin-porosafari-rovaniemella-joulupukin-pajakylassa\/","og_locale":"fi_FI","og_type":"article","og_title":"Porosafari Rovaniemell\u00e4 Pajakyl\u00e4ss\u00e4 \u2013 Santa Claus Reindeer","og_description":"Porosafari Rovaniemi \u2013 Nauti pienest\u00e4 porohetkest\u00e4 keskell\u00e4 Joulupukin Pajakyl\u00e4\u00e4, noin tunnin mittaisella safarilla. L\u00e4hde mukaan poroseikkailuun. Varaa nyt!","og_url":"https:\/\/www.santaclausreindeer.fi\/fi\/tuote\/1-tunnin-porosafari-rovaniemella-joulupukin-pajakylassa\/","og_site_name":"Santa Claus Reindeer","article_publisher":"https:\/\/www.facebook.com\/SantaClausReindeer\/","article_modified_time":"2026-04-11T18:11:23+00:00","twitter_card":"summary_large_image","schema":{"@context":"https:\/\/schema.org","@graph":[{"@type":"WebPage","@id":"https:\/\/www.santaclausreindeer.fi\/fi\/tuote\/1-tunnin-porosafari-rovaniemella-joulupukin-pajakylassa\/","url":"https:\/\/www.santaclausreindeer.fi\/fi\/tuote\/1-tunnin-porosafari-rovaniemella-joulupukin-pajakylassa\/","name":"Porosafari Rovaniemell\u00e4 Pajakyl\u00e4ss\u00e4 \u2013 Santa Claus Reindeer","isPartOf":{"@id":"https:\/\/www.santaclausreindeer.fi\/fi\/#website"},"datePublished":"2025-01-28T11:24:39+00:00","dateModified":"2026-04-11T18:11:23+00:00","description":"Porosafari Rovaniemi \u2013 Nauti pienest\u00e4 porohetkest\u00e4 keskell\u00e4 Joulupukin Pajakyl\u00e4\u00e4, noin tunnin mittaisella safarilla. L\u00e4hde mukaan poroseikkailuun. Varaa nyt!","breadcrumb":{"@id":"https:\/\/www.santaclausreindeer.fi\/fi\/tuote\/1-tunnin-porosafari-rovaniemella-joulupukin-pajakylassa\/#breadcrumb"},"inLanguage":"fi","potentialAction":[{"@type":"ReadAction","target":["https:\/\/www.santaclausreindeer.fi\/fi\/tuote\/1-tunnin-porosafari-rovaniemella-joulupukin-pajakylassa\/"]}]},{"@type":"BreadcrumbList","@id":"https:\/\/www.santaclausreindeer.fi\/fi\/tuote\/1-tunnin-porosafari-rovaniemella-joulupukin-pajakylassa\/#breadcrumb","itemListElement":[{"@type":"ListItem","position":1,"name":"Home","item":"https:\/\/www.santaclausreindeer.fi\/fi\/"},{"@type":"ListItem","position":2,"name":"Tuotteet","item":"https:\/\/www.santaclausreindeer.fi\/fi\/tuote\/"},{"@type":"ListItem","position":3,"name":"1 tunnin porosafari Joulupukin Pajakyl\u00e4ss\u00e4"}]},{"@type":"WebSite","@id":"https:\/\/www.santaclausreindeer.fi\/fi\/#website","url":"https:\/\/www.santaclausreindeer.fi\/fi\/","name":"Santa Claus Reindeer","description":"Arctic Circle, Rovaniemi, Lapland","publisher":{"@id":"https:\/\/www.santaclausreindeer.fi\/fi\/#organization"},"potentialAction":[{"@type":"SearchAction","target":{"@type":"EntryPoint","urlTemplate":"https:\/\/www.santaclausreindeer.fi\/fi\/?s={search_term_string}"},"query-input":{"@type":"PropertyValueSpecification","valueRequired":true,"valueName":"search_term_string"}}],"inLanguage":"fi"},{"@type":"Organization","@id":"https:\/\/www.santaclausreindeer.fi\/fi\/#organization","name":"Santa Claus Reindeer","url":"https:\/\/www.santaclausreindeer.fi\/fi\/","logo":{"@type":"ImageObject","inLanguage":"fi","@id":"https:\/\/www.santaclausreindeer.fi\/fi\/#\/schema\/logo\/image\/","url":"https:\/\/www.santaclausreindeer.fi\/wp-content\/uploads\/2024\/10\/scr_logo_vaakaslogan-RVN-RGB-opt.svg","contentUrl":"https:\/\/www.santaclausreindeer.fi\/wp-content\/uploads\/2024\/10\/scr_logo_vaakaslogan-RVN-RGB-opt.svg","width":396,"height":212,"caption":"Santa Claus Reindeer"},"image":{"@id":"https:\/\/www.santaclausreindeer.fi\/fi\/#\/schema\/logo\/image\/"},"sameAs":["https:\/\/www.facebook.com\/SantaClausReindeer\/","https:\/\/www.instagram.com\/santaclausreindeer\/","https:\/\/www.youtube.com\/user\/santareindeerlapland","https:\/\/www.tripadvisor.fr\/Attraction_Review-g189922-d6662018-Reviews-Santa_Claus_Reindeer-Rovaniemi_Lapland.html"]}]}},"_links":{"self":[{"href":"https:\/\/www.santaclausreindeer.fi\/fi\/wp-json\/wp\/v2\/product\/66015","targetHints":{"allow":["GET"]}}],"collection":[{"href":"https:\/\/www.santaclausreindeer.fi\/fi\/wp-json\/wp\/v2\/product"}],"about":[{"href":"https:\/\/www.santaclausreindeer.fi\/fi\/wp-json\/wp\/v2\/types\/product"}],"wp:attachment":[{"href":"https:\/\/www.santaclausreindeer.fi\/fi\/wp-json\/wp\/v2\/media?parent=66015"}],"wp:term":[{"taxonomy":"activity-category","embeddable":true,"href":"https:\/\/www.santaclausreindeer.fi\/fi\/wp-json\/wp\/v2\/activity-category?post=66015"},{"taxonomy":"activity-attribute","embeddable":true,"href":"https:\/\/www.santaclausreindeer.fi\/fi\/wp-json\/wp\/v2\/activity-attribute?post=66015"},{"taxonomy":"difficulty-level","embeddable":true,"href":"https:\/\/www.santaclausreindeer.fi\/fi\/wp-json\/wp\/v2\/difficulty-level?post=66015"},{"taxonomy":"activity-type","embeddable":true,"href":"https:\/\/www.santaclausreindeer.fi\/fi\/wp-json\/wp\/v2\/activity-type?post=66015"},{"taxonomy":"product-season","embeddable":true,"href":"https:\/\/www.santaclausreindeer.fi\/fi\/wp-json\/wp\/v2\/product-season?post=66015"},{"taxonomy":"product-includes","embeddable":true,"href":"https:\/\/www.santaclausreindeer.fi\/fi\/wp-json\/wp\/v2\/product-includes?post=66015"},{"taxonomy":"know-before-you-go","embeddable":true,"href":"https:\/\/www.santaclausreindeer.fi\/fi\/wp-json\/wp\/v2\/know-before-you-go?post=66015"},{"taxonomy":"company","embeddable":true,"href":"https:\/\/www.santaclausreindeer.fi\/fi\/wp-json\/wp\/v2\/company?post=66015"},{"taxonomy":"bookability","embeddable":true,"href":"https:\/\/www.santaclausreindeer.fi\/fi\/wp-json\/wp\/v2\/bookability?post=66015"},{"taxonomy":"icons","embeddable":true,"href":"https:\/\/www.santaclausreindeer.fi\/fi\/wp-json\/wp\/v2\/icons?post=66015"},{"taxonomy":"product-category","embeddable":true,"href":"https:\/\/www.santaclausreindeer.fi\/fi\/wp-json\/wp\/v2\/product-category?post=66015"}],"curies":[{"name":"wp","href":"https:\/\/api.w.org\/{rel}","templated":true}]}}