{"id":66008,"date":"2025-01-28T13:23:34","date_gmt":"2025-01-28T11:23:34","guid":{"rendered":"https:\/\/www.www.santaclausreindeer.fi\/product\/5-7-minuutin-poroajelu-ei-ennakkovarausta\/"},"modified":"2026-04-17T08:08:59","modified_gmt":"2026-04-17T05:08:59","slug":"5-7-minuutin-poroajelu-joulupukin-pajakylassa","status":"publish","type":"product","link":"https:\/\/www.santaclausreindeer.fi\/fi\/tuote\/5-7-minuutin-poroajelu-joulupukin-pajakylassa\/","title":{"rendered":"5\u20137 minuutin poroajelu \u2013 ei ennakkovarausta"},"content":{"rendered":"","protected":false},"excerpt":{"rendered":"<p>Poropolku \u2013 400 m poroajelu Joulupukin Pajakyl\u00e4ss\u00e4<\/p>\n","protected":false},"featured_media":0,"menu_order":7,"template":"","meta":{"_acf_changed":false,"_et_pb_use_builder":"","_et_pb_old_content":"","_et_gb_content_width":"","inline_featured_image":false},"activity-category":[7048,7095],"activity-attribute":[7052,7049,7053,7051,7050],"difficulty-level":[7054],"activity-type":[7055],"product-season":[7567,7113,7570,7568,7111,7110],"product-includes":[7039,7038],"know-before-you-go":[7087,7077],"company":[],"bookability":[7043],"icons":[7137,7140],"product-category":[7288],"class_list":["post-66008","product","type-product","status-publish","hentry","activity-category-luonto","activity-category-seikkailu","activity-attribute-parit","activity-attribute-perheystavallinen","activity-attribute-ryhmille-sopiva","activity-attribute-ulkoilma","activity-attribute-ymparistoystavallinen","difficulty-level-helppo","activity-type-paivaretki-tai-aktiviteetti","product-season-automne","product-season-autumn","product-season-hiver","product-season-printemps","product-season-spring","product-season-winter","product-includes-mahdollisuus-nuotion-aarella-istuskeluun","product-includes-poroajelu-min-m","know-before-you-go-julkinen-liikenne-lahella","know-before-you-go-vauvojen-on-istuttava-sylissa","bookability-not-bookable","icons-guide","icons-reindeer-ride","product-category-product"],"acf":[],"yoast_head":"<!-- This site is optimized with the Yoast SEO plugin v27.4 - https:\/\/yoast.com\/product\/yoast-seo-wordpress\/ -->\n<title>5\u20137 minuutin poroajelu \u2013 Santa Claus Reindeer<\/title>\n<meta name=\"description\" content=\"5-7 minuutin poroajelu Joulupukin Pajakyl\u00e4ss\u00e4 vie sinut lumisiin maisemiin. Nauti hetkest\u00e4 Joulupukin porojen kanssa ja koe talven taianomainen tunnelma!\" \/>\n<meta name=\"robots\" content=\"index, follow, max-snippet:-1, max-image-preview:large, max-video-preview:-1\" \/>\n<link rel=\"canonical\" href=\"https:\/\/www.santaclausreindeer.fi\/fi\/tuote\/5-7-minuutin-poroajelu-joulupukin-pajakylassa\/\" \/>\n<meta property=\"og:locale\" content=\"fi_FI\" \/>\n<meta property=\"og:type\" content=\"article\" \/>\n<meta property=\"og:title\" content=\"5\u20137 minuutin poroajelu \u2013 Santa Claus Reindeer\" \/>\n<meta property=\"og:description\" content=\"5-7 minuutin poroajelu Joulupukin Pajakyl\u00e4ss\u00e4 vie sinut lumisiin maisemiin. Nauti hetkest\u00e4 Joulupukin porojen kanssa ja koe talven taianomainen tunnelma!\" \/>\n<meta property=\"og:url\" content=\"https:\/\/www.santaclausreindeer.fi\/fi\/tuote\/5-7-minuutin-poroajelu-joulupukin-pajakylassa\/\" \/>\n<meta property=\"og:site_name\" content=\"Santa Claus Reindeer\" \/>\n<meta property=\"article:publisher\" content=\"https:\/\/www.facebook.com\/SantaClausReindeer\/\" \/>\n<meta property=\"article:modified_time\" content=\"2026-04-17T05:08:59+00:00\" \/>\n<meta name=\"twitter:card\" content=\"summary_large_image\" \/>\n<script type=\"application\/ld+json\" class=\"yoast-schema-graph\">{\"@context\":\"https:\\\/\\\/schema.org\",\"@graph\":[{\"@type\":\"WebPage\",\"@id\":\"https:\\\/\\\/www.santaclausreindeer.fi\\\/fi\\\/tuote\\\/5-7-minuutin-poroajelu-joulupukin-pajakylassa\\\/\",\"url\":\"https:\\\/\\\/www.santaclausreindeer.fi\\\/fi\\\/tuote\\\/5-7-minuutin-poroajelu-joulupukin-pajakylassa\\\/\",\"name\":\"5\u20137 minuutin poroajelu \u2013 Santa Claus Reindeer\",\"isPartOf\":{\"@id\":\"https:\\\/\\\/www.santaclausreindeer.fi\\\/fi\\\/#website\"},\"datePublished\":\"2025-01-28T11:23:34+00:00\",\"dateModified\":\"2026-04-17T05:08:59+00:00\",\"description\":\"5-7 minuutin poroajelu Joulupukin Pajakyl\u00e4ss\u00e4 vie sinut lumisiin maisemiin. Nauti hetkest\u00e4 Joulupukin porojen kanssa ja koe talven taianomainen tunnelma!\",\"breadcrumb\":{\"@id\":\"https:\\\/\\\/www.santaclausreindeer.fi\\\/fi\\\/tuote\\\/5-7-minuutin-poroajelu-joulupukin-pajakylassa\\\/#breadcrumb\"},\"inLanguage\":\"fi\",\"potentialAction\":[{\"@type\":\"ReadAction\",\"target\":[\"https:\\\/\\\/www.santaclausreindeer.fi\\\/fi\\\/tuote\\\/5-7-minuutin-poroajelu-joulupukin-pajakylassa\\\/\"]}]},{\"@type\":\"BreadcrumbList\",\"@id\":\"https:\\\/\\\/www.santaclausreindeer.fi\\\/fi\\\/tuote\\\/5-7-minuutin-poroajelu-joulupukin-pajakylassa\\\/#breadcrumb\",\"itemListElement\":[{\"@type\":\"ListItem\",\"position\":1,\"name\":\"Home\",\"item\":\"https:\\\/\\\/www.santaclausreindeer.fi\\\/fi\\\/\"},{\"@type\":\"ListItem\",\"position\":2,\"name\":\"Tuotteet\",\"item\":\"https:\\\/\\\/www.santaclausreindeer.fi\\\/fi\\\/tuote\\\/\"},{\"@type\":\"ListItem\",\"position\":3,\"name\":\"5\u20137 minuutin poroajelu \u2013 ei ennakkovarausta\"}]},{\"@type\":\"WebSite\",\"@id\":\"https:\\\/\\\/www.santaclausreindeer.fi\\\/fi\\\/#website\",\"url\":\"https:\\\/\\\/www.santaclausreindeer.fi\\\/fi\\\/\",\"name\":\"Santa Claus Reindeer\",\"description\":\"Arctic Circle, Rovaniemi, Lapland\",\"publisher\":{\"@id\":\"https:\\\/\\\/www.santaclausreindeer.fi\\\/fi\\\/#organization\"},\"potentialAction\":[{\"@type\":\"SearchAction\",\"target\":{\"@type\":\"EntryPoint\",\"urlTemplate\":\"https:\\\/\\\/www.santaclausreindeer.fi\\\/fi\\\/?s={search_term_string}\"},\"query-input\":{\"@type\":\"PropertyValueSpecification\",\"valueRequired\":true,\"valueName\":\"search_term_string\"}}],\"inLanguage\":\"fi\"},{\"@type\":\"Organization\",\"@id\":\"https:\\\/\\\/www.santaclausreindeer.fi\\\/fi\\\/#organization\",\"name\":\"Santa Claus Reindeer\",\"url\":\"https:\\\/\\\/www.santaclausreindeer.fi\\\/fi\\\/\",\"logo\":{\"@type\":\"ImageObject\",\"inLanguage\":\"fi\",\"@id\":\"https:\\\/\\\/www.santaclausreindeer.fi\\\/fi\\\/#\\\/schema\\\/logo\\\/image\\\/\",\"url\":\"https:\\\/\\\/www.santaclausreindeer.fi\\\/wp-content\\\/uploads\\\/2024\\\/10\\\/scr_logo_vaakaslogan-RVN-RGB-opt.svg\",\"contentUrl\":\"https:\\\/\\\/www.santaclausreindeer.fi\\\/wp-content\\\/uploads\\\/2024\\\/10\\\/scr_logo_vaakaslogan-RVN-RGB-opt.svg\",\"width\":396,\"height\":212,\"caption\":\"Santa Claus Reindeer\"},\"image\":{\"@id\":\"https:\\\/\\\/www.santaclausreindeer.fi\\\/fi\\\/#\\\/schema\\\/logo\\\/image\\\/\"},\"sameAs\":[\"https:\\\/\\\/www.facebook.com\\\/SantaClausReindeer\\\/\",\"https:\\\/\\\/www.instagram.com\\\/santaclausreindeer\\\/\",\"https:\\\/\\\/www.youtube.com\\\/user\\\/santareindeerlapland\",\"https:\\\/\\\/www.tripadvisor.fr\\\/Attraction_Review-g189922-d6662018-Reviews-Santa_Claus_Reindeer-Rovaniemi_Lapland.html\"]}]}<\/script>\n<!-- \/ Yoast SEO plugin. -->","yoast_head_json":{"title":"5\u20137 minuutin poroajelu \u2013 Santa Claus Reindeer","description":"5-7 minuutin poroajelu Joulupukin Pajakyl\u00e4ss\u00e4 vie sinut lumisiin maisemiin. Nauti hetkest\u00e4 Joulupukin porojen kanssa ja koe talven taianomainen tunnelma!","robots":{"index":"index","follow":"follow","max-snippet":"max-snippet:-1","max-image-preview":"max-image-preview:large","max-video-preview":"max-video-preview:-1"},"canonical":"https:\/\/www.santaclausreindeer.fi\/fi\/tuote\/5-7-minuutin-poroajelu-joulupukin-pajakylassa\/","og_locale":"fi_FI","og_type":"article","og_title":"5\u20137 minuutin poroajelu \u2013 Santa Claus Reindeer","og_description":"5-7 minuutin poroajelu Joulupukin Pajakyl\u00e4ss\u00e4 vie sinut lumisiin maisemiin. Nauti hetkest\u00e4 Joulupukin porojen kanssa ja koe talven taianomainen tunnelma!","og_url":"https:\/\/www.santaclausreindeer.fi\/fi\/tuote\/5-7-minuutin-poroajelu-joulupukin-pajakylassa\/","og_site_name":"Santa Claus Reindeer","article_publisher":"https:\/\/www.facebook.com\/SantaClausReindeer\/","article_modified_time":"2026-04-17T05:08:59+00:00","twitter_card":"summary_large_image","schema":{"@context":"https:\/\/schema.org","@graph":[{"@type":"WebPage","@id":"https:\/\/www.santaclausreindeer.fi\/fi\/tuote\/5-7-minuutin-poroajelu-joulupukin-pajakylassa\/","url":"https:\/\/www.santaclausreindeer.fi\/fi\/tuote\/5-7-minuutin-poroajelu-joulupukin-pajakylassa\/","name":"5\u20137 minuutin poroajelu \u2013 Santa Claus Reindeer","isPartOf":{"@id":"https:\/\/www.santaclausreindeer.fi\/fi\/#website"},"datePublished":"2025-01-28T11:23:34+00:00","dateModified":"2026-04-17T05:08:59+00:00","description":"5-7 minuutin poroajelu Joulupukin Pajakyl\u00e4ss\u00e4 vie sinut lumisiin maisemiin. Nauti hetkest\u00e4 Joulupukin porojen kanssa ja koe talven taianomainen tunnelma!","breadcrumb":{"@id":"https:\/\/www.santaclausreindeer.fi\/fi\/tuote\/5-7-minuutin-poroajelu-joulupukin-pajakylassa\/#breadcrumb"},"inLanguage":"fi","potentialAction":[{"@type":"ReadAction","target":["https:\/\/www.santaclausreindeer.fi\/fi\/tuote\/5-7-minuutin-poroajelu-joulupukin-pajakylassa\/"]}]},{"@type":"BreadcrumbList","@id":"https:\/\/www.santaclausreindeer.fi\/fi\/tuote\/5-7-minuutin-poroajelu-joulupukin-pajakylassa\/#breadcrumb","itemListElement":[{"@type":"ListItem","position":1,"name":"Home","item":"https:\/\/www.santaclausreindeer.fi\/fi\/"},{"@type":"ListItem","position":2,"name":"Tuotteet","item":"https:\/\/www.santaclausreindeer.fi\/fi\/tuote\/"},{"@type":"ListItem","position":3,"name":"5\u20137 minuutin poroajelu \u2013 ei ennakkovarausta"}]},{"@type":"WebSite","@id":"https:\/\/www.santaclausreindeer.fi\/fi\/#website","url":"https:\/\/www.santaclausreindeer.fi\/fi\/","name":"Santa Claus Reindeer","description":"Arctic Circle, Rovaniemi, Lapland","publisher":{"@id":"https:\/\/www.santaclausreindeer.fi\/fi\/#organization"},"potentialAction":[{"@type":"SearchAction","target":{"@type":"EntryPoint","urlTemplate":"https:\/\/www.santaclausreindeer.fi\/fi\/?s={search_term_string}"},"query-input":{"@type":"PropertyValueSpecification","valueRequired":true,"valueName":"search_term_string"}}],"inLanguage":"fi"},{"@type":"Organization","@id":"https:\/\/www.santaclausreindeer.fi\/fi\/#organization","name":"Santa Claus Reindeer","url":"https:\/\/www.santaclausreindeer.fi\/fi\/","logo":{"@type":"ImageObject","inLanguage":"fi","@id":"https:\/\/www.santaclausreindeer.fi\/fi\/#\/schema\/logo\/image\/","url":"https:\/\/www.santaclausreindeer.fi\/wp-content\/uploads\/2024\/10\/scr_logo_vaakaslogan-RVN-RGB-opt.svg","contentUrl":"https:\/\/www.santaclausreindeer.fi\/wp-content\/uploads\/2024\/10\/scr_logo_vaakaslogan-RVN-RGB-opt.svg","width":396,"height":212,"caption":"Santa Claus Reindeer"},"image":{"@id":"https:\/\/www.santaclausreindeer.fi\/fi\/#\/schema\/logo\/image\/"},"sameAs":["https:\/\/www.facebook.com\/SantaClausReindeer\/","https:\/\/www.instagram.com\/santaclausreindeer\/","https:\/\/www.youtube.com\/user\/santareindeerlapland","https:\/\/www.tripadvisor.fr\/Attraction_Review-g189922-d6662018-Reviews-Santa_Claus_Reindeer-Rovaniemi_Lapland.html"]}]}},"_links":{"self":[{"href":"https:\/\/www.santaclausreindeer.fi\/fi\/wp-json\/wp\/v2\/product\/66008","targetHints":{"allow":["GET"]}}],"collection":[{"href":"https:\/\/www.santaclausreindeer.fi\/fi\/wp-json\/wp\/v2\/product"}],"about":[{"href":"https:\/\/www.santaclausreindeer.fi\/fi\/wp-json\/wp\/v2\/types\/product"}],"wp:attachment":[{"href":"https:\/\/www.santaclausreindeer.fi\/fi\/wp-json\/wp\/v2\/media?parent=66008"}],"wp:term":[{"taxonomy":"activity-category","embeddable":true,"href":"https:\/\/www.santaclausreindeer.fi\/fi\/wp-json\/wp\/v2\/activity-category?post=66008"},{"taxonomy":"activity-attribute","embeddable":true,"href":"https:\/\/www.santaclausreindeer.fi\/fi\/wp-json\/wp\/v2\/activity-attribute?post=66008"},{"taxonomy":"difficulty-level","embeddable":true,"href":"https:\/\/www.santaclausreindeer.fi\/fi\/wp-json\/wp\/v2\/difficulty-level?post=66008"},{"taxonomy":"activity-type","embeddable":true,"href":"https:\/\/www.santaclausreindeer.fi\/fi\/wp-json\/wp\/v2\/activity-type?post=66008"},{"taxonomy":"product-season","embeddable":true,"href":"https:\/\/www.santaclausreindeer.fi\/fi\/wp-json\/wp\/v2\/product-season?post=66008"},{"taxonomy":"product-includes","embeddable":true,"href":"https:\/\/www.santaclausreindeer.fi\/fi\/wp-json\/wp\/v2\/product-includes?post=66008"},{"taxonomy":"know-before-you-go","embeddable":true,"href":"https:\/\/www.santaclausreindeer.fi\/fi\/wp-json\/wp\/v2\/know-before-you-go?post=66008"},{"taxonomy":"company","embeddable":true,"href":"https:\/\/www.santaclausreindeer.fi\/fi\/wp-json\/wp\/v2\/company?post=66008"},{"taxonomy":"bookability","embeddable":true,"href":"https:\/\/www.santaclausreindeer.fi\/fi\/wp-json\/wp\/v2\/bookability?post=66008"},{"taxonomy":"icons","embeddable":true,"href":"https:\/\/www.santaclausreindeer.fi\/fi\/wp-json\/wp\/v2\/icons?post=66008"},{"taxonomy":"product-category","embeddable":true,"href":"https:\/\/www.santaclausreindeer.fi\/fi\/wp-json\/wp\/v2\/product-category?post=66008"}],"curies":[{"name":"wp","href":"https:\/\/api.w.org\/{rel}","templated":true}]}}