{"id":67512,"date":"2025-06-23T14:49:11","date_gmt":"2025-06-23T11:49:11","guid":{"rendered":"https:\/\/www.santaclausreindeer.fi\/kesa-blogi\/"},"modified":"2025-07-14T13:41:25","modified_gmt":"2025-07-14T10:41:25","slug":"kesa-blogi","status":"publish","type":"page","link":"https:\/\/www.santaclausreindeer.fi\/fi\/kesa-blogi\/","title":{"rendered":"Kes\u00e4 Blogi"},"content":{"rendered":"<p>[et_pb_section fb_built=&#8221;1&#8243; admin_label=&#8221;section&#8221; _builder_version=&#8221;4.27.4&#8243; background_image=&#8221;https:\/\/www.santaclausreindeer.fi\/wp-content\/uploads\/2025\/06\/Santa-Claus-Summer-Magic-10-by-Santa-Claus-Reindeer-in-Rovaniemi-Lapland-Finland-scaled.jpg&#8221; custom_padding=&#8221;||98px|||&#8221; global_colors_info=&#8221;{}&#8221;][et_pb_row admin_label=&#8221;rivi&#8221; _builder_version=&#8221;4.27.4&#8243; background_size=&#8221;initial&#8221; background_position=&#8221;top_left&#8221; background_repeat=&#8221;repeat&#8221; global_colors_info=&#8221;{}&#8221;][et_pb_column type=&#8221;4_4&#8243; _builder_version=&#8221;4.16&#8243; custom_padding=&#8221;|||&#8221; global_colors_info=&#8221;{}&#8221; custom_padding__hover=&#8221;|||&#8221;][et_pb_text _builder_version=&#8221;4.27.4&#8243; _module_preset=&#8221;default&#8221; background_layout=&#8221;dark&#8221; text_text_shadow_style=&#8221;preset1&#8243; global_colors_info=&#8221;{}&#8221;]<\/p>\n<h2 data-start=\"0\" data-end=\"547\">Kes\u00e4n taikaa Lapissa: Unelmien lomakokemukset Rovaniemell\u00e4<\/h2>\n<p data-start=\"0\" data-end=\"547\">Tervetuloa kes\u00e4blogi-kokoelmaamme \u2013 oppaasi Lapin taian kokemiseen ilman lunta. Santa Claus Reindeerill\u00e4 kes\u00e4 on kultaisen valon, rauhallisten maisemien ja unohtumattomien kohtaamisten aikaa luonnon ja kulttuurin kanssa. Blogikirjoituksemme sukeltavat syv\u00e4lle siihen, mit\u00e4 Rovaniemi tarjoaa l\u00e4mpimill\u00e4 kuukausilla: rauhallisiin porok\u00e4velyihin auringon siivil\u00f6imiss\u00e4 metsiss\u00e4, tunnelmallisiin vierailuihin Santa Claus Villageen keskiy\u00f6n auringon alla, marjastukseen, j\u00e4rvenrantasaunoihin ja perheyst\u00e4v\u00e4llisiin aktiviteetteihin napapiirin syd\u00e4mess\u00e4.<\/p>\n<p data-start=\"549\" data-end=\"946\" data-is-last-node=\"\" data-is-only-node=\"\">Olitpa sitten suunnittelemassa ensimm\u00e4ist\u00e4 kes\u00e4lomamatkaasi Suomen Lappiin tai palaamassa nauttimaan lis\u00e4\u00e4 arktista vieh\u00e4tyst\u00e4, tarinamme ja paikalliset vinkkimme auttavat sinua nauttimaan jokaisesta hetkest\u00e4 t\u00e4ysill\u00e4. L\u00f6yd\u00e4 piilotettuja helmi\u00e4, kausittaisia el\u00e4myksi\u00e4 ja k\u00e4yt\u00e4nn\u00f6n n\u00e4kemyksi\u00e4, jotka tekev\u00e4t kes\u00e4lomasta elinik\u00e4isen muiston \u2013 pienen avun kera Joulupukilta ja h\u00e4nen poroyst\u00e4vilt\u00e4\u00e4n.<\/p>\n<p>[\/et_pb_text][\/et_pb_column][\/et_pb_row][\/et_pb_section][et_pb_section fb_built=&#8221;1&#8243; _builder_version=&#8221;4.27.4&#8243; _module_preset=&#8221;default&#8221; global_colors_info=&#8221;{}&#8221;][et_pb_row _builder_version=&#8221;4.27.4&#8243; _module_preset=&#8221;default&#8221; global_colors_info=&#8221;{}&#8221;][et_pb_column type=&#8221;4_4&#8243; _builder_version=&#8221;4.27.4&#8243; _module_preset=&#8221;default&#8221; global_colors_info=&#8221;{}&#8221;][et_pb_text _builder_version=&#8221;4.27.4&#8243; _module_preset=&#8221;default&#8221; global_colors_info=&#8221;{}&#8221;]<\/p>\n<h2>Miksi kes\u00e4 Rovaniemell\u00e4?<\/h2>\n<p data-start=\"34\" data-end=\"369\">Kes\u00e4 Rovaniemell\u00e4 on t\u00e4ynn\u00e4 taikaa ja ainutlaatuisia el\u00e4myksi\u00e4, jotka erottavat sen muista matkakohteista. Kes\u00e4 Lapissa tarjoaa pitk\u00e4t, kirkkaat p\u00e4iv\u00e4t ja lumoavan keskiy\u00f6n auringon, joka valaisee taivaan tuntureilla ja metsiss\u00e4. T\u00e4m\u00e4 on t\u00e4ydellinen aika kokea Rovaniemen kauneus ja rauhallisuus ilman talvisten v\u00e4kijoukkojen vilin\u00e4\u00e4.<\/p>\n<p>[\/et_pb_text][\/et_pb_column][\/et_pb_row][\/et_pb_section][et_pb_section fb_built=&#8221;1&#8243; _builder_version=&#8221;4.27.4&#8243; _module_preset=&#8221;default&#8221; global_colors_info=&#8221;{}&#8221;][et_pb_row column_structure=&#8221;1_2,1_2&#8243; _builder_version=&#8221;4.27.4&#8243; _module_preset=&#8221;default&#8221; global_colors_info=&#8221;{}&#8221;][et_pb_column type=&#8221;1_2&#8243; _builder_version=&#8221;4.27.4&#8243; _module_preset=&#8221;default&#8221; global_colors_info=&#8221;{}&#8221;][et_pb_text _builder_version=&#8221;4.27.4&#8243; _module_preset=&#8221;default&#8221; global_colors_info=&#8221;{}&#8221;]<\/p>\n<h3 data-start=\"371\" data-end=\"748\"><strong data-start=\"371\" data-end=\"401\">1. Keskiy\u00f6n auringon taika<\/strong><\/h3>\n<p data-start=\"371\" data-end=\"748\">Rovaniemen kes\u00e4 on erityinen kokemus, sill\u00e4 t\u00e4\u00e4ll\u00e4 voit kokea keskiy\u00f6n auringon, joka valaisee maiseman 24 tuntia vuorokaudessa toukokuusta hein\u00e4kuuhun. T\u00e4m\u00e4 ainutlaatuinen ilmi\u00f6 luo surrealistisen tunnelman, jossa aika tuntuu pys\u00e4htyv\u00e4n ja luonto her\u00e4\u00e4 eloon kaikessa vehreydess\u00e4\u00e4n. Se on taianomainen kokemus, joka j\u00e4\u00e4 mieleen pitk\u00e4ksi aikaa.<\/p>\n<h3 data-start=\"750\" data-end=\"1078\"><strong data-start=\"750\" data-end=\"775\">2. Luonto ja ulkoilma<\/strong><\/h3>\n<p data-start=\"750\" data-end=\"1078\">Kes\u00e4ll\u00e4 Rovaniemi ja sen ymp\u00e4rist\u00f6 tarjoavat loputtomasti mahdollisuuksia ulkoilma-aktiviteetteihin. K\u00e4y rauhallisilla porok\u00e4velyill\u00e4 mets\u00e4poluilla, poimi marjoja ja sieni\u00e4, tai nauti melonnasta j\u00e4rvill\u00e4. Lapin luonto on t\u00e4ynn\u00e4 el\u00e4m\u00e4\u00e4, ja kes\u00e4 on t\u00e4ydellinen aika nauttia sen rauhasta ja kauneudesta.<\/p>\n<h3 data-start=\"1080\" data-end=\"1507\"><strong data-start=\"1080\" data-end=\"1117\">3. Perheyst\u00e4v\u00e4lliset aktiviteetit<\/strong><\/h3>\n<p data-start=\"1080\" data-end=\"1507\">Kes\u00e4 Rovaniemell\u00e4 on my\u00f6s t\u00e4ydellinen perheille. Santa Claus Village tarjoaa hauskoja ja opettavaisia kokemuksia kaikille ik\u00e4ryhmille, ja lapsille on tarjolla paljon erilaisia aktiviteetteja, kuten porojen ruokintaa ja j\u00e4nnitt\u00e4vi\u00e4 seikkailuja. Lis\u00e4ksi kes\u00e4 tarjoaa mahdollisuuden tutustua arktisen alueen kulttuuriin ja saamelaisperinteisiin, mik\u00e4 on opettavainen kokemus koko perheelle.<\/p>\n<p>[\/et_pb_text][\/et_pb_column][et_pb_column type=&#8221;1_2&#8243; _builder_version=&#8221;4.27.4&#8243; _module_preset=&#8221;default&#8221; global_colors_info=&#8221;{}&#8221;][et_pb_image src=&#8221;https:\/\/www.santaclausreindeer.fi\/wp-content\/uploads\/2025\/07\/Reindeer-in-forest-fence-at-Santa-Claus-Reindeer-Rovaniemi-Lapland-Finland-scaled.jpg&#8221; alt=&#8221;People are having fun with the reindeer in front of a forest&#8221; title_text=&#8221;Reindeer in forest fence at Santa Claus Reindeer, Rovaniemi, Lapland, Finland&#8221; _builder_version=&#8221;4.27.4&#8243; _module_preset=&#8221;default&#8221; global_colors_info=&#8221;{}&#8221;][\/et_pb_image][\/et_pb_column][\/et_pb_row][\/et_pb_section][et_pb_section fb_built=&#8221;1&#8243; _builder_version=&#8221;4.27.4&#8243; _module_preset=&#8221;default&#8221; global_colors_info=&#8221;{}&#8221;][et_pb_row column_structure=&#8221;1_2,1_2&#8243; _builder_version=&#8221;4.27.4&#8243; _module_preset=&#8221;default&#8221; global_colors_info=&#8221;{}&#8221;][et_pb_column type=&#8221;1_2&#8243; _builder_version=&#8221;4.27.4&#8243; _module_preset=&#8221;default&#8221; global_colors_info=&#8221;{}&#8221;][et_pb_image src=&#8221;https:\/\/www.santaclausreindeer.fi\/wp-content\/uploads\/2025\/06\/Live-the-life-of-a-reindeer-herder-half-day-at-the-Arctic-by-Sant-Claus-Reindeer-in-Rovaniemi-Lapland-Finland-scaled.jpg&#8221; alt=&#8221;People surrounding a reindeer&#8221; title_text=&#8221;Live the life of a reindeer herder, half day at the Arctic by Sant Claus Reindeer in Rovaniemi, Lapland, Finland&#8221; _builder_version=&#8221;4.27.4&#8243; _module_preset=&#8221;default&#8221; global_colors_info=&#8221;{}&#8221;][\/et_pb_image][\/et_pb_column][et_pb_column type=&#8221;1_2&#8243; _builder_version=&#8221;4.27.4&#8243; _module_preset=&#8221;default&#8221; global_colors_info=&#8221;{}&#8221;][et_pb_text _builder_version=&#8221;4.27.4&#8243; _module_preset=&#8221;default&#8221; global_colors_info=&#8221;{}&#8221;]<\/p>\n<h3 data-start=\"1509\" data-end=\"1824\"><strong data-start=\"1509\" data-end=\"1546\">4. V\u00e4hemm\u00e4n v\u00e4ke\u00e4, enemm\u00e4n rauhaa<\/strong><\/h3>\n<p data-start=\"1509\" data-end=\"1824\">Kes\u00e4 Rovaniemell\u00e4 tuo mukanaan rauhallisuuden, jonka talvinen sesonki ei voi tarjota. V\u00e4hemm\u00e4n turisteja tarkoittaa enemm\u00e4n tilaa nauttia luontokohteista ja rauhallisista hetkist\u00e4. T\u00e4m\u00e4 on t\u00e4ydellinen aika irtautua arjesta ja kokea Lapin erityinen tunnelma omassa rauhassaan.<\/p>\n<h3 data-start=\"1826\" data-end=\"2189\"><strong data-start=\"1826\" data-end=\"1867\">5. Paikallinen kulttuuri ja perinteet<\/strong><\/h3>\n<p data-start=\"1826\" data-end=\"2189\">Kes\u00e4ll\u00e4 Rovaniemi tarjoaa my\u00f6s upeita kulttuuriin liittyvi\u00e4 kokemuksia. Vieraile perinteisiss\u00e4 saamelaiskyliss\u00e4, tutustu saamelaisiin k\u00e4sit\u00f6ihin ja nauti lappilaisista ruoista paikallisissa ravintoloissa. Kes\u00e4 on my\u00f6s aika monille kulttuurifestivaaleille ja tapahtumille, jotka tuovat yhteen paikalliset ja matkailijat.<\/p>\n<p>[\/et_pb_text][\/et_pb_column][\/et_pb_row][\/et_pb_section][et_pb_section fb_built=&#8221;1&#8243; _builder_version=&#8221;4.27.4&#8243; _module_preset=&#8221;default&#8221; custom_padding=&#8221;||0px|||&#8221; global_colors_info=&#8221;{}&#8221;][et_pb_row _builder_version=&#8221;4.27.4&#8243; _module_preset=&#8221;default&#8221; global_colors_info=&#8221;{}&#8221;][et_pb_column type=&#8221;4_4&#8243; _builder_version=&#8221;4.27.4&#8243; _module_preset=&#8221;default&#8221; global_colors_info=&#8221;{}&#8221;][et_pb_text _builder_version=&#8221;4.27.4&#8243; _module_preset=&#8221;default&#8221; global_colors_info=&#8221;{}&#8221;]<\/p>\n<h2>Top 3 kes\u00e4kokemusta Rovaniemell\u00e4<\/h2>\n<p>[\/et_pb_text][\/et_pb_column][\/et_pb_row][\/et_pb_section][et_pb_section fb_built=&#8221;1&#8243; _builder_version=&#8221;4.27.4&#8243; _module_preset=&#8221;default&#8221; custom_padding=&#8221;0px|||||&#8221; global_colors_info=&#8221;{}&#8221;][et_pb_row _builder_version=&#8221;4.27.4&#8243; _module_preset=&#8221;default&#8221; global_colors_info=&#8221;{}&#8221;][et_pb_column type=&#8221;4_4&#8243; _builder_version=&#8221;4.27.4&#8243; _module_preset=&#8221;default&#8221; global_colors_info=&#8221;{}&#8221;][et_pb_blog fullwidth=&#8221;off&#8221; posts_number=&#8221;3&#8243; include_categories=&#8221;7474&#8243; show_more=&#8221;on&#8221; _builder_version=&#8221;4.27.4&#8243; _module_preset=&#8221;default&#8221; global_colors_info=&#8221;{}&#8221;][\/et_pb_blog][\/et_pb_column][\/et_pb_row][\/et_pb_section][et_pb_section fb_built=&#8221;1&#8243; _builder_version=&#8221;4.27.4&#8243; _module_preset=&#8221;default&#8221; custom_padding=&#8221;||0px|||&#8221; global_colors_info=&#8221;{}&#8221;][et_pb_row _builder_version=&#8221;4.27.4&#8243; _module_preset=&#8221;default&#8221; global_colors_info=&#8221;{}&#8221;][et_pb_column type=&#8221;4_4&#8243; _builder_version=&#8221;4.27.4&#8243; _module_preset=&#8221;default&#8221; global_colors_info=&#8221;{}&#8221;][et_pb_text _builder_version=&#8221;4.27.4&#8243; _module_preset=&#8221;default&#8221; global_colors_info=&#8221;{}&#8221;]<\/p>\n<h2>Nauti t\u00e4ysin seuraavasta kes\u00e4el\u00e4m\u00e4st\u00e4si<\/h2>\n<p>[\/et_pb_text][\/et_pb_column][\/et_pb_row][\/et_pb_section][et_pb_section fb_built=&#8221;1&#8243; _builder_version=&#8221;4.27.4&#8243; _module_preset=&#8221;default&#8221; global_colors_info=&#8221;{}&#8221;][et_pb_row _builder_version=&#8221;4.27.4&#8243; _module_preset=&#8221;default&#8221; global_colors_info=&#8221;{}&#8221;][et_pb_column type=&#8221;4_4&#8243; _builder_version=&#8221;4.27.4&#8243; _module_preset=&#8221;default&#8221; global_colors_info=&#8221;{}&#8221;][bokun_products display_mode=&#8221;specific&#8221; product_ids_text=&#8221;65995, 65888, 66023&#8243; _builder_version=&#8221;4.27.4&#8243; _module_preset=&#8221;default&#8221; global_colors_info=&#8221;{}&#8221;][\/bokun_products][\/et_pb_column][\/et_pb_row][\/et_pb_section]<\/p>\n","protected":false},"excerpt":{"rendered":"<p>Kes\u00e4n taikaa Lapissa: Unelmien lomakokemukset Rovaniemell\u00e4 Tervetuloa kes\u00e4blogi-kokoelmaamme \u2013 oppaasi Lapin taian kokemiseen ilman lunta. Santa Claus Reindeerill\u00e4 kes\u00e4 on [&hellip;]<\/p>\n","protected":false},"author":9,"featured_media":67192,"parent":0,"menu_order":0,"comment_status":"closed","ping_status":"closed","template":"","meta":{"_acf_changed":false,"_et_pb_use_builder":"on","_et_pb_old_content":"","_et_gb_content_width":"","inline_featured_image":false,"footnotes":""},"class_list":["post-67512","page","type-page","status-publish","has-post-thumbnail","hentry"],"acf":[],"yoast_head":"<!-- This site is optimized with the Yoast SEO plugin v27.3 - https:\/\/yoast.com\/product\/yoast-seo-wordpress\/ -->\n<title>Kes\u00e4 Blogi - Santa Claus Reindeer<\/title>\n<meta name=\"description\" content=\"L\u00f6yd\u00e4 kes\u00e4 Rovaniemelt\u00e4 Santa Claus Reindeerill\u00e4 \u2013 porovierailut, keskiy\u00f6n auringon taika ja parhaat napapiirin kokemukset.\" \/>\n<meta name=\"robots\" content=\"index, follow, max-snippet:-1, max-image-preview:large, max-video-preview:-1\" \/>\n<link rel=\"canonical\" href=\"https:\/\/www.santaclausreindeer.fi\/fi\/kesa-blogi\/\" \/>\n<meta property=\"og:locale\" content=\"fi_FI\" \/>\n<meta property=\"og:type\" content=\"article\" \/>\n<meta property=\"og:title\" content=\"Kes\u00e4 Blogi - Santa Claus Reindeer\" \/>\n<meta property=\"og:description\" content=\"L\u00f6yd\u00e4 kes\u00e4 Rovaniemelt\u00e4 Santa Claus Reindeerill\u00e4 \u2013 porovierailut, keskiy\u00f6n auringon taika ja parhaat napapiirin kokemukset.\" \/>\n<meta property=\"og:url\" content=\"https:\/\/www.santaclausreindeer.fi\/fi\/kesa-blogi\/\" \/>\n<meta property=\"og:site_name\" content=\"Santa Claus Reindeer\" \/>\n<meta property=\"article:publisher\" content=\"https:\/\/www.facebook.com\/SantaClausReindeer\/\" \/>\n<meta property=\"article:modified_time\" content=\"2025-07-14T10:41:25+00:00\" \/>\n<meta property=\"og:image\" content=\"https:\/\/www.santaclausreindeer.fi\/wp-content\/uploads\/2025\/06\/Santa-Claus-Summer-Magic-10-by-Santa-Claus-Reindeer-in-Rovaniemi-Lapland-Finland-scaled.jpg\" \/>\n\t<meta property=\"og:image:width\" content=\"1828\" \/>\n\t<meta property=\"og:image:height\" content=\"2560\" \/>\n\t<meta property=\"og:image:type\" content=\"image\/jpeg\" \/>\n<meta name=\"twitter:card\" content=\"summary_large_image\" \/>\n<meta name=\"twitter:label1\" content=\"Arvioitu lukuaika\" \/>\n\t<meta name=\"twitter:data1\" content=\"5 minuuttia\" \/>\n<script type=\"application\/ld+json\" class=\"yoast-schema-graph\">{\"@context\":\"https:\\\/\\\/schema.org\",\"@graph\":[{\"@type\":\"WebPage\",\"@id\":\"https:\\\/\\\/www.santaclausreindeer.fi\\\/fi\\\/kesa-blogi\\\/\",\"url\":\"https:\\\/\\\/www.santaclausreindeer.fi\\\/fi\\\/kesa-blogi\\\/\",\"name\":\"Kes\u00e4 Blogi - Santa Claus Reindeer\",\"isPartOf\":{\"@id\":\"https:\\\/\\\/www.santaclausreindeer.fi\\\/fi\\\/#website\"},\"primaryImageOfPage\":{\"@id\":\"https:\\\/\\\/www.santaclausreindeer.fi\\\/fi\\\/kesa-blogi\\\/#primaryimage\"},\"image\":{\"@id\":\"https:\\\/\\\/www.santaclausreindeer.fi\\\/fi\\\/kesa-blogi\\\/#primaryimage\"},\"thumbnailUrl\":\"https:\\\/\\\/www.santaclausreindeer.fi\\\/wp-content\\\/uploads\\\/2025\\\/06\\\/Santa-Claus-Summer-Magic-10-by-Santa-Claus-Reindeer-in-Rovaniemi-Lapland-Finland-scaled.jpg\",\"datePublished\":\"2025-06-23T11:49:11+00:00\",\"dateModified\":\"2025-07-14T10:41:25+00:00\",\"description\":\"L\u00f6yd\u00e4 kes\u00e4 Rovaniemelt\u00e4 Santa Claus Reindeerill\u00e4 \u2013 porovierailut, keskiy\u00f6n auringon taika ja parhaat napapiirin kokemukset.\",\"breadcrumb\":{\"@id\":\"https:\\\/\\\/www.santaclausreindeer.fi\\\/fi\\\/kesa-blogi\\\/#breadcrumb\"},\"inLanguage\":\"fi\",\"potentialAction\":[{\"@type\":\"ReadAction\",\"target\":[\"https:\\\/\\\/www.santaclausreindeer.fi\\\/fi\\\/kesa-blogi\\\/\"]}]},{\"@type\":\"ImageObject\",\"inLanguage\":\"fi\",\"@id\":\"https:\\\/\\\/www.santaclausreindeer.fi\\\/fi\\\/kesa-blogi\\\/#primaryimage\",\"url\":\"https:\\\/\\\/www.santaclausreindeer.fi\\\/wp-content\\\/uploads\\\/2025\\\/06\\\/Santa-Claus-Summer-Magic-10-by-Santa-Claus-Reindeer-in-Rovaniemi-Lapland-Finland-scaled.jpg\",\"contentUrl\":\"https:\\\/\\\/www.santaclausreindeer.fi\\\/wp-content\\\/uploads\\\/2025\\\/06\\\/Santa-Claus-Summer-Magic-10-by-Santa-Claus-Reindeer-in-Rovaniemi-Lapland-Finland-scaled.jpg\",\"width\":1828,\"height\":2560,\"caption\":\"Yksinmatkustaja Santa Claus Reindeer -aitauksessa kes\u00e4ll\u00e4\"},{\"@type\":\"BreadcrumbList\",\"@id\":\"https:\\\/\\\/www.santaclausreindeer.fi\\\/fi\\\/kesa-blogi\\\/#breadcrumb\",\"itemListElement\":[{\"@type\":\"ListItem\",\"position\":1,\"name\":\"Home\",\"item\":\"https:\\\/\\\/www.santaclausreindeer.fi\\\/fi\\\/\"},{\"@type\":\"ListItem\",\"position\":2,\"name\":\"Kes\u00e4 Blogi\"}]},{\"@type\":\"WebSite\",\"@id\":\"https:\\\/\\\/www.santaclausreindeer.fi\\\/fi\\\/#website\",\"url\":\"https:\\\/\\\/www.santaclausreindeer.fi\\\/fi\\\/\",\"name\":\"Santa Claus Reindeer\",\"description\":\"Arctic Circle, Rovaniemi, Lapland\",\"publisher\":{\"@id\":\"https:\\\/\\\/www.santaclausreindeer.fi\\\/fi\\\/#organization\"},\"potentialAction\":[{\"@type\":\"SearchAction\",\"target\":{\"@type\":\"EntryPoint\",\"urlTemplate\":\"https:\\\/\\\/www.santaclausreindeer.fi\\\/fi\\\/?s={search_term_string}\"},\"query-input\":{\"@type\":\"PropertyValueSpecification\",\"valueRequired\":true,\"valueName\":\"search_term_string\"}}],\"inLanguage\":\"fi\"},{\"@type\":\"Organization\",\"@id\":\"https:\\\/\\\/www.santaclausreindeer.fi\\\/fi\\\/#organization\",\"name\":\"Santa Claus Reindeer\",\"url\":\"https:\\\/\\\/www.santaclausreindeer.fi\\\/fi\\\/\",\"logo\":{\"@type\":\"ImageObject\",\"inLanguage\":\"fi\",\"@id\":\"https:\\\/\\\/www.santaclausreindeer.fi\\\/fi\\\/#\\\/schema\\\/logo\\\/image\\\/\",\"url\":\"https:\\\/\\\/www.santaclausreindeer.fi\\\/wp-content\\\/uploads\\\/2024\\\/10\\\/scr_logo_vaakaslogan-RVN-RGB-opt.svg\",\"contentUrl\":\"https:\\\/\\\/www.santaclausreindeer.fi\\\/wp-content\\\/uploads\\\/2024\\\/10\\\/scr_logo_vaakaslogan-RVN-RGB-opt.svg\",\"width\":396,\"height\":212,\"caption\":\"Santa Claus Reindeer\"},\"image\":{\"@id\":\"https:\\\/\\\/www.santaclausreindeer.fi\\\/fi\\\/#\\\/schema\\\/logo\\\/image\\\/\"},\"sameAs\":[\"https:\\\/\\\/www.facebook.com\\\/SantaClausReindeer\\\/\",\"https:\\\/\\\/www.instagram.com\\\/santaclausreindeer\\\/\",\"https:\\\/\\\/www.youtube.com\\\/user\\\/santareindeerlapland\",\"https:\\\/\\\/www.tripadvisor.fr\\\/Attraction_Review-g189922-d6662018-Reviews-Santa_Claus_Reindeer-Rovaniemi_Lapland.html\"]}]}<\/script>\n<!-- \/ Yoast SEO plugin. -->","yoast_head_json":{"title":"Kes\u00e4 Blogi - Santa Claus Reindeer","description":"L\u00f6yd\u00e4 kes\u00e4 Rovaniemelt\u00e4 Santa Claus Reindeerill\u00e4 \u2013 porovierailut, keskiy\u00f6n auringon taika ja parhaat napapiirin kokemukset.","robots":{"index":"index","follow":"follow","max-snippet":"max-snippet:-1","max-image-preview":"max-image-preview:large","max-video-preview":"max-video-preview:-1"},"canonical":"https:\/\/www.santaclausreindeer.fi\/fi\/kesa-blogi\/","og_locale":"fi_FI","og_type":"article","og_title":"Kes\u00e4 Blogi - Santa Claus Reindeer","og_description":"L\u00f6yd\u00e4 kes\u00e4 Rovaniemelt\u00e4 Santa Claus Reindeerill\u00e4 \u2013 porovierailut, keskiy\u00f6n auringon taika ja parhaat napapiirin kokemukset.","og_url":"https:\/\/www.santaclausreindeer.fi\/fi\/kesa-blogi\/","og_site_name":"Santa Claus Reindeer","article_publisher":"https:\/\/www.facebook.com\/SantaClausReindeer\/","article_modified_time":"2025-07-14T10:41:25+00:00","og_image":[{"width":1828,"height":2560,"url":"https:\/\/www.santaclausreindeer.fi\/wp-content\/uploads\/2025\/06\/Santa-Claus-Summer-Magic-10-by-Santa-Claus-Reindeer-in-Rovaniemi-Lapland-Finland-scaled.jpg","type":"image\/jpeg"}],"twitter_card":"summary_large_image","twitter_misc":{"Arvioitu lukuaika":"5 minuuttia"},"schema":{"@context":"https:\/\/schema.org","@graph":[{"@type":"WebPage","@id":"https:\/\/www.santaclausreindeer.fi\/fi\/kesa-blogi\/","url":"https:\/\/www.santaclausreindeer.fi\/fi\/kesa-blogi\/","name":"Kes\u00e4 Blogi - Santa Claus Reindeer","isPartOf":{"@id":"https:\/\/www.santaclausreindeer.fi\/fi\/#website"},"primaryImageOfPage":{"@id":"https:\/\/www.santaclausreindeer.fi\/fi\/kesa-blogi\/#primaryimage"},"image":{"@id":"https:\/\/www.santaclausreindeer.fi\/fi\/kesa-blogi\/#primaryimage"},"thumbnailUrl":"https:\/\/www.santaclausreindeer.fi\/wp-content\/uploads\/2025\/06\/Santa-Claus-Summer-Magic-10-by-Santa-Claus-Reindeer-in-Rovaniemi-Lapland-Finland-scaled.jpg","datePublished":"2025-06-23T11:49:11+00:00","dateModified":"2025-07-14T10:41:25+00:00","description":"L\u00f6yd\u00e4 kes\u00e4 Rovaniemelt\u00e4 Santa Claus Reindeerill\u00e4 \u2013 porovierailut, keskiy\u00f6n auringon taika ja parhaat napapiirin kokemukset.","breadcrumb":{"@id":"https:\/\/www.santaclausreindeer.fi\/fi\/kesa-blogi\/#breadcrumb"},"inLanguage":"fi","potentialAction":[{"@type":"ReadAction","target":["https:\/\/www.santaclausreindeer.fi\/fi\/kesa-blogi\/"]}]},{"@type":"ImageObject","inLanguage":"fi","@id":"https:\/\/www.santaclausreindeer.fi\/fi\/kesa-blogi\/#primaryimage","url":"https:\/\/www.santaclausreindeer.fi\/wp-content\/uploads\/2025\/06\/Santa-Claus-Summer-Magic-10-by-Santa-Claus-Reindeer-in-Rovaniemi-Lapland-Finland-scaled.jpg","contentUrl":"https:\/\/www.santaclausreindeer.fi\/wp-content\/uploads\/2025\/06\/Santa-Claus-Summer-Magic-10-by-Santa-Claus-Reindeer-in-Rovaniemi-Lapland-Finland-scaled.jpg","width":1828,"height":2560,"caption":"Yksinmatkustaja Santa Claus Reindeer -aitauksessa kes\u00e4ll\u00e4"},{"@type":"BreadcrumbList","@id":"https:\/\/www.santaclausreindeer.fi\/fi\/kesa-blogi\/#breadcrumb","itemListElement":[{"@type":"ListItem","position":1,"name":"Home","item":"https:\/\/www.santaclausreindeer.fi\/fi\/"},{"@type":"ListItem","position":2,"name":"Kes\u00e4 Blogi"}]},{"@type":"WebSite","@id":"https:\/\/www.santaclausreindeer.fi\/fi\/#website","url":"https:\/\/www.santaclausreindeer.fi\/fi\/","name":"Santa Claus Reindeer","description":"Arctic Circle, Rovaniemi, Lapland","publisher":{"@id":"https:\/\/www.santaclausreindeer.fi\/fi\/#organization"},"potentialAction":[{"@type":"SearchAction","target":{"@type":"EntryPoint","urlTemplate":"https:\/\/www.santaclausreindeer.fi\/fi\/?s={search_term_string}"},"query-input":{"@type":"PropertyValueSpecification","valueRequired":true,"valueName":"search_term_string"}}],"inLanguage":"fi"},{"@type":"Organization","@id":"https:\/\/www.santaclausreindeer.fi\/fi\/#organization","name":"Santa Claus Reindeer","url":"https:\/\/www.santaclausreindeer.fi\/fi\/","logo":{"@type":"ImageObject","inLanguage":"fi","@id":"https:\/\/www.santaclausreindeer.fi\/fi\/#\/schema\/logo\/image\/","url":"https:\/\/www.santaclausreindeer.fi\/wp-content\/uploads\/2024\/10\/scr_logo_vaakaslogan-RVN-RGB-opt.svg","contentUrl":"https:\/\/www.santaclausreindeer.fi\/wp-content\/uploads\/2024\/10\/scr_logo_vaakaslogan-RVN-RGB-opt.svg","width":396,"height":212,"caption":"Santa Claus Reindeer"},"image":{"@id":"https:\/\/www.santaclausreindeer.fi\/fi\/#\/schema\/logo\/image\/"},"sameAs":["https:\/\/www.facebook.com\/SantaClausReindeer\/","https:\/\/www.instagram.com\/santaclausreindeer\/","https:\/\/www.youtube.com\/user\/santareindeerlapland","https:\/\/www.tripadvisor.fr\/Attraction_Review-g189922-d6662018-Reviews-Santa_Claus_Reindeer-Rovaniemi_Lapland.html"]}]}},"_links":{"self":[{"href":"https:\/\/www.santaclausreindeer.fi\/fi\/wp-json\/wp\/v2\/pages\/67512","targetHints":{"allow":["GET"]}}],"collection":[{"href":"https:\/\/www.santaclausreindeer.fi\/fi\/wp-json\/wp\/v2\/pages"}],"about":[{"href":"https:\/\/www.santaclausreindeer.fi\/fi\/wp-json\/wp\/v2\/types\/page"}],"author":[{"embeddable":true,"href":"https:\/\/www.santaclausreindeer.fi\/fi\/wp-json\/wp\/v2\/users\/9"}],"replies":[{"embeddable":true,"href":"https:\/\/www.santaclausreindeer.fi\/fi\/wp-json\/wp\/v2\/comments?post=67512"}],"version-history":[{"count":6,"href":"https:\/\/www.santaclausreindeer.fi\/fi\/wp-json\/wp\/v2\/pages\/67512\/revisions"}],"predecessor-version":[{"id":67522,"href":"https:\/\/www.santaclausreindeer.fi\/fi\/wp-json\/wp\/v2\/pages\/67512\/revisions\/67522"}],"wp:featuredmedia":[{"embeddable":true,"href":"https:\/\/www.santaclausreindeer.fi\/fi\/wp-json\/wp\/v2\/media\/67192"}],"wp:attachment":[{"href":"https:\/\/www.santaclausreindeer.fi\/fi\/wp-json\/wp\/v2\/media?parent=67512"}],"curies":[{"name":"wp","href":"https:\/\/api.w.org\/{rel}","templated":true}]}}