{"id":66787,"date":"2025-05-17T10:37:40","date_gmt":"2025-05-17T07:37:40","guid":{"rendered":"https:\/\/www.www.santaclausreindeer.fi\/tarinoita-lapista-blogi\/"},"modified":"2025-07-14T13:22:14","modified_gmt":"2025-07-14T10:22:14","slug":"tarinoita-lapista-blogi","status":"publish","type":"page","link":"https:\/\/www.santaclausreindeer.fi\/fi\/tarinoita-lapista-blogi\/","title":{"rendered":"Tarinoita Lapista \u2013 Blogi"},"content":{"rendered":"<p>[et_pb_section fb_built=&#8221;1&#8243; _builder_version=&#8221;4.27.4&#8243; _module_preset=&#8221;default&#8221; background_color=&#8221;#3E3131&#8243; global_colors_info=&#8221;{}&#8221;][et_pb_row _builder_version=&#8221;4.27.4&#8243; _module_preset=&#8221;default&#8221; global_colors_info=&#8221;{}&#8221;][et_pb_column type=&#8221;4_4&#8243; _builder_version=&#8221;4.27.4&#8243; _module_preset=&#8221;default&#8221; global_colors_info=&#8221;{}&#8221;][et_pb_text _builder_version=&#8221;4.27.4&#8243; _module_preset=&#8221;default&#8221; background_layout=&#8221;dark&#8221; global_colors_info=&#8221;{}&#8221;]<\/p>\n<h2 data-start=\"0\" data-end=\"21\"><strong data-start=\"0\" data-end=\"21\">Tarinoita Lapista<\/strong><\/h2>\n<p class=\"\" data-start=\"23\" data-end=\"474\">Tervetuloa lukemaan <em data-start=\"43\" data-end=\"62\">Tarinoita Lapista<\/em>, Santa Claus Reindeerin virallista blogia, jossa jaamme syd\u00e4nt\u00e4 l\u00e4mmitt\u00e4vi\u00e4 hetki\u00e4, kertomattomia tarinoita ja arktisen arjen taikaa Napapiirilt\u00e4. Olitpa sitten haaveilemassa talvisesta seikkailusta, utelias porojen el\u00e4m\u00e4st\u00e4 tai suunnittelemassa ensimm\u00e4ist\u00e4 vierailuasi Joulupukin kyl\u00e4\u00e4n, t\u00e4m\u00e4 on oikea paikka tutustua aitoihin lappilaisiin tarinoihin, vuodenaikojen vaihteluihin ja kulissien takaiseen el\u00e4m\u00e4\u00e4n.<\/p>\n<p class=\"\" data-start=\"476\" data-end=\"645\">Paikallisista perinteist\u00e4 aina kohtaamisiin lumen, porojen ja revontulien kanssa \u2013 <em data-start=\"559\" data-end=\"578\">Tarinoita Lapista<\/em> tuo sinut l\u00e4hemm\u00e4ksi maailmamme taikaa, yksi kirjoitus kerrallaan.<\/p>\n<p>[\/et_pb_text][\/et_pb_column][\/et_pb_row][\/et_pb_section][et_pb_section fb_built=&#8221;1&#8243; _builder_version=&#8221;4.27.4&#8243; _module_preset=&#8221;default&#8221; global_colors_info=&#8221;{}&#8221;][et_pb_row _builder_version=&#8221;4.27.4&#8243; _module_preset=&#8221;default&#8221; global_colors_info=&#8221;{}&#8221;][et_pb_column type=&#8221;4_4&#8243; _builder_version=&#8221;4.27.4&#8243; _module_preset=&#8221;default&#8221; global_colors_info=&#8221;{}&#8221;][et_pb_blog fullwidth=&#8221;off&#8221; posts_number=&#8221;3&#8243; _builder_version=&#8221;4.27.4&#8243; _module_preset=&#8221;default&#8221; global_colors_info=&#8221;{}&#8221;][\/et_pb_blog][\/et_pb_column][\/et_pb_row][\/et_pb_section][et_pb_section fb_built=&#8221;1&#8243; _builder_version=&#8221;4.27.4&#8243; _module_preset=&#8221;default&#8221; background_image=&#8221;https:\/\/www.santaclausreindeer.fi\/wp-content\/uploads\/2025\/05\/santaclausreindeer-syksy-1-11-scaled.jpg&#8221; global_colors_info=&#8221;{}&#8221;][et_pb_row _builder_version=&#8221;4.27.4&#8243; _module_preset=&#8221;default&#8221; global_colors_info=&#8221;{}&#8221;][et_pb_column type=&#8221;4_4&#8243; _builder_version=&#8221;4.27.4&#8243; _module_preset=&#8221;default&#8221; global_colors_info=&#8221;{}&#8221;][et_pb_text _builder_version=&#8221;4.27.4&#8243; _module_preset=&#8221;default&#8221; background_image=&#8221;https:\/\/www.santaclausreindeer.fi\/wp-content\/uploads\/2024\/09\/scr-laatikko-vaalea-80.svg&#8221; width=&#8221;44%&#8221; custom_margin=&#8221;||0px|0px|false|false&#8221; custom_padding=&#8221;|19px|20px|16px|false|false&#8221; global_colors_info=&#8221;{}&#8221;]<\/p>\n<h2><strong data-start=\"0\" data-end=\"43\" data-is-only-node=\"\">EL\u00c4M\u00c4 POROJEN KANSSA: TARINOITA LAPISTA<\/strong><\/h2>\n<p>El\u00e4m\u00e4 porojen kanssa: Tarinoita Lapista vie sinut Santa Claus Reindeer -maailmaamme, jossa porot eiv\u00e4t ole vain el\u00e4imi\u00e4, vaan kumppaneita, opettajia ja el\u00e4v\u00e4 yhteys arktiseen el\u00e4m\u00e4ntapaan. N\u00e4m\u00e4 tarinat ovat per\u00e4isin sukupolvien ajan poronhoitajilta, jotka ovat kulkeneet samoja polkuja yli vuosisadan ajan, jakaen naurua, haasteita ja syv\u00e4\u00e4 kunnioitusta maata kohtaan.<br data-start=\"414\" data-end=\"417\" \/>Tule l\u00e4hemm\u00e4s. Kuuntele tarkasti. Jokaisessa kavionj\u00e4ljess\u00e4 on tarina, joka odottaa sinua.<\/p>\n<p>[\/et_pb_text][\/et_pb_column][\/et_pb_row][\/et_pb_section][et_pb_section fb_built=&#8221;1&#8243; _builder_version=&#8221;4.27.4&#8243; _module_preset=&#8221;default&#8221; global_colors_info=&#8221;{}&#8221;][et_pb_row _builder_version=&#8221;4.27.4&#8243; _module_preset=&#8221;default&#8221; global_colors_info=&#8221;{}&#8221;][et_pb_column type=&#8221;4_4&#8243; _builder_version=&#8221;4.27.4&#8243; _module_preset=&#8221;default&#8221; global_colors_info=&#8221;{}&#8221;][et_pb_text _builder_version=&#8221;4.27.4&#8243; _module_preset=&#8221;default&#8221; global_colors_info=&#8221;{}&#8221;]<\/p>\n<h2>Tarinat kauden mukaan<\/h2>\n<p>[\/et_pb_text][\/et_pb_column][\/et_pb_row][\/et_pb_section][et_pb_section fb_built=&#8221;1&#8243; _builder_version=&#8221;4.27.4&#8243; _module_preset=&#8221;default&#8221; global_colors_info=&#8221;{}&#8221;][et_pb_row column_structure=&#8221;1_2,1_2&#8243; _builder_version=&#8221;4.27.4&#8243; _module_preset=&#8221;default&#8221; global_colors_info=&#8221;{}&#8221;][et_pb_column type=&#8221;1_2&#8243; _builder_version=&#8221;4.27.4&#8243; _module_preset=&#8221;default&#8221; global_colors_info=&#8221;{}&#8221;][et_pb_text _builder_version=&#8221;4.27.4&#8243; _module_preset=&#8221;default&#8221; background_image=&#8221;https:\/\/www.santaclausreindeer.fi\/wp-content\/uploads\/2025\/07\/Santa-Claus-Summer-Magic-14-by-Santa-Claus-Reindeer-in-Rovaniemi-Lapland-Finland-scaled.jpg&#8221; custom_padding=&#8221;||298px|||&#8221; hover_enabled=&#8221;0&#8243; global_colors_info=&#8221;{}&#8221; link_option_url=&#8221;https:\/\/www.santaclausreindeer.fi\/fi\/kesa-blogi\/&#8221; sticky_enabled=&#8221;0&#8243;]<\/p>\n<h3>\u00a0<\/h3>\n<h3>\u00a0<\/h3>\n<h3>\u00a0<\/h3>\n<h3>\u00a0<\/h3>\n<h3>\u00a0<\/h3>\n<h3 style=\"text-align: center;\">SUMMER<\/h3>\n<p>[\/et_pb_text][\/et_pb_column][et_pb_column type=&#8221;1_2&#8243; _builder_version=&#8221;4.27.4&#8243; _module_preset=&#8221;default&#8221; global_colors_info=&#8221;{}&#8221;][et_pb_text _builder_version=&#8221;4.27.4&#8243; _module_preset=&#8221;default&#8221; background_image=&#8221;https:\/\/www.santaclausreindeer.fi\/wp-content\/uploads\/2025\/05\/santaclausreindeer-syksy-1-2-scaled.jpg&#8221; custom_padding=&#8221;||297px|||&#8221; global_colors_info=&#8221;{}&#8221;]<\/p>\n<h2>\u00a0<\/h2>\n<h2>\u00a0<\/h2>\n<h2 style=\"text-align: center;\"><\/h2>\n<h2 style=\"text-align: center;\"><\/h2>\n<h2 style=\"text-align: center;\"><\/h2>\n<h2 style=\"text-align: center;\"><\/h2>\n<h2 style=\"text-align: center;\"><\/h2>\n<h2 style=\"text-align: center;\"><\/h2>\n<h2 style=\"text-align: center;\"><\/h2>\n<h2 style=\"text-align: center;\"><\/h2>\n<h2 style=\"text-align: center;\"><\/h2>\n<h2 style=\"text-align: center;\"><\/h2>\n<h2 style=\"text-align: center;\"><\/h2>\n<h2 style=\"text-align: center;\"><\/h2>\n<h2 style=\"text-align: center;\">SPRING<\/h2>\n<p>[\/et_pb_text][\/et_pb_column][\/et_pb_row][\/et_pb_section][et_pb_section fb_built=&#8221;1&#8243; _builder_version=&#8221;4.27.4&#8243; _module_preset=&#8221;default&#8221; global_colors_info=&#8221;{}&#8221;][et_pb_row column_structure=&#8221;1_2,1_2&#8243; _builder_version=&#8221;4.27.4&#8243; _module_preset=&#8221;default&#8221; global_colors_info=&#8221;{}&#8221;][et_pb_column type=&#8221;1_2&#8243; _builder_version=&#8221;4.27.4&#8243; _module_preset=&#8221;default&#8221; global_colors_info=&#8221;{}&#8221;][et_pb_text _builder_version=&#8221;4.27.4&#8243; _module_preset=&#8221;default&#8221; background_image=&#8221;https:\/\/www.santaclausreindeer.fi\/wp-content\/uploads\/2025\/05\/A-reindeer-in-the-winter-wonderland-scaled.jpg&#8221; custom_padding=&#8221;||275px|||&#8221; global_colors_info=&#8221;{}&#8221;]<\/p>\n<h2 style=\"text-align: center;\"><\/h2>\n<h2 style=\"text-align: center;\"><\/h2>\n<h2 style=\"text-align: center;\"><\/h2>\n<h2 style=\"text-align: center;\"><\/h2>\n<h2 style=\"text-align: center;\"><\/h2>\n<h2 style=\"text-align: center;\"><\/h2>\n<h2 style=\"text-align: center;\"><\/h2>\n<h2 style=\"text-align: center;\"><\/h2>\n<h2 style=\"text-align: center;\"><\/h2>\n<h2 style=\"text-align: center;\"><\/h2>\n<h2 style=\"text-align: center;\"><\/h2>\n<h2 style=\"text-align: center;\"><\/h2>\n<h2 style=\"text-align: center;\"><\/h2>\n<h2 style=\"text-align: center;\"><\/h2>\n<h2 style=\"text-align: center;\"><\/h2>\n<h2 style=\"text-align: center;\"><span style=\"font-size: 34px; font-weight: bold;\"><\/span><\/h2>\n<h2 style=\"text-align: center;\"><span style=\"font-size: 34px; font-weight: bold;\"><\/span><\/h2>\n<h2 style=\"text-align: center;\"><span style=\"font-size: 34px; font-weight: bold;\"><\/span><\/h2>\n<h2 style=\"text-align: center;\"><span style=\"font-size: 34px; font-weight: bold;\"><\/span><\/h2>\n<h2 style=\"text-align: center;\"><span style=\"font-size: 34px; font-weight: bold;\"><\/span><\/h2>\n<h2 style=\"text-align: center;\"><span style=\"font-size: 34px; font-weight: bold;\"><\/span><\/h2>\n<h2 style=\"text-align: center;\"><span style=\"font-size: 34px; font-weight: bold;\"><\/span><\/h2>\n<h2 style=\"text-align: center;\"><span style=\"font-size: 34px; font-weight: bold;\"><\/span><\/h2>\n<h2 style=\"text-align: center;\"><span style=\"font-size: 34px; font-weight: bold;\"><\/span><\/h2>\n<h2 style=\"text-align: center;\"><span style=\"font-size: 34px; font-weight: bold;\"><\/span><\/h2>\n<h2 style=\"text-align: center;\"><span style=\"font-size: 34px; font-weight: bold;\"><\/span><\/h2>\n<h2 style=\"text-align: center;\"><span style=\"font-size: 34px; font-weight: bold;\"><\/span><\/h2>\n<h2 style=\"text-align: center;\"><span style=\"font-size: 34px; font-weight: bold;\">Winter<\/span><\/h2>\n<p>[\/et_pb_text][\/et_pb_column][et_pb_column type=&#8221;1_2&#8243; _builder_version=&#8221;4.27.4&#8243; _module_preset=&#8221;default&#8221; global_colors_info=&#8221;{}&#8221;][et_pb_text _builder_version=&#8221;4.27.4&#8243; _module_preset=&#8221;default&#8221; background_image=&#8221;https:\/\/www.santaclausreindeer.fi\/wp-content\/uploads\/2025\/05\/santaclausreindeer-syksy-1-3-scaled.jpg&#8221; custom_padding=&#8221;||283px|||&#8221; global_colors_info=&#8221;{}&#8221;]<\/p>\n<h2 style=\"text-align: center;\"><\/h2>\n<h2 style=\"text-align: center;\"><\/h2>\n<h2 style=\"text-align: center;\"><\/h2>\n<h2 style=\"text-align: center;\"><\/h2>\n<h2 style=\"text-align: center;\"><\/h2>\n<h2 style=\"text-align: center;\"><\/h2>\n<h2 style=\"text-align: center;\"><\/h2>\n<h2 style=\"text-align: center;\"><\/h2>\n<h2 style=\"text-align: center;\"><\/h2>\n<h2 style=\"text-align: center;\"><\/h2>\n<h2 style=\"text-align: center;\"><\/h2>\n<h2 style=\"text-align: center;\"><\/h2>\n<h2 style=\"text-align: center;\"><\/h2>\n<h2 style=\"text-align: center;\"><\/h2>\n<h2 style=\"text-align: center;\"><\/h2>\n<h2 style=\"text-align: center;\"><\/h2>\n<h2 style=\"text-align: center;\"><\/h2>\n<h2 style=\"text-align: center;\"><\/h2>\n<h2 style=\"text-align: center;\"><\/h2>\n<h2 style=\"text-align: center;\"><\/h2>\n<h2 style=\"text-align: center;\"><\/h2>\n<h2 style=\"text-align: center;\"><\/h2>\n<h2 style=\"text-align: center;\"><\/h2>\n<h2 style=\"text-align: center;\"><\/h2>\n<h2 style=\"text-align: center;\"><\/h2>\n<h2 style=\"text-align: center;\"><\/h2>\n<h2 style=\"text-align: center;\">AUTUMN<\/h2>\n<p>[\/et_pb_text][\/et_pb_column][\/et_pb_row][\/et_pb_section][et_pb_section fb_built=&#8221;1&#8243; _builder_version=&#8221;4.27.4&#8243; _module_preset=&#8221;default&#8221; background_image=&#8221;https:\/\/www.santaclausreindeer.fi\/wp-content\/uploads\/2025\/06\/Santa-Claus-meeting-reindeer-in-autumn-in-Santa-Claus-Village-Santa-Claus-Reindeer-Rovaniemi-Finland-scaled.jpg&#8221; global_colors_info=&#8221;{}&#8221;][et_pb_row _builder_version=&#8221;4.27.4&#8243; _module_preset=&#8221;default&#8221; global_colors_info=&#8221;{}&#8221;][et_pb_column type=&#8221;4_4&#8243; _builder_version=&#8221;4.27.4&#8243; _module_preset=&#8221;default&#8221; global_colors_info=&#8221;{}&#8221;][et_pb_text _builder_version=&#8221;4.27.4&#8243; _module_preset=&#8221;default&#8221; background_image=&#8221;https:\/\/www.santaclausreindeer.fi\/wp-content\/uploads\/2024\/09\/scr-laatikko-vaalea-80.svg&#8221; text_orientation=&#8221;right&#8221; width=&#8221;36%&#8221; max_width=&#8221;100%&#8221; module_alignment=&#8221;right&#8221; custom_margin=&#8221;|0px|||false|false&#8221; custom_padding=&#8221;|16px|78px|16px|false|false&#8221; global_colors_info=&#8221;{}&#8221;]<\/p>\n<h3>EIK\u00d6 OLETTAMASI L\u00d6YT\u00c4\u00c4 ETSIM\u00c4\u00c4SI?<\/h3>\n<p>\u00c4l\u00e4 huoli \u2013 Lappi on t\u00e4ynn\u00e4 piilotettuja tarinoita, ja sinun saattaa olla vain klikkauksen p\u00e4\u00e4ss\u00e4! K\u00e4yt\u00e4 alla olevaa hakupalkkia tutkiaksesi blogiamme ja paljastaaksesi taianomaisia tarinoita, poroseikkailuja, kausittaisia vinkkej\u00e4 ja kulisseista kurkistuksia Arktikselta.<br data-start=\"308\" data-end=\"311\" \/>\ud83d\udd0d Aloita haku ja anna Lapin tarinoiden l\u00f6yt\u00e4\u00e4 sinut.<\/p>\n<p>[\/et_pb_text][et_pb_search _builder_version=&#8221;4.27.4&#8243; _module_preset=&#8221;default&#8221; width=&#8221;36%&#8221; module_alignment=&#8221;right&#8221; global_colors_info=&#8221;{}&#8221;][\/et_pb_search][\/et_pb_column][\/et_pb_row][\/et_pb_section]<\/p>\n","protected":false},"excerpt":{"rendered":"<p>Tarinoita Lapista Tervetuloa lukemaan Tarinoita Lapista, Santa Claus Reindeerin virallista blogia, jossa jaamme syd\u00e4nt\u00e4 l\u00e4mmitt\u00e4vi\u00e4 hetki\u00e4, kertomattomia tarinoita ja arktisen [&hellip;]<\/p>\n","protected":false},"author":9,"featured_media":66467,"parent":0,"menu_order":0,"comment_status":"closed","ping_status":"closed","template":"","meta":{"_acf_changed":false,"_et_pb_use_builder":"on","_et_pb_old_content":"","_et_gb_content_width":"","inline_featured_image":false,"footnotes":""},"class_list":["post-66787","page","type-page","status-publish","has-post-thumbnail","hentry"],"acf":[],"yoast_head":"<!-- This site is optimized with the Yoast SEO plugin v27.3 - https:\/\/yoast.com\/product\/yoast-seo-wordpress\/ -->\n<title>Tarinoita Lapista \u2013 Blogi - Santa Claus Reindeer<\/title>\n<meta name=\"description\" content=\"Tarinoita Lapista \u2013 L\u00f6yd\u00e4 taianomaisia hetki\u00e4, porotarinoita ja kulissien takaisia kertomuksia Joulupukin kyl\u00e4st\u00e4. Tutustu el\u00e4m\u00e4\u00e4n, kulttuuriin ja el\u00e4myksiin Suomen Lapin syd\u00e4mess\u00e4.\" \/>\n<meta name=\"robots\" content=\"index, follow, max-snippet:-1, max-image-preview:large, max-video-preview:-1\" \/>\n<link rel=\"canonical\" href=\"https:\/\/www.santaclausreindeer.fi\/fi\/tarinoita-lapista-blogi\/\" \/>\n<meta property=\"og:locale\" content=\"fi_FI\" \/>\n<meta property=\"og:type\" content=\"article\" \/>\n<meta property=\"og:title\" content=\"Tarinoita Lapista \u2013 Blogi - Santa Claus Reindeer\" \/>\n<meta property=\"og:description\" content=\"Tarinoita Lapista \u2013 L\u00f6yd\u00e4 taianomaisia hetki\u00e4, porotarinoita ja kulissien takaisia kertomuksia Joulupukin kyl\u00e4st\u00e4. Tutustu el\u00e4m\u00e4\u00e4n, kulttuuriin ja el\u00e4myksiin Suomen Lapin syd\u00e4mess\u00e4.\" \/>\n<meta property=\"og:url\" content=\"https:\/\/www.santaclausreindeer.fi\/fi\/tarinoita-lapista-blogi\/\" \/>\n<meta property=\"og:site_name\" content=\"Santa Claus Reindeer\" \/>\n<meta property=\"article:publisher\" content=\"https:\/\/www.facebook.com\/SantaClausReindeer\/\" \/>\n<meta property=\"article:modified_time\" content=\"2025-07-14T10:22:14+00:00\" \/>\n<meta property=\"og:image\" content=\"https:\/\/www.santaclausreindeer.fi\/wp-content\/uploads\/2025\/04\/Meet-reindeer-in-summer-by-Santa-Claus-Reindeer-in-Santa-Claus-Village-Arctic-Circle-scaled.jpg\" \/>\n\t<meta property=\"og:image:width\" content=\"2560\" \/>\n\t<meta property=\"og:image:height\" content=\"1708\" \/>\n\t<meta property=\"og:image:type\" content=\"image\/jpeg\" \/>\n<meta name=\"twitter:card\" content=\"summary_large_image\" \/>\n<meta name=\"twitter:label1\" content=\"Arvioitu lukuaika\" \/>\n\t<meta name=\"twitter:data1\" content=\"3 minuuttia\" \/>\n<script type=\"application\/ld+json\" class=\"yoast-schema-graph\">{\"@context\":\"https:\\\/\\\/schema.org\",\"@graph\":[{\"@type\":\"WebPage\",\"@id\":\"https:\\\/\\\/www.santaclausreindeer.fi\\\/fi\\\/tarinoita-lapista-blogi\\\/\",\"url\":\"https:\\\/\\\/www.santaclausreindeer.fi\\\/fi\\\/tarinoita-lapista-blogi\\\/\",\"name\":\"Tarinoita Lapista \u2013 Blogi - Santa Claus Reindeer\",\"isPartOf\":{\"@id\":\"https:\\\/\\\/www.santaclausreindeer.fi\\\/fi\\\/#website\"},\"primaryImageOfPage\":{\"@id\":\"https:\\\/\\\/www.santaclausreindeer.fi\\\/fi\\\/tarinoita-lapista-blogi\\\/#primaryimage\"},\"image\":{\"@id\":\"https:\\\/\\\/www.santaclausreindeer.fi\\\/fi\\\/tarinoita-lapista-blogi\\\/#primaryimage\"},\"thumbnailUrl\":\"https:\\\/\\\/www.santaclausreindeer.fi\\\/wp-content\\\/uploads\\\/2025\\\/04\\\/Meet-reindeer-in-summer-by-Santa-Claus-Reindeer-in-Santa-Claus-Village-Arctic-Circle-scaled.jpg\",\"datePublished\":\"2025-05-17T07:37:40+00:00\",\"dateModified\":\"2025-07-14T10:22:14+00:00\",\"description\":\"Tarinoita Lapista \u2013 L\u00f6yd\u00e4 taianomaisia hetki\u00e4, porotarinoita ja kulissien takaisia kertomuksia Joulupukin kyl\u00e4st\u00e4. Tutustu el\u00e4m\u00e4\u00e4n, kulttuuriin ja el\u00e4myksiin Suomen Lapin syd\u00e4mess\u00e4.\",\"breadcrumb\":{\"@id\":\"https:\\\/\\\/www.santaclausreindeer.fi\\\/fi\\\/tarinoita-lapista-blogi\\\/#breadcrumb\"},\"inLanguage\":\"fi\",\"potentialAction\":[{\"@type\":\"ReadAction\",\"target\":[\"https:\\\/\\\/www.santaclausreindeer.fi\\\/fi\\\/tarinoita-lapista-blogi\\\/\"]}]},{\"@type\":\"ImageObject\",\"inLanguage\":\"fi\",\"@id\":\"https:\\\/\\\/www.santaclausreindeer.fi\\\/fi\\\/tarinoita-lapista-blogi\\\/#primaryimage\",\"url\":\"https:\\\/\\\/www.santaclausreindeer.fi\\\/wp-content\\\/uploads\\\/2025\\\/04\\\/Meet-reindeer-in-summer-by-Santa-Claus-Reindeer-in-Santa-Claus-Village-Arctic-Circle-scaled.jpg\",\"contentUrl\":\"https:\\\/\\\/www.santaclausreindeer.fi\\\/wp-content\\\/uploads\\\/2025\\\/04\\\/Meet-reindeer-in-summer-by-Santa-Claus-Reindeer-in-Santa-Claus-Village-Arctic-Circle-scaled.jpg\",\"width\":2560,\"height\":1708,\"caption\":\"Visitors feeding reindeer in summer in Santa Claus Reindeer, Santa Claus Village, Rovaniemi, Finland\"},{\"@type\":\"BreadcrumbList\",\"@id\":\"https:\\\/\\\/www.santaclausreindeer.fi\\\/fi\\\/tarinoita-lapista-blogi\\\/#breadcrumb\",\"itemListElement\":[{\"@type\":\"ListItem\",\"position\":1,\"name\":\"Home\",\"item\":\"https:\\\/\\\/www.santaclausreindeer.fi\\\/fi\\\/\"},{\"@type\":\"ListItem\",\"position\":2,\"name\":\"Tarinoita Lapista \u2013 Blogi\"}]},{\"@type\":\"WebSite\",\"@id\":\"https:\\\/\\\/www.santaclausreindeer.fi\\\/fi\\\/#website\",\"url\":\"https:\\\/\\\/www.santaclausreindeer.fi\\\/fi\\\/\",\"name\":\"Santa Claus Reindeer\",\"description\":\"Arctic Circle, Rovaniemi, Lapland\",\"publisher\":{\"@id\":\"https:\\\/\\\/www.santaclausreindeer.fi\\\/fi\\\/#organization\"},\"potentialAction\":[{\"@type\":\"SearchAction\",\"target\":{\"@type\":\"EntryPoint\",\"urlTemplate\":\"https:\\\/\\\/www.santaclausreindeer.fi\\\/fi\\\/?s={search_term_string}\"},\"query-input\":{\"@type\":\"PropertyValueSpecification\",\"valueRequired\":true,\"valueName\":\"search_term_string\"}}],\"inLanguage\":\"fi\"},{\"@type\":\"Organization\",\"@id\":\"https:\\\/\\\/www.santaclausreindeer.fi\\\/fi\\\/#organization\",\"name\":\"Santa Claus Reindeer\",\"url\":\"https:\\\/\\\/www.santaclausreindeer.fi\\\/fi\\\/\",\"logo\":{\"@type\":\"ImageObject\",\"inLanguage\":\"fi\",\"@id\":\"https:\\\/\\\/www.santaclausreindeer.fi\\\/fi\\\/#\\\/schema\\\/logo\\\/image\\\/\",\"url\":\"https:\\\/\\\/www.santaclausreindeer.fi\\\/wp-content\\\/uploads\\\/2024\\\/10\\\/scr_logo_vaakaslogan-RVN-RGB-opt.svg\",\"contentUrl\":\"https:\\\/\\\/www.santaclausreindeer.fi\\\/wp-content\\\/uploads\\\/2024\\\/10\\\/scr_logo_vaakaslogan-RVN-RGB-opt.svg\",\"width\":396,\"height\":212,\"caption\":\"Santa Claus Reindeer\"},\"image\":{\"@id\":\"https:\\\/\\\/www.santaclausreindeer.fi\\\/fi\\\/#\\\/schema\\\/logo\\\/image\\\/\"},\"sameAs\":[\"https:\\\/\\\/www.facebook.com\\\/SantaClausReindeer\\\/\",\"https:\\\/\\\/www.instagram.com\\\/santaclausreindeer\\\/\",\"https:\\\/\\\/www.youtube.com\\\/user\\\/santareindeerlapland\",\"https:\\\/\\\/www.tripadvisor.fr\\\/Attraction_Review-g189922-d6662018-Reviews-Santa_Claus_Reindeer-Rovaniemi_Lapland.html\"]}]}<\/script>\n<!-- \/ Yoast SEO plugin. -->","yoast_head_json":{"title":"Tarinoita Lapista \u2013 Blogi - Santa Claus Reindeer","description":"Tarinoita Lapista \u2013 L\u00f6yd\u00e4 taianomaisia hetki\u00e4, porotarinoita ja kulissien takaisia kertomuksia Joulupukin kyl\u00e4st\u00e4. Tutustu el\u00e4m\u00e4\u00e4n, kulttuuriin ja el\u00e4myksiin Suomen Lapin syd\u00e4mess\u00e4.","robots":{"index":"index","follow":"follow","max-snippet":"max-snippet:-1","max-image-preview":"max-image-preview:large","max-video-preview":"max-video-preview:-1"},"canonical":"https:\/\/www.santaclausreindeer.fi\/fi\/tarinoita-lapista-blogi\/","og_locale":"fi_FI","og_type":"article","og_title":"Tarinoita Lapista \u2013 Blogi - Santa Claus Reindeer","og_description":"Tarinoita Lapista \u2013 L\u00f6yd\u00e4 taianomaisia hetki\u00e4, porotarinoita ja kulissien takaisia kertomuksia Joulupukin kyl\u00e4st\u00e4. Tutustu el\u00e4m\u00e4\u00e4n, kulttuuriin ja el\u00e4myksiin Suomen Lapin syd\u00e4mess\u00e4.","og_url":"https:\/\/www.santaclausreindeer.fi\/fi\/tarinoita-lapista-blogi\/","og_site_name":"Santa Claus Reindeer","article_publisher":"https:\/\/www.facebook.com\/SantaClausReindeer\/","article_modified_time":"2025-07-14T10:22:14+00:00","og_image":[{"width":2560,"height":1708,"url":"https:\/\/www.santaclausreindeer.fi\/wp-content\/uploads\/2025\/04\/Meet-reindeer-in-summer-by-Santa-Claus-Reindeer-in-Santa-Claus-Village-Arctic-Circle-scaled.jpg","type":"image\/jpeg"}],"twitter_card":"summary_large_image","twitter_misc":{"Arvioitu lukuaika":"3 minuuttia"},"schema":{"@context":"https:\/\/schema.org","@graph":[{"@type":"WebPage","@id":"https:\/\/www.santaclausreindeer.fi\/fi\/tarinoita-lapista-blogi\/","url":"https:\/\/www.santaclausreindeer.fi\/fi\/tarinoita-lapista-blogi\/","name":"Tarinoita Lapista \u2013 Blogi - Santa Claus Reindeer","isPartOf":{"@id":"https:\/\/www.santaclausreindeer.fi\/fi\/#website"},"primaryImageOfPage":{"@id":"https:\/\/www.santaclausreindeer.fi\/fi\/tarinoita-lapista-blogi\/#primaryimage"},"image":{"@id":"https:\/\/www.santaclausreindeer.fi\/fi\/tarinoita-lapista-blogi\/#primaryimage"},"thumbnailUrl":"https:\/\/www.santaclausreindeer.fi\/wp-content\/uploads\/2025\/04\/Meet-reindeer-in-summer-by-Santa-Claus-Reindeer-in-Santa-Claus-Village-Arctic-Circle-scaled.jpg","datePublished":"2025-05-17T07:37:40+00:00","dateModified":"2025-07-14T10:22:14+00:00","description":"Tarinoita Lapista \u2013 L\u00f6yd\u00e4 taianomaisia hetki\u00e4, porotarinoita ja kulissien takaisia kertomuksia Joulupukin kyl\u00e4st\u00e4. Tutustu el\u00e4m\u00e4\u00e4n, kulttuuriin ja el\u00e4myksiin Suomen Lapin syd\u00e4mess\u00e4.","breadcrumb":{"@id":"https:\/\/www.santaclausreindeer.fi\/fi\/tarinoita-lapista-blogi\/#breadcrumb"},"inLanguage":"fi","potentialAction":[{"@type":"ReadAction","target":["https:\/\/www.santaclausreindeer.fi\/fi\/tarinoita-lapista-blogi\/"]}]},{"@type":"ImageObject","inLanguage":"fi","@id":"https:\/\/www.santaclausreindeer.fi\/fi\/tarinoita-lapista-blogi\/#primaryimage","url":"https:\/\/www.santaclausreindeer.fi\/wp-content\/uploads\/2025\/04\/Meet-reindeer-in-summer-by-Santa-Claus-Reindeer-in-Santa-Claus-Village-Arctic-Circle-scaled.jpg","contentUrl":"https:\/\/www.santaclausreindeer.fi\/wp-content\/uploads\/2025\/04\/Meet-reindeer-in-summer-by-Santa-Claus-Reindeer-in-Santa-Claus-Village-Arctic-Circle-scaled.jpg","width":2560,"height":1708,"caption":"Visitors feeding reindeer in summer in Santa Claus Reindeer, Santa Claus Village, Rovaniemi, Finland"},{"@type":"BreadcrumbList","@id":"https:\/\/www.santaclausreindeer.fi\/fi\/tarinoita-lapista-blogi\/#breadcrumb","itemListElement":[{"@type":"ListItem","position":1,"name":"Home","item":"https:\/\/www.santaclausreindeer.fi\/fi\/"},{"@type":"ListItem","position":2,"name":"Tarinoita Lapista \u2013 Blogi"}]},{"@type":"WebSite","@id":"https:\/\/www.santaclausreindeer.fi\/fi\/#website","url":"https:\/\/www.santaclausreindeer.fi\/fi\/","name":"Santa Claus Reindeer","description":"Arctic Circle, Rovaniemi, Lapland","publisher":{"@id":"https:\/\/www.santaclausreindeer.fi\/fi\/#organization"},"potentialAction":[{"@type":"SearchAction","target":{"@type":"EntryPoint","urlTemplate":"https:\/\/www.santaclausreindeer.fi\/fi\/?s={search_term_string}"},"query-input":{"@type":"PropertyValueSpecification","valueRequired":true,"valueName":"search_term_string"}}],"inLanguage":"fi"},{"@type":"Organization","@id":"https:\/\/www.santaclausreindeer.fi\/fi\/#organization","name":"Santa Claus Reindeer","url":"https:\/\/www.santaclausreindeer.fi\/fi\/","logo":{"@type":"ImageObject","inLanguage":"fi","@id":"https:\/\/www.santaclausreindeer.fi\/fi\/#\/schema\/logo\/image\/","url":"https:\/\/www.santaclausreindeer.fi\/wp-content\/uploads\/2024\/10\/scr_logo_vaakaslogan-RVN-RGB-opt.svg","contentUrl":"https:\/\/www.santaclausreindeer.fi\/wp-content\/uploads\/2024\/10\/scr_logo_vaakaslogan-RVN-RGB-opt.svg","width":396,"height":212,"caption":"Santa Claus Reindeer"},"image":{"@id":"https:\/\/www.santaclausreindeer.fi\/fi\/#\/schema\/logo\/image\/"},"sameAs":["https:\/\/www.facebook.com\/SantaClausReindeer\/","https:\/\/www.instagram.com\/santaclausreindeer\/","https:\/\/www.youtube.com\/user\/santareindeerlapland","https:\/\/www.tripadvisor.fr\/Attraction_Review-g189922-d6662018-Reviews-Santa_Claus_Reindeer-Rovaniemi_Lapland.html"]}]}},"_links":{"self":[{"href":"https:\/\/www.santaclausreindeer.fi\/fi\/wp-json\/wp\/v2\/pages\/66787","targetHints":{"allow":["GET"]}}],"collection":[{"href":"https:\/\/www.santaclausreindeer.fi\/fi\/wp-json\/wp\/v2\/pages"}],"about":[{"href":"https:\/\/www.santaclausreindeer.fi\/fi\/wp-json\/wp\/v2\/types\/page"}],"author":[{"embeddable":true,"href":"https:\/\/www.santaclausreindeer.fi\/fi\/wp-json\/wp\/v2\/users\/9"}],"replies":[{"embeddable":true,"href":"https:\/\/www.santaclausreindeer.fi\/fi\/wp-json\/wp\/v2\/comments?post=66787"}],"version-history":[{"count":7,"href":"https:\/\/www.santaclausreindeer.fi\/fi\/wp-json\/wp\/v2\/pages\/66787\/revisions"}],"predecessor-version":[{"id":67515,"href":"https:\/\/www.santaclausreindeer.fi\/fi\/wp-json\/wp\/v2\/pages\/66787\/revisions\/67515"}],"wp:featuredmedia":[{"embeddable":true,"href":"https:\/\/www.santaclausreindeer.fi\/fi\/wp-json\/wp\/v2\/media\/66467"}],"wp:attachment":[{"href":"https:\/\/www.santaclausreindeer.fi\/fi\/wp-json\/wp\/v2\/media?parent=66787"}],"curies":[{"name":"wp","href":"https:\/\/api.w.org\/{rel}","templated":true}]}}