{"id":66234,"date":"2025-03-24T11:21:38","date_gmt":"2025-03-24T09:21:38","guid":{"rendered":"https:\/\/www.www.santaclausreindeer.fi\/revontulet-pahkinankuoressa\/"},"modified":"2025-03-26T13:51:44","modified_gmt":"2025-03-26T11:51:44","slug":"revontulet-pahkinankuoressa","status":"publish","type":"page","link":"https:\/\/www.santaclausreindeer.fi\/fi\/revontulet-pahkinankuoressa\/","title":{"rendered":"Revontulet p\u00e4hkin\u00e4nkuoressa"},"content":{"rendered":"<p>[et_pb_section fb_built=&#8221;1&#8243; _builder_version=&#8221;4.27.0&#8243; _module_preset=&#8221;default&#8221; background_color=&#8221;#3E3131&#8243; custom_padding=&#8221;||39px|||&#8221; global_colors_info=&#8221;{}&#8221;][et_pb_row _builder_version=&#8221;4.27.0&#8243; _module_preset=&#8221;default&#8221; global_colors_info=&#8221;{}&#8221;][et_pb_column type=&#8221;4_4&#8243; _builder_version=&#8221;4.27.0&#8243; _module_preset=&#8221;default&#8221; global_colors_info=&#8221;{}&#8221;][et_pb_text _builder_version=&#8221;4.27.4&#8243; _module_preset=&#8221;default&#8221; text_text_color=&#8221;#FFF2D6&#8243; header_text_color=&#8221;#FFF2D6&#8243; header_2_text_color=&#8221;#FFF2D6&#8243; global_colors_info=&#8221;{}&#8221;]<\/p>\n<h2 data-start=\"0\" data-end=\"23\"><strong data-start=\"0\" data-end=\"23\">Tietoa revontulista<\/strong><\/h2>\n<p class=\"\" data-start=\"25\" data-end=\"230\">Revontulet, tunnetaan my\u00f6s nimell\u00e4 <strong data-start=\"60\" data-end=\"79\">aurora borealis<\/strong>, ovat luonnonilmi\u00f6, joka esiintyy pohjoisen pallonpuoliskon napaseudulla. Etel\u00e4inen vastine tunnetaan nimell\u00e4 <strong data-start=\"190\" data-end=\"204\">etel\u00e4nvalo<\/strong> tai <strong data-start=\"209\" data-end=\"229\">aurora australis<\/strong>.<\/p>\n<p class=\"\" data-start=\"232\" data-end=\"613\">T\u00e4m\u00e4 taianomainen ilmi\u00f6 syntyy, kun Auringon ilmakeh\u00e4st\u00e4 vapautuvat varautuneet hiukkaset saavuttavat Maan. Aurinkotuuli t\u00f6rm\u00e4\u00e4 ensin Maan magneettikentt\u00e4\u00e4n ja ohjautuu kohti napoja, miss\u00e4 kentt\u00e4 on heikompi. Osa n\u00e4ist\u00e4 hiukkasista p\u00e4\u00e4see ilmakeh\u00e4\u00e4n napojen kautta ja reagoi siell\u00e4 hapen ja typen molekyylien kanssa. T\u00e4m\u00e4n kemiallisen reaktion tuloksena n\u00e4emme upean valoesityksen.<\/p>\n<p class=\"\" data-start=\"615\" data-end=\"937\">Koska revontulet ovat luonnonilmi\u00f6, niiden tarkka ennustaminen on haastavaa. S\u00e4\u00e4t\u00e4 ja revontuliennusteita seuraamalla niiden esiintymist\u00e4 voi kuitenkin osittain ennakoida. Paras hetki ja paikka revontulien n\u00e4kemiseen on pime\u00e4, kirkas y\u00f6 syrj\u00e4isess\u00e4 paikassa, jossa ei ole valosaastetta ja josta on avoin n\u00e4kym\u00e4 pohjoiseen.<\/p>\n<p>[\/et_pb_text][\/et_pb_column][\/et_pb_row][\/et_pb_section][et_pb_section fb_built=&#8221;1&#8243; _builder_version=&#8221;4.27.0&#8243; _module_preset=&#8221;default&#8221; background_color=&#8221;#FFF9ED&#8221; background_enable_image=&#8221;off&#8221; background_blend=&#8221;multiply&#8221; global_colors_info=&#8221;{}&#8221;][et_pb_row column_structure=&#8221;1_2,1_2&#8243; _builder_version=&#8221;4.27.0&#8243; _module_preset=&#8221;default&#8221; global_colors_info=&#8221;{}&#8221;][et_pb_column type=&#8221;1_2&#8243; _builder_version=&#8221;4.27.0&#8243; _module_preset=&#8221;default&#8221; global_colors_info=&#8221;{}&#8221;][et_pb_image src=&#8221;https:\/\/www.santaclausreindeer.fi\/wp-content\/uploads\/2024\/09\/santa-claus-reindeer-norther-lights-reindeer-pasture.jpg&#8221; title_text=&#8221;santa-claus-reindeer-norther-lights-reindeer-pasture&#8221; module_class=&#8221;prod-img&#8221; _builder_version=&#8221;4.27.4&#8243; _module_preset=&#8221;default&#8221; global_colors_info=&#8221;{}&#8221;][\/et_pb_image][\/et_pb_column][et_pb_column type=&#8221;1_2&#8243; _builder_version=&#8221;4.27.0&#8243; _module_preset=&#8221;default&#8221; global_colors_info=&#8221;{}&#8221;][et_pb_text _builder_version=&#8221;4.27.4&#8243; _module_preset=&#8221;default&#8221; global_colors_info=&#8221;{}&#8221;]<\/p>\n<h2>Koe mahdollisuus n\u00e4hd\u00e4 revontulet poroajelulla<\/h2>\n<p>Astu keskelle lumista arktista iltaa, jossa porot johdattavat sinut rauhallista mets\u00e4reitti\u00e4 pitkin. Yll\u00e4si tuikkivat t\u00e4hdet \u2013 ja hyv\u00e4ll\u00e4 onnella taivaalla tanssivat revontulet. Matka vie tunturin laelle, miss\u00e4 l\u00e4mmin kota ja r\u00e4tisev\u00e4 nuotio kutsuvat rentoutumaan, ihastelemaan maisemia ja jakamaan yhteisi\u00e4 hetki\u00e4. Reitin varrella tutustumme poroihin l\u00e4helt\u00e4 ja tarjoamme niille niiden lempiherkkuja. Unohtumaton ilta pohjoisen taivaan alla odottaa sinua Rovaniemen syd\u00e4mess\u00e4.<\/p>\n<p>[\/et_pb_text][et_pb_button button_url=&#8221;https:\/\/www.santaclausreindeer.fi\/fi\/tuote\/rekiretki-ja-revontulisafari-rovaniemella\/&#8221; button_text=&#8221;Lue lis\u00e4\u00e4 ja varaa revontulisafari&#8221; _builder_version=&#8221;4.27.4&#8243; _module_preset=&#8221;default&#8221; global_colors_info=&#8221;{}&#8221;][\/et_pb_button][\/et_pb_column][\/et_pb_row][\/et_pb_section]<\/p>\n","protected":false},"excerpt":{"rendered":"<p>Tietoa revontulista Revontulet, tunnetaan my\u00f6s nimell\u00e4 aurora borealis, ovat luonnonilmi\u00f6, joka esiintyy pohjoisen pallonpuoliskon napaseudulla. Etel\u00e4inen vastine tunnetaan nimell\u00e4 etel\u00e4nvalo [&hellip;]<\/p>\n","protected":false},"author":6,"featured_media":0,"parent":0,"menu_order":0,"comment_status":"closed","ping_status":"closed","template":"","meta":{"_acf_changed":false,"_et_pb_use_builder":"on","_et_pb_old_content":"","_et_gb_content_width":"","inline_featured_image":false,"footnotes":""},"class_list":["post-66234","page","type-page","status-publish","hentry"],"acf":[],"yoast_head":"<!-- This site is optimized with the Yoast SEO plugin v27.6 - https:\/\/yoast.com\/product\/yoast-seo-wordpress\/ -->\n<title>Revontulet p\u00e4hkin\u00e4nkuoressa \u2013 Santa Claus Reindeer<\/title>\n<meta name=\"description\" content=\"Revontulet \u2013 Lue, miten taianomaiset revontulet syntyv\u00e4t ja milloin sek\u00e4 miss\u00e4 niit\u00e4 kannattaa t\u00e4hyill\u00e4. Tietoa, vinkkej\u00e4 ja Lapin taikaa yhdess\u00e4 paketissa.\" \/>\n<meta name=\"robots\" content=\"index, follow, max-snippet:-1, max-image-preview:large, max-video-preview:-1\" \/>\n<link rel=\"canonical\" href=\"https:\/\/www.santaclausreindeer.fi\/fi\/revontulet-pahkinankuoressa\/\" \/>\n<meta property=\"og:locale\" content=\"fi_FI\" \/>\n<meta property=\"og:type\" content=\"article\" \/>\n<meta property=\"og:title\" content=\"Revontulet p\u00e4hkin\u00e4nkuoressa \u2013 Santa Claus Reindeer\" \/>\n<meta property=\"og:description\" content=\"Revontulet \u2013 Lue, miten taianomaiset revontulet syntyv\u00e4t ja milloin sek\u00e4 miss\u00e4 niit\u00e4 kannattaa t\u00e4hyill\u00e4. Tietoa, vinkkej\u00e4 ja Lapin taikaa yhdess\u00e4 paketissa.\" \/>\n<meta property=\"og:url\" content=\"https:\/\/www.santaclausreindeer.fi\/fi\/revontulet-pahkinankuoressa\/\" \/>\n<meta property=\"og:site_name\" content=\"Santa Claus Reindeer\" \/>\n<meta property=\"article:publisher\" content=\"https:\/\/www.facebook.com\/SantaClausReindeer\/\" \/>\n<meta property=\"article:modified_time\" content=\"2025-03-26T11:51:44+00:00\" \/>\n<meta name=\"twitter:card\" content=\"summary_large_image\" \/>\n<meta name=\"twitter:label1\" content=\"Arvioitu lukuaika\" \/>\n\t<meta name=\"twitter:data1\" content=\"2 minuuttia\" \/>\n<script type=\"application\/ld+json\" class=\"yoast-schema-graph\">{\"@context\":\"https:\\\/\\\/schema.org\",\"@graph\":[{\"@type\":\"WebPage\",\"@id\":\"https:\\\/\\\/www.santaclausreindeer.fi\\\/fi\\\/revontulet-pahkinankuoressa\\\/\",\"url\":\"https:\\\/\\\/www.santaclausreindeer.fi\\\/fi\\\/revontulet-pahkinankuoressa\\\/\",\"name\":\"Revontulet p\u00e4hkin\u00e4nkuoressa \u2013 Santa Claus Reindeer\",\"isPartOf\":{\"@id\":\"https:\\\/\\\/www.santaclausreindeer.fi\\\/fi\\\/#website\"},\"datePublished\":\"2025-03-24T09:21:38+00:00\",\"dateModified\":\"2025-03-26T11:51:44+00:00\",\"description\":\"Revontulet \u2013 Lue, miten taianomaiset revontulet syntyv\u00e4t ja milloin sek\u00e4 miss\u00e4 niit\u00e4 kannattaa t\u00e4hyill\u00e4. Tietoa, vinkkej\u00e4 ja Lapin taikaa yhdess\u00e4 paketissa.\",\"breadcrumb\":{\"@id\":\"https:\\\/\\\/www.santaclausreindeer.fi\\\/fi\\\/revontulet-pahkinankuoressa\\\/#breadcrumb\"},\"inLanguage\":\"fi\",\"potentialAction\":[{\"@type\":\"ReadAction\",\"target\":[\"https:\\\/\\\/www.santaclausreindeer.fi\\\/fi\\\/revontulet-pahkinankuoressa\\\/\"]}]},{\"@type\":\"BreadcrumbList\",\"@id\":\"https:\\\/\\\/www.santaclausreindeer.fi\\\/fi\\\/revontulet-pahkinankuoressa\\\/#breadcrumb\",\"itemListElement\":[{\"@type\":\"ListItem\",\"position\":1,\"name\":\"Home\",\"item\":\"https:\\\/\\\/www.santaclausreindeer.fi\\\/fi\\\/\"},{\"@type\":\"ListItem\",\"position\":2,\"name\":\"Revontulet p\u00e4hkin\u00e4nkuoressa\"}]},{\"@type\":\"WebSite\",\"@id\":\"https:\\\/\\\/www.santaclausreindeer.fi\\\/fi\\\/#website\",\"url\":\"https:\\\/\\\/www.santaclausreindeer.fi\\\/fi\\\/\",\"name\":\"Santa Claus Reindeer\",\"description\":\"Arctic Circle, Rovaniemi, Lapland\",\"publisher\":{\"@id\":\"https:\\\/\\\/www.santaclausreindeer.fi\\\/fi\\\/#organization\"},\"potentialAction\":[{\"@type\":\"SearchAction\",\"target\":{\"@type\":\"EntryPoint\",\"urlTemplate\":\"https:\\\/\\\/www.santaclausreindeer.fi\\\/fi\\\/?s={search_term_string}\"},\"query-input\":{\"@type\":\"PropertyValueSpecification\",\"valueRequired\":true,\"valueName\":\"search_term_string\"}}],\"inLanguage\":\"fi\"},{\"@type\":\"Organization\",\"@id\":\"https:\\\/\\\/www.santaclausreindeer.fi\\\/fi\\\/#organization\",\"name\":\"Santa Claus Reindeer\",\"url\":\"https:\\\/\\\/www.santaclausreindeer.fi\\\/fi\\\/\",\"logo\":{\"@type\":\"ImageObject\",\"inLanguage\":\"fi\",\"@id\":\"https:\\\/\\\/www.santaclausreindeer.fi\\\/fi\\\/#\\\/schema\\\/logo\\\/image\\\/\",\"url\":\"https:\\\/\\\/www.santaclausreindeer.fi\\\/wp-content\\\/uploads\\\/2024\\\/10\\\/scr_logo_vaakaslogan-RVN-RGB-opt.svg\",\"contentUrl\":\"https:\\\/\\\/www.santaclausreindeer.fi\\\/wp-content\\\/uploads\\\/2024\\\/10\\\/scr_logo_vaakaslogan-RVN-RGB-opt.svg\",\"width\":396,\"height\":212,\"caption\":\"Santa Claus Reindeer\"},\"image\":{\"@id\":\"https:\\\/\\\/www.santaclausreindeer.fi\\\/fi\\\/#\\\/schema\\\/logo\\\/image\\\/\"},\"sameAs\":[\"https:\\\/\\\/www.facebook.com\\\/SantaClausReindeer\\\/\",\"https:\\\/\\\/www.instagram.com\\\/santaclausreindeer\\\/\",\"https:\\\/\\\/www.youtube.com\\\/user\\\/santareindeerlapland\",\"https:\\\/\\\/www.tripadvisor.fr\\\/Attraction_Review-g189922-d6662018-Reviews-Santa_Claus_Reindeer-Rovaniemi_Lapland.html\"]}]}<\/script>\n<!-- \/ Yoast SEO plugin. -->","yoast_head_json":{"title":"Revontulet p\u00e4hkin\u00e4nkuoressa \u2013 Santa Claus Reindeer","description":"Revontulet \u2013 Lue, miten taianomaiset revontulet syntyv\u00e4t ja milloin sek\u00e4 miss\u00e4 niit\u00e4 kannattaa t\u00e4hyill\u00e4. Tietoa, vinkkej\u00e4 ja Lapin taikaa yhdess\u00e4 paketissa.","robots":{"index":"index","follow":"follow","max-snippet":"max-snippet:-1","max-image-preview":"max-image-preview:large","max-video-preview":"max-video-preview:-1"},"canonical":"https:\/\/www.santaclausreindeer.fi\/fi\/revontulet-pahkinankuoressa\/","og_locale":"fi_FI","og_type":"article","og_title":"Revontulet p\u00e4hkin\u00e4nkuoressa \u2013 Santa Claus Reindeer","og_description":"Revontulet \u2013 Lue, miten taianomaiset revontulet syntyv\u00e4t ja milloin sek\u00e4 miss\u00e4 niit\u00e4 kannattaa t\u00e4hyill\u00e4. Tietoa, vinkkej\u00e4 ja Lapin taikaa yhdess\u00e4 paketissa.","og_url":"https:\/\/www.santaclausreindeer.fi\/fi\/revontulet-pahkinankuoressa\/","og_site_name":"Santa Claus Reindeer","article_publisher":"https:\/\/www.facebook.com\/SantaClausReindeer\/","article_modified_time":"2025-03-26T11:51:44+00:00","twitter_card":"summary_large_image","twitter_misc":{"Arvioitu lukuaika":"2 minuuttia"},"schema":{"@context":"https:\/\/schema.org","@graph":[{"@type":"WebPage","@id":"https:\/\/www.santaclausreindeer.fi\/fi\/revontulet-pahkinankuoressa\/","url":"https:\/\/www.santaclausreindeer.fi\/fi\/revontulet-pahkinankuoressa\/","name":"Revontulet p\u00e4hkin\u00e4nkuoressa \u2013 Santa Claus Reindeer","isPartOf":{"@id":"https:\/\/www.santaclausreindeer.fi\/fi\/#website"},"datePublished":"2025-03-24T09:21:38+00:00","dateModified":"2025-03-26T11:51:44+00:00","description":"Revontulet \u2013 Lue, miten taianomaiset revontulet syntyv\u00e4t ja milloin sek\u00e4 miss\u00e4 niit\u00e4 kannattaa t\u00e4hyill\u00e4. Tietoa, vinkkej\u00e4 ja Lapin taikaa yhdess\u00e4 paketissa.","breadcrumb":{"@id":"https:\/\/www.santaclausreindeer.fi\/fi\/revontulet-pahkinankuoressa\/#breadcrumb"},"inLanguage":"fi","potentialAction":[{"@type":"ReadAction","target":["https:\/\/www.santaclausreindeer.fi\/fi\/revontulet-pahkinankuoressa\/"]}]},{"@type":"BreadcrumbList","@id":"https:\/\/www.santaclausreindeer.fi\/fi\/revontulet-pahkinankuoressa\/#breadcrumb","itemListElement":[{"@type":"ListItem","position":1,"name":"Home","item":"https:\/\/www.santaclausreindeer.fi\/fi\/"},{"@type":"ListItem","position":2,"name":"Revontulet p\u00e4hkin\u00e4nkuoressa"}]},{"@type":"WebSite","@id":"https:\/\/www.santaclausreindeer.fi\/fi\/#website","url":"https:\/\/www.santaclausreindeer.fi\/fi\/","name":"Santa Claus Reindeer","description":"Arctic Circle, Rovaniemi, Lapland","publisher":{"@id":"https:\/\/www.santaclausreindeer.fi\/fi\/#organization"},"potentialAction":[{"@type":"SearchAction","target":{"@type":"EntryPoint","urlTemplate":"https:\/\/www.santaclausreindeer.fi\/fi\/?s={search_term_string}"},"query-input":{"@type":"PropertyValueSpecification","valueRequired":true,"valueName":"search_term_string"}}],"inLanguage":"fi"},{"@type":"Organization","@id":"https:\/\/www.santaclausreindeer.fi\/fi\/#organization","name":"Santa Claus Reindeer","url":"https:\/\/www.santaclausreindeer.fi\/fi\/","logo":{"@type":"ImageObject","inLanguage":"fi","@id":"https:\/\/www.santaclausreindeer.fi\/fi\/#\/schema\/logo\/image\/","url":"https:\/\/www.santaclausreindeer.fi\/wp-content\/uploads\/2024\/10\/scr_logo_vaakaslogan-RVN-RGB-opt.svg","contentUrl":"https:\/\/www.santaclausreindeer.fi\/wp-content\/uploads\/2024\/10\/scr_logo_vaakaslogan-RVN-RGB-opt.svg","width":396,"height":212,"caption":"Santa Claus Reindeer"},"image":{"@id":"https:\/\/www.santaclausreindeer.fi\/fi\/#\/schema\/logo\/image\/"},"sameAs":["https:\/\/www.facebook.com\/SantaClausReindeer\/","https:\/\/www.instagram.com\/santaclausreindeer\/","https:\/\/www.youtube.com\/user\/santareindeerlapland","https:\/\/www.tripadvisor.fr\/Attraction_Review-g189922-d6662018-Reviews-Santa_Claus_Reindeer-Rovaniemi_Lapland.html"]}]}},"_links":{"self":[{"href":"https:\/\/www.santaclausreindeer.fi\/fi\/wp-json\/wp\/v2\/pages\/66234","targetHints":{"allow":["GET"]}}],"collection":[{"href":"https:\/\/www.santaclausreindeer.fi\/fi\/wp-json\/wp\/v2\/pages"}],"about":[{"href":"https:\/\/www.santaclausreindeer.fi\/fi\/wp-json\/wp\/v2\/types\/page"}],"author":[{"embeddable":true,"href":"https:\/\/www.santaclausreindeer.fi\/fi\/wp-json\/wp\/v2\/users\/6"}],"replies":[{"embeddable":true,"href":"https:\/\/www.santaclausreindeer.fi\/fi\/wp-json\/wp\/v2\/comments?post=66234"}],"version-history":[{"count":0,"href":"https:\/\/www.santaclausreindeer.fi\/fi\/wp-json\/wp\/v2\/pages\/66234\/revisions"}],"wp:attachment":[{"href":"https:\/\/www.santaclausreindeer.fi\/fi\/wp-json\/wp\/v2\/media?parent=66234"}],"curies":[{"name":"wp","href":"https:\/\/api.w.org\/{rel}","templated":true}]}}