{"id":65552,"date":"2025-02-11T11:16:22","date_gmt":"2025-02-11T09:16:22","guid":{"rendered":"https:\/\/www.www.santaclausreindeer.fi\/aaaaa\/"},"modified":"2025-02-17T13:42:14","modified_gmt":"2025-02-17T11:42:14","slug":"aaaaa","status":"publish","type":"page","link":"https:\/\/www.santaclausreindeer.fi\/fi\/aaaaa\/","title":{"rendered":"AAAAA"},"content":{"rendered":"<p>[et_pb_section fb_built=&#8221;1&#8243; _builder_version=&#8221;4.27.4&#8243; _module_preset=&#8221;default&#8221; global_colors_info=&#8221;{}&#8221;][et_pb_row _builder_version=&#8221;4.27.4&#8243; _module_preset=&#8221;default&#8221; global_colors_info=&#8221;{}&#8221;][et_pb_column type=&#8221;4_4&#8243; _builder_version=&#8221;4.27.4&#8243; _module_preset=&#8221;default&#8221; global_colors_info=&#8221;{}&#8221;][et_pb_text _builder_version=&#8221;4.27.4&#8243; _module_preset=&#8221;default&#8221; global_colors_info=&#8221;{}&#8221;]<\/p>\n<h1>Test<\/h1>\n<p>[\/et_pb_text][bokun_products _builder_version=&#8221;4.27.4&#8243; _module_preset=&#8221;default&#8221; hover_enabled=&#8221;0&#8243; global_colors_info=&#8221;{}&#8221; display_mode=&#8221;specific&#8221; selected_products=&#8221;off|off|off|off|off|off|off|off|off|off|off|off|off|off|on|off|on|on|off&#8221; sticky_enabled=&#8221;0&#8243;][\/bokun_products][\/et_pb_column][\/et_pb_row][\/et_pb_section]<\/p>\n","protected":false},"excerpt":{"rendered":"<p>Test<div class=\"et_pb_module bokun_products bokun_products_0\">\n\t\t\t\t\n\t\t\t\t\n\t\t\t\t\n\t\t\t\t\n\t\t\t\t\n\t\t\t\t\n\t\t\t\t<div class=\"et_pb_module_inner\">\n\t\t\t\t\t<div class=\"notice notice-info\"><p>Some products are shown in English where translations are not available.<\/p><\/div><div class=\"product-grid\"><div class=\"product-item-wrapper\"><a href=\"https:\/\/www.santaclausreindeer.fi\/fi\/tuote\/1-tunnin-porosafari-rovaniemella-joulupukin-pajakylassa\/\" class=\"product-item-link\"><div class=\"product-item\"><div class=\"et_pb_image_wrap\"><img decoding=\"async\" src=\"https:\/\/imgcdn.bokun.tools\/20216e54-f454-4539-be56-be9daf57ac9c.jpeg?w=400&#038;h=300&#038;mode=crop\" alt=\"1 tunnin porosafari Joulupukin Pajakyl\u00e4ss\u00e4\"><\/div><div class=\"content-wrap\"><div class=\"duration\">1 tunti<\/div><p class=\"price\">Alk: <span>120 \u20ac<\/span><\/p><div class=\"main-content\"><div class=\"incl\"><span class=\"bonfire\"><\/span><span class=\"guide\"><\/span><span class=\"reindeer-ride\"><\/span><span class=\"snack\"><\/span><\/div><p class=\"subheading\">Talviseikkailu<\/p><h3>1 tunnin porosafari Joulupukin Pajakyl\u00e4ss\u00e4<\/h3><p>Istut paikallisbussissa ja pian oletkin jo Joulupukin porojen reess\u00e4, matkalla kauas talven ihmemaahan. Vain Rovaniemell\u00e4 voi tapahtua jotain t\u00e4llaista!<\/p><div class=\"et_pb_button_module_wrapper et_pb_button_alignment_center et_pb_module btn-tuote-haku\"><span class=\"et_pb_button et_pb_bg_layout_light\">N\u00e4yt\u00e4 tuote<\/span><\/div><\/div><\/div><\/div><\/a><\/div><div class=\"product-item-wrapper\"><a href=\"https:\/\/www.santaclausreindeer.fi\/fi\/tuote\/santa-clausin-kesataika-rovaniemella-hauska-ja-unohtumaton-kohtaaminen-porojen-kanssa-kesalla-ja-syksylla\/\" class=\"product-item-link\"><div class=\"product-item\"><div class=\"et_pb_image_wrap\"><img decoding=\"async\" src=\"https:\/\/imgcdn.bokun.tools\/0e79b299-2c40-4330-808f-ef31d34b3ae8.jpeg?w=400&#038;h=300&#038;mode=crop\" alt=\"Joulupukin kes\u00e4taikaa Rovaniemell\u00e4 \u2013 Hauska ja unohtumaton kohtaaminen porojen kanssa kes\u00e4ll\u00e4 ja syksyll\u00e4\"><\/div><div class=\"content-wrap\"><p class=\"price\">Alk: <span>19 \u20ac<\/span><\/p><div class=\"main-content\"><div class=\"incl\"><span class=\"bonfire\"><\/span><span class=\"feeding-reindeer\"><\/span><\/div><p class=\"subheading\">Santa Claus Village<\/p><h3>Joulupukin kes\u00e4taikaa Rovaniemell\u00e4 \u2013 Hauska ja unohtumaton kohtaaminen porojen kanssa kes\u00e4ll\u00e4 ja syksyll\u00e4<\/h3><p>Santa Clausin kes\u00e4taika Rovaniemell\u00e4 odottaa \u2013 Tapaa porot l\u00e4helt\u00e4 ja nauti leppoisasta tunnelmasta<\/p><div class=\"et_pb_button_module_wrapper et_pb_button_alignment_center et_pb_module btn-tuote-haku\"><span class=\"et_pb_button et_pb_bg_layout_light\">N\u00e4yt\u00e4 tuote<\/span><\/div><\/div><\/div><\/div><\/a><\/div><div class=\"product-item-wrapper\"><a href=\"https:\/\/www.santaclausreindeer.fi\/fi\/tuote\/3-tunnin-eramaaelamys-rovaniemella\/\" class=\"product-item-link\"><div class=\"product-item\"><div class=\"et_pb_image_wrap\"><img decoding=\"async\" src=\"https:\/\/imgcdn.bokun.tools\/2a484a35-283e-4175-8c39-270ce846cf54.jpeg?w=400&#038;h=300&#038;mode=crop\" alt=\"3 tunnin er\u00e4maael\u00e4mys Rovaniemell\u00e4\"><\/div><div class=\"content-wrap\"><div class=\"duration\">3 tuntia<\/div><p class=\"price\">Alk: <span>145 \u20ac<\/span><\/p><div class=\"main-content\"><div class=\"incl\"><span class=\"bonfire-fi\"><\/span><span class=\"bonfire\"><\/span><span class=\"feeding-reindeer\"><\/span><span class=\"guide\"><\/span><span class=\"reindeer-ride\"><\/span><span class=\"snack-fi\"><\/span><span class=\"snack\"><\/span><span class=\"transportation\"><\/span><\/div><p class=\"subheading\">Taava Reindeer Farm<\/p><h3>3 tunnin er\u00e4maael\u00e4mys Rovaniemell\u00e4<\/h3><p>Nuotio, tirisev\u00e4t makkarat, ymp\u00e4rill\u00e4 Lapin er\u00e4maan rikkumaton rauha \u2013 mit\u00e4 muuta ihminen tarvitsee ollakseen onnellinen?<\/p><div class=\"et_pb_button_module_wrapper et_pb_button_alignment_center et_pb_module btn-tuote-haku\"><span class=\"et_pb_button et_pb_bg_layout_light\">N\u00e4yt\u00e4 tuote<\/span><\/div><\/div><\/div><\/div><\/a><\/div><div class=\"product-item-wrapper\"><a href=\"https:\/\/www.santaclausreindeer.fi\/fi\/tuote\/3-tunnin-luontoelamys-rovaniemella\/\" class=\"product-item-link\"><div class=\"product-item\"><div class=\"et_pb_image_wrap\"><img decoding=\"async\" src=\"https:\/\/imgcdn.bokun.tools\/2a484a35-283e-4175-8c39-270ce846cf54.jpeg?w=400&#038;h=300&#038;mode=crop\" alt=\"3 tunnin er\u00e4maael\u00e4mys Rovaniemell\u00e4\"><\/div><div class=\"content-wrap\"><div class=\"duration\">3 tuntia<\/div><p class=\"price\">Alk: <span>160 \u20ac<\/span><\/p><div class=\"main-content\"><div class=\"incl\"><span class=\"bonfire\"><\/span><span class=\"bonfire-fi\"><\/span><span class=\"feeding-reindeer\"><\/span><span class=\"guide\"><\/span><span class=\"guide-fi\"><\/span><span class=\"reindeer-ride\"><\/span><span class=\"snack-fi\"><\/span><span class=\"snack\"><\/span><span class=\"transportation\"><\/span><\/div><p class=\"subheading\">Poromets\u00e4<\/p><h3>3 tunnin er\u00e4maael\u00e4mys Rovaniemell\u00e4<\/h3><p>Nuotio, tirisev\u00e4t makkarat, ymp\u00e4rill\u00e4 Lapin er\u00e4maan rikkumaton rauha \u2013 mit\u00e4 muuta ihminen tarvitsee ollakseen onnellinen?<\/p><div class=\"et_pb_button_module_wrapper et_pb_button_alignment_center et_pb_module btn-tuote-haku\"><span class=\"et_pb_button et_pb_bg_layout_light\">N\u00e4yt\u00e4 tuote<\/span><\/div><\/div><\/div><\/div><\/a><\/div><div class=\"product-item-wrapper\"><a href=\"https:\/\/www.santaclausreindeer.fi\/fi\/tuote\/rekiretki-ja-revontulisafari-rovaniemella\/\" class=\"product-item-link\"><div class=\"product-item\"><div class=\"et_pb_image_wrap\"><img decoding=\"async\" src=\"https:\/\/imgcdn.bokun.tools\/f5862720-65d1-435a-94dc-ba240b21bcc6.jpeg?w=400&#038;h=300&#038;mode=crop\" alt=\"Porosafari ja kotailta revontulia t\u00e4hyillen Rovaniemell\u00e4\"><\/div><div class=\"content-wrap\"><div class=\"duration\">3 tuntia<\/div><p class=\"price\">Alk: <span>169 \u20ac<\/span><\/p><div class=\"main-content\"><div class=\"incl\"><span class=\"bonfire\"><\/span><span class=\"feeding-reindeer\"><\/span><span class=\"guide\"><\/span><span class=\"reindeer-ride\"><\/span><span class=\"snack\"><\/span><span class=\"transportation\"><\/span><\/div><p class=\"subheading\">Y\u00f6taivaan lumous<\/p><h3>Porosafari ja kotailta revontulia t\u00e4hyillen Rovaniemell\u00e4<\/h3><p>Sinua odottaa taianomainen ilta! L\u00e4hde Santa Claus Reindeerin matkaan arktisen y\u00f6taivaan alle.<\/p><div class=\"et_pb_button_module_wrapper et_pb_button_alignment_center et_pb_module btn-tuote-haku\"><span class=\"et_pb_button et_pb_bg_layout_light\">N\u00e4yt\u00e4 tuote<\/span><\/div><\/div><\/div><\/div><\/a><\/div><div class=\"product-item-wrapper\"><a href=\"https:\/\/www.santaclausreindeer.fi\/fi\/tuote\/10-15-minuutin-poroajelu-joulupukin-pajakylassa\/\" class=\"product-item-link\"><div class=\"product-item\"><div class=\"et_pb_image_wrap\"><img decoding=\"async\" src=\"https:\/\/imgcdn.bokun.tools\/fbeeef6b-c71f-4f94-b2b8-8f15633810a7.jpeg?w=400&#038;h=300&#038;mode=crop\" alt=\"10\u201315 minuutin poroajelu \u2013 ei ennakkovarausta\"><\/div><div class=\"content-wrap\"><div class=\"duration\">10 minuuttia<\/div><p class=\"price\">Alk: <span>50 \u20ac<\/span><\/p><div class=\"main-content\"><div class=\"incl\"><span class=\"guide\"><\/span><span class=\"reindeer-ride\"><\/span><\/div><p class=\"subheading\">Mets\u00e4polku<\/p><h3>10\u201315 minuutin poroajelu \u2013 ei ennakkovarausta<\/h3><p>Mets\u00e4polku \u2013 800 m poroajelu Joulupukin Pajakyl\u00e4ss\u00e4<\/p><div class=\"et_pb_button_module_wrapper et_pb_button_alignment_center et_pb_module btn-tuote-haku\"><span class=\"et_pb_button et_pb_bg_layout_light\">N\u00e4yt\u00e4 tuote<\/span><\/div><\/div><\/div><\/div><\/a><\/div><div class=\"product-item-wrapper\"><a href=\"https:\/\/www.santaclausreindeer.fi\/fi\/tuote\/napapiirin-ylitysseremonia\/\" class=\"product-item-link\"><div class=\"product-item\"><div class=\"et_pb_image_wrap\"><img decoding=\"async\" src=\"https:\/\/imgcdn.bokun.tools\/db9d2784-153b-4e5c-b3c8-66b5eb6a8070.jpeg?w=400&#038;h=300&#038;mode=crop\" alt=\"Napapiirin ylitysseremonia\"><\/div><div class=\"content-wrap\"><div class=\"duration\">30 minuuttia<\/div><p class=\"price\">Alk: <span>600 \u20ac<\/span><\/p><div class=\"main-content\"><div class=\"incl\"><span class=\"bonfire\"><\/span><span class=\"bonfire-fi\"><\/span><span class=\"certificate\"><\/span><span class=\"certificate-fi\"><\/span><span class=\"guide\"><\/span><span class=\"guide-fi\"><\/span><span class=\"snack\"><\/span><span class=\"snack-fi\"><\/span><\/div><p class=\"subheading\">Santa Claus Village<\/p><h3>Napapiirin ylitysseremonia<\/h3><p>Kiehtova seremonia Napapiirin syd\u00e4mess\u00e4.<\/p><div class=\"et_pb_button_module_wrapper et_pb_button_alignment_center et_pb_module btn-tuote-haku\"><span class=\"et_pb_button et_pb_bg_layout_light\">N\u00e4yt\u00e4 tuote<\/span><\/div><\/div><\/div><\/div><\/a><\/div><div class=\"product-item-wrapper\"><a href=\"https:\/\/www.santaclausreindeer.fi\/fi\/tuote\/5-7-minuutin-poroajelu-joulupukin-pajakylassa\/\" class=\"product-item-link\"><div class=\"product-item\"><div class=\"et_pb_image_wrap\"><img decoding=\"async\" src=\"https:\/\/imgcdn.bokun.tools\/adaae575-55a1-4b7a-bf50-670088e2cf1a.jpeg?w=400&#038;h=300&#038;mode=crop\" alt=\"5\u20137 minuutin poroajelu \u2013 ei ennakkovarausta\"><\/div><div class=\"content-wrap\"><div class=\"duration\">6 minuuttia<\/div><p class=\"price\">Alk: <span>30 \u20ac<\/span><\/p><div class=\"main-content\"><div class=\"incl\"><span class=\"guide\"><\/span><span class=\"reindeer-ride\"><\/span><\/div><p class=\"subheading\">Poropolku<\/p><h3>5\u20137 minuutin poroajelu \u2013 ei ennakkovarausta<\/h3><p>Poropolku \u2013 400 m poroajelu Joulupukin Pajakyl\u00e4ss\u00e4<\/p><div class=\"et_pb_button_module_wrapper et_pb_button_alignment_center et_pb_module btn-tuote-haku\"><span class=\"et_pb_button et_pb_bg_layout_light\">N\u00e4yt\u00e4 tuote<\/span><\/div><\/div><\/div><\/div><\/a><\/div><div class=\"product-item-wrapper\"><a href=\"https:\/\/www.santaclausreindeer.fi\/fi\/tuote\/tapaavat-joulumuorin-joulumuorin-joulukodissa-napapiirilla\/\" class=\"product-item-link\"><div class=\"product-item\"><div class=\"et_pb_image_wrap\"><img decoding=\"async\" src=\"https:\/\/imgcdn.bokun.tools\/885bdc26-3037-49fb-9a1a-e8fa6be85a3f.jpeg?w=400&#038;h=300&#038;mode=crop\" alt=\"Tapaa Joulumuorin Joulumuorin joulukodissa Napapiirill\u00e4\"><\/div><div class=\"content-wrap\"><div class=\"duration\">10 minuuttia<\/div><p class=\"price\">Alk: <span>50 \u20ac<\/span><\/p><div class=\"main-content\"><p class=\"subheading\">Santa Claus Village<\/p><h3>Tapaa Joulumuorin Joulumuorin joulukodissa Napapiirill\u00e4<\/h3><p>Astut Joulumuorin l\u00e4mpim\u00e4\u00e4n ja tervetulleeksi tuntevaan maailmaan \u2013 taikaa ymp\u00e4ri vuoden!<\/p><div class=\"et_pb_button_module_wrapper et_pb_button_alignment_center et_pb_module btn-tuote-haku\"><span class=\"et_pb_button et_pb_bg_layout_light\">N\u00e4yt\u00e4 tuote<\/span><\/div><\/div><\/div><\/div><\/a><\/div><div class=\"product-item-wrapper\"><a href=\"https:\/\/www.santaclausreindeer.fi\/fi\/tuote\/vieraile-taava-reindeer-farmilla-aito-poroelamys-rovaniemella\/\" class=\"product-item-link\"><div class=\"product-item\"><div class=\"et_pb_image_wrap\"><img decoding=\"async\" src=\"https:\/\/imgcdn.bokun.tools\/806f7671-b1b7-463c-b388-18e70dd6d414.jpeg?w=400&#038;h=300&#038;mode=crop\" alt=\"Vieraile Taava Reindeer Farmilla \u2013 aito poroel\u00e4mys Rovaniemell\u00e4\"><\/div><div class=\"content-wrap\"><div class=\"duration\">1 tunti ja 30 minuuttia<\/div><p class=\"price\">Alk: <span>79 \u20ac<\/span><\/p><div class=\"main-content\"><p class=\"subheading\">Taava Reindeer Farm<\/p><h3>Vieraile Taava Reindeer Farmilla \u2013 aito poroel\u00e4mys Rovaniemell\u00e4<\/h3><p>Taava Reindeer Farm - Aito porotilael\u00e4mys Rovaniemell\u00e4<\/p><div class=\"et_pb_button_module_wrapper et_pb_button_alignment_center et_pb_module btn-tuote-haku\"><span class=\"et_pb_button et_pb_bg_layout_light\">N\u00e4yt\u00e4 tuote<\/span><\/div><\/div><\/div><\/div><\/a><\/div><div class=\"product-item-wrapper\"><a href=\"https:\/\/www.santaclausreindeer.fi\/fi\/tuote\/ela-poronomistajan-elamaa-puolen-paivan-kokemus-arktiksella\/\" class=\"product-item-link\"><div class=\"product-item\"><div class=\"et_pb_image_wrap\"><img decoding=\"async\" src=\"https:\/\/imgcdn.bokun.tools\/fe224096-c8b3-43e1-8743-fa17148f0f66.jpeg?w=400&#038;h=300&#038;mode=crop\" alt=\"El\u00e4 poronomistajan el\u00e4m\u00e4\u00e4 \u2013 Puolen p\u00e4iv\u00e4n el\u00e4mys Napapiirill\u00e4\"><\/div><div class=\"content-wrap\"><div class=\"duration\">4 tuntia<\/div><p class=\"price\">Alk: <span>99 \u20ac<\/span><\/p><div class=\"main-content\"><div class=\"incl\"><span class=\"bonfire\"><\/span><span class=\"feeding-reindeer\"><\/span><span class=\"guide\"><\/span><span class=\"snack\"><\/span><span class=\"transportation\"><\/span><\/div><h3>El\u00e4 poronomistajan el\u00e4m\u00e4\u00e4 \u2013 Puolen p\u00e4iv\u00e4n el\u00e4mys Napapiirill\u00e4<\/h3><p>Poronhoitajan el\u00e4m\u00e4 odottaa \u2014 Astu pois p\u00e4ivitt\u00e4isest\u00e4 rutiinistasi ja koe arktisen poronhoidon raaka, aito maailma Lapissa.<\/p><div class=\"et_pb_button_module_wrapper et_pb_button_alignment_center et_pb_module btn-tuote-haku\"><span class=\"et_pb_button et_pb_bg_layout_light\">N\u00e4yt\u00e4 tuote<\/span><\/div><\/div><\/div><\/div><\/a><\/div><div class=\"product-item-wrapper\"><a href=\"https:\/\/www.santaclausreindeer.fi\/product\/1-hour-reindeer-safari-in-santa-claus-village-2\/\" class=\"product-item-link\"><div class=\"product-item\"><div class=\"et_pb_image_wrap\"><\/div><div class=\"content-wrap\"><div class=\"main-content\"><h3>Winter Adventure Reindeer Safari in Rovaniemi, Santa Claus Village<\/h3><p>A magical 2-3km long reindeer sleigh ride in Santa Claus Village.<\/p><div class=\"et_pb_button_module_wrapper et_pb_button_alignment_center et_pb_module btn-tuote-haku\"><span class=\"et_pb_button et_pb_bg_layout_light\">N\u00e4yt\u00e4 tuote<\/span><\/div><\/div><\/div><\/div><\/a><\/div><div class=\"product-item-wrapper\"><a href=\"https:\/\/www.santaclausreindeer.fi\/product\/group-booking-at-lapland-restaurant-kotahovi-ideal-for-your-lapland-experience\/\" class=\"product-item-link\"><div class=\"product-item\"><div class=\"et_pb_image_wrap\"><img decoding=\"async\" src=\"https:\/\/imgcdn.bokun.tools\/9bc1170d-cfab-4af4-a167-67a64593f2d4.jpeg?w=400&#038;h=300&#038;mode=crop\" alt=\"Group Booking at Lapland Restaurant Kotahovi \u2013 Ideal for Your Lapland Experience\"><\/div><div class=\"content-wrap\"><div class=\"duration\">1 hour<\/div><p class=\"price\">Alk: <span>69 \u20ac<\/span><\/p><div class=\"main-content\"><p class=\"subheading\">Santa Claus Village<\/p><h3>Group Booking at Lapland Restaurant Kotahovi \u2013 Ideal for Your Lapland Experience<\/h3><p>Book a group reservation at Lapland Restaurant Kotahovi for a memorable Lapland dining experience<\/p><div class=\"et_pb_button_module_wrapper et_pb_button_alignment_center et_pb_module btn-tuote-haku\"><span class=\"et_pb_button et_pb_bg_layout_light\">N\u00e4yt\u00e4 tuote<\/span><\/div><\/div><\/div><\/div><\/a><\/div><div class=\"product-item-wrapper\"><a href=\"https:\/\/www.santaclausreindeer.fi\/product\/priority-reindeer-ride-fast-track-for-you-forest-path-reindeer-ride\/\" class=\"product-item-link\"><div class=\"product-item\"><div class=\"et_pb_image_wrap\"><img decoding=\"async\" src=\"https:\/\/imgcdn.bokun.tools\/24a3c8ca-051f-445d-8068-2b3fd367ad71.jpeg?w=400&#038;h=300&#038;mode=crop\" alt=\"Priority Reindeer Ride - Fast Track for you Forest Path Reindeer Ride\"><\/div><div class=\"content-wrap\"><div class=\"duration\">25 minutes<\/div><p class=\"price\">Alk: <span>100 \u20ac<\/span><\/p><div class=\"main-content\"><div class=\"incl\"><span class=\"bonfire\"><\/span><span class=\"guide\"><\/span><span class=\"reindeer-ride\"><\/span><\/div><p class=\"subheading\">Santa Claus Village<\/p><h3>Priority Reindeer Ride - Fast Track for you Forest Path Reindeer Ride<\/h3><p>Fast-track reindeer ride \u2014 no waiting, limited priority slots<\/p><div class=\"et_pb_button_module_wrapper et_pb_button_alignment_center et_pb_module btn-tuote-haku\"><span class=\"et_pb_button et_pb_bg_layout_light\">N\u00e4yt\u00e4 tuote<\/span><\/div><\/div><\/div><\/div><\/a><\/div><div class=\"product-item-wrapper\"><a href=\"https:\/\/www.santaclausreindeer.fi\/product\/autumn-magic-in-santa-claus-village-a-fun-and-unforgettable-experience-with-reindeer\/\" class=\"product-item-link\"><div class=\"product-item\"><div class=\"et_pb_image_wrap\"><img decoding=\"async\" src=\"https:\/\/imgcdn.bokun.tools\/08a29108-1d27-40cb-a7ee-f1395a81de4b.jpeg?w=400&#038;h=300&#038;mode=crop\" alt=\"Autumn Magic in Santa Claus Village \u2013 A Fun and Unforgettable Experience with Reindeer\"><\/div><div class=\"content-wrap\"><p class=\"price\">Alk: <span>19 \u20ac<\/span><\/p><div class=\"main-content\"><h3>Autumn Magic in Santa Claus Village \u2013 A Fun and Unforgettable Experience with Reindeer<\/h3><p>Meet Santa Claus\u2019s reindeer in their summer home \u2014 a magical Arctic moment.<\/p><div class=\"et_pb_button_module_wrapper et_pb_button_alignment_center et_pb_module btn-tuote-haku\"><span class=\"et_pb_button et_pb_bg_layout_light\">N\u00e4yt\u00e4 tuote<\/span><\/div><\/div><\/div><\/div><\/a><\/div><\/div>\n\t\t\t\t<\/div>\n\t\t\t<\/div><\/p>\n","protected":false},"author":2,"featured_media":0,"parent":0,"menu_order":0,"comment_status":"closed","ping_status":"closed","template":"","meta":{"_acf_changed":false,"_et_pb_use_builder":"on","_et_pb_old_content":"","_et_gb_content_width":"","inline_featured_image":false,"footnotes":""},"class_list":["post-65552","page","type-page","status-publish","hentry"],"acf":[],"yoast_head":"<!-- This site is optimized with the Yoast SEO plugin v27.5 - https:\/\/yoast.com\/product\/yoast-seo-wordpress\/ -->\n<title>AAAAA - Santa Claus Reindeer<\/title>\n<meta name=\"robots\" content=\"index, follow, max-snippet:-1, max-image-preview:large, max-video-preview:-1\" \/>\n<link rel=\"canonical\" href=\"https:\/\/www.santaclausreindeer.fi\/fi\/aaaaa\/\" \/>\n<meta property=\"og:locale\" content=\"fi_FI\" \/>\n<meta property=\"og:type\" content=\"article\" \/>\n<meta property=\"og:title\" content=\"AAAAA - Santa Claus Reindeer\" \/>\n<meta property=\"og:url\" content=\"https:\/\/www.santaclausreindeer.fi\/fi\/aaaaa\/\" \/>\n<meta property=\"og:site_name\" content=\"Santa Claus Reindeer\" \/>\n<meta property=\"article:publisher\" content=\"https:\/\/www.facebook.com\/SantaClausReindeer\/\" \/>\n<meta property=\"article:modified_time\" content=\"2025-02-17T11:42:14+00:00\" \/>\n<meta name=\"twitter:card\" content=\"summary_large_image\" \/>\n<meta name=\"twitter:label1\" content=\"Arvioitu lukuaika\" \/>\n\t<meta name=\"twitter:data1\" content=\"2 minuuttia\" \/>\n<script type=\"application\/ld+json\" class=\"yoast-schema-graph\">{\"@context\":\"https:\\\/\\\/schema.org\",\"@graph\":[{\"@type\":\"WebPage\",\"@id\":\"https:\\\/\\\/www.santaclausreindeer.fi\\\/fi\\\/aaaaa\\\/\",\"url\":\"https:\\\/\\\/www.santaclausreindeer.fi\\\/fi\\\/aaaaa\\\/\",\"name\":\"AAAAA - Santa Claus Reindeer\",\"isPartOf\":{\"@id\":\"https:\\\/\\\/www.santaclausreindeer.fi\\\/fi\\\/#website\"},\"datePublished\":\"2025-02-11T09:16:22+00:00\",\"dateModified\":\"2025-02-17T11:42:14+00:00\",\"breadcrumb\":{\"@id\":\"https:\\\/\\\/www.santaclausreindeer.fi\\\/fi\\\/aaaaa\\\/#breadcrumb\"},\"inLanguage\":\"fi\",\"potentialAction\":[{\"@type\":\"ReadAction\",\"target\":[\"https:\\\/\\\/www.santaclausreindeer.fi\\\/fi\\\/aaaaa\\\/\"]}]},{\"@type\":\"BreadcrumbList\",\"@id\":\"https:\\\/\\\/www.santaclausreindeer.fi\\\/fi\\\/aaaaa\\\/#breadcrumb\",\"itemListElement\":[{\"@type\":\"ListItem\",\"position\":1,\"name\":\"Home\",\"item\":\"https:\\\/\\\/www.santaclausreindeer.fi\\\/fi\\\/\"},{\"@type\":\"ListItem\",\"position\":2,\"name\":\"AAAAA\"}]},{\"@type\":\"WebSite\",\"@id\":\"https:\\\/\\\/www.santaclausreindeer.fi\\\/fi\\\/#website\",\"url\":\"https:\\\/\\\/www.santaclausreindeer.fi\\\/fi\\\/\",\"name\":\"Santa Claus Reindeer\",\"description\":\"Arctic Circle, Rovaniemi, Lapland\",\"publisher\":{\"@id\":\"https:\\\/\\\/www.santaclausreindeer.fi\\\/fi\\\/#organization\"},\"potentialAction\":[{\"@type\":\"SearchAction\",\"target\":{\"@type\":\"EntryPoint\",\"urlTemplate\":\"https:\\\/\\\/www.santaclausreindeer.fi\\\/fi\\\/?s={search_term_string}\"},\"query-input\":{\"@type\":\"PropertyValueSpecification\",\"valueRequired\":true,\"valueName\":\"search_term_string\"}}],\"inLanguage\":\"fi\"},{\"@type\":\"Organization\",\"@id\":\"https:\\\/\\\/www.santaclausreindeer.fi\\\/fi\\\/#organization\",\"name\":\"Santa Claus Reindeer\",\"url\":\"https:\\\/\\\/www.santaclausreindeer.fi\\\/fi\\\/\",\"logo\":{\"@type\":\"ImageObject\",\"inLanguage\":\"fi\",\"@id\":\"https:\\\/\\\/www.santaclausreindeer.fi\\\/fi\\\/#\\\/schema\\\/logo\\\/image\\\/\",\"url\":\"https:\\\/\\\/www.santaclausreindeer.fi\\\/wp-content\\\/uploads\\\/2024\\\/10\\\/scr_logo_vaakaslogan-RVN-RGB-opt.svg\",\"contentUrl\":\"https:\\\/\\\/www.santaclausreindeer.fi\\\/wp-content\\\/uploads\\\/2024\\\/10\\\/scr_logo_vaakaslogan-RVN-RGB-opt.svg\",\"width\":396,\"height\":212,\"caption\":\"Santa Claus Reindeer\"},\"image\":{\"@id\":\"https:\\\/\\\/www.santaclausreindeer.fi\\\/fi\\\/#\\\/schema\\\/logo\\\/image\\\/\"},\"sameAs\":[\"https:\\\/\\\/www.facebook.com\\\/SantaClausReindeer\\\/\",\"https:\\\/\\\/www.instagram.com\\\/santaclausreindeer\\\/\",\"https:\\\/\\\/www.youtube.com\\\/user\\\/santareindeerlapland\",\"https:\\\/\\\/www.tripadvisor.fr\\\/Attraction_Review-g189922-d6662018-Reviews-Santa_Claus_Reindeer-Rovaniemi_Lapland.html\"]}]}<\/script>\n<!-- \/ Yoast SEO plugin. -->","yoast_head_json":{"title":"AAAAA - Santa Claus Reindeer","robots":{"index":"index","follow":"follow","max-snippet":"max-snippet:-1","max-image-preview":"max-image-preview:large","max-video-preview":"max-video-preview:-1"},"canonical":"https:\/\/www.santaclausreindeer.fi\/fi\/aaaaa\/","og_locale":"fi_FI","og_type":"article","og_title":"AAAAA - Santa Claus Reindeer","og_url":"https:\/\/www.santaclausreindeer.fi\/fi\/aaaaa\/","og_site_name":"Santa Claus Reindeer","article_publisher":"https:\/\/www.facebook.com\/SantaClausReindeer\/","article_modified_time":"2025-02-17T11:42:14+00:00","twitter_card":"summary_large_image","twitter_misc":{"Arvioitu lukuaika":"2 minuuttia"},"schema":{"@context":"https:\/\/schema.org","@graph":[{"@type":"WebPage","@id":"https:\/\/www.santaclausreindeer.fi\/fi\/aaaaa\/","url":"https:\/\/www.santaclausreindeer.fi\/fi\/aaaaa\/","name":"AAAAA - Santa Claus Reindeer","isPartOf":{"@id":"https:\/\/www.santaclausreindeer.fi\/fi\/#website"},"datePublished":"2025-02-11T09:16:22+00:00","dateModified":"2025-02-17T11:42:14+00:00","breadcrumb":{"@id":"https:\/\/www.santaclausreindeer.fi\/fi\/aaaaa\/#breadcrumb"},"inLanguage":"fi","potentialAction":[{"@type":"ReadAction","target":["https:\/\/www.santaclausreindeer.fi\/fi\/aaaaa\/"]}]},{"@type":"BreadcrumbList","@id":"https:\/\/www.santaclausreindeer.fi\/fi\/aaaaa\/#breadcrumb","itemListElement":[{"@type":"ListItem","position":1,"name":"Home","item":"https:\/\/www.santaclausreindeer.fi\/fi\/"},{"@type":"ListItem","position":2,"name":"AAAAA"}]},{"@type":"WebSite","@id":"https:\/\/www.santaclausreindeer.fi\/fi\/#website","url":"https:\/\/www.santaclausreindeer.fi\/fi\/","name":"Santa Claus Reindeer","description":"Arctic Circle, Rovaniemi, Lapland","publisher":{"@id":"https:\/\/www.santaclausreindeer.fi\/fi\/#organization"},"potentialAction":[{"@type":"SearchAction","target":{"@type":"EntryPoint","urlTemplate":"https:\/\/www.santaclausreindeer.fi\/fi\/?s={search_term_string}"},"query-input":{"@type":"PropertyValueSpecification","valueRequired":true,"valueName":"search_term_string"}}],"inLanguage":"fi"},{"@type":"Organization","@id":"https:\/\/www.santaclausreindeer.fi\/fi\/#organization","name":"Santa Claus Reindeer","url":"https:\/\/www.santaclausreindeer.fi\/fi\/","logo":{"@type":"ImageObject","inLanguage":"fi","@id":"https:\/\/www.santaclausreindeer.fi\/fi\/#\/schema\/logo\/image\/","url":"https:\/\/www.santaclausreindeer.fi\/wp-content\/uploads\/2024\/10\/scr_logo_vaakaslogan-RVN-RGB-opt.svg","contentUrl":"https:\/\/www.santaclausreindeer.fi\/wp-content\/uploads\/2024\/10\/scr_logo_vaakaslogan-RVN-RGB-opt.svg","width":396,"height":212,"caption":"Santa Claus Reindeer"},"image":{"@id":"https:\/\/www.santaclausreindeer.fi\/fi\/#\/schema\/logo\/image\/"},"sameAs":["https:\/\/www.facebook.com\/SantaClausReindeer\/","https:\/\/www.instagram.com\/santaclausreindeer\/","https:\/\/www.youtube.com\/user\/santareindeerlapland","https:\/\/www.tripadvisor.fr\/Attraction_Review-g189922-d6662018-Reviews-Santa_Claus_Reindeer-Rovaniemi_Lapland.html"]}]}},"_links":{"self":[{"href":"https:\/\/www.santaclausreindeer.fi\/fi\/wp-json\/wp\/v2\/pages\/65552","targetHints":{"allow":["GET"]}}],"collection":[{"href":"https:\/\/www.santaclausreindeer.fi\/fi\/wp-json\/wp\/v2\/pages"}],"about":[{"href":"https:\/\/www.santaclausreindeer.fi\/fi\/wp-json\/wp\/v2\/types\/page"}],"author":[{"embeddable":true,"href":"https:\/\/www.santaclausreindeer.fi\/fi\/wp-json\/wp\/v2\/users\/2"}],"replies":[{"embeddable":true,"href":"https:\/\/www.santaclausreindeer.fi\/fi\/wp-json\/wp\/v2\/comments?post=65552"}],"version-history":[{"count":0,"href":"https:\/\/www.santaclausreindeer.fi\/fi\/wp-json\/wp\/v2\/pages\/65552\/revisions"}],"wp:attachment":[{"href":"https:\/\/www.santaclausreindeer.fi\/fi\/wp-json\/wp\/v2\/media?parent=65552"}],"curies":[{"name":"wp","href":"https:\/\/api.w.org\/{rel}","templated":true}]}}