{"id":63992,"date":"2024-06-05T12:39:14","date_gmt":"2024-06-05T09:39:14","guid":{"rendered":"https:\/\/www.www.santaclausreindeer.fi\/reindeer-pasture\/"},"modified":"2025-05-15T12:16:24","modified_gmt":"2025-05-15T09:16:24","slug":"porotila","status":"publish","type":"page","link":"https:\/\/www.santaclausreindeer.fi\/fi\/porotila\/","title":{"rendered":"Porotila"},"content":{"rendered":"<p>[et_pb_section fb_built=&#8221;1&#8243; _builder_version=&#8221;4.27.0&#8243; _module_preset=&#8221;default&#8221; background_color=&#8221;#3E3131&#8243; custom_padding=&#8221;||39px|||&#8221; global_colors_info=&#8221;{}&#8221;][et_pb_row _builder_version=&#8221;4.27.0&#8243; _module_preset=&#8221;default&#8221; global_colors_info=&#8221;{}&#8221;][et_pb_column type=&#8221;4_4&#8243; _builder_version=&#8221;4.27.0&#8243; _module_preset=&#8221;default&#8221; global_colors_info=&#8221;{}&#8221;][et_pb_text _builder_version=&#8221;4.27.4&#8243; _module_preset=&#8221;default&#8221; text_text_color=&#8221;#FFF2D6&#8243; header_text_color=&#8221;#FFF2D6&#8243; header_2_text_color=&#8221;#FFF2D6&#8243; global_colors_info=&#8221;{}&#8221;]<\/p>\n<h1>Porotila Rovaniemell\u00e4<\/h1>\n<p>Porotilamme laitumet sijaitsevat luonnon rauhassa vain 20 kilometrin (noin 20 minuutin ajomatkan) p\u00e4\u00e4ss\u00e4 Rovaniemen keskustasta. Joulupukin Pajakyl\u00e4st\u00e4 matkaa on noin 28 kilometri\u00e4 (25 minuutin ajomatka). Porotilallemme voit nauttia poroajeluista sek\u00e4 Lapin y\u00f6taivaan taianomaisesta tunnelmasta t\u00e4htien ja revontulien loisteessa.<\/p>\n<p>[\/et_pb_text][\/et_pb_column][\/et_pb_row][\/et_pb_section][et_pb_section fb_built=&#8221;1&#8243; custom_padding_last_edited=&#8221;on|phone&#8221; _builder_version=&#8221;4.27.4&#8243; _module_preset=&#8221;default&#8221; background_image=&#8221;https:\/\/www.santaclausreindeer.fi\/wp-content\/uploads\/2024\/09\/santa-claus-reindeer-our-reindeer-5.jpg&#8221; custom_padding=&#8221;||0px|175px|false|false&#8221; custom_padding_tablet=&#8221;|||0px|false|false&#8221; custom_padding_phone=&#8221;|||0px|false|false&#8221; locked=&#8221;off&#8221; global_colors_info=&#8221;{}&#8221;][et_pb_row _builder_version=&#8221;4.25.1&#8243; _module_preset=&#8221;default&#8221; background_image=&#8221;https:\/\/www.santaclausreindeer.fi\/wp-content\/uploads\/2024\/06\/src-tumma-laatikko.svg&#8221; width=&#8221;55%&#8221; width_tablet=&#8221;80%&#8221; width_phone=&#8221;80%&#8221; width_last_edited=&#8221;on|phone&#8221; module_alignment=&#8221;left&#8221; custom_margin=&#8221;||||false|false&#8221; custom_padding=&#8221;61px|36px|61px|36px|true|true&#8221; module_alignment_tablet=&#8221;center&#8221; module_alignment_phone=&#8221;center&#8221; module_alignment_last_edited=&#8221;on|phone&#8221; global_colors_info=&#8221;{}&#8221;][et_pb_column type=&#8221;4_4&#8243; _builder_version=&#8221;4.25.1&#8243; _module_preset=&#8221;default&#8221; global_colors_info=&#8221;{}&#8221;][et_pb_text _builder_version=&#8221;4.27.4&#8243; _module_preset=&#8221;default&#8221; background_enable_image=&#8221;off&#8221; background_size=&#8221;contain&#8221; background_position=&#8221;bottom_center&#8221; background_vertical_offset=&#8221;-3%&#8221; background_layout=&#8221;dark&#8221; custom_padding=&#8221;||||false|false&#8221; global_colors_info=&#8221;{}&#8221;]<\/p>\n<h2>KOE LAPIN TAIKA POROTILALLAMME<\/h2>\n<p data-start=\"69\" data-end=\"553\">Porotila on t\u00e4ydellinen paikka kokea aito Lapin syd\u00e4n. Koskemattoman arktisen luonnon keskell\u00e4 perinteet ja luonto kohtaavat. Porot kuljeskelevat rauhassa laitumillaan, ja niiden paksu turkki hohtaa valossa. Vierailemalla porotilalla p\u00e4\u00e4set astumaan n\u00e4iden upeiden pohjoisten el\u00e4inten maailmaan, oppimaan niiden el\u00e4m\u00e4st\u00e4 ja tuntemaan pohjoisen ihmisten ja porojen v\u00e4lisen vahvan yhteyden.<\/p>\n<p>[\/et_pb_text][\/et_pb_column][\/et_pb_row][\/et_pb_section][et_pb_section fb_built=&#8221;1&#8243; _builder_version=&#8221;4.27.0&#8243; _module_preset=&#8221;default&#8221; background_color=&#8221;#FFF9ED&#8221; background_enable_image=&#8221;off&#8221; background_blend=&#8221;multiply&#8221; global_colors_info=&#8221;{}&#8221;][et_pb_row _builder_version=&#8221;4.27.0&#8243; _module_preset=&#8221;default&#8221; global_colors_info=&#8221;{}&#8221;][et_pb_column type=&#8221;4_4&#8243; _builder_version=&#8221;4.27.0&#8243; _module_preset=&#8221;default&#8221; global_colors_info=&#8221;{}&#8221;][et_pb_text _builder_version=&#8221;4.27.0&#8243; _module_preset=&#8221;default&#8221; text_orientation=&#8221;center&#8221; width=&#8221;61%&#8221; width_tablet=&#8221;94%&#8221; width_phone=&#8221;97%&#8221; width_last_edited=&#8221;on|phone&#8221; module_alignment=&#8221;center&#8221; global_colors_info=&#8221;{}&#8221;]<\/p>\n<h2>Tilamme on satojen porojen koti<\/h2>\n<p>Lapin syd\u00e4mess\u00e4 sijaitseva porotilamme on kes\u00e4loman viettopaikka sadoille poroille. Tilallamme porot el\u00e4v\u00e4t luonnollisessa ymp\u00e4rist\u00f6ss\u00e4\u00e4n, kulkien suomalaisissa maisemissa kuten ne ovat tehneet jo vuosisatojen ajan. Jokainen poro on osa pitk\u00e4\u00e4 perinnett\u00e4 ja saa huolenpitoa kokeneilta poronhoitajilta, jotka tuntevat niiden rytmit, tarpeet ja luonteet.<\/p>\n<p>[\/et_pb_text][\/et_pb_column][\/et_pb_row][et_pb_row column_structure=&#8221;3_5,2_5&#8243; make_equal=&#8221;on&#8221; module_class=&#8221;vertical-align&#8221; _builder_version=&#8221;4.27.0&#8243; _module_preset=&#8221;default&#8221; locked=&#8221;off&#8221; global_colors_info=&#8221;{}&#8221;][et_pb_column type=&#8221;3_5&#8243; _builder_version=&#8221;4.27.0&#8243; _module_preset=&#8221;default&#8221; global_colors_info=&#8221;{}&#8221;][et_pb_text _builder_version=&#8221;4.27.4&#8243; _module_preset=&#8221;default&#8221; global_colors_info=&#8221;{}&#8221;]<\/p>\n<h3>Koe poronhoitajan el\u00e4m\u00e4\u00e4<\/h3>\n<p>Toisin kuin tavallisilla el\u00e4invierailuilla, t\u00e4ll\u00e4 tilalla et ole vain sivustakatsoja vaan p\u00e4\u00e4set mukaan oikeaan arkeen oikeiden poronhoitajien rinnalle.<\/p>\n<p>[\/et_pb_text][et_pb_button button_url=&#8221;https:\/\/www.santaclausreindeer.fi\/fi\/tuote\/live-the-life-of-a-reindeer-herder-half-day-in-the-arctic-2\/&#8221; button_text=&#8221;Koe hetki poronhoitajana \u2013 varaa nyt&#8221; _builder_version=&#8221;4.27.4&#8243; _module_preset=&#8221;default&#8221; global_colors_info=&#8221;{}&#8221;][\/et_pb_button][\/et_pb_column][et_pb_column type=&#8221;2_5&#8243; _builder_version=&#8221;4.27.0&#8243; _module_preset=&#8221;default&#8221; global_colors_info=&#8221;{}&#8221;][et_pb_image src=&#8221;https:\/\/www.santaclausreindeer.fi\/wp-content\/uploads\/2024\/09\/santa-claus-reindeer-our-reindeer-breeding.jpg&#8221; title_text=&#8221;santa-claus-reindeer-our-reindeer-breeding&#8221; module_class=&#8221;prod-img&#8221; _builder_version=&#8221;4.27.4&#8243; _module_preset=&#8221;default&#8221; global_colors_info=&#8221;{}&#8221;][\/et_pb_image][\/et_pb_column][\/et_pb_row][et_pb_row column_structure=&#8221;2_5,3_5&#8243; make_equal=&#8221;on&#8221; module_class=&#8221;vertical-align&#8221; _builder_version=&#8221;4.27.0&#8243; _module_preset=&#8221;default&#8221; locked=&#8221;off&#8221; global_colors_info=&#8221;{}&#8221;][et_pb_column type=&#8221;2_5&#8243; _builder_version=&#8221;4.27.0&#8243; _module_preset=&#8221;default&#8221; global_colors_info=&#8221;{}&#8221;][et_pb_image src=&#8221;https:\/\/www.santaclausreindeer.fi\/wp-content\/uploads\/2024\/09\/santa-claus-reindeer-norther-lights-reindeer-pasture.jpg&#8221; title_text=&#8221;santa-claus-reindeer-norther-lights-reindeer-pasture&#8221; module_class=&#8221;prod-img&#8221; _builder_version=&#8221;4.27.0&#8243; _module_preset=&#8221;default&#8221; global_colors_info=&#8221;{}&#8221;][\/et_pb_image][\/et_pb_column][et_pb_column type=&#8221;3_5&#8243; _builder_version=&#8221;4.27.0&#8243; _module_preset=&#8221;default&#8221; global_colors_info=&#8221;{}&#8221;][et_pb_text _builder_version=&#8221;4.27.0&#8243; _module_preset=&#8221;default&#8221; global_colors_info=&#8221;{}&#8221;]<\/p>\n<h3>N\u00e4e REVONTULET PARHAALTA PAIKALTA<\/h3>\n<p>Koe luonnon rauha, tunturimaisemat ja arktinen y\u00f6taivas ilman valosaastetta. Syksyll\u00e4 ja talvella voit nauttia taianomaisista illoista Santa Claus Reindeerin revontuliretkill\u00e4. Tunturin laelta l\u00f6ytyy n\u00e4k\u00f6alatasanne sek\u00e4 l\u00e4mmin kota, jossa voit istua tulen \u00e4\u00e4rell\u00e4 ja paistaa makkaraa.<\/p>\n<p>[\/et_pb_text][et_pb_button button_url=&#8221;https:\/\/www.santaclausreindeer.fi\/fi\/tuote\/rekiretki-ja-revontulisafari-rovaniemella\/&#8221; button_text=&#8221;Varaa revontuliretki&#8221; _builder_version=&#8221;4.27.4&#8243; _module_preset=&#8221;default&#8221; global_colors_info=&#8221;{}&#8221;][\/et_pb_button][\/et_pb_column][\/et_pb_row][et_pb_row column_structure=&#8221;3_5,2_5&#8243; make_equal=&#8221;on&#8221; module_class=&#8221;vertical-align&#8221; _builder_version=&#8221;4.27.0&#8243; _module_preset=&#8221;default&#8221; locked=&#8221;off&#8221; global_colors_info=&#8221;{}&#8221;][et_pb_column type=&#8221;3_5&#8243; _builder_version=&#8221;4.27.0&#8243; _module_preset=&#8221;default&#8221; global_colors_info=&#8221;{}&#8221;][et_pb_text _builder_version=&#8221;4.27.0&#8243; _module_preset=&#8221;default&#8221; custom_padding=&#8221;||1px|||&#8221; global_colors_info=&#8221;{}&#8221;]<\/p>\n<h3>LUMINEN ER\u00c4MAA KUTSUU POROSAFARILLE<\/h3>\n<p>Alueella kulkee kilometreitt\u00e4in poroajelureittej\u00e4. Poroja ja reki\u00e4 pehmeine porontaljoineen odottaa valmiina viem\u00e4\u00e4n sinut rauhalliselle matkalle lumisten metsien halki.<\/p>\n<p>[\/et_pb_text][et_pb_button button_url=&#8221;https:\/\/www.santaclausreindeer.fi\/fi\/porosafarit\/&#8221; button_text=&#8221;Varaa porosafariel\u00e4mys&#8221; _builder_version=&#8221;4.27.4&#8243; _module_preset=&#8221;default&#8221; global_colors_info=&#8221;{}&#8221;][\/et_pb_button][\/et_pb_column][et_pb_column type=&#8221;2_5&#8243; _builder_version=&#8221;4.27.0&#8243; _module_preset=&#8221;default&#8221; global_colors_info=&#8221;{}&#8221;][et_pb_image src=&#8221;https:\/\/www.santaclausreindeer.fi\/wp-content\/uploads\/2024\/09\/santa-claus-reindeer-talviseikkailu-pidempi-poroajelu-reindeer-pasture.jpg&#8221; title_text=&#8221;santa-claus-reindeer-talviseikkailu-pidempi-poroajelu-reindeer-pasture&#8221; module_class=&#8221;prod-img&#8221; _builder_version=&#8221;4.27.0&#8243; _module_preset=&#8221;default&#8221; global_colors_info=&#8221;{}&#8221;][\/et_pb_image][\/et_pb_column][\/et_pb_row][\/et_pb_section][et_pb_section fb_built=&#8221;1&#8243; admin_label=&#8221;Kotahovi&#8221; _builder_version=&#8221;4.27.4&#8243; _module_preset=&#8221;default&#8221; background_color=&#8221;#3e3131&#8243; background_image=&#8221;https:\/\/www.santaclausreindeer.fi\/wp-content\/uploads\/2024\/09\/santa-claus-reindeer-our-reindeer-2.jpg&#8221; background_position=&#8221;top_center&#8221; background_blend=&#8221;lighten&#8221; locked=&#8221;off&#8221; global_colors_info=&#8221;{}&#8221;][et_pb_row _builder_version=&#8221;4.25.1&#8243; _module_preset=&#8221;default&#8221; global_colors_info=&#8221;{}&#8221;][et_pb_column type=&#8221;4_4&#8243; _builder_version=&#8221;4.25.1&#8243; _module_preset=&#8221;default&#8221; global_colors_info=&#8221;{}&#8221;][et_pb_text _builder_version=&#8221;4.27.4&#8243; _module_preset=&#8221;default&#8221; text_orientation=&#8221;center&#8221; background_layout=&#8221;dark&#8221; width=&#8221;48%&#8221; width_tablet=&#8221;72%&#8221; width_phone=&#8221;100%&#8221; width_last_edited=&#8221;on|phone&#8221; module_alignment=&#8221;center&#8221; hover_enabled=&#8221;0&#8243; module_alignment_tablet=&#8221;center&#8221; module_alignment_phone=&#8221;center&#8221; module_alignment_last_edited=&#8221;on|tablet&#8221; global_colors_info=&#8221;{}&#8221; custom_padding=&#8221;|0px||||&#8221; sticky_enabled=&#8221;0&#8243;]<\/p>\n<h2>Meille vastuullisuus on luonnollista<\/h2>\n<p>[\/et_pb_text][et_pb_text _builder_version=&#8221;4.27.4&#8243; _module_preset=&#8221;default&#8221; text_font_size=&#8221;18px&#8221; text_orientation=&#8221;center&#8221; background_layout=&#8221;dark&#8221; width=&#8221;48%&#8221; width_tablet=&#8221;85%&#8221; width_phone=&#8221;100%&#8221; width_last_edited=&#8221;on|phone&#8221; module_alignment=&#8221;center&#8221; text_text_shadow_style=&#8221;preset3&#8243; text_text_shadow_color=&#8221;#3E3131&#8243; global_colors_info=&#8221;{}&#8221;]<\/p>\n<p data-start=\"157\" data-end=\"312\" class=\"\">El\u00e4inten hyvinvointi, ymp\u00e4rist\u00f6n kunnioitus ja kest\u00e4v\u00e4 matkailu ovat osa arkea \u2013 eiv\u00e4t erillisi\u00e4 tekoja. Lue, miten vastuullisuus n\u00e4kyy toiminnassamme joka p\u00e4iv\u00e4.<\/p>\n<p>[\/et_pb_text][et_pb_button button_url=&#8221;https:\/\/www.santaclausreindeer.fi\/fi\/info\/vastuullisuus\/&#8221; button_text=&#8221;Tutustu vastuullisuusty\u00f6h\u00f6mme&#8221; button_alignment=&#8221;center&#8221; _builder_version=&#8221;4.27.4&#8243; _module_preset=&#8221;default&#8221; custom_button=&#8221;on&#8221; button_text_color=&#8221;#3E3131&#8243; button_icon=&#8221;&#xf14d;||fa||900&#8243; button_icon_color=&#8221;#3E3131&#8243; button_on_hover=&#8221;off&#8221; hover_enabled=&#8221;0&#8243; global_colors_info=&#8221;{}&#8221; sticky_enabled=&#8221;0&#8243;][\/et_pb_button][\/et_pb_column][\/et_pb_row][\/et_pb_section][et_pb_section fb_built=&#8221;1&#8243; _builder_version=&#8221;4.27.4&#8243; _module_preset=&#8221;default&#8221; locked=&#8221;off&#8221; global_colors_info=&#8221;{}&#8221;][et_pb_row _builder_version=&#8221;4.27.4&#8243; _module_preset=&#8221;default&#8221; global_colors_info=&#8221;{}&#8221;][et_pb_column type=&#8221;4_4&#8243; _builder_version=&#8221;4.27.4&#8243; _module_preset=&#8221;default&#8221; global_colors_info=&#8221;{}&#8221;][et_pb_text _builder_version=&#8221;4.27.4&#8243; _module_preset=&#8221;default&#8221; global_colors_info=&#8221;{}&#8221;]<\/p>\n<h2>Sinua voi lis\u00e4ksi kiinnostaa<\/h2>\n<p>[\/et_pb_text][bokun_products display_mode=&#8221;specific&#8221; product_ids_text=&#8221;65888, 66023, 65122, 65116, 65142, 65144, 66025&#8243; product_reference=&#8221;AVAILABLE PRODUCTS (ID: Title):<\/p>\n<p>65122: 5\u20137-minute reindeer ride \u2013 no booking<br \/>\n65116: 10\u201315-minute reindeer ride \u2013 no booking<br \/>\n65142: 1 hour reindeer safari in Santa Claus Village<br \/>\n65144: 3-hour wilderness experience in Rovaniemi<br \/>\n65995: Arctic Circle Crossing Ceremony<br \/>\n65148: Digital &#038; Printed Photo with Mrs. Santa Claus<br \/>\n65118: Digital Photo with Mrs. Santa Claus<br \/>\n65140: Entrance to Mrs. Santa Claus\u2019 Christmas Cottage<br \/>\n66023: Live the Life of a Reindeer Herder \u2013 Half-Day in the Arctic<br \/>\n66025: Northern Lights Reindeer Safari<br \/>\n65999: Northern Lights Trip to Porovaara Hill<br \/>\n65993: Printed Photo with Mrs. Santa Claus<br \/>\n65888: Santa Claus Summer Magic in Rovaniemi \u2013 A Fun and Unforgettable Encounter with Reindeer in Summer and Autumn<br \/>\n&#8221; _builder_version=&#8221;4.27.4&#8243; _module_preset=&#8221;default&#8221; global_colors_info=&#8221;{}&#8221;][\/bokun_products][\/et_pb_column][\/et_pb_row][\/et_pb_section]<\/p>\n","protected":false},"excerpt":{"rendered":"<p>Porotila Rovaniemell\u00e4 Porotilamme laitumet sijaitsevat luonnon rauhassa vain 20 kilometrin (noin 20 minuutin ajomatkan) p\u00e4\u00e4ss\u00e4 Rovaniemen keskustasta. Joulupukin Pajakyl\u00e4st\u00e4 matkaa [&hellip;]<\/p>\n","protected":false},"author":2,"featured_media":0,"parent":0,"menu_order":0,"comment_status":"closed","ping_status":"closed","template":"","meta":{"_acf_changed":false,"_et_pb_use_builder":"on","_et_pb_old_content":"","_et_gb_content_width":"","inline_featured_image":false,"footnotes":""},"class_list":["post-63992","page","type-page","status-publish","hentry"],"acf":[],"yoast_head":"<!-- This site is optimized with the Yoast SEO plugin v27.4 - https:\/\/yoast.com\/product\/yoast-seo-wordpress\/ -->\n<title>Porotila \u2013 Varaa ja koe poroel\u00e4mykset \u2013\u00a0Santa Claus Reindeer<\/title>\n<meta name=\"description\" content=\"Koe aitoja porotila el\u00e4myksi\u00e4 Rovaniemell\u00e4! Sy\u00f6t\u00e4 poroja, kuule tarinoita poronhoidosta ja rentoudu Lapin luonnossa. Katso kaikki aktiviteetit ja varaa nyt!\" \/>\n<meta name=\"robots\" content=\"index, follow, max-snippet:-1, max-image-preview:large, max-video-preview:-1\" \/>\n<link rel=\"canonical\" href=\"https:\/\/www.santaclausreindeer.fi\/fi\/porotila\/\" \/>\n<meta property=\"og:locale\" content=\"fi_FI\" \/>\n<meta property=\"og:type\" content=\"article\" \/>\n<meta property=\"og:title\" content=\"Porotila \u2013 Varaa ja koe poroel\u00e4mykset \u2013\u00a0Santa Claus Reindeer\" \/>\n<meta property=\"og:description\" content=\"Koe aitoja porotila el\u00e4myksi\u00e4 Rovaniemell\u00e4! Sy\u00f6t\u00e4 poroja, kuule tarinoita poronhoidosta ja rentoudu Lapin luonnossa. Katso kaikki aktiviteetit ja varaa nyt!\" \/>\n<meta property=\"og:url\" content=\"https:\/\/www.santaclausreindeer.fi\/fi\/porotila\/\" \/>\n<meta property=\"og:site_name\" content=\"Santa Claus Reindeer\" \/>\n<meta property=\"article:publisher\" content=\"https:\/\/www.facebook.com\/SantaClausReindeer\/\" \/>\n<meta property=\"article:modified_time\" content=\"2025-05-15T09:16:24+00:00\" \/>\n<meta name=\"twitter:card\" content=\"summary_large_image\" \/>\n<meta name=\"twitter:label1\" content=\"Arvioitu lukuaika\" \/>\n\t<meta name=\"twitter:data1\" content=\"6 minuuttia\" \/>\n<script type=\"application\/ld+json\" class=\"yoast-schema-graph\">{\"@context\":\"https:\\\/\\\/schema.org\",\"@graph\":[{\"@type\":\"WebPage\",\"@id\":\"https:\\\/\\\/www.santaclausreindeer.fi\\\/fi\\\/porotila\\\/\",\"url\":\"https:\\\/\\\/www.santaclausreindeer.fi\\\/fi\\\/porotila\\\/\",\"name\":\"Porotila \u2013 Varaa ja koe poroel\u00e4mykset \u2013\u00a0Santa Claus Reindeer\",\"isPartOf\":{\"@id\":\"https:\\\/\\\/www.santaclausreindeer.fi\\\/fi\\\/#website\"},\"datePublished\":\"2024-06-05T09:39:14+00:00\",\"dateModified\":\"2025-05-15T09:16:24+00:00\",\"description\":\"Koe aitoja porotila el\u00e4myksi\u00e4 Rovaniemell\u00e4! Sy\u00f6t\u00e4 poroja, kuule tarinoita poronhoidosta ja rentoudu Lapin luonnossa. Katso kaikki aktiviteetit ja varaa nyt!\",\"breadcrumb\":{\"@id\":\"https:\\\/\\\/www.santaclausreindeer.fi\\\/fi\\\/porotila\\\/#breadcrumb\"},\"inLanguage\":\"fi\",\"potentialAction\":[{\"@type\":\"ReadAction\",\"target\":[\"https:\\\/\\\/www.santaclausreindeer.fi\\\/fi\\\/porotila\\\/\"]}]},{\"@type\":\"BreadcrumbList\",\"@id\":\"https:\\\/\\\/www.santaclausreindeer.fi\\\/fi\\\/porotila\\\/#breadcrumb\",\"itemListElement\":[{\"@type\":\"ListItem\",\"position\":1,\"name\":\"Home\",\"item\":\"https:\\\/\\\/www.santaclausreindeer.fi\\\/fi\\\/\"},{\"@type\":\"ListItem\",\"position\":2,\"name\":\"Porotila\"}]},{\"@type\":\"WebSite\",\"@id\":\"https:\\\/\\\/www.santaclausreindeer.fi\\\/fi\\\/#website\",\"url\":\"https:\\\/\\\/www.santaclausreindeer.fi\\\/fi\\\/\",\"name\":\"Santa Claus Reindeer\",\"description\":\"Arctic Circle, Rovaniemi, Lapland\",\"publisher\":{\"@id\":\"https:\\\/\\\/www.santaclausreindeer.fi\\\/fi\\\/#organization\"},\"potentialAction\":[{\"@type\":\"SearchAction\",\"target\":{\"@type\":\"EntryPoint\",\"urlTemplate\":\"https:\\\/\\\/www.santaclausreindeer.fi\\\/fi\\\/?s={search_term_string}\"},\"query-input\":{\"@type\":\"PropertyValueSpecification\",\"valueRequired\":true,\"valueName\":\"search_term_string\"}}],\"inLanguage\":\"fi\"},{\"@type\":\"Organization\",\"@id\":\"https:\\\/\\\/www.santaclausreindeer.fi\\\/fi\\\/#organization\",\"name\":\"Santa Claus Reindeer\",\"url\":\"https:\\\/\\\/www.santaclausreindeer.fi\\\/fi\\\/\",\"logo\":{\"@type\":\"ImageObject\",\"inLanguage\":\"fi\",\"@id\":\"https:\\\/\\\/www.santaclausreindeer.fi\\\/fi\\\/#\\\/schema\\\/logo\\\/image\\\/\",\"url\":\"https:\\\/\\\/www.santaclausreindeer.fi\\\/wp-content\\\/uploads\\\/2024\\\/10\\\/scr_logo_vaakaslogan-RVN-RGB-opt.svg\",\"contentUrl\":\"https:\\\/\\\/www.santaclausreindeer.fi\\\/wp-content\\\/uploads\\\/2024\\\/10\\\/scr_logo_vaakaslogan-RVN-RGB-opt.svg\",\"width\":396,\"height\":212,\"caption\":\"Santa Claus Reindeer\"},\"image\":{\"@id\":\"https:\\\/\\\/www.santaclausreindeer.fi\\\/fi\\\/#\\\/schema\\\/logo\\\/image\\\/\"},\"sameAs\":[\"https:\\\/\\\/www.facebook.com\\\/SantaClausReindeer\\\/\",\"https:\\\/\\\/www.instagram.com\\\/santaclausreindeer\\\/\",\"https:\\\/\\\/www.youtube.com\\\/user\\\/santareindeerlapland\",\"https:\\\/\\\/www.tripadvisor.fr\\\/Attraction_Review-g189922-d6662018-Reviews-Santa_Claus_Reindeer-Rovaniemi_Lapland.html\"]}]}<\/script>\n<!-- \/ Yoast SEO plugin. -->","yoast_head_json":{"title":"Porotila \u2013 Varaa ja koe poroel\u00e4mykset \u2013\u00a0Santa Claus Reindeer","description":"Koe aitoja porotila el\u00e4myksi\u00e4 Rovaniemell\u00e4! Sy\u00f6t\u00e4 poroja, kuule tarinoita poronhoidosta ja rentoudu Lapin luonnossa. Katso kaikki aktiviteetit ja varaa nyt!","robots":{"index":"index","follow":"follow","max-snippet":"max-snippet:-1","max-image-preview":"max-image-preview:large","max-video-preview":"max-video-preview:-1"},"canonical":"https:\/\/www.santaclausreindeer.fi\/fi\/porotila\/","og_locale":"fi_FI","og_type":"article","og_title":"Porotila \u2013 Varaa ja koe poroel\u00e4mykset \u2013\u00a0Santa Claus Reindeer","og_description":"Koe aitoja porotila el\u00e4myksi\u00e4 Rovaniemell\u00e4! Sy\u00f6t\u00e4 poroja, kuule tarinoita poronhoidosta ja rentoudu Lapin luonnossa. Katso kaikki aktiviteetit ja varaa nyt!","og_url":"https:\/\/www.santaclausreindeer.fi\/fi\/porotila\/","og_site_name":"Santa Claus Reindeer","article_publisher":"https:\/\/www.facebook.com\/SantaClausReindeer\/","article_modified_time":"2025-05-15T09:16:24+00:00","twitter_card":"summary_large_image","twitter_misc":{"Arvioitu lukuaika":"6 minuuttia"},"schema":{"@context":"https:\/\/schema.org","@graph":[{"@type":"WebPage","@id":"https:\/\/www.santaclausreindeer.fi\/fi\/porotila\/","url":"https:\/\/www.santaclausreindeer.fi\/fi\/porotila\/","name":"Porotila \u2013 Varaa ja koe poroel\u00e4mykset \u2013\u00a0Santa Claus Reindeer","isPartOf":{"@id":"https:\/\/www.santaclausreindeer.fi\/fi\/#website"},"datePublished":"2024-06-05T09:39:14+00:00","dateModified":"2025-05-15T09:16:24+00:00","description":"Koe aitoja porotila el\u00e4myksi\u00e4 Rovaniemell\u00e4! Sy\u00f6t\u00e4 poroja, kuule tarinoita poronhoidosta ja rentoudu Lapin luonnossa. Katso kaikki aktiviteetit ja varaa nyt!","breadcrumb":{"@id":"https:\/\/www.santaclausreindeer.fi\/fi\/porotila\/#breadcrumb"},"inLanguage":"fi","potentialAction":[{"@type":"ReadAction","target":["https:\/\/www.santaclausreindeer.fi\/fi\/porotila\/"]}]},{"@type":"BreadcrumbList","@id":"https:\/\/www.santaclausreindeer.fi\/fi\/porotila\/#breadcrumb","itemListElement":[{"@type":"ListItem","position":1,"name":"Home","item":"https:\/\/www.santaclausreindeer.fi\/fi\/"},{"@type":"ListItem","position":2,"name":"Porotila"}]},{"@type":"WebSite","@id":"https:\/\/www.santaclausreindeer.fi\/fi\/#website","url":"https:\/\/www.santaclausreindeer.fi\/fi\/","name":"Santa Claus Reindeer","description":"Arctic Circle, Rovaniemi, Lapland","publisher":{"@id":"https:\/\/www.santaclausreindeer.fi\/fi\/#organization"},"potentialAction":[{"@type":"SearchAction","target":{"@type":"EntryPoint","urlTemplate":"https:\/\/www.santaclausreindeer.fi\/fi\/?s={search_term_string}"},"query-input":{"@type":"PropertyValueSpecification","valueRequired":true,"valueName":"search_term_string"}}],"inLanguage":"fi"},{"@type":"Organization","@id":"https:\/\/www.santaclausreindeer.fi\/fi\/#organization","name":"Santa Claus Reindeer","url":"https:\/\/www.santaclausreindeer.fi\/fi\/","logo":{"@type":"ImageObject","inLanguage":"fi","@id":"https:\/\/www.santaclausreindeer.fi\/fi\/#\/schema\/logo\/image\/","url":"https:\/\/www.santaclausreindeer.fi\/wp-content\/uploads\/2024\/10\/scr_logo_vaakaslogan-RVN-RGB-opt.svg","contentUrl":"https:\/\/www.santaclausreindeer.fi\/wp-content\/uploads\/2024\/10\/scr_logo_vaakaslogan-RVN-RGB-opt.svg","width":396,"height":212,"caption":"Santa Claus Reindeer"},"image":{"@id":"https:\/\/www.santaclausreindeer.fi\/fi\/#\/schema\/logo\/image\/"},"sameAs":["https:\/\/www.facebook.com\/SantaClausReindeer\/","https:\/\/www.instagram.com\/santaclausreindeer\/","https:\/\/www.youtube.com\/user\/santareindeerlapland","https:\/\/www.tripadvisor.fr\/Attraction_Review-g189922-d6662018-Reviews-Santa_Claus_Reindeer-Rovaniemi_Lapland.html"]}]}},"_links":{"self":[{"href":"https:\/\/www.santaclausreindeer.fi\/fi\/wp-json\/wp\/v2\/pages\/63992","targetHints":{"allow":["GET"]}}],"collection":[{"href":"https:\/\/www.santaclausreindeer.fi\/fi\/wp-json\/wp\/v2\/pages"}],"about":[{"href":"https:\/\/www.santaclausreindeer.fi\/fi\/wp-json\/wp\/v2\/types\/page"}],"author":[{"embeddable":true,"href":"https:\/\/www.santaclausreindeer.fi\/fi\/wp-json\/wp\/v2\/users\/2"}],"replies":[{"embeddable":true,"href":"https:\/\/www.santaclausreindeer.fi\/fi\/wp-json\/wp\/v2\/comments?post=63992"}],"version-history":[{"count":1,"href":"https:\/\/www.santaclausreindeer.fi\/fi\/wp-json\/wp\/v2\/pages\/63992\/revisions"}],"predecessor-version":[{"id":66668,"href":"https:\/\/www.santaclausreindeer.fi\/fi\/wp-json\/wp\/v2\/pages\/63992\/revisions\/66668"}],"wp:attachment":[{"href":"https:\/\/www.santaclausreindeer.fi\/fi\/wp-json\/wp\/v2\/media?parent=63992"}],"curies":[{"name":"wp","href":"https:\/\/api.w.org\/{rel}","templated":true}]}}