{"id":63922,"date":"2024-09-13T16:07:58","date_gmt":"2024-09-13T13:07:58","guid":{"rendered":"https:\/\/www.www.santaclausreindeer.fi\/for-travel-agencies-groups\/"},"modified":"2025-08-12T13:32:31","modified_gmt":"2025-08-12T10:32:31","slug":"matkanjarjestajille-ryhmille","status":"publish","type":"page","link":"https:\/\/www.santaclausreindeer.fi\/fi\/info\/matkanjarjestajille-ryhmille\/","title":{"rendered":"Matkanj\u00e4rjest\u00e4jille &#038; ryhmille"},"content":{"rendered":"<p>[et_pb_section fb_built=&#8221;1&#8243; _builder_version=&#8221;4.27.0&#8243; _module_preset=&#8221;default&#8221; background_color=&#8221;#3E3131&#8243; custom_padding=&#8221;||39px|||&#8221; global_colors_info=&#8221;{}&#8221;][et_pb_row _builder_version=&#8221;4.27.0&#8243; _module_preset=&#8221;default&#8221; global_colors_info=&#8221;{}&#8221;][et_pb_column type=&#8221;4_4&#8243; _builder_version=&#8221;4.27.0&#8243; _module_preset=&#8221;default&#8221; global_colors_info=&#8221;{}&#8221;][et_pb_text _builder_version=&#8221;4.27.4&#8243; _module_preset=&#8221;default&#8221; text_text_color=&#8221;#FFF2D6&#8243; header_text_color=&#8221;#FFF2D6&#8243; header_2_text_color=&#8221;#FFF2D6&#8243; global_colors_info=&#8221;{}&#8221;]<\/p>\n<h1>Matkanj\u00e4rjest\u00e4jille ja ryhmille<\/h1>\n<p>Santa Claus Reindeer poroel\u00e4mykset Joulupukin Pajakyl\u00e4ss\u00e4 &amp; Taava Porotilalla vain 20 min p\u00e4\u00e4ss\u00e4 Rovaniemen keskustasta.<\/p>\n<p>[\/et_pb_text][\/et_pb_column][\/et_pb_row][\/et_pb_section][et_pb_section fb_built=&#8221;1&#8243; _builder_version=&#8221;4.27.0&#8243; _module_preset=&#8221;default&#8221; background_color=&#8221;#FFF9ED&#8221; background_enable_image=&#8221;off&#8221; background_blend=&#8221;multiply&#8221; global_colors_info=&#8221;{}&#8221;][et_pb_row column_structure=&#8221;1_2,1_2&#8243; _builder_version=&#8221;4.27.0&#8243; _module_preset=&#8221;default&#8221; global_colors_info=&#8221;{}&#8221;][et_pb_column type=&#8221;1_2&#8243; _builder_version=&#8221;4.27.0&#8243; _module_preset=&#8221;default&#8221; global_colors_info=&#8221;{}&#8221;][et_pb_image src=&#8221;https:\/\/www.santaclausreindeer.fi\/wp-content\/uploads\/2024\/09\/porovaarahill-talvi-1-13santa-claus-reindeer-company.jpg&#8221; title_text=&#8221;porovaarahill-talvi-1-13santa-claus-reindeer-company&#8221; _builder_version=&#8221;4.27.0&#8243; _module_preset=&#8221;default&#8221; global_colors_info=&#8221;{}&#8221;][\/et_pb_image][\/et_pb_column][et_pb_column type=&#8221;1_2&#8243; _builder_version=&#8221;4.27.0&#8243; _module_preset=&#8221;default&#8221; global_colors_info=&#8221;{}&#8221;][et_pb_text _builder_version=&#8221;4.27.0&#8243; _module_preset=&#8221;default&#8221; global_colors_info=&#8221;{}&#8221;]<\/p>\n<p>Matkatoimistoja ja matkanj\u00e4rjest\u00e4ji\u00e4, joiden ryhm\u00e4t vierailevat Santa Claus Reindeer -poropuistossa, suositellaan ottamaan meihin yhteytt\u00e4 s\u00e4hk\u00f6postitse etuk\u00e4teen. N\u00e4in voimme kertoa tarjouksistamme ja palveluiden saatavuudesta, etsi\u00e4 parhaiten sopivan palvelun kyseess\u00e4 olevalle ryhm\u00e4lle ja auttaa varauksen tekemisess\u00e4.<\/p>\n<p>Palvelun varaaminen etuk\u00e4teen mahdollistaa isojen ryhmien sujuvamman palvelun ja helpottaa matkanj\u00e4rjest\u00e4jien ty\u00f6t\u00e4 \u2013 varauksen tekeminen etuk\u00e4teen mahdollistaa ryhm\u00e4lle lyhyemm\u00e4t odotusajat ja auttaa pit\u00e4m\u00e4\u00e4n ryhm\u00e4n suunnitellussa aikataulussa.<\/p>\n<p>Tarjoamme kanssamme yhteisty\u00f6sopimuksen tehneille matkanj\u00e4rjest\u00e4jille komission. Ota meihin yhteytt\u00e4 lis\u00e4tietoja saadaksesi ja varauksen tehd\u00e4ksesi: info@santaclausreindeer.fi<\/p>\n<p>[\/et_pb_text][\/et_pb_column][\/et_pb_row][\/et_pb_section]<\/p>\n","protected":false},"excerpt":{"rendered":"<p>Matkanj\u00e4rjest\u00e4jille ja ryhmille Santa Claus Reindeer poroel\u00e4mykset Joulupukin Pajakyl\u00e4ss\u00e4 &amp; Taava Porotilalla vain 20 min p\u00e4\u00e4ss\u00e4 Rovaniemen keskustasta.Matkatoimistoja ja matkanj\u00e4rjest\u00e4ji\u00e4, [&hellip;]<\/p>\n","protected":false},"author":2,"featured_media":0,"parent":63939,"menu_order":0,"comment_status":"closed","ping_status":"closed","template":"","meta":{"_acf_changed":false,"_et_pb_use_builder":"on","_et_pb_old_content":"","_et_gb_content_width":"","inline_featured_image":false,"footnotes":""},"class_list":["post-63922","page","type-page","status-publish","hentry"],"acf":[],"yoast_head":"<!-- This site is optimized with the Yoast SEO plugin v27.4 - https:\/\/yoast.com\/product\/yoast-seo-wordpress\/ -->\n<title>Ryhmille ja matkanj\u00e4rjest\u00e4jille \u2013\u00a0Santa Claus Reindeer<\/title>\n<meta name=\"description\" content=\"Tietoa ryhmille ja matkanj\u00e4rjest\u00e4jille \u2013 Tarjoamme r\u00e4\u00e4t\u00e4l\u00f6ityj\u00e4 poroel\u00e4myksi\u00e4 yrityksille, ryhmille ja matkanj\u00e4rjest\u00e4jille. Kysy lis\u00e4\u00e4 ja suunnitellaan retki!\" \/>\n<meta name=\"robots\" content=\"index, follow, max-snippet:-1, max-image-preview:large, max-video-preview:-1\" \/>\n<link rel=\"canonical\" href=\"https:\/\/www.santaclausreindeer.fi\/fi\/info\/matkanjarjestajille-ryhmille\/\" \/>\n<meta property=\"og:locale\" content=\"fi_FI\" \/>\n<meta property=\"og:type\" content=\"article\" \/>\n<meta property=\"og:title\" content=\"Ryhmille ja matkanj\u00e4rjest\u00e4jille \u2013\u00a0Santa Claus Reindeer\" \/>\n<meta property=\"og:description\" content=\"Tietoa ryhmille ja matkanj\u00e4rjest\u00e4jille \u2013 Tarjoamme r\u00e4\u00e4t\u00e4l\u00f6ityj\u00e4 poroel\u00e4myksi\u00e4 yrityksille, ryhmille ja matkanj\u00e4rjest\u00e4jille. Kysy lis\u00e4\u00e4 ja suunnitellaan retki!\" \/>\n<meta property=\"og:url\" content=\"https:\/\/www.santaclausreindeer.fi\/fi\/info\/matkanjarjestajille-ryhmille\/\" \/>\n<meta property=\"og:site_name\" content=\"Santa Claus Reindeer\" \/>\n<meta property=\"article:publisher\" content=\"https:\/\/www.facebook.com\/SantaClausReindeer\/\" \/>\n<meta property=\"article:modified_time\" content=\"2025-08-12T10:32:31+00:00\" \/>\n<meta name=\"twitter:card\" content=\"summary_large_image\" \/>\n<meta name=\"twitter:label1\" content=\"Arvioitu lukuaika\" \/>\n\t<meta name=\"twitter:data1\" content=\"1 minuutti\" \/>\n<script type=\"application\/ld+json\" class=\"yoast-schema-graph\">{\"@context\":\"https:\\\/\\\/schema.org\",\"@graph\":[{\"@type\":\"WebPage\",\"@id\":\"https:\\\/\\\/www.santaclausreindeer.fi\\\/fi\\\/info\\\/matkanjarjestajille-ryhmille\\\/\",\"url\":\"https:\\\/\\\/www.santaclausreindeer.fi\\\/fi\\\/info\\\/matkanjarjestajille-ryhmille\\\/\",\"name\":\"Ryhmille ja matkanj\u00e4rjest\u00e4jille \u2013\u00a0Santa Claus Reindeer\",\"isPartOf\":{\"@id\":\"https:\\\/\\\/www.santaclausreindeer.fi\\\/fi\\\/#website\"},\"datePublished\":\"2024-09-13T13:07:58+00:00\",\"dateModified\":\"2025-08-12T10:32:31+00:00\",\"description\":\"Tietoa ryhmille ja matkanj\u00e4rjest\u00e4jille \u2013 Tarjoamme r\u00e4\u00e4t\u00e4l\u00f6ityj\u00e4 poroel\u00e4myksi\u00e4 yrityksille, ryhmille ja matkanj\u00e4rjest\u00e4jille. Kysy lis\u00e4\u00e4 ja suunnitellaan retki!\",\"breadcrumb\":{\"@id\":\"https:\\\/\\\/www.santaclausreindeer.fi\\\/fi\\\/info\\\/matkanjarjestajille-ryhmille\\\/#breadcrumb\"},\"inLanguage\":\"fi\",\"potentialAction\":[{\"@type\":\"ReadAction\",\"target\":[\"https:\\\/\\\/www.santaclausreindeer.fi\\\/fi\\\/info\\\/matkanjarjestajille-ryhmille\\\/\"]}]},{\"@type\":\"BreadcrumbList\",\"@id\":\"https:\\\/\\\/www.santaclausreindeer.fi\\\/fi\\\/info\\\/matkanjarjestajille-ryhmille\\\/#breadcrumb\",\"itemListElement\":[{\"@type\":\"ListItem\",\"position\":1,\"name\":\"Home\",\"item\":\"https:\\\/\\\/www.santaclausreindeer.fi\\\/fi\\\/\"},{\"@type\":\"ListItem\",\"position\":2,\"name\":\"Info\",\"item\":\"https:\\\/\\\/www.santaclausreindeer.fi\\\/fi\\\/info\\\/\"},{\"@type\":\"ListItem\",\"position\":3,\"name\":\"Matkanj\u00e4rjest\u00e4jille &#038; ryhmille\"}]},{\"@type\":\"WebSite\",\"@id\":\"https:\\\/\\\/www.santaclausreindeer.fi\\\/fi\\\/#website\",\"url\":\"https:\\\/\\\/www.santaclausreindeer.fi\\\/fi\\\/\",\"name\":\"Santa Claus Reindeer\",\"description\":\"Arctic Circle, Rovaniemi, Lapland\",\"publisher\":{\"@id\":\"https:\\\/\\\/www.santaclausreindeer.fi\\\/fi\\\/#organization\"},\"potentialAction\":[{\"@type\":\"SearchAction\",\"target\":{\"@type\":\"EntryPoint\",\"urlTemplate\":\"https:\\\/\\\/www.santaclausreindeer.fi\\\/fi\\\/?s={search_term_string}\"},\"query-input\":{\"@type\":\"PropertyValueSpecification\",\"valueRequired\":true,\"valueName\":\"search_term_string\"}}],\"inLanguage\":\"fi\"},{\"@type\":\"Organization\",\"@id\":\"https:\\\/\\\/www.santaclausreindeer.fi\\\/fi\\\/#organization\",\"name\":\"Santa Claus Reindeer\",\"url\":\"https:\\\/\\\/www.santaclausreindeer.fi\\\/fi\\\/\",\"logo\":{\"@type\":\"ImageObject\",\"inLanguage\":\"fi\",\"@id\":\"https:\\\/\\\/www.santaclausreindeer.fi\\\/fi\\\/#\\\/schema\\\/logo\\\/image\\\/\",\"url\":\"https:\\\/\\\/www.santaclausreindeer.fi\\\/wp-content\\\/uploads\\\/2024\\\/10\\\/scr_logo_vaakaslogan-RVN-RGB-opt.svg\",\"contentUrl\":\"https:\\\/\\\/www.santaclausreindeer.fi\\\/wp-content\\\/uploads\\\/2024\\\/10\\\/scr_logo_vaakaslogan-RVN-RGB-opt.svg\",\"width\":396,\"height\":212,\"caption\":\"Santa Claus Reindeer\"},\"image\":{\"@id\":\"https:\\\/\\\/www.santaclausreindeer.fi\\\/fi\\\/#\\\/schema\\\/logo\\\/image\\\/\"},\"sameAs\":[\"https:\\\/\\\/www.facebook.com\\\/SantaClausReindeer\\\/\",\"https:\\\/\\\/www.instagram.com\\\/santaclausreindeer\\\/\",\"https:\\\/\\\/www.youtube.com\\\/user\\\/santareindeerlapland\",\"https:\\\/\\\/www.tripadvisor.fr\\\/Attraction_Review-g189922-d6662018-Reviews-Santa_Claus_Reindeer-Rovaniemi_Lapland.html\"]}]}<\/script>\n<!-- \/ Yoast SEO plugin. -->","yoast_head_json":{"title":"Ryhmille ja matkanj\u00e4rjest\u00e4jille \u2013\u00a0Santa Claus Reindeer","description":"Tietoa ryhmille ja matkanj\u00e4rjest\u00e4jille \u2013 Tarjoamme r\u00e4\u00e4t\u00e4l\u00f6ityj\u00e4 poroel\u00e4myksi\u00e4 yrityksille, ryhmille ja matkanj\u00e4rjest\u00e4jille. Kysy lis\u00e4\u00e4 ja suunnitellaan retki!","robots":{"index":"index","follow":"follow","max-snippet":"max-snippet:-1","max-image-preview":"max-image-preview:large","max-video-preview":"max-video-preview:-1"},"canonical":"https:\/\/www.santaclausreindeer.fi\/fi\/info\/matkanjarjestajille-ryhmille\/","og_locale":"fi_FI","og_type":"article","og_title":"Ryhmille ja matkanj\u00e4rjest\u00e4jille \u2013\u00a0Santa Claus Reindeer","og_description":"Tietoa ryhmille ja matkanj\u00e4rjest\u00e4jille \u2013 Tarjoamme r\u00e4\u00e4t\u00e4l\u00f6ityj\u00e4 poroel\u00e4myksi\u00e4 yrityksille, ryhmille ja matkanj\u00e4rjest\u00e4jille. Kysy lis\u00e4\u00e4 ja suunnitellaan retki!","og_url":"https:\/\/www.santaclausreindeer.fi\/fi\/info\/matkanjarjestajille-ryhmille\/","og_site_name":"Santa Claus Reindeer","article_publisher":"https:\/\/www.facebook.com\/SantaClausReindeer\/","article_modified_time":"2025-08-12T10:32:31+00:00","twitter_card":"summary_large_image","twitter_misc":{"Arvioitu lukuaika":"1 minuutti"},"schema":{"@context":"https:\/\/schema.org","@graph":[{"@type":"WebPage","@id":"https:\/\/www.santaclausreindeer.fi\/fi\/info\/matkanjarjestajille-ryhmille\/","url":"https:\/\/www.santaclausreindeer.fi\/fi\/info\/matkanjarjestajille-ryhmille\/","name":"Ryhmille ja matkanj\u00e4rjest\u00e4jille \u2013\u00a0Santa Claus Reindeer","isPartOf":{"@id":"https:\/\/www.santaclausreindeer.fi\/fi\/#website"},"datePublished":"2024-09-13T13:07:58+00:00","dateModified":"2025-08-12T10:32:31+00:00","description":"Tietoa ryhmille ja matkanj\u00e4rjest\u00e4jille \u2013 Tarjoamme r\u00e4\u00e4t\u00e4l\u00f6ityj\u00e4 poroel\u00e4myksi\u00e4 yrityksille, ryhmille ja matkanj\u00e4rjest\u00e4jille. Kysy lis\u00e4\u00e4 ja suunnitellaan retki!","breadcrumb":{"@id":"https:\/\/www.santaclausreindeer.fi\/fi\/info\/matkanjarjestajille-ryhmille\/#breadcrumb"},"inLanguage":"fi","potentialAction":[{"@type":"ReadAction","target":["https:\/\/www.santaclausreindeer.fi\/fi\/info\/matkanjarjestajille-ryhmille\/"]}]},{"@type":"BreadcrumbList","@id":"https:\/\/www.santaclausreindeer.fi\/fi\/info\/matkanjarjestajille-ryhmille\/#breadcrumb","itemListElement":[{"@type":"ListItem","position":1,"name":"Home","item":"https:\/\/www.santaclausreindeer.fi\/fi\/"},{"@type":"ListItem","position":2,"name":"Info","item":"https:\/\/www.santaclausreindeer.fi\/fi\/info\/"},{"@type":"ListItem","position":3,"name":"Matkanj\u00e4rjest\u00e4jille &#038; ryhmille"}]},{"@type":"WebSite","@id":"https:\/\/www.santaclausreindeer.fi\/fi\/#website","url":"https:\/\/www.santaclausreindeer.fi\/fi\/","name":"Santa Claus Reindeer","description":"Arctic Circle, Rovaniemi, Lapland","publisher":{"@id":"https:\/\/www.santaclausreindeer.fi\/fi\/#organization"},"potentialAction":[{"@type":"SearchAction","target":{"@type":"EntryPoint","urlTemplate":"https:\/\/www.santaclausreindeer.fi\/fi\/?s={search_term_string}"},"query-input":{"@type":"PropertyValueSpecification","valueRequired":true,"valueName":"search_term_string"}}],"inLanguage":"fi"},{"@type":"Organization","@id":"https:\/\/www.santaclausreindeer.fi\/fi\/#organization","name":"Santa Claus Reindeer","url":"https:\/\/www.santaclausreindeer.fi\/fi\/","logo":{"@type":"ImageObject","inLanguage":"fi","@id":"https:\/\/www.santaclausreindeer.fi\/fi\/#\/schema\/logo\/image\/","url":"https:\/\/www.santaclausreindeer.fi\/wp-content\/uploads\/2024\/10\/scr_logo_vaakaslogan-RVN-RGB-opt.svg","contentUrl":"https:\/\/www.santaclausreindeer.fi\/wp-content\/uploads\/2024\/10\/scr_logo_vaakaslogan-RVN-RGB-opt.svg","width":396,"height":212,"caption":"Santa Claus Reindeer"},"image":{"@id":"https:\/\/www.santaclausreindeer.fi\/fi\/#\/schema\/logo\/image\/"},"sameAs":["https:\/\/www.facebook.com\/SantaClausReindeer\/","https:\/\/www.instagram.com\/santaclausreindeer\/","https:\/\/www.youtube.com\/user\/santareindeerlapland","https:\/\/www.tripadvisor.fr\/Attraction_Review-g189922-d6662018-Reviews-Santa_Claus_Reindeer-Rovaniemi_Lapland.html"]}]}},"_links":{"self":[{"href":"https:\/\/www.santaclausreindeer.fi\/fi\/wp-json\/wp\/v2\/pages\/63922","targetHints":{"allow":["GET"]}}],"collection":[{"href":"https:\/\/www.santaclausreindeer.fi\/fi\/wp-json\/wp\/v2\/pages"}],"about":[{"href":"https:\/\/www.santaclausreindeer.fi\/fi\/wp-json\/wp\/v2\/types\/page"}],"author":[{"embeddable":true,"href":"https:\/\/www.santaclausreindeer.fi\/fi\/wp-json\/wp\/v2\/users\/2"}],"replies":[{"embeddable":true,"href":"https:\/\/www.santaclausreindeer.fi\/fi\/wp-json\/wp\/v2\/comments?post=63922"}],"version-history":[{"count":3,"href":"https:\/\/www.santaclausreindeer.fi\/fi\/wp-json\/wp\/v2\/pages\/63922\/revisions"}],"predecessor-version":[{"id":67976,"href":"https:\/\/www.santaclausreindeer.fi\/fi\/wp-json\/wp\/v2\/pages\/63922\/revisions\/67976"}],"up":[{"embeddable":true,"href":"https:\/\/www.santaclausreindeer.fi\/fi\/wp-json\/wp\/v2\/pages\/63939"}],"wp:attachment":[{"href":"https:\/\/www.santaclausreindeer.fi\/fi\/wp-json\/wp\/v2\/media?parent=63922"}],"curies":[{"name":"wp","href":"https:\/\/api.w.org\/{rel}","templated":true}]}}