{"id":66593,"date":"2025-11-27T11:59:39","date_gmt":"2025-11-27T09:59:39","guid":{"rendered":"https:\/\/www.www.santaclausreindeer.fi\/product\/vive-la-vida-de-un-pastor-de-renos-medio-dia-en-el-artico\/"},"modified":"2026-04-17T08:11:06","modified_gmt":"2026-04-17T05:11:06","slug":"vive-la-vida-de-un-pastor-de-renos-medio-dia-en-el-artico","status":"publish","type":"product","link":"https:\/\/www.santaclausreindeer.fi\/es\/product\/vive-la-vida-de-un-pastor-de-renos-medio-dia-en-el-artico\/","title":{"rendered":"Vive la vida de un pastor de renos: medio d\u00eda en el \u00c1rtico"},"content":{"rendered":"","protected":false},"excerpt":{"rendered":"<p>La vida de un pastor de renos te espera: al\u00e9jate de tu rutina diaria y experimenta el mundo aut\u00e9ntico y salvaje del pastoreo de renos \u00e1rtico en Rovaniemi, Finlandia<\/p>\n","protected":false},"featured_media":0,"menu_order":100,"template":"","meta":{"_acf_changed":false,"_et_pb_use_builder":"","_et_pb_old_content":"","_et_gb_content_width":"","inline_featured_image":false},"activity-category":[7253,7262],"activity-attribute":[7255,7249,7248,7257],"difficulty-level":[7162],"activity-type":[7252],"product-season":[7567,7113,7569,7112],"product-includes":[7479,7476,7480,7478,7477],"know-before-you-go":[],"company":[7283],"bookability":[7044],"icons":[7138,7136,7137,7141,7142],"product-category":[7288],"class_list":["post-66593","product","type-product","status-publish","hentry","activity-category-naturaleza","activity-category-safari-y-vida-salvaje","activity-attribute-al-aire-libre","activity-attribute-amigable-para-grupos","activity-attribute-ecologico","activity-attribute-parejas","difficulty-level-moderate","activity-type-excursion-de-un-dia-o-actividad","product-season-automne","product-season-autumn","product-season-ete","product-season-summer","product-includes-break-by-the-fire-with-a-simple-lappish-snack-and-hot-drink","product-includes-hands-on-participation-in-daily-reindeer-herding-tasksactivities-vary-by-season-and-may-include-feeding-habitat-maintenance-tracking-and-health-monitoring","product-includes-small-group-setting-max-participants-for-an-immersive-experience","product-includes-storytelling-and-insights-from-a-local-reindeer-herder-learn-about-the-culture-traditions-and-year-round-lifestyle-of-arctic-herding-families","product-includes-traditional-reindeer-herder-activities-such-aspreparing-natural-food-bundlesobserving-and-understanding-herd-behaviorfence-repairs-and-habitat-upkeepseasonal-tracking-of-reindeer-in-the-wild","company-santaclausreindeer","bookability-bookable","icons-bonfire","icons-feeding-reindeer","icons-guide","icons-snack","icons-transportation","product-category-product"],"acf":[],"yoast_head":"<!-- This site is optimized with the Yoast SEO plugin v27.5 - https:\/\/yoast.com\/product\/yoast-seo-wordpress\/ -->\n<title>Vive la vida de un pastor de renos: medio d\u00eda en el \u00c1rtico - Santa Claus Reindeer<\/title>\n<meta name=\"robots\" content=\"index, follow, max-snippet:-1, max-image-preview:large, max-video-preview:-1\" \/>\n<link rel=\"canonical\" href=\"https:\/\/www.santaclausreindeer.fi\/es\/product\/vive-la-vida-de-un-pastor-de-renos-medio-dia-en-el-artico\/\" \/>\n<meta property=\"og:locale\" content=\"es_ES\" \/>\n<meta property=\"og:type\" content=\"article\" \/>\n<meta property=\"og:title\" content=\"Vive la vida de un pastor de renos: medio d\u00eda en el \u00c1rtico - Santa Claus Reindeer\" \/>\n<meta property=\"og:description\" content=\"La vida de un pastor de renos te espera: al\u00e9jate de tu rutina diaria y experimenta el mundo aut\u00e9ntico y salvaje del pastoreo de renos \u00e1rtico en Rovaniemi, Finlandia\" \/>\n<meta property=\"og:url\" content=\"https:\/\/www.santaclausreindeer.fi\/es\/product\/vive-la-vida-de-un-pastor-de-renos-medio-dia-en-el-artico\/\" \/>\n<meta property=\"og:site_name\" content=\"Santa Claus Reindeer\" \/>\n<meta property=\"article:publisher\" content=\"https:\/\/www.facebook.com\/SantaClausReindeer\/\" \/>\n<meta property=\"article:modified_time\" content=\"2026-04-17T05:11:06+00:00\" \/>\n<meta name=\"twitter:card\" content=\"summary_large_image\" \/>\n<script type=\"application\/ld+json\" class=\"yoast-schema-graph\">{\"@context\":\"https:\\\/\\\/schema.org\",\"@graph\":[{\"@type\":\"WebPage\",\"@id\":\"https:\\\/\\\/www.santaclausreindeer.fi\\\/es\\\/product\\\/vive-la-vida-de-un-pastor-de-renos-medio-dia-en-el-artico\\\/\",\"url\":\"https:\\\/\\\/www.santaclausreindeer.fi\\\/es\\\/product\\\/vive-la-vida-de-un-pastor-de-renos-medio-dia-en-el-artico\\\/\",\"name\":\"Vive la vida de un pastor de renos: medio d\u00eda en el \u00c1rtico - Santa Claus Reindeer\",\"isPartOf\":{\"@id\":\"https:\\\/\\\/www.santaclausreindeer.fi\\\/es\\\/#website\"},\"datePublished\":\"2025-11-27T09:59:39+00:00\",\"dateModified\":\"2026-04-17T05:11:06+00:00\",\"breadcrumb\":{\"@id\":\"https:\\\/\\\/www.santaclausreindeer.fi\\\/es\\\/product\\\/vive-la-vida-de-un-pastor-de-renos-medio-dia-en-el-artico\\\/#breadcrumb\"},\"inLanguage\":\"es\",\"potentialAction\":[{\"@type\":\"ReadAction\",\"target\":[\"https:\\\/\\\/www.santaclausreindeer.fi\\\/es\\\/product\\\/vive-la-vida-de-un-pastor-de-renos-medio-dia-en-el-artico\\\/\"]}]},{\"@type\":\"BreadcrumbList\",\"@id\":\"https:\\\/\\\/www.santaclausreindeer.fi\\\/es\\\/product\\\/vive-la-vida-de-un-pastor-de-renos-medio-dia-en-el-artico\\\/#breadcrumb\",\"itemListElement\":[{\"@type\":\"ListItem\",\"position\":1,\"name\":\"Home\",\"item\":\"https:\\\/\\\/www.santaclausreindeer.fi\\\/es\\\/\"},{\"@type\":\"ListItem\",\"position\":2,\"name\":\"Products\",\"item\":\"https:\\\/\\\/www.santaclausreindeer.fi\\\/es\\\/product\\\/\"},{\"@type\":\"ListItem\",\"position\":3,\"name\":\"Vive la vida de un pastor de renos: medio d\u00eda en el \u00c1rtico\"}]},{\"@type\":\"WebSite\",\"@id\":\"https:\\\/\\\/www.santaclausreindeer.fi\\\/es\\\/#website\",\"url\":\"https:\\\/\\\/www.santaclausreindeer.fi\\\/es\\\/\",\"name\":\"Santa Claus Reindeer\",\"description\":\"Arctic Circle, Rovaniemi, Lapland\",\"publisher\":{\"@id\":\"https:\\\/\\\/www.santaclausreindeer.fi\\\/es\\\/#organization\"},\"potentialAction\":[{\"@type\":\"SearchAction\",\"target\":{\"@type\":\"EntryPoint\",\"urlTemplate\":\"https:\\\/\\\/www.santaclausreindeer.fi\\\/es\\\/?s={search_term_string}\"},\"query-input\":{\"@type\":\"PropertyValueSpecification\",\"valueRequired\":true,\"valueName\":\"search_term_string\"}}],\"inLanguage\":\"es\"},{\"@type\":\"Organization\",\"@id\":\"https:\\\/\\\/www.santaclausreindeer.fi\\\/es\\\/#organization\",\"name\":\"Santa Claus Reindeer\",\"url\":\"https:\\\/\\\/www.santaclausreindeer.fi\\\/es\\\/\",\"logo\":{\"@type\":\"ImageObject\",\"inLanguage\":\"es\",\"@id\":\"https:\\\/\\\/www.santaclausreindeer.fi\\\/es\\\/#\\\/schema\\\/logo\\\/image\\\/\",\"url\":\"https:\\\/\\\/www.santaclausreindeer.fi\\\/wp-content\\\/uploads\\\/2024\\\/10\\\/scr_logo_vaakaslogan-RVN-RGB-opt.svg\",\"contentUrl\":\"https:\\\/\\\/www.santaclausreindeer.fi\\\/wp-content\\\/uploads\\\/2024\\\/10\\\/scr_logo_vaakaslogan-RVN-RGB-opt.svg\",\"width\":396,\"height\":212,\"caption\":\"Santa Claus Reindeer\"},\"image\":{\"@id\":\"https:\\\/\\\/www.santaclausreindeer.fi\\\/es\\\/#\\\/schema\\\/logo\\\/image\\\/\"},\"sameAs\":[\"https:\\\/\\\/www.facebook.com\\\/SantaClausReindeer\\\/\",\"https:\\\/\\\/www.instagram.com\\\/santaclausreindeer\\\/\",\"https:\\\/\\\/www.youtube.com\\\/user\\\/santareindeerlapland\",\"https:\\\/\\\/www.tripadvisor.fr\\\/Attraction_Review-g189922-d6662018-Reviews-Santa_Claus_Reindeer-Rovaniemi_Lapland.html\"]}]}<\/script>\n<!-- \/ Yoast SEO plugin. -->","yoast_head_json":{"title":"Vive la vida de un pastor de renos: medio d\u00eda en el \u00c1rtico - Santa Claus Reindeer","robots":{"index":"index","follow":"follow","max-snippet":"max-snippet:-1","max-image-preview":"max-image-preview:large","max-video-preview":"max-video-preview:-1"},"canonical":"https:\/\/www.santaclausreindeer.fi\/es\/product\/vive-la-vida-de-un-pastor-de-renos-medio-dia-en-el-artico\/","og_locale":"es_ES","og_type":"article","og_title":"Vive la vida de un pastor de renos: medio d\u00eda en el \u00c1rtico - Santa Claus Reindeer","og_description":"La vida de un pastor de renos te espera: al\u00e9jate de tu rutina diaria y experimenta el mundo aut\u00e9ntico y salvaje del pastoreo de renos \u00e1rtico en Rovaniemi, Finlandia","og_url":"https:\/\/www.santaclausreindeer.fi\/es\/product\/vive-la-vida-de-un-pastor-de-renos-medio-dia-en-el-artico\/","og_site_name":"Santa Claus Reindeer","article_publisher":"https:\/\/www.facebook.com\/SantaClausReindeer\/","article_modified_time":"2026-04-17T05:11:06+00:00","twitter_card":"summary_large_image","schema":{"@context":"https:\/\/schema.org","@graph":[{"@type":"WebPage","@id":"https:\/\/www.santaclausreindeer.fi\/es\/product\/vive-la-vida-de-un-pastor-de-renos-medio-dia-en-el-artico\/","url":"https:\/\/www.santaclausreindeer.fi\/es\/product\/vive-la-vida-de-un-pastor-de-renos-medio-dia-en-el-artico\/","name":"Vive la vida de un pastor de renos: medio d\u00eda en el \u00c1rtico - Santa Claus Reindeer","isPartOf":{"@id":"https:\/\/www.santaclausreindeer.fi\/es\/#website"},"datePublished":"2025-11-27T09:59:39+00:00","dateModified":"2026-04-17T05:11:06+00:00","breadcrumb":{"@id":"https:\/\/www.santaclausreindeer.fi\/es\/product\/vive-la-vida-de-un-pastor-de-renos-medio-dia-en-el-artico\/#breadcrumb"},"inLanguage":"es","potentialAction":[{"@type":"ReadAction","target":["https:\/\/www.santaclausreindeer.fi\/es\/product\/vive-la-vida-de-un-pastor-de-renos-medio-dia-en-el-artico\/"]}]},{"@type":"BreadcrumbList","@id":"https:\/\/www.santaclausreindeer.fi\/es\/product\/vive-la-vida-de-un-pastor-de-renos-medio-dia-en-el-artico\/#breadcrumb","itemListElement":[{"@type":"ListItem","position":1,"name":"Home","item":"https:\/\/www.santaclausreindeer.fi\/es\/"},{"@type":"ListItem","position":2,"name":"Products","item":"https:\/\/www.santaclausreindeer.fi\/es\/product\/"},{"@type":"ListItem","position":3,"name":"Vive la vida de un pastor de renos: medio d\u00eda en el \u00c1rtico"}]},{"@type":"WebSite","@id":"https:\/\/www.santaclausreindeer.fi\/es\/#website","url":"https:\/\/www.santaclausreindeer.fi\/es\/","name":"Santa Claus Reindeer","description":"Arctic Circle, Rovaniemi, Lapland","publisher":{"@id":"https:\/\/www.santaclausreindeer.fi\/es\/#organization"},"potentialAction":[{"@type":"SearchAction","target":{"@type":"EntryPoint","urlTemplate":"https:\/\/www.santaclausreindeer.fi\/es\/?s={search_term_string}"},"query-input":{"@type":"PropertyValueSpecification","valueRequired":true,"valueName":"search_term_string"}}],"inLanguage":"es"},{"@type":"Organization","@id":"https:\/\/www.santaclausreindeer.fi\/es\/#organization","name":"Santa Claus Reindeer","url":"https:\/\/www.santaclausreindeer.fi\/es\/","logo":{"@type":"ImageObject","inLanguage":"es","@id":"https:\/\/www.santaclausreindeer.fi\/es\/#\/schema\/logo\/image\/","url":"https:\/\/www.santaclausreindeer.fi\/wp-content\/uploads\/2024\/10\/scr_logo_vaakaslogan-RVN-RGB-opt.svg","contentUrl":"https:\/\/www.santaclausreindeer.fi\/wp-content\/uploads\/2024\/10\/scr_logo_vaakaslogan-RVN-RGB-opt.svg","width":396,"height":212,"caption":"Santa Claus Reindeer"},"image":{"@id":"https:\/\/www.santaclausreindeer.fi\/es\/#\/schema\/logo\/image\/"},"sameAs":["https:\/\/www.facebook.com\/SantaClausReindeer\/","https:\/\/www.instagram.com\/santaclausreindeer\/","https:\/\/www.youtube.com\/user\/santareindeerlapland","https:\/\/www.tripadvisor.fr\/Attraction_Review-g189922-d6662018-Reviews-Santa_Claus_Reindeer-Rovaniemi_Lapland.html"]}]}},"_links":{"self":[{"href":"https:\/\/www.santaclausreindeer.fi\/es\/wp-json\/wp\/v2\/product\/66593","targetHints":{"allow":["GET"]}}],"collection":[{"href":"https:\/\/www.santaclausreindeer.fi\/es\/wp-json\/wp\/v2\/product"}],"about":[{"href":"https:\/\/www.santaclausreindeer.fi\/es\/wp-json\/wp\/v2\/types\/product"}],"wp:attachment":[{"href":"https:\/\/www.santaclausreindeer.fi\/es\/wp-json\/wp\/v2\/media?parent=66593"}],"wp:term":[{"taxonomy":"activity-category","embeddable":true,"href":"https:\/\/www.santaclausreindeer.fi\/es\/wp-json\/wp\/v2\/activity-category?post=66593"},{"taxonomy":"activity-attribute","embeddable":true,"href":"https:\/\/www.santaclausreindeer.fi\/es\/wp-json\/wp\/v2\/activity-attribute?post=66593"},{"taxonomy":"difficulty-level","embeddable":true,"href":"https:\/\/www.santaclausreindeer.fi\/es\/wp-json\/wp\/v2\/difficulty-level?post=66593"},{"taxonomy":"activity-type","embeddable":true,"href":"https:\/\/www.santaclausreindeer.fi\/es\/wp-json\/wp\/v2\/activity-type?post=66593"},{"taxonomy":"product-season","embeddable":true,"href":"https:\/\/www.santaclausreindeer.fi\/es\/wp-json\/wp\/v2\/product-season?post=66593"},{"taxonomy":"product-includes","embeddable":true,"href":"https:\/\/www.santaclausreindeer.fi\/es\/wp-json\/wp\/v2\/product-includes?post=66593"},{"taxonomy":"know-before-you-go","embeddable":true,"href":"https:\/\/www.santaclausreindeer.fi\/es\/wp-json\/wp\/v2\/know-before-you-go?post=66593"},{"taxonomy":"company","embeddable":true,"href":"https:\/\/www.santaclausreindeer.fi\/es\/wp-json\/wp\/v2\/company?post=66593"},{"taxonomy":"bookability","embeddable":true,"href":"https:\/\/www.santaclausreindeer.fi\/es\/wp-json\/wp\/v2\/bookability?post=66593"},{"taxonomy":"icons","embeddable":true,"href":"https:\/\/www.santaclausreindeer.fi\/es\/wp-json\/wp\/v2\/icons?post=66593"},{"taxonomy":"product-category","embeddable":true,"href":"https:\/\/www.santaclausreindeer.fi\/es\/wp-json\/wp\/v2\/product-category?post=66593"}],"curies":[{"name":"wp","href":"https:\/\/api.w.org\/{rel}","templated":true}]}}