{"id":66579,"date":"2025-03-31T17:11:07","date_gmt":"2025-03-31T14:11:07","guid":{"rendered":"https:\/\/www.www.santaclausreindeer.fi\/product\/conoce-a-la-sra-claus-en-su-cabana-navidena-en-santa-claus-village\/"},"modified":"2026-04-17T08:10:34","modified_gmt":"2026-04-17T05:10:34","slug":"conoce-a-la-sra-claus-en-su-cabana-navidena-en-santa-claus-village-2","status":"publish","type":"product","link":"https:\/\/www.santaclausreindeer.fi\/es\/product\/conoce-a-la-sra-claus-en-su-cabana-navidena-en-santa-claus-village-2\/","title":{"rendered":"Conoce a la Sra. Claus en su Caba\u00f1a Navide\u00f1a en Santa Claus Village"},"content":{"rendered":"","protected":false},"excerpt":{"rendered":"<p>Ad\u00e9ntrate en el c\u00e1lido y acogedor mundo de la Sra. Claus: \u00a1magia navide\u00f1a durante todo el a\u00f1o!<\/p>\n","protected":false},"featured_media":0,"menu_order":100,"template":"","meta":{"_acf_changed":false,"_et_pb_use_builder":"","_et_pb_old_content":"","_et_gb_content_width":"","inline_featured_image":false},"activity-category":[7167,7098],"activity-attribute":[7250,7256],"difficulty-level":[7281],"activity-type":[7252],"product-season":[7567,7113,7569,7570,7568,7111,7112,7110],"product-includes":[7564,7566,7413,7563,7565,7411,7412,7410,7414],"know-before-you-go":[],"company":[7143],"bookability":[7044],"icons":[],"product-category":[7288],"class_list":["post-66579","product","type-product","status-publish","hentry","activity-category-holiday-and-seasonal-tours","activity-category-theme-parks","activity-attribute-en-interiores","activity-attribute-familiar","difficulty-level-very-easy","activity-type-excursion-de-un-dia-o-actividad","product-season-automne","product-season-autumn","product-season-ete","product-season-hiver","product-season-printemps","product-season-spring","product-season-summer","product-season-winter","product-includes-entrada-a-su-encantadora-cabana-navidena-en-el-circulo-polar-artico","product-includes-nuestros-simpaticos-elfos-estaran-encantados-de-ayudarte-durante-tu-visita","product-includes-ten-en-cuenta","product-includes-un-encuentro-calido-y-personal-con-la-sra-claus-aproximadamente-minutos-con-cita-previa","product-includes-una-foto-impresa-de-recuerdo-por-grupo-para-llevar-a-casa-como-un-bonito-recuerdo-de-tu-visita","product-includes--entrada-a-su-encantadora-cabana-navidena-en-el-circulo-polar-artico","product-includes--una-foto-impresa-de-recuerdo-por-grupo-para-llevar-a-casa-como-un-bonito-recuerdo-de-tu-visita","product-includes--un-encuentro-calido-y-personal-con-la-sra-claus-aproximadamente-minutos-con-cita-previa","product-includes--nuestros-simpaticos-elfos-estaran-encantados-de-ayudarte-durante-tu-visita","company-joulumuori","bookability-bookable","product-category-product"],"acf":[],"yoast_head":"<!-- This site is optimized with the Yoast SEO plugin v27.5 - https:\/\/yoast.com\/product\/yoast-seo-wordpress\/ -->\n<title>Conoce a la Sra. Claus en su Caba\u00f1a Navide\u00f1a en Santa Claus Village - Santa Claus Reindeer<\/title>\n<meta name=\"robots\" content=\"index, follow, max-snippet:-1, max-image-preview:large, max-video-preview:-1\" \/>\n<link rel=\"canonical\" href=\"https:\/\/www.santaclausreindeer.fi\/es\/product\/conoce-a-la-sra-claus-en-su-cabana-navidena-en-santa-claus-village-2\/\" \/>\n<meta property=\"og:locale\" content=\"es_ES\" \/>\n<meta property=\"og:type\" content=\"article\" \/>\n<meta property=\"og:title\" content=\"Conoce a la Sra. Claus en su Caba\u00f1a Navide\u00f1a en Santa Claus Village - Santa Claus Reindeer\" \/>\n<meta property=\"og:description\" content=\"Ad\u00e9ntrate en el c\u00e1lido y acogedor mundo de la Sra. Claus: \u00a1magia navide\u00f1a durante todo el a\u00f1o!\" \/>\n<meta property=\"og:url\" content=\"https:\/\/www.santaclausreindeer.fi\/es\/product\/conoce-a-la-sra-claus-en-su-cabana-navidena-en-santa-claus-village-2\/\" \/>\n<meta property=\"og:site_name\" content=\"Santa Claus Reindeer\" \/>\n<meta property=\"article:publisher\" content=\"https:\/\/www.facebook.com\/SantaClausReindeer\/\" \/>\n<meta property=\"article:modified_time\" content=\"2026-04-17T05:10:34+00:00\" \/>\n<meta name=\"twitter:card\" content=\"summary_large_image\" \/>\n<script type=\"application\/ld+json\" class=\"yoast-schema-graph\">{\"@context\":\"https:\\\/\\\/schema.org\",\"@graph\":[{\"@type\":\"WebPage\",\"@id\":\"https:\\\/\\\/www.santaclausreindeer.fi\\\/es\\\/product\\\/conoce-a-la-sra-claus-en-su-cabana-navidena-en-santa-claus-village-2\\\/\",\"url\":\"https:\\\/\\\/www.santaclausreindeer.fi\\\/es\\\/product\\\/conoce-a-la-sra-claus-en-su-cabana-navidena-en-santa-claus-village-2\\\/\",\"name\":\"Conoce a la Sra. Claus en su Caba\u00f1a Navide\u00f1a en Santa Claus Village - Santa Claus Reindeer\",\"isPartOf\":{\"@id\":\"https:\\\/\\\/www.santaclausreindeer.fi\\\/es\\\/#website\"},\"datePublished\":\"2025-03-31T14:11:07+00:00\",\"dateModified\":\"2026-04-17T05:10:34+00:00\",\"breadcrumb\":{\"@id\":\"https:\\\/\\\/www.santaclausreindeer.fi\\\/es\\\/product\\\/conoce-a-la-sra-claus-en-su-cabana-navidena-en-santa-claus-village-2\\\/#breadcrumb\"},\"inLanguage\":\"es\",\"potentialAction\":[{\"@type\":\"ReadAction\",\"target\":[\"https:\\\/\\\/www.santaclausreindeer.fi\\\/es\\\/product\\\/conoce-a-la-sra-claus-en-su-cabana-navidena-en-santa-claus-village-2\\\/\"]}]},{\"@type\":\"BreadcrumbList\",\"@id\":\"https:\\\/\\\/www.santaclausreindeer.fi\\\/es\\\/product\\\/conoce-a-la-sra-claus-en-su-cabana-navidena-en-santa-claus-village-2\\\/#breadcrumb\",\"itemListElement\":[{\"@type\":\"ListItem\",\"position\":1,\"name\":\"Home\",\"item\":\"https:\\\/\\\/www.santaclausreindeer.fi\\\/es\\\/\"},{\"@type\":\"ListItem\",\"position\":2,\"name\":\"Products\",\"item\":\"https:\\\/\\\/www.santaclausreindeer.fi\\\/es\\\/product\\\/\"},{\"@type\":\"ListItem\",\"position\":3,\"name\":\"Conoce a la Sra. Claus en su Caba\u00f1a Navide\u00f1a en Santa Claus Village\"}]},{\"@type\":\"WebSite\",\"@id\":\"https:\\\/\\\/www.santaclausreindeer.fi\\\/es\\\/#website\",\"url\":\"https:\\\/\\\/www.santaclausreindeer.fi\\\/es\\\/\",\"name\":\"Santa Claus Reindeer\",\"description\":\"Arctic Circle, Rovaniemi, Lapland\",\"publisher\":{\"@id\":\"https:\\\/\\\/www.santaclausreindeer.fi\\\/es\\\/#organization\"},\"potentialAction\":[{\"@type\":\"SearchAction\",\"target\":{\"@type\":\"EntryPoint\",\"urlTemplate\":\"https:\\\/\\\/www.santaclausreindeer.fi\\\/es\\\/?s={search_term_string}\"},\"query-input\":{\"@type\":\"PropertyValueSpecification\",\"valueRequired\":true,\"valueName\":\"search_term_string\"}}],\"inLanguage\":\"es\"},{\"@type\":\"Organization\",\"@id\":\"https:\\\/\\\/www.santaclausreindeer.fi\\\/es\\\/#organization\",\"name\":\"Santa Claus Reindeer\",\"url\":\"https:\\\/\\\/www.santaclausreindeer.fi\\\/es\\\/\",\"logo\":{\"@type\":\"ImageObject\",\"inLanguage\":\"es\",\"@id\":\"https:\\\/\\\/www.santaclausreindeer.fi\\\/es\\\/#\\\/schema\\\/logo\\\/image\\\/\",\"url\":\"https:\\\/\\\/www.santaclausreindeer.fi\\\/wp-content\\\/uploads\\\/2024\\\/10\\\/scr_logo_vaakaslogan-RVN-RGB-opt.svg\",\"contentUrl\":\"https:\\\/\\\/www.santaclausreindeer.fi\\\/wp-content\\\/uploads\\\/2024\\\/10\\\/scr_logo_vaakaslogan-RVN-RGB-opt.svg\",\"width\":396,\"height\":212,\"caption\":\"Santa Claus Reindeer\"},\"image\":{\"@id\":\"https:\\\/\\\/www.santaclausreindeer.fi\\\/es\\\/#\\\/schema\\\/logo\\\/image\\\/\"},\"sameAs\":[\"https:\\\/\\\/www.facebook.com\\\/SantaClausReindeer\\\/\",\"https:\\\/\\\/www.instagram.com\\\/santaclausreindeer\\\/\",\"https:\\\/\\\/www.youtube.com\\\/user\\\/santareindeerlapland\",\"https:\\\/\\\/www.tripadvisor.fr\\\/Attraction_Review-g189922-d6662018-Reviews-Santa_Claus_Reindeer-Rovaniemi_Lapland.html\"]}]}<\/script>\n<!-- \/ Yoast SEO plugin. -->","yoast_head_json":{"title":"Conoce a la Sra. Claus en su Caba\u00f1a Navide\u00f1a en Santa Claus Village - Santa Claus Reindeer","robots":{"index":"index","follow":"follow","max-snippet":"max-snippet:-1","max-image-preview":"max-image-preview:large","max-video-preview":"max-video-preview:-1"},"canonical":"https:\/\/www.santaclausreindeer.fi\/es\/product\/conoce-a-la-sra-claus-en-su-cabana-navidena-en-santa-claus-village-2\/","og_locale":"es_ES","og_type":"article","og_title":"Conoce a la Sra. Claus en su Caba\u00f1a Navide\u00f1a en Santa Claus Village - Santa Claus Reindeer","og_description":"Ad\u00e9ntrate en el c\u00e1lido y acogedor mundo de la Sra. Claus: \u00a1magia navide\u00f1a durante todo el a\u00f1o!","og_url":"https:\/\/www.santaclausreindeer.fi\/es\/product\/conoce-a-la-sra-claus-en-su-cabana-navidena-en-santa-claus-village-2\/","og_site_name":"Santa Claus Reindeer","article_publisher":"https:\/\/www.facebook.com\/SantaClausReindeer\/","article_modified_time":"2026-04-17T05:10:34+00:00","twitter_card":"summary_large_image","schema":{"@context":"https:\/\/schema.org","@graph":[{"@type":"WebPage","@id":"https:\/\/www.santaclausreindeer.fi\/es\/product\/conoce-a-la-sra-claus-en-su-cabana-navidena-en-santa-claus-village-2\/","url":"https:\/\/www.santaclausreindeer.fi\/es\/product\/conoce-a-la-sra-claus-en-su-cabana-navidena-en-santa-claus-village-2\/","name":"Conoce a la Sra. Claus en su Caba\u00f1a Navide\u00f1a en Santa Claus Village - Santa Claus Reindeer","isPartOf":{"@id":"https:\/\/www.santaclausreindeer.fi\/es\/#website"},"datePublished":"2025-03-31T14:11:07+00:00","dateModified":"2026-04-17T05:10:34+00:00","breadcrumb":{"@id":"https:\/\/www.santaclausreindeer.fi\/es\/product\/conoce-a-la-sra-claus-en-su-cabana-navidena-en-santa-claus-village-2\/#breadcrumb"},"inLanguage":"es","potentialAction":[{"@type":"ReadAction","target":["https:\/\/www.santaclausreindeer.fi\/es\/product\/conoce-a-la-sra-claus-en-su-cabana-navidena-en-santa-claus-village-2\/"]}]},{"@type":"BreadcrumbList","@id":"https:\/\/www.santaclausreindeer.fi\/es\/product\/conoce-a-la-sra-claus-en-su-cabana-navidena-en-santa-claus-village-2\/#breadcrumb","itemListElement":[{"@type":"ListItem","position":1,"name":"Home","item":"https:\/\/www.santaclausreindeer.fi\/es\/"},{"@type":"ListItem","position":2,"name":"Products","item":"https:\/\/www.santaclausreindeer.fi\/es\/product\/"},{"@type":"ListItem","position":3,"name":"Conoce a la Sra. Claus en su Caba\u00f1a Navide\u00f1a en Santa Claus Village"}]},{"@type":"WebSite","@id":"https:\/\/www.santaclausreindeer.fi\/es\/#website","url":"https:\/\/www.santaclausreindeer.fi\/es\/","name":"Santa Claus Reindeer","description":"Arctic Circle, Rovaniemi, Lapland","publisher":{"@id":"https:\/\/www.santaclausreindeer.fi\/es\/#organization"},"potentialAction":[{"@type":"SearchAction","target":{"@type":"EntryPoint","urlTemplate":"https:\/\/www.santaclausreindeer.fi\/es\/?s={search_term_string}"},"query-input":{"@type":"PropertyValueSpecification","valueRequired":true,"valueName":"search_term_string"}}],"inLanguage":"es"},{"@type":"Organization","@id":"https:\/\/www.santaclausreindeer.fi\/es\/#organization","name":"Santa Claus Reindeer","url":"https:\/\/www.santaclausreindeer.fi\/es\/","logo":{"@type":"ImageObject","inLanguage":"es","@id":"https:\/\/www.santaclausreindeer.fi\/es\/#\/schema\/logo\/image\/","url":"https:\/\/www.santaclausreindeer.fi\/wp-content\/uploads\/2024\/10\/scr_logo_vaakaslogan-RVN-RGB-opt.svg","contentUrl":"https:\/\/www.santaclausreindeer.fi\/wp-content\/uploads\/2024\/10\/scr_logo_vaakaslogan-RVN-RGB-opt.svg","width":396,"height":212,"caption":"Santa Claus Reindeer"},"image":{"@id":"https:\/\/www.santaclausreindeer.fi\/es\/#\/schema\/logo\/image\/"},"sameAs":["https:\/\/www.facebook.com\/SantaClausReindeer\/","https:\/\/www.instagram.com\/santaclausreindeer\/","https:\/\/www.youtube.com\/user\/santareindeerlapland","https:\/\/www.tripadvisor.fr\/Attraction_Review-g189922-d6662018-Reviews-Santa_Claus_Reindeer-Rovaniemi_Lapland.html"]}]}},"_links":{"self":[{"href":"https:\/\/www.santaclausreindeer.fi\/es\/wp-json\/wp\/v2\/product\/66579","targetHints":{"allow":["GET"]}}],"collection":[{"href":"https:\/\/www.santaclausreindeer.fi\/es\/wp-json\/wp\/v2\/product"}],"about":[{"href":"https:\/\/www.santaclausreindeer.fi\/es\/wp-json\/wp\/v2\/types\/product"}],"wp:attachment":[{"href":"https:\/\/www.santaclausreindeer.fi\/es\/wp-json\/wp\/v2\/media?parent=66579"}],"wp:term":[{"taxonomy":"activity-category","embeddable":true,"href":"https:\/\/www.santaclausreindeer.fi\/es\/wp-json\/wp\/v2\/activity-category?post=66579"},{"taxonomy":"activity-attribute","embeddable":true,"href":"https:\/\/www.santaclausreindeer.fi\/es\/wp-json\/wp\/v2\/activity-attribute?post=66579"},{"taxonomy":"difficulty-level","embeddable":true,"href":"https:\/\/www.santaclausreindeer.fi\/es\/wp-json\/wp\/v2\/difficulty-level?post=66579"},{"taxonomy":"activity-type","embeddable":true,"href":"https:\/\/www.santaclausreindeer.fi\/es\/wp-json\/wp\/v2\/activity-type?post=66579"},{"taxonomy":"product-season","embeddable":true,"href":"https:\/\/www.santaclausreindeer.fi\/es\/wp-json\/wp\/v2\/product-season?post=66579"},{"taxonomy":"product-includes","embeddable":true,"href":"https:\/\/www.santaclausreindeer.fi\/es\/wp-json\/wp\/v2\/product-includes?post=66579"},{"taxonomy":"know-before-you-go","embeddable":true,"href":"https:\/\/www.santaclausreindeer.fi\/es\/wp-json\/wp\/v2\/know-before-you-go?post=66579"},{"taxonomy":"company","embeddable":true,"href":"https:\/\/www.santaclausreindeer.fi\/es\/wp-json\/wp\/v2\/company?post=66579"},{"taxonomy":"bookability","embeddable":true,"href":"https:\/\/www.santaclausreindeer.fi\/es\/wp-json\/wp\/v2\/bookability?post=66579"},{"taxonomy":"icons","embeddable":true,"href":"https:\/\/www.santaclausreindeer.fi\/es\/wp-json\/wp\/v2\/icons?post=66579"},{"taxonomy":"product-category","embeddable":true,"href":"https:\/\/www.santaclausreindeer.fi\/es\/wp-json\/wp\/v2\/product-category?post=66579"}],"curies":[{"name":"wp","href":"https:\/\/api.w.org\/{rel}","templated":true}]}}