{"id":70439,"date":"2025-10-14T10:24:13","date_gmt":"2025-10-14T07:24:13","guid":{"rendered":"https:\/\/www.santaclausreindeer.fi\/traslados-de-rovaniemi-a-taava\/"},"modified":"2026-04-22T13:54:59","modified_gmt":"2026-04-22T10:54:59","slug":"traslados-de-rovaniemi-a-taava","status":"publish","type":"page","link":"https:\/\/www.santaclausreindeer.fi\/es\/traslados-de-rovaniemi-a-taava\/","title":{"rendered":"Traslados de Rovaniemi a Taava"},"content":{"rendered":"<p>[et_pb_section fb_built=\u00bb1&#8243; _builder_version=\u00bb4.27.4&#8243; _module_preset=\u00bbdefault\u00bb background_color=\u00bbRGBA(62,49,49,0.8)\u00bb global_colors_info=\u00bb{}\u00bb][et_pb_row _builder_version=\u00bb4.27.4&#8243; _module_preset=\u00bbdefault\u00bb global_colors_info=\u00bb{}\u00bb][et_pb_column type=\u00bb4_4&#8243; _builder_version=\u00bb4.27.4&#8243; _module_preset=\u00bbdefault\u00bb global_colors_info=\u00bb{}\u00bb][et_pb_text _builder_version=\u00bb4.27.4&#8243; _module_preset=\u00bbdefault\u00bb background_layout=\u00bbdark\u00bb global_colors_info=\u00bb{}\u00bb]<\/p>\n<h2>Traslados de Rovaniemi a Taava<\/h2>\n<p><\/p>\n<p>Llegar desde Rovaniemi a la granja de renos Taava es sencillo y c\u00f3modo. Durante toda la temporada operan traslados compartidos regulares y conexiones con excursiones, que te llevan directamente desde la ciudad o tu alojamiento hasta la granja.<\/p>\n<p><\/p>\n<p>El pintoresco trayecto de 30\u201340 minutos recorre bosques nevados y la tranquila campi\u00f1a lapona, una introducci\u00f3n perfecta a tu m\u00e1gica experiencia en Taava.<\/p>\n<p>[\/et_pb_text][\/et_pb_column][\/et_pb_row][\/et_pb_section][et_pb_section fb_built=\u00bb1&#8243; _builder_version=\u00bb4.27.4&#8243; _module_preset=\u00bbdefault\u00bb background_color=\u00bb#FFF9ED\u00bb custom_margin=\u00bb0px||-74px||false|false\u00bb custom_padding=\u00bb0px||0px||false|false\u00bb global_colors_info=\u00bb{}\u00bb][et_pb_row _builder_version=\u00bb4.27.4&#8243; _module_preset=\u00bbdefault\u00bb global_colors_info=\u00bb{}\u00bb][et_pb_column type=\u00bb4_4&#8243; _builder_version=\u00bb4.27.4&#8243; _module_preset=\u00bbdefault\u00bb global_colors_info=\u00bb{}\u00bb][et_pb_text _builder_version=\u00bb4.27.4&#8243; _module_preset=\u00bbdefault\u00bb global_colors_info=\u00bb{}\u00bb]<\/p>\n<h2>Traslados, rotaciones, horarios de recogida e informaci\u00f3n pr\u00e1ctica<\/h2>\n<p><\/p>\n<p><strong>INFORMACI\u00d3N PR\u00c1CTICA PARA LOS CLIENTES QUE PARTICIPAN EN LAS EXPERIENCIAS DE SANTA CLAUS REINDEER<\/strong><\/p>\n<p><\/p>\n<p>Para garantizar una experiencia fluida y agradable, te pedimos que leas las siguientes indicaciones relacionadas con el transporte:<\/p>\n<p><\/p>\n<p><strong>S\u00e9 puntual<\/strong><br \/>Por favor, pres\u00e9ntate en el punto de recogida designado al menos 5 minutos antes de la hora de salida programada.<br \/>Nuestro transporte sigue un horario estricto y no puede esperar a llegadas tard\u00edas.<\/p>\n<p><\/p>\n<p><strong>Qu\u00e9 ocurre si llegas tarde<\/strong><br \/>Si pierdes la recogida, Santa Claus Reindeer no se hace responsable de organizar un transporte alternativo.<br \/>Puedes reservar y pagar un taxi por tu cuenta para llegar a la granja de renos Taava o al lugar de la actividad.<br \/>Ten en cuenta que si el retraso es causado por el cliente, la actividad no es reembolsable y no se ofrecer\u00e1n experiencias alternativas ni cambios de horario.<\/p>\n<p><\/p>\n<p><strong>Confirmaci\u00f3n de reserva obligatoria<\/strong><br \/>Todos los clientes deben presentar una confirmaci\u00f3n de reserva digital v\u00e1lida (Bokun) al conductor al subir al veh\u00edculo.<br \/>Solo se permitir\u00e1 el acceso a quienes presenten una confirmaci\u00f3n v\u00e1lida.<\/p>\n<p><\/p>\n<p><strong>Reconoce tu transporte<\/strong><br \/>Las recogidas se realizan en un minib\u00fas con un cartel de Santa Claus Reindeer (SCR) en la ventana.<br \/>Aseg\u00farate de subir al veh\u00edculo correcto.<\/p>\n<p>[\/et_pb_text][\/et_pb_column][\/et_pb_row][\/et_pb_section][et_pb_section fb_built=\u00bb1&#8243; _builder_version=\u00bb4.27.4&#8243; _module_preset=\u00bbdefault\u00bb background_color=\u00bb#FFF9ED\u00bb global_colors_info=\u00bb{}\u00bb][et_pb_row column_structure=\u00bb1_2,1_2&#8243; _builder_version=\u00bb4.27.4&#8243; _module_preset=\u00bbdefault\u00bb global_colors_info=\u00bb{}\u00bb][et_pb_column type=\u00bb1_2&#8243; _builder_version=\u00bb4.27.4&#8243; _module_preset=\u00bbdefault\u00bb hover_enabled=\u00bb0&#8243; global_colors_info=\u00bb{}\u00bb sticky_enabled=\u00bb0&#8243;][et_pb_text _builder_version=\u00bb4.27.4&#8243; _module_preset=\u00bbdefault\u00bb global_colors_info=\u00bb{}\u00bb]<\/p>\n<h2>A PARTIR DEL 12.1.2026<\/h2>\n<p><\/p>\n<p><strong>SAFARI DE RENOS DIURNO, programa 10:00 \u2013 12:30 (en la granja de renos)<\/strong><br \/><strong>Hacia Taava<\/strong><br \/>9:15 Santa Claus Reindeer \/ SCV<br \/>9:25 Punto de recogida en el centro de Rovaniemi, direcci\u00f3n: Poromiehentie 2<br \/>9:35 Lapland Hotel Sky Ounasvaara<br \/>10:00 Llegada a Taava \/ comienzo del safari de renos diurno<\/p>\n<p><\/p>\n<p><strong>Desde Taava<\/strong><br \/>12:30 Salida desde Taava<br \/>12:55 Lapland Hotel Sky Ounasvaara<br \/>13:05 Punto de recogida en el centro de Rovaniemi, direcci\u00f3n: Poromiehentie 2<br \/>13:15 Santa Claus Reindeer \/ SCV<\/p>\n<p><\/p>\n<p><strong>GRANJA DE RENOS TAAVA \u2013 RENOS Y TRADICIONES DE LAPONIA TODO EL A\u00d1O 1, programa 13:00 \u2013 14:30 (en la granja de renos)<\/strong><br \/><strong>Hacia Taava<\/strong><br \/>12:15 Santa Claus Reindeer \/ SCV<br \/>12:20 Punto de recogida en el centro de Rovaniemi, direcci\u00f3n: Poromiehentie 2<br \/>12:35 Lapland Hotel Sky Ounasvaara<br \/>13:00 Llegada a Taava \/ comienzo de la visita a la granja de renos 1<\/p>\n<p><\/p>\n<p><strong>Desde Taava<\/strong><br \/>14:30 Salida desde Taava<br \/>14:55 Lapland Hotel Sky Ounasvaara<br \/>15:05 Punto de recogida en el centro de Rovaniemi, direcci\u00f3n: Poromiehentie 2<br \/>15:15 Santa Claus Reindeer \/ SCV<\/p>\n<p><\/p>\n<p><strong>EN BUSCA DE LAS AURORAS BOREALES, programa 20:00 \u2013 22:15 (en la granja de renos)<\/strong><br \/><strong>Hacia Taava<\/strong><br \/>19:15 Santa Claus Reindeer \/ SCV<br \/>19:25 Punto de recogida en el centro de Rovaniemi, direcci\u00f3n: Poromiehentie 2<br \/>19:35 Lapland Hotel Sky Ounasvaara<br \/>20:00 Llegada a Taava \/ comienzo de la experiencia nocturna<\/p>\n<p><\/p>\n<p><strong>Desde Taava<\/strong><br \/>22:15 Salida desde Taava<br \/>22:35 Lapland Hotel Sky Ounasvaara<br \/>22:45 Punto de recogida en el centro de Rovaniemi, direcci\u00f3n: Poromiehentie 2<br \/>aprox. 23:00 Santa Claus Reindeer \/ SCV<\/p>\n<p><\/p>\n<p>A PARTIR DEL 21.3.2026<\/p>\n<p><\/p>\n<p><strong>EN BUSCA DE LAS AURORAS BOREALES, programa 21:00 \u2013 23:15 (en la granja de renos)<\/strong><br \/><strong>Hacia Taava<\/strong><br \/>20:15 Santa Claus Reindeer \/ SCV<br \/>20:25 Punto de recogida en el centro de Rovaniemi, direcci\u00f3n: Poromiehentie 2<br \/>20:35 Lapland Hotel Sky Ounasvaara<br \/>21:00 Llegada a Taava \/ comienzo de la experiencia nocturna<\/p>\n<p><\/p>\n<p><strong>Desde Taava<\/strong><br \/>23:15 Salida desde Taava<br \/>23:35 Lapland Hotel Sky Ounasvaara<br \/>23:45 Punto de recogida en el centro de Rovaniemi, direcci\u00f3n: Poromiehentie 2<br \/>aprox. 00:00 Santa Claus Reindeer \/ SCV<\/p>\n<p>[\/et_pb_text][\/et_pb_column][et_pb_column type=\u00bb1_2&#8243; _builder_version=\u00bb4.27.4&#8243; _module_preset=\u00bbdefault\u00bb global_colors_info=\u00bb{}\u00bb]<\/p>\n<p>[bokun_products display_mode=\u00bbspecific\u00bb product_ids_text=\u00bb65144, 66025, 68779&#8243; _builder_version=\u00bb4.27.4&#8243; _module_preset=\u00bbdefault\u00bb global_colors_info=\u00bb{}\u00bb][\/bokun_products]<\/p>\n<p>[\/et_pb_column][\/et_pb_row][et_pb_row _builder_version=\u00bb4.27.4&#8243; _module_preset=\u00bbdefault\u00bb global_colors_info=\u00bb{}\u00bb][et_pb_column type=\u00bb4_4&#8243; _builder_version=\u00bb4.27.4&#8243; _module_preset=\u00bbdefault\u00bb global_colors_info=\u00bb{}\u00bb][et_pb_text _builder_version=\u00bb4.27.4&#8243; _module_preset=\u00bbdefault\u00bb global_colors_info=\u00bb{}\u00bb]<\/p>\n<h2><strong>Ubicaciones<\/strong><\/h2>\n<p><\/p>\n<p>Para una experiencia m\u00e1s fluida, te recomendamos comprobar tu ubicaci\u00f3n elegida en Google Maps u otra aplicaci\u00f3n de navegaci\u00f3n antes de tu visita, para asegurarte de tener indicaciones precisas y tiempos de viaje correctos. Ten en cuenta que en invierno es aconsejable prever algo de tiempo extra, ya que las condiciones de la carretera pueden ser m\u00e1s lentas debido a la nieve o el hielo.<\/p>\n<p><\/p>\n<p>Si te unes a nosotros como parte de una excursi\u00f3n guiada o traslado, tu punto de recogida y horario se confirmar\u00e1n en los detalles de tu reserva. Por favor, rev\u00edsalos cuidadosamente y llega unos minutos antes para evitar retrasos.<\/p>\n<p><\/p>\n<p>Para los visitantes que viajan por su cuenta, las zonas de aparcamiento y las entradas principales est\u00e1n claramente se\u00f1alizadas, y nuestro equipo estar\u00e1 encantado de ayudarte a tu llegada. Si tienes alguna dificultad para encontrar el lugar exacto, no dudes en llamarnos o enviarnos un correo electr\u00f3nico, y con gusto te indicaremos c\u00f3mo llegar.<\/p>\n<p>[\/et_pb_text][\/et_pb_column][\/et_pb_row][et_pb_row column_structure=\u00bb1_3,1_3,1_3&#8243; _builder_version=\u00bb4.27.4&#8243; _module_preset=\u00bbdefault\u00bb global_colors_info=\u00bb{}\u00bb][et_pb_column type=\u00bb1_3&#8243; _builder_version=\u00bb4.27.4&#8243; _module_preset=\u00bbdefault\u00bb global_colors_info=\u00bb{}\u00bb][et_pb_text _builder_version=\u00bb4.27.4&#8243; _module_preset=\u00bbdefault\u00bb global_colors_info=\u00bb{}\u00bb]<\/p>\n<p>Santa Claus Reindeer<\/p>\n<p>[\/et_pb_text][\/et_pb_column][et_pb_column type=\u00bb1_3&#8243; _builder_version=\u00bb4.27.4&#8243; _module_preset=\u00bbdefault\u00bb global_colors_info=\u00bb{}\u00bb][et_pb_text _builder_version=\u00bb4.27.4&#8243; _module_preset=\u00bbdefault\u00bb global_colors_info=\u00bb{}\u00bb]<\/p>\n<p>Ciudad de Rovaniemi<\/p>\n<p>[\/et_pb_text][\/et_pb_column][et_pb_column type=\u00bb1_3&#8243; _builder_version=\u00bb4.27.4&#8243; _module_preset=\u00bbdefault\u00bb global_colors_info=\u00bb{}\u00bb][et_pb_text _builder_version=\u00bb4.27.4&#8243; _module_preset=\u00bbdefault\u00bb global_colors_info=\u00bb{}\u00bb]<\/p>\n<p>Hotel Sky Ounasvaara<\/p>\n<p>[\/et_pb_text][\/et_pb_column][\/et_pb_row][et_pb_row column_structure=\u00bb1_3,1_3,1_3&#8243; _builder_version=\u00bb4.27.4&#8243; _module_preset=\u00bbdefault\u00bb global_colors_info=\u00bb{}\u00bb][et_pb_column type=\u00bb1_3&#8243; _builder_version=\u00bb4.27.4&#8243; _module_preset=\u00bbdefault\u00bb global_colors_info=\u00bb{}\u00bb][et_pb_code _builder_version=\u00bb4.27.4&#8243; _module_preset=\u00bbdefault\u00bb global_colors_info=\u00bb{}\u00bb]<iframe src=\"https:\/\/www.google.com\/maps\/embed?pb=!1m18!1m12!1m3!1d1588.2184598962888!2d25.84637737760336!3d66.5425531788714!2m3!1f0!2f0!3f0!3m2!1i1024!2i768!4f13.1!3m3!1m2!1s0x442b4e7fcd5b233b%3A0x668949368d865aaa!2sSanta%20Claus%20Reindeer!5e0!3m2!1sen!2sfi!4v1761127252627!5m2!1sen!2sfi\" width=\"600\" height=\"450\" style=\"border:0;\" allowfullscreen=\"\" loading=\"lazy\" referrerpolicy=\"no-referrer-when-downgrade\"><\/iframe>[\/et_pb_code][\/et_pb_column][et_pb_column type=\u00bb1_3&#8243; _builder_version=\u00bb4.27.4&#8243; _module_preset=\u00bbdefault\u00bb global_colors_info=\u00bb{}\u00bb][et_pb_code _builder_version=\u00bb4.27.4&#8243; _module_preset=\u00bbdefault\u00bb global_colors_info=\u00bb{}\u00bb]<iframe src=\"https:\/\/www.google.com\/maps\/embed?pb=!1m18!1m12!1m3!1d795.4485955068391!2d25.71953116991745!3d66.50061304996382!2m3!1f0!2f0!3f0!3m2!1i1024!2i768!4f13.1!3m3!1m2!1s0x442b4b8d5d1c94bd%3A0x762647e33bcbb1e6!2sRoimunrotko%20P!5e0!3m2!1sen!2sfi!4v1764748121758!5m2!1sen!2sfi\" width=\"600\" height=\"450\" style=\"border:0;\" allowfullscreen=\"\" loading=\"lazy\" referrerpolicy=\"no-referrer-when-downgrade\"><\/iframe>[\/et_pb_code][\/et_pb_column][et_pb_column type=\u00bb1_3&#8243; _builder_version=\u00bb4.27.4&#8243; _module_preset=\u00bbdefault\u00bb global_colors_info=\u00bb{}\u00bb][et_pb_code _builder_version=\u00bb4.27.4&#8243; _module_preset=\u00bbdefault\u00bb global_colors_info=\u00bb{}\u00bb]<iframe src=\"https:\/\/www.google.com\/maps\/embed?pb=!1m18!1m12!1m3!1d1590.8098506002052!2d25.783450996615546!3d66.50198072429303!2m3!1f0!2f0!3f0!3m2!1i1024!2i768!4f13.1!3m3!1m2!1s0x442b4eaab856d2a1%3A0x96d7ed547ca96d28!2sLapland%20Hotels%20Sky%20Ounasvaara!5e0!3m2!1sen!2sfi!4v1761127297549!5m2!1sen!2sfi\" width=\"600\" height=\"450\" style=\"border:0;\" allowfullscreen=\"\" loading=\"lazy\" referrerpolicy=\"no-referrer-when-downgrade\"><\/iframe>[\/et_pb_code][\/et_pb_column][\/et_pb_row][\/et_pb_section]<\/p>\n","protected":false},"excerpt":{"rendered":"<p>Traslados de Rovaniemi a TaavaLlegar desde Rovaniemi a la granja de renos Taava es sencillo y c\u00f3modo. Durante toda la [&hellip;]<\/p>\n","protected":false},"author":9,"featured_media":68239,"parent":0,"menu_order":0,"comment_status":"closed","ping_status":"closed","template":"","meta":{"_acf_changed":false,"_et_pb_use_builder":"on","_et_pb_old_content":"","_et_gb_content_width":"","inline_featured_image":false,"footnotes":""},"class_list":["post-70439","page","type-page","status-publish","has-post-thumbnail","hentry"],"acf":[],"yoast_head":"<!-- This site is optimized with the Yoast SEO plugin v27.4 - https:\/\/yoast.com\/product\/yoast-seo-wordpress\/ -->\n<title>Traslados de Rovaniemi a Taava - Santa Claus Reindeer<\/title>\n<meta name=\"description\" content=\"Encuentra los horarios detallados de recogida y los horarios de traslado de Santa Claus Reindeer. Consulta las horas de salida y regreso hacia la granja de renos Taava.\" \/>\n<meta name=\"robots\" content=\"noindex, follow\" \/>\n<meta property=\"og:locale\" content=\"es_ES\" \/>\n<meta property=\"og:type\" content=\"article\" \/>\n<meta property=\"og:title\" content=\"Traslados de Rovaniemi a Taava - Santa Claus Reindeer\" \/>\n<meta property=\"og:description\" content=\"Encuentra los horarios detallados de recogida y los horarios de traslado de Santa Claus Reindeer. Consulta las horas de salida y regreso hacia la granja de renos Taava.\" \/>\n<meta property=\"og:url\" content=\"https:\/\/www.santaclausreindeer.fi\/es\/traslados-de-rovaniemi-a-taava\/\" \/>\n<meta property=\"og:site_name\" content=\"Santa Claus Reindeer\" \/>\n<meta property=\"article:publisher\" content=\"https:\/\/www.facebook.com\/SantaClausReindeer\/\" \/>\n<meta property=\"article:modified_time\" content=\"2026-04-22T10:54:59+00:00\" \/>\n<meta property=\"og:image\" content=\"https:\/\/www.santaclausreindeer.fi\/wp-content\/uploads\/2025\/08\/DSC01309-scaled.jpeg\" \/>\n\t<meta property=\"og:image:width\" content=\"1707\" \/>\n\t<meta property=\"og:image:height\" content=\"2560\" \/>\n\t<meta property=\"og:image:type\" content=\"image\/jpeg\" \/>\n<meta name=\"twitter:card\" content=\"summary_large_image\" \/>\n<meta name=\"twitter:label1\" content=\"Tiempo de lectura\" \/>\n\t<meta name=\"twitter:data1\" content=\"6 minutos\" \/>\n<script type=\"application\/ld+json\" class=\"yoast-schema-graph\">{\"@context\":\"https:\\\/\\\/schema.org\",\"@graph\":[{\"@type\":\"WebPage\",\"@id\":\"https:\\\/\\\/www.santaclausreindeer.fi\\\/es\\\/traslados-de-rovaniemi-a-taava\\\/\",\"url\":\"https:\\\/\\\/www.santaclausreindeer.fi\\\/es\\\/traslados-de-rovaniemi-a-taava\\\/\",\"name\":\"Traslados de Rovaniemi a Taava - Santa Claus Reindeer\",\"isPartOf\":{\"@id\":\"https:\\\/\\\/www.santaclausreindeer.fi\\\/es\\\/#website\"},\"primaryImageOfPage\":{\"@id\":\"https:\\\/\\\/www.santaclausreindeer.fi\\\/es\\\/traslados-de-rovaniemi-a-taava\\\/#primaryimage\"},\"image\":{\"@id\":\"https:\\\/\\\/www.santaclausreindeer.fi\\\/es\\\/traslados-de-rovaniemi-a-taava\\\/#primaryimage\"},\"thumbnailUrl\":\"https:\\\/\\\/www.santaclausreindeer.fi\\\/wp-content\\\/uploads\\\/2025\\\/08\\\/DSC01309-scaled.jpeg\",\"datePublished\":\"2025-10-14T07:24:13+00:00\",\"dateModified\":\"2026-04-22T10:54:59+00:00\",\"description\":\"Encuentra los horarios detallados de recogida y los horarios de traslado de Santa Claus Reindeer. Consulta las horas de salida y regreso hacia la granja de renos Taava.\",\"breadcrumb\":{\"@id\":\"https:\\\/\\\/www.santaclausreindeer.fi\\\/es\\\/traslados-de-rovaniemi-a-taava\\\/#breadcrumb\"},\"inLanguage\":\"es\",\"potentialAction\":[{\"@type\":\"ReadAction\",\"target\":[\"https:\\\/\\\/www.santaclausreindeer.fi\\\/es\\\/traslados-de-rovaniemi-a-taava\\\/\"]}]},{\"@type\":\"ImageObject\",\"inLanguage\":\"es\",\"@id\":\"https:\\\/\\\/www.santaclausreindeer.fi\\\/es\\\/traslados-de-rovaniemi-a-taava\\\/#primaryimage\",\"url\":\"https:\\\/\\\/www.santaclausreindeer.fi\\\/wp-content\\\/uploads\\\/2025\\\/08\\\/DSC01309-scaled.jpeg\",\"contentUrl\":\"https:\\\/\\\/www.santaclausreindeer.fi\\\/wp-content\\\/uploads\\\/2025\\\/08\\\/DSC01309-scaled.jpeg\",\"width\":1707,\"height\":2560,\"caption\":\"The road of Taava Reindeer Farm\"},{\"@type\":\"BreadcrumbList\",\"@id\":\"https:\\\/\\\/www.santaclausreindeer.fi\\\/es\\\/traslados-de-rovaniemi-a-taava\\\/#breadcrumb\",\"itemListElement\":[{\"@type\":\"ListItem\",\"position\":1,\"name\":\"Home\",\"item\":\"https:\\\/\\\/www.santaclausreindeer.fi\\\/es\\\/\"},{\"@type\":\"ListItem\",\"position\":2,\"name\":\"Traslados de Rovaniemi a Taava\"}]},{\"@type\":\"WebSite\",\"@id\":\"https:\\\/\\\/www.santaclausreindeer.fi\\\/es\\\/#website\",\"url\":\"https:\\\/\\\/www.santaclausreindeer.fi\\\/es\\\/\",\"name\":\"Santa Claus Reindeer\",\"description\":\"Arctic Circle, Rovaniemi, Lapland\",\"publisher\":{\"@id\":\"https:\\\/\\\/www.santaclausreindeer.fi\\\/es\\\/#organization\"},\"potentialAction\":[{\"@type\":\"SearchAction\",\"target\":{\"@type\":\"EntryPoint\",\"urlTemplate\":\"https:\\\/\\\/www.santaclausreindeer.fi\\\/es\\\/?s={search_term_string}\"},\"query-input\":{\"@type\":\"PropertyValueSpecification\",\"valueRequired\":true,\"valueName\":\"search_term_string\"}}],\"inLanguage\":\"es\"},{\"@type\":\"Organization\",\"@id\":\"https:\\\/\\\/www.santaclausreindeer.fi\\\/es\\\/#organization\",\"name\":\"Santa Claus Reindeer\",\"url\":\"https:\\\/\\\/www.santaclausreindeer.fi\\\/es\\\/\",\"logo\":{\"@type\":\"ImageObject\",\"inLanguage\":\"es\",\"@id\":\"https:\\\/\\\/www.santaclausreindeer.fi\\\/es\\\/#\\\/schema\\\/logo\\\/image\\\/\",\"url\":\"https:\\\/\\\/www.santaclausreindeer.fi\\\/wp-content\\\/uploads\\\/2024\\\/10\\\/scr_logo_vaakaslogan-RVN-RGB-opt.svg\",\"contentUrl\":\"https:\\\/\\\/www.santaclausreindeer.fi\\\/wp-content\\\/uploads\\\/2024\\\/10\\\/scr_logo_vaakaslogan-RVN-RGB-opt.svg\",\"width\":396,\"height\":212,\"caption\":\"Santa Claus Reindeer\"},\"image\":{\"@id\":\"https:\\\/\\\/www.santaclausreindeer.fi\\\/es\\\/#\\\/schema\\\/logo\\\/image\\\/\"},\"sameAs\":[\"https:\\\/\\\/www.facebook.com\\\/SantaClausReindeer\\\/\",\"https:\\\/\\\/www.instagram.com\\\/santaclausreindeer\\\/\",\"https:\\\/\\\/www.youtube.com\\\/user\\\/santareindeerlapland\",\"https:\\\/\\\/www.tripadvisor.fr\\\/Attraction_Review-g189922-d6662018-Reviews-Santa_Claus_Reindeer-Rovaniemi_Lapland.html\"]}]}<\/script>\n<!-- \/ Yoast SEO plugin. -->","yoast_head_json":{"title":"Traslados de Rovaniemi a Taava - Santa Claus Reindeer","description":"Encuentra los horarios detallados de recogida y los horarios de traslado de Santa Claus Reindeer. Consulta las horas de salida y regreso hacia la granja de renos Taava.","robots":{"index":"noindex","follow":"follow"},"og_locale":"es_ES","og_type":"article","og_title":"Traslados de Rovaniemi a Taava - Santa Claus Reindeer","og_description":"Encuentra los horarios detallados de recogida y los horarios de traslado de Santa Claus Reindeer. Consulta las horas de salida y regreso hacia la granja de renos Taava.","og_url":"https:\/\/www.santaclausreindeer.fi\/es\/traslados-de-rovaniemi-a-taava\/","og_site_name":"Santa Claus Reindeer","article_publisher":"https:\/\/www.facebook.com\/SantaClausReindeer\/","article_modified_time":"2026-04-22T10:54:59+00:00","og_image":[{"width":1707,"height":2560,"url":"https:\/\/www.santaclausreindeer.fi\/wp-content\/uploads\/2025\/08\/DSC01309-scaled.jpeg","type":"image\/jpeg"}],"twitter_card":"summary_large_image","twitter_misc":{"Tiempo de lectura":"6 minutos"},"schema":{"@context":"https:\/\/schema.org","@graph":[{"@type":"WebPage","@id":"https:\/\/www.santaclausreindeer.fi\/es\/traslados-de-rovaniemi-a-taava\/","url":"https:\/\/www.santaclausreindeer.fi\/es\/traslados-de-rovaniemi-a-taava\/","name":"Traslados de Rovaniemi a Taava - Santa Claus Reindeer","isPartOf":{"@id":"https:\/\/www.santaclausreindeer.fi\/es\/#website"},"primaryImageOfPage":{"@id":"https:\/\/www.santaclausreindeer.fi\/es\/traslados-de-rovaniemi-a-taava\/#primaryimage"},"image":{"@id":"https:\/\/www.santaclausreindeer.fi\/es\/traslados-de-rovaniemi-a-taava\/#primaryimage"},"thumbnailUrl":"https:\/\/www.santaclausreindeer.fi\/wp-content\/uploads\/2025\/08\/DSC01309-scaled.jpeg","datePublished":"2025-10-14T07:24:13+00:00","dateModified":"2026-04-22T10:54:59+00:00","description":"Encuentra los horarios detallados de recogida y los horarios de traslado de Santa Claus Reindeer. Consulta las horas de salida y regreso hacia la granja de renos Taava.","breadcrumb":{"@id":"https:\/\/www.santaclausreindeer.fi\/es\/traslados-de-rovaniemi-a-taava\/#breadcrumb"},"inLanguage":"es","potentialAction":[{"@type":"ReadAction","target":["https:\/\/www.santaclausreindeer.fi\/es\/traslados-de-rovaniemi-a-taava\/"]}]},{"@type":"ImageObject","inLanguage":"es","@id":"https:\/\/www.santaclausreindeer.fi\/es\/traslados-de-rovaniemi-a-taava\/#primaryimage","url":"https:\/\/www.santaclausreindeer.fi\/wp-content\/uploads\/2025\/08\/DSC01309-scaled.jpeg","contentUrl":"https:\/\/www.santaclausreindeer.fi\/wp-content\/uploads\/2025\/08\/DSC01309-scaled.jpeg","width":1707,"height":2560,"caption":"The road of Taava Reindeer Farm"},{"@type":"BreadcrumbList","@id":"https:\/\/www.santaclausreindeer.fi\/es\/traslados-de-rovaniemi-a-taava\/#breadcrumb","itemListElement":[{"@type":"ListItem","position":1,"name":"Home","item":"https:\/\/www.santaclausreindeer.fi\/es\/"},{"@type":"ListItem","position":2,"name":"Traslados de Rovaniemi a Taava"}]},{"@type":"WebSite","@id":"https:\/\/www.santaclausreindeer.fi\/es\/#website","url":"https:\/\/www.santaclausreindeer.fi\/es\/","name":"Santa Claus Reindeer","description":"Arctic Circle, Rovaniemi, Lapland","publisher":{"@id":"https:\/\/www.santaclausreindeer.fi\/es\/#organization"},"potentialAction":[{"@type":"SearchAction","target":{"@type":"EntryPoint","urlTemplate":"https:\/\/www.santaclausreindeer.fi\/es\/?s={search_term_string}"},"query-input":{"@type":"PropertyValueSpecification","valueRequired":true,"valueName":"search_term_string"}}],"inLanguage":"es"},{"@type":"Organization","@id":"https:\/\/www.santaclausreindeer.fi\/es\/#organization","name":"Santa Claus Reindeer","url":"https:\/\/www.santaclausreindeer.fi\/es\/","logo":{"@type":"ImageObject","inLanguage":"es","@id":"https:\/\/www.santaclausreindeer.fi\/es\/#\/schema\/logo\/image\/","url":"https:\/\/www.santaclausreindeer.fi\/wp-content\/uploads\/2024\/10\/scr_logo_vaakaslogan-RVN-RGB-opt.svg","contentUrl":"https:\/\/www.santaclausreindeer.fi\/wp-content\/uploads\/2024\/10\/scr_logo_vaakaslogan-RVN-RGB-opt.svg","width":396,"height":212,"caption":"Santa Claus Reindeer"},"image":{"@id":"https:\/\/www.santaclausreindeer.fi\/es\/#\/schema\/logo\/image\/"},"sameAs":["https:\/\/www.facebook.com\/SantaClausReindeer\/","https:\/\/www.instagram.com\/santaclausreindeer\/","https:\/\/www.youtube.com\/user\/santareindeerlapland","https:\/\/www.tripadvisor.fr\/Attraction_Review-g189922-d6662018-Reviews-Santa_Claus_Reindeer-Rovaniemi_Lapland.html"]}]}},"_links":{"self":[{"href":"https:\/\/www.santaclausreindeer.fi\/es\/wp-json\/wp\/v2\/pages\/70439","targetHints":{"allow":["GET"]}}],"collection":[{"href":"https:\/\/www.santaclausreindeer.fi\/es\/wp-json\/wp\/v2\/pages"}],"about":[{"href":"https:\/\/www.santaclausreindeer.fi\/es\/wp-json\/wp\/v2\/types\/page"}],"author":[{"embeddable":true,"href":"https:\/\/www.santaclausreindeer.fi\/es\/wp-json\/wp\/v2\/users\/9"}],"replies":[{"embeddable":true,"href":"https:\/\/www.santaclausreindeer.fi\/es\/wp-json\/wp\/v2\/comments?post=70439"}],"version-history":[{"count":2,"href":"https:\/\/www.santaclausreindeer.fi\/es\/wp-json\/wp\/v2\/pages\/70439\/revisions"}],"predecessor-version":[{"id":70441,"href":"https:\/\/www.santaclausreindeer.fi\/es\/wp-json\/wp\/v2\/pages\/70439\/revisions\/70441"}],"wp:featuredmedia":[{"embeddable":true,"href":"https:\/\/www.santaclausreindeer.fi\/es\/wp-json\/wp\/v2\/media\/68239"}],"wp:attachment":[{"href":"https:\/\/www.santaclausreindeer.fi\/es\/wp-json\/wp\/v2\/media?parent=70439"}],"curies":[{"name":"wp","href":"https:\/\/api.w.org\/{rel}","templated":true}]}}