{"id":66796,"date":"2025-05-17T10:37:40","date_gmt":"2025-05-17T07:37:40","guid":{"rendered":"https:\/\/www.www.santaclausreindeer.fi\/historias-desde-laponia-blog\/"},"modified":"2025-05-17T11:20:30","modified_gmt":"2025-05-17T08:20:30","slug":"historias-desde-laponia-blog","status":"publish","type":"page","link":"https:\/\/www.santaclausreindeer.fi\/es\/historias-desde-laponia-blog\/","title":{"rendered":"Historias desde Laponia \u2013 Blog"},"content":{"rendered":"<p>[et_pb_section fb_built=\u00bb1&#8243; _builder_version=\u00bb4.27.4&#8243; _module_preset=\u00bbdefault\u00bb background_color=\u00bb#3E3131&#8243; global_colors_info=\u00bb{}\u00bb][et_pb_row _builder_version=\u00bb4.27.4&#8243; _module_preset=\u00bbdefault\u00bb global_colors_info=\u00bb{}\u00bb][et_pb_column type=\u00bb4_4&#8243; _builder_version=\u00bb4.27.4&#8243; _module_preset=\u00bbdefault\u00bb global_colors_info=\u00bb{}\u00bb][et_pb_text _builder_version=\u00bb4.27.4&#8243; _module_preset=\u00bbdefault\u00bb background_layout=\u00bbdark\u00bb global_colors_info=\u00bb{}\u00bb]<\/p>\n<p class=\"\" data-start=\"0\" data-end=\"27\"><strong data-start=\"0\" data-end=\"27\">Historias desde Laponia<\/strong><\/p>\n<p><\/p>\n<p class=\"\" data-start=\"29\" data-end=\"500\">Bienvenido a <em data-start=\"42\" data-end=\"67\">Historias desde Laponia<\/em>, el blog oficial de Santa Claus Reindeer, donde compartimos momentos conmovedores, relatos nunca contados y la magia cotidiana del C\u00edrculo Polar \u00c1rtico. Ya sea que sue\u00f1es con una aventura invernal, tengas curiosidad por la vida de los renos o est\u00e9s planeando tu primera visita al Pueblo de Santa Claus, este es el lugar ideal para descubrir historias aut\u00e9nticas de Laponia, perspectivas estacionales y experiencias detr\u00e1s de escena.<\/p>\n<p><\/p>\n<p class=\"\" data-start=\"502\" data-end=\"690\">Desde tradiciones locales hasta encuentros reales con la nieve, los renos y las auroras boreales, <em data-start=\"600\" data-end=\"625\">Historias desde Laponia<\/em> te acerca a la magia de nuestro mundo, una publicaci\u00f3n a la vez.<\/p>\n<p>[\/et_pb_text][\/et_pb_column][\/et_pb_row][\/et_pb_section][et_pb_section fb_built=\u00bb1&#8243; _builder_version=\u00bb4.27.4&#8243; _module_preset=\u00bbdefault\u00bb global_colors_info=\u00bb{}\u00bb][et_pb_row _builder_version=\u00bb4.27.4&#8243; _module_preset=\u00bbdefault\u00bb global_colors_info=\u00bb{}\u00bb][et_pb_column type=\u00bb4_4&#8243; _builder_version=\u00bb4.27.4&#8243; _module_preset=\u00bbdefault\u00bb global_colors_info=\u00bb{}\u00bb]<\/p>\n<p>[et_pb_blog _builder_version=\u00bb4.27.4&#8243; _module_preset=\u00bbdefault\u00bb global_colors_info=\u00bb{}\u00bb][\/et_pb_blog]<\/p>\n<p>[\/et_pb_column][\/et_pb_row][\/et_pb_section]<\/p>\n","protected":false},"excerpt":{"rendered":"<p>Historias desde LaponiaBienvenido a Historias desde Laponia, el blog oficial de Santa Claus Reindeer, donde compartimos momentos conmovedores, relatos nunca [&hellip;]<\/p>\n","protected":false},"author":9,"featured_media":66472,"parent":0,"menu_order":0,"comment_status":"closed","ping_status":"closed","template":"","meta":{"_acf_changed":false,"_et_pb_use_builder":"on","_et_pb_old_content":"","_et_gb_content_width":"","inline_featured_image":false,"footnotes":""},"class_list":["post-66796","page","type-page","status-publish","has-post-thumbnail","hentry"],"acf":[],"yoast_head":"<!-- This site is optimized with the Yoast SEO plugin v27.3 - https:\/\/yoast.com\/product\/yoast-seo-wordpress\/ -->\n<title>Historias desde Laponia \u2013 Blog - Santa Claus Reindeer<\/title>\n<meta name=\"description\" content=\"Historias desde Laponia \u2013 Descubre momentos m\u00e1gicos, cuentos de renos y relatos detr\u00e1s de escena del Pueblo de Santa Claus. Explora la vida, la cultura y las experiencias en el coraz\u00f3n de la Laponia finlandesa.\" \/>\n<meta name=\"robots\" content=\"index, follow, max-snippet:-1, max-image-preview:large, max-video-preview:-1\" \/>\n<link rel=\"canonical\" href=\"https:\/\/www.santaclausreindeer.fi\/es\/historias-desde-laponia-blog\/\" \/>\n<meta property=\"og:locale\" content=\"es_ES\" \/>\n<meta property=\"og:type\" content=\"article\" \/>\n<meta property=\"og:title\" content=\"Historias desde Laponia \u2013 Blog - Santa Claus Reindeer\" \/>\n<meta property=\"og:description\" content=\"Historias desde Laponia \u2013 Descubre momentos m\u00e1gicos, cuentos de renos y relatos detr\u00e1s de escena del Pueblo de Santa Claus. Explora la vida, la cultura y las experiencias en el coraz\u00f3n de la Laponia finlandesa.\" \/>\n<meta property=\"og:url\" content=\"https:\/\/www.santaclausreindeer.fi\/es\/historias-desde-laponia-blog\/\" \/>\n<meta property=\"og:site_name\" content=\"Santa Claus Reindeer\" \/>\n<meta property=\"article:publisher\" content=\"https:\/\/www.facebook.com\/SantaClausReindeer\/\" \/>\n<meta property=\"article:modified_time\" content=\"2025-05-17T08:20:30+00:00\" \/>\n<meta name=\"twitter:card\" content=\"summary_large_image\" \/>\n<meta name=\"twitter:label1\" content=\"Tiempo de lectura\" \/>\n\t<meta name=\"twitter:data1\" content=\"1 minuto\" \/>\n<script type=\"application\/ld+json\" class=\"yoast-schema-graph\">{\"@context\":\"https:\\\/\\\/schema.org\",\"@graph\":[{\"@type\":\"WebPage\",\"@id\":\"https:\\\/\\\/www.santaclausreindeer.fi\\\/es\\\/historias-desde-laponia-blog\\\/\",\"url\":\"https:\\\/\\\/www.santaclausreindeer.fi\\\/es\\\/historias-desde-laponia-blog\\\/\",\"name\":\"Historias desde Laponia \u2013 Blog - Santa Claus Reindeer\",\"isPartOf\":{\"@id\":\"https:\\\/\\\/www.santaclausreindeer.fi\\\/es\\\/#website\"},\"primaryImageOfPage\":{\"@id\":\"https:\\\/\\\/www.santaclausreindeer.fi\\\/es\\\/historias-desde-laponia-blog\\\/#primaryimage\"},\"image\":{\"@id\":\"https:\\\/\\\/www.santaclausreindeer.fi\\\/es\\\/historias-desde-laponia-blog\\\/#primaryimage\"},\"thumbnailUrl\":\"https:\\\/\\\/www.santaclausreindeer.fi\\\/wp-content\\\/uploads\\\/2025\\\/04\\\/Meet-reindeer-in-summer-by-Santa-Claus-Reindeer-in-Santa-Claus-Village-Arctic-Circle-scaled.jpg\",\"datePublished\":\"2025-05-17T07:37:40+00:00\",\"dateModified\":\"2025-05-17T08:20:30+00:00\",\"description\":\"Historias desde Laponia \u2013 Descubre momentos m\u00e1gicos, cuentos de renos y relatos detr\u00e1s de escena del Pueblo de Santa Claus. Explora la vida, la cultura y las experiencias en el coraz\u00f3n de la Laponia finlandesa.\",\"breadcrumb\":{\"@id\":\"https:\\\/\\\/www.santaclausreindeer.fi\\\/es\\\/historias-desde-laponia-blog\\\/#breadcrumb\"},\"inLanguage\":\"es\",\"potentialAction\":[{\"@type\":\"ReadAction\",\"target\":[\"https:\\\/\\\/www.santaclausreindeer.fi\\\/es\\\/historias-desde-laponia-blog\\\/\"]}]},{\"@type\":\"ImageObject\",\"inLanguage\":\"es\",\"@id\":\"https:\\\/\\\/www.santaclausreindeer.fi\\\/es\\\/historias-desde-laponia-blog\\\/#primaryimage\",\"url\":\"https:\\\/\\\/www.santaclausreindeer.fi\\\/wp-content\\\/uploads\\\/2025\\\/04\\\/Meet-reindeer-in-summer-by-Santa-Claus-Reindeer-in-Santa-Claus-Village-Arctic-Circle-scaled.jpg\",\"contentUrl\":\"https:\\\/\\\/www.santaclausreindeer.fi\\\/wp-content\\\/uploads\\\/2025\\\/04\\\/Meet-reindeer-in-summer-by-Santa-Claus-Reindeer-in-Santa-Claus-Village-Arctic-Circle-scaled.jpg\",\"width\":2560,\"height\":1708,\"caption\":\"Visitors feeding reindeer in summer in Santa Claus Reindeer, Santa Claus Village, Rovaniemi, Finland\"},{\"@type\":\"BreadcrumbList\",\"@id\":\"https:\\\/\\\/www.santaclausreindeer.fi\\\/es\\\/historias-desde-laponia-blog\\\/#breadcrumb\",\"itemListElement\":[{\"@type\":\"ListItem\",\"position\":1,\"name\":\"Home\",\"item\":\"https:\\\/\\\/www.santaclausreindeer.fi\\\/es\\\/\"},{\"@type\":\"ListItem\",\"position\":2,\"name\":\"Historias desde Laponia \u2013 Blog\"}]},{\"@type\":\"WebSite\",\"@id\":\"https:\\\/\\\/www.santaclausreindeer.fi\\\/es\\\/#website\",\"url\":\"https:\\\/\\\/www.santaclausreindeer.fi\\\/es\\\/\",\"name\":\"Santa Claus Reindeer\",\"description\":\"Arctic Circle, Rovaniemi, Lapland\",\"publisher\":{\"@id\":\"https:\\\/\\\/www.santaclausreindeer.fi\\\/es\\\/#organization\"},\"potentialAction\":[{\"@type\":\"SearchAction\",\"target\":{\"@type\":\"EntryPoint\",\"urlTemplate\":\"https:\\\/\\\/www.santaclausreindeer.fi\\\/es\\\/?s={search_term_string}\"},\"query-input\":{\"@type\":\"PropertyValueSpecification\",\"valueRequired\":true,\"valueName\":\"search_term_string\"}}],\"inLanguage\":\"es\"},{\"@type\":\"Organization\",\"@id\":\"https:\\\/\\\/www.santaclausreindeer.fi\\\/es\\\/#organization\",\"name\":\"Santa Claus Reindeer\",\"url\":\"https:\\\/\\\/www.santaclausreindeer.fi\\\/es\\\/\",\"logo\":{\"@type\":\"ImageObject\",\"inLanguage\":\"es\",\"@id\":\"https:\\\/\\\/www.santaclausreindeer.fi\\\/es\\\/#\\\/schema\\\/logo\\\/image\\\/\",\"url\":\"https:\\\/\\\/www.santaclausreindeer.fi\\\/wp-content\\\/uploads\\\/2024\\\/10\\\/scr_logo_vaakaslogan-RVN-RGB-opt.svg\",\"contentUrl\":\"https:\\\/\\\/www.santaclausreindeer.fi\\\/wp-content\\\/uploads\\\/2024\\\/10\\\/scr_logo_vaakaslogan-RVN-RGB-opt.svg\",\"width\":396,\"height\":212,\"caption\":\"Santa Claus Reindeer\"},\"image\":{\"@id\":\"https:\\\/\\\/www.santaclausreindeer.fi\\\/es\\\/#\\\/schema\\\/logo\\\/image\\\/\"},\"sameAs\":[\"https:\\\/\\\/www.facebook.com\\\/SantaClausReindeer\\\/\",\"https:\\\/\\\/www.instagram.com\\\/santaclausreindeer\\\/\",\"https:\\\/\\\/www.youtube.com\\\/user\\\/santareindeerlapland\",\"https:\\\/\\\/www.tripadvisor.fr\\\/Attraction_Review-g189922-d6662018-Reviews-Santa_Claus_Reindeer-Rovaniemi_Lapland.html\"]}]}<\/script>\n<!-- \/ Yoast SEO plugin. -->","yoast_head_json":{"title":"Historias desde Laponia \u2013 Blog - Santa Claus Reindeer","description":"Historias desde Laponia \u2013 Descubre momentos m\u00e1gicos, cuentos de renos y relatos detr\u00e1s de escena del Pueblo de Santa Claus. Explora la vida, la cultura y las experiencias en el coraz\u00f3n de la Laponia finlandesa.","robots":{"index":"index","follow":"follow","max-snippet":"max-snippet:-1","max-image-preview":"max-image-preview:large","max-video-preview":"max-video-preview:-1"},"canonical":"https:\/\/www.santaclausreindeer.fi\/es\/historias-desde-laponia-blog\/","og_locale":"es_ES","og_type":"article","og_title":"Historias desde Laponia \u2013 Blog - Santa Claus Reindeer","og_description":"Historias desde Laponia \u2013 Descubre momentos m\u00e1gicos, cuentos de renos y relatos detr\u00e1s de escena del Pueblo de Santa Claus. Explora la vida, la cultura y las experiencias en el coraz\u00f3n de la Laponia finlandesa.","og_url":"https:\/\/www.santaclausreindeer.fi\/es\/historias-desde-laponia-blog\/","og_site_name":"Santa Claus Reindeer","article_publisher":"https:\/\/www.facebook.com\/SantaClausReindeer\/","article_modified_time":"2025-05-17T08:20:30+00:00","twitter_card":"summary_large_image","twitter_misc":{"Tiempo de lectura":"1 minuto"},"schema":{"@context":"https:\/\/schema.org","@graph":[{"@type":"WebPage","@id":"https:\/\/www.santaclausreindeer.fi\/es\/historias-desde-laponia-blog\/","url":"https:\/\/www.santaclausreindeer.fi\/es\/historias-desde-laponia-blog\/","name":"Historias desde Laponia \u2013 Blog - Santa Claus Reindeer","isPartOf":{"@id":"https:\/\/www.santaclausreindeer.fi\/es\/#website"},"primaryImageOfPage":{"@id":"https:\/\/www.santaclausreindeer.fi\/es\/historias-desde-laponia-blog\/#primaryimage"},"image":{"@id":"https:\/\/www.santaclausreindeer.fi\/es\/historias-desde-laponia-blog\/#primaryimage"},"thumbnailUrl":"https:\/\/www.santaclausreindeer.fi\/wp-content\/uploads\/2025\/04\/Meet-reindeer-in-summer-by-Santa-Claus-Reindeer-in-Santa-Claus-Village-Arctic-Circle-scaled.jpg","datePublished":"2025-05-17T07:37:40+00:00","dateModified":"2025-05-17T08:20:30+00:00","description":"Historias desde Laponia \u2013 Descubre momentos m\u00e1gicos, cuentos de renos y relatos detr\u00e1s de escena del Pueblo de Santa Claus. Explora la vida, la cultura y las experiencias en el coraz\u00f3n de la Laponia finlandesa.","breadcrumb":{"@id":"https:\/\/www.santaclausreindeer.fi\/es\/historias-desde-laponia-blog\/#breadcrumb"},"inLanguage":"es","potentialAction":[{"@type":"ReadAction","target":["https:\/\/www.santaclausreindeer.fi\/es\/historias-desde-laponia-blog\/"]}]},{"@type":"ImageObject","inLanguage":"es","@id":"https:\/\/www.santaclausreindeer.fi\/es\/historias-desde-laponia-blog\/#primaryimage","url":"https:\/\/www.santaclausreindeer.fi\/wp-content\/uploads\/2025\/04\/Meet-reindeer-in-summer-by-Santa-Claus-Reindeer-in-Santa-Claus-Village-Arctic-Circle-scaled.jpg","contentUrl":"https:\/\/www.santaclausreindeer.fi\/wp-content\/uploads\/2025\/04\/Meet-reindeer-in-summer-by-Santa-Claus-Reindeer-in-Santa-Claus-Village-Arctic-Circle-scaled.jpg","width":2560,"height":1708,"caption":"Visitors feeding reindeer in summer in Santa Claus Reindeer, Santa Claus Village, Rovaniemi, Finland"},{"@type":"BreadcrumbList","@id":"https:\/\/www.santaclausreindeer.fi\/es\/historias-desde-laponia-blog\/#breadcrumb","itemListElement":[{"@type":"ListItem","position":1,"name":"Home","item":"https:\/\/www.santaclausreindeer.fi\/es\/"},{"@type":"ListItem","position":2,"name":"Historias desde Laponia \u2013 Blog"}]},{"@type":"WebSite","@id":"https:\/\/www.santaclausreindeer.fi\/es\/#website","url":"https:\/\/www.santaclausreindeer.fi\/es\/","name":"Santa Claus Reindeer","description":"Arctic Circle, Rovaniemi, Lapland","publisher":{"@id":"https:\/\/www.santaclausreindeer.fi\/es\/#organization"},"potentialAction":[{"@type":"SearchAction","target":{"@type":"EntryPoint","urlTemplate":"https:\/\/www.santaclausreindeer.fi\/es\/?s={search_term_string}"},"query-input":{"@type":"PropertyValueSpecification","valueRequired":true,"valueName":"search_term_string"}}],"inLanguage":"es"},{"@type":"Organization","@id":"https:\/\/www.santaclausreindeer.fi\/es\/#organization","name":"Santa Claus Reindeer","url":"https:\/\/www.santaclausreindeer.fi\/es\/","logo":{"@type":"ImageObject","inLanguage":"es","@id":"https:\/\/www.santaclausreindeer.fi\/es\/#\/schema\/logo\/image\/","url":"https:\/\/www.santaclausreindeer.fi\/wp-content\/uploads\/2024\/10\/scr_logo_vaakaslogan-RVN-RGB-opt.svg","contentUrl":"https:\/\/www.santaclausreindeer.fi\/wp-content\/uploads\/2024\/10\/scr_logo_vaakaslogan-RVN-RGB-opt.svg","width":396,"height":212,"caption":"Santa Claus Reindeer"},"image":{"@id":"https:\/\/www.santaclausreindeer.fi\/es\/#\/schema\/logo\/image\/"},"sameAs":["https:\/\/www.facebook.com\/SantaClausReindeer\/","https:\/\/www.instagram.com\/santaclausreindeer\/","https:\/\/www.youtube.com\/user\/santareindeerlapland","https:\/\/www.tripadvisor.fr\/Attraction_Review-g189922-d6662018-Reviews-Santa_Claus_Reindeer-Rovaniemi_Lapland.html"]}]}},"_links":{"self":[{"href":"https:\/\/www.santaclausreindeer.fi\/es\/wp-json\/wp\/v2\/pages\/66796","targetHints":{"allow":["GET"]}}],"collection":[{"href":"https:\/\/www.santaclausreindeer.fi\/es\/wp-json\/wp\/v2\/pages"}],"about":[{"href":"https:\/\/www.santaclausreindeer.fi\/es\/wp-json\/wp\/v2\/types\/page"}],"author":[{"embeddable":true,"href":"https:\/\/www.santaclausreindeer.fi\/es\/wp-json\/wp\/v2\/users\/9"}],"replies":[{"embeddable":true,"href":"https:\/\/www.santaclausreindeer.fi\/es\/wp-json\/wp\/v2\/comments?post=66796"}],"version-history":[{"count":2,"href":"https:\/\/www.santaclausreindeer.fi\/es\/wp-json\/wp\/v2\/pages\/66796\/revisions"}],"predecessor-version":[{"id":66798,"href":"https:\/\/www.santaclausreindeer.fi\/es\/wp-json\/wp\/v2\/pages\/66796\/revisions\/66798"}],"wp:featuredmedia":[{"embeddable":true,"href":"https:\/\/www.santaclausreindeer.fi\/es\/wp-json\/wp\/v2\/media\/66472"}],"wp:attachment":[{"href":"https:\/\/www.santaclausreindeer.fi\/es\/wp-json\/wp\/v2\/media?parent=66796"}],"curies":[{"name":"wp","href":"https:\/\/api.w.org\/{rel}","templated":true}]}}