{"id":66580,"date":"2025-03-31T17:11:33","date_gmt":"2025-03-31T14:11:33","guid":{"rendered":"https:\/\/www.www.santaclausreindeer.fi\/product\/prioritats-rentierschlittenfahrt-fast-track-fur-deine-forest-path-rentierfahrt\/"},"modified":"2026-04-13T21:10:31","modified_gmt":"2026-04-13T18:10:31","slug":"prioritats-rentierschlittenfahrt-fast-track-fur-deine-forest-path-rentierfahrt","status":"publish","type":"product","link":"https:\/\/www.santaclausreindeer.fi\/de\/product\/prioritats-rentierschlittenfahrt-fast-track-fur-deine-forest-path-rentierfahrt\/","title":{"rendered":"Priorit\u00e4ts-Rentierschlittenfahrt \u2013 Fast Track f\u00fcr deine Forest Path Rentierfahrt."},"content":{"rendered":"","protected":false},"excerpt":{"rendered":"<p>\u00dcberspringen Sie die Warteschlange und genie\u00dfen Sie eine magische Rentierschlittenfahrt auf dem Waldweg mit einem warmen Getr\u00e4nk und einem Souvenir-Rentierf\u00fchrerschein.<\/p>\n","protected":false},"featured_media":0,"menu_order":100,"template":"","meta":{"_acf_changed":false,"_et_pb_use_builder":"","_et_pb_old_content":"","_et_gb_content_width":"","inline_featured_image":false},"activity-category":[7167,7058,7169],"activity-attribute":[7059,7063,7310],"difficulty-level":[7064],"activity-type":[7065],"product-season":[7110],"product-includes":[7416,7423,7420,7417,7418,7419,7415,7422,7421],"know-before-you-go":[],"company":[],"bookability":[7044],"icons":[7138,7137,7140],"product-category":[7288],"class_list":["post-66580","product","type-product","status-publish","hentry","activity-category-holiday-and-seasonal-tours","activity-category-nature","activity-category-vip-and-exclusive","activity-attribute-family-friendly","activity-attribute-group-friendly","activity-attribute-skip-the-line","difficulty-level-easy","activity-type-day-tour-or-activity","product-season-winter","product-includes-meter-rentierschlittenfahrt-ca-minuten-fahrt-durch-den-malerischen-waldpfad-im-santa-claus-village","product-includes-exklusives-erlebnis-taglich-nur-begrenzte-platze-fur-einen-entspannten-und-hochwertigen-besuch","product-includes-familienfreundliches-erlebnis-geeignet-fur-alle-altersgruppen-auch-fur-kleine-kinder","product-includes-gemutliches-erlebnis-am-lagerfeuer-geniesen-sie-die-warme-eines-traditionellen-lapplandischen-unterstands-nach-ihrer-fahrt","product-includes-heisgetrank-ein-warmes-saisonales-getrank-zum-entspannen-am-feuer","product-includes-rentier-fuhrerschein-ein-lustiges-und-unvergessliches-erinnerungszertifikat-fur-jeden-teilnehmer","product-includes-schneller-zugang-mit-fast-track-umgehen-sie-die-warteschlange-und-steigen-sie-direkt-in-ihren-rentierschlitten","product-includes-zentrale-lage-im-herzen-des-santa-claus-village-in-rovaniemi-gelegen","product-includes-zugang-zum-rentierbereich-treffen-sie-die-rentiere-und-machen-sie-fotos-vor-oder-nach-der-fahrt","bookability-bookable","icons-bonfire","icons-guide","icons-reindeer-ride","product-category-product"],"acf":[],"yoast_head":"<!-- This site is optimized with the Yoast SEO plugin v27.3 - https:\/\/yoast.com\/product\/yoast-seo-wordpress\/ -->\n<title>Priorit\u00e4ts-Rentierschlittenfahrt \u2013 Fast Track f\u00fcr deine Forest Path Rentierfahrt. - Santa Claus Reindeer<\/title>\n<meta name=\"robots\" content=\"index, follow, max-snippet:-1, max-image-preview:large, max-video-preview:-1\" \/>\n<link rel=\"canonical\" href=\"https:\/\/www.santaclausreindeer.fi\/de\/product\/prioritats-rentierschlittenfahrt-fast-track-fur-deine-forest-path-rentierfahrt\/\" \/>\n<meta property=\"og:locale\" content=\"de_DE\" \/>\n<meta property=\"og:type\" content=\"article\" \/>\n<meta property=\"og:title\" content=\"Priorit\u00e4ts-Rentierschlittenfahrt \u2013 Fast Track f\u00fcr deine Forest Path Rentierfahrt. - Santa Claus Reindeer\" \/>\n<meta property=\"og:description\" content=\"\u00dcberspringen Sie die Warteschlange und genie\u00dfen Sie eine magische Rentierschlittenfahrt auf dem Waldweg mit einem warmen Getr\u00e4nk und einem Souvenir-Rentierf\u00fchrerschein.\" \/>\n<meta property=\"og:url\" content=\"https:\/\/www.santaclausreindeer.fi\/de\/product\/prioritats-rentierschlittenfahrt-fast-track-fur-deine-forest-path-rentierfahrt\/\" \/>\n<meta property=\"og:site_name\" content=\"Santa Claus Reindeer\" \/>\n<meta property=\"article:publisher\" content=\"https:\/\/www.facebook.com\/SantaClausReindeer\/\" \/>\n<meta property=\"article:modified_time\" content=\"2026-04-13T18:10:31+00:00\" \/>\n<meta name=\"twitter:card\" content=\"summary_large_image\" \/>\n<script type=\"application\/ld+json\" class=\"yoast-schema-graph\">{\"@context\":\"https:\\\/\\\/schema.org\",\"@graph\":[{\"@type\":\"WebPage\",\"@id\":\"https:\\\/\\\/www.santaclausreindeer.fi\\\/de\\\/product\\\/prioritats-rentierschlittenfahrt-fast-track-fur-deine-forest-path-rentierfahrt\\\/\",\"url\":\"https:\\\/\\\/www.santaclausreindeer.fi\\\/de\\\/product\\\/prioritats-rentierschlittenfahrt-fast-track-fur-deine-forest-path-rentierfahrt\\\/\",\"name\":\"Priorit\u00e4ts-Rentierschlittenfahrt \u2013 Fast Track f\u00fcr deine Forest Path Rentierfahrt. - Santa Claus Reindeer\",\"isPartOf\":{\"@id\":\"https:\\\/\\\/www.santaclausreindeer.fi\\\/de\\\/#website\"},\"datePublished\":\"2025-03-31T14:11:33+00:00\",\"dateModified\":\"2026-04-13T18:10:31+00:00\",\"breadcrumb\":{\"@id\":\"https:\\\/\\\/www.santaclausreindeer.fi\\\/de\\\/product\\\/prioritats-rentierschlittenfahrt-fast-track-fur-deine-forest-path-rentierfahrt\\\/#breadcrumb\"},\"inLanguage\":\"de\",\"potentialAction\":[{\"@type\":\"ReadAction\",\"target\":[\"https:\\\/\\\/www.santaclausreindeer.fi\\\/de\\\/product\\\/prioritats-rentierschlittenfahrt-fast-track-fur-deine-forest-path-rentierfahrt\\\/\"]}]},{\"@type\":\"BreadcrumbList\",\"@id\":\"https:\\\/\\\/www.santaclausreindeer.fi\\\/de\\\/product\\\/prioritats-rentierschlittenfahrt-fast-track-fur-deine-forest-path-rentierfahrt\\\/#breadcrumb\",\"itemListElement\":[{\"@type\":\"ListItem\",\"position\":1,\"name\":\"Home\",\"item\":\"https:\\\/\\\/www.santaclausreindeer.fi\\\/de\\\/\"},{\"@type\":\"ListItem\",\"position\":2,\"name\":\"Products\",\"item\":\"https:\\\/\\\/www.santaclausreindeer.fi\\\/de\\\/product\\\/\"},{\"@type\":\"ListItem\",\"position\":3,\"name\":\"Priorit\u00e4ts-Rentierschlittenfahrt \u2013 Fast Track f\u00fcr deine Forest Path Rentierfahrt.\"}]},{\"@type\":\"WebSite\",\"@id\":\"https:\\\/\\\/www.santaclausreindeer.fi\\\/de\\\/#website\",\"url\":\"https:\\\/\\\/www.santaclausreindeer.fi\\\/de\\\/\",\"name\":\"Santa Claus Reindeer\",\"description\":\"Arctic Circle, Rovaniemi, Lapland\",\"publisher\":{\"@id\":\"https:\\\/\\\/www.santaclausreindeer.fi\\\/de\\\/#organization\"},\"potentialAction\":[{\"@type\":\"SearchAction\",\"target\":{\"@type\":\"EntryPoint\",\"urlTemplate\":\"https:\\\/\\\/www.santaclausreindeer.fi\\\/de\\\/?s={search_term_string}\"},\"query-input\":{\"@type\":\"PropertyValueSpecification\",\"valueRequired\":true,\"valueName\":\"search_term_string\"}}],\"inLanguage\":\"de\"},{\"@type\":\"Organization\",\"@id\":\"https:\\\/\\\/www.santaclausreindeer.fi\\\/de\\\/#organization\",\"name\":\"Santa Claus Reindeer\",\"url\":\"https:\\\/\\\/www.santaclausreindeer.fi\\\/de\\\/\",\"logo\":{\"@type\":\"ImageObject\",\"inLanguage\":\"de\",\"@id\":\"https:\\\/\\\/www.santaclausreindeer.fi\\\/de\\\/#\\\/schema\\\/logo\\\/image\\\/\",\"url\":\"https:\\\/\\\/www.santaclausreindeer.fi\\\/wp-content\\\/uploads\\\/2024\\\/10\\\/scr_logo_vaakaslogan-RVN-RGB-opt.svg\",\"contentUrl\":\"https:\\\/\\\/www.santaclausreindeer.fi\\\/wp-content\\\/uploads\\\/2024\\\/10\\\/scr_logo_vaakaslogan-RVN-RGB-opt.svg\",\"width\":396,\"height\":212,\"caption\":\"Santa Claus Reindeer\"},\"image\":{\"@id\":\"https:\\\/\\\/www.santaclausreindeer.fi\\\/de\\\/#\\\/schema\\\/logo\\\/image\\\/\"},\"sameAs\":[\"https:\\\/\\\/www.facebook.com\\\/SantaClausReindeer\\\/\",\"https:\\\/\\\/www.instagram.com\\\/santaclausreindeer\\\/\",\"https:\\\/\\\/www.youtube.com\\\/user\\\/santareindeerlapland\",\"https:\\\/\\\/www.tripadvisor.fr\\\/Attraction_Review-g189922-d6662018-Reviews-Santa_Claus_Reindeer-Rovaniemi_Lapland.html\"]}]}<\/script>\n<!-- \/ Yoast SEO plugin. -->","yoast_head_json":{"title":"Priorit\u00e4ts-Rentierschlittenfahrt \u2013 Fast Track f\u00fcr deine Forest Path Rentierfahrt. - Santa Claus Reindeer","robots":{"index":"index","follow":"follow","max-snippet":"max-snippet:-1","max-image-preview":"max-image-preview:large","max-video-preview":"max-video-preview:-1"},"canonical":"https:\/\/www.santaclausreindeer.fi\/de\/product\/prioritats-rentierschlittenfahrt-fast-track-fur-deine-forest-path-rentierfahrt\/","og_locale":"de_DE","og_type":"article","og_title":"Priorit\u00e4ts-Rentierschlittenfahrt \u2013 Fast Track f\u00fcr deine Forest Path Rentierfahrt. - Santa Claus Reindeer","og_description":"\u00dcberspringen Sie die Warteschlange und genie\u00dfen Sie eine magische Rentierschlittenfahrt auf dem Waldweg mit einem warmen Getr\u00e4nk und einem Souvenir-Rentierf\u00fchrerschein.","og_url":"https:\/\/www.santaclausreindeer.fi\/de\/product\/prioritats-rentierschlittenfahrt-fast-track-fur-deine-forest-path-rentierfahrt\/","og_site_name":"Santa Claus Reindeer","article_publisher":"https:\/\/www.facebook.com\/SantaClausReindeer\/","article_modified_time":"2026-04-13T18:10:31+00:00","twitter_card":"summary_large_image","schema":{"@context":"https:\/\/schema.org","@graph":[{"@type":"WebPage","@id":"https:\/\/www.santaclausreindeer.fi\/de\/product\/prioritats-rentierschlittenfahrt-fast-track-fur-deine-forest-path-rentierfahrt\/","url":"https:\/\/www.santaclausreindeer.fi\/de\/product\/prioritats-rentierschlittenfahrt-fast-track-fur-deine-forest-path-rentierfahrt\/","name":"Priorit\u00e4ts-Rentierschlittenfahrt \u2013 Fast Track f\u00fcr deine Forest Path Rentierfahrt. - Santa Claus Reindeer","isPartOf":{"@id":"https:\/\/www.santaclausreindeer.fi\/de\/#website"},"datePublished":"2025-03-31T14:11:33+00:00","dateModified":"2026-04-13T18:10:31+00:00","breadcrumb":{"@id":"https:\/\/www.santaclausreindeer.fi\/de\/product\/prioritats-rentierschlittenfahrt-fast-track-fur-deine-forest-path-rentierfahrt\/#breadcrumb"},"inLanguage":"de","potentialAction":[{"@type":"ReadAction","target":["https:\/\/www.santaclausreindeer.fi\/de\/product\/prioritats-rentierschlittenfahrt-fast-track-fur-deine-forest-path-rentierfahrt\/"]}]},{"@type":"BreadcrumbList","@id":"https:\/\/www.santaclausreindeer.fi\/de\/product\/prioritats-rentierschlittenfahrt-fast-track-fur-deine-forest-path-rentierfahrt\/#breadcrumb","itemListElement":[{"@type":"ListItem","position":1,"name":"Home","item":"https:\/\/www.santaclausreindeer.fi\/de\/"},{"@type":"ListItem","position":2,"name":"Products","item":"https:\/\/www.santaclausreindeer.fi\/de\/product\/"},{"@type":"ListItem","position":3,"name":"Priorit\u00e4ts-Rentierschlittenfahrt \u2013 Fast Track f\u00fcr deine Forest Path Rentierfahrt."}]},{"@type":"WebSite","@id":"https:\/\/www.santaclausreindeer.fi\/de\/#website","url":"https:\/\/www.santaclausreindeer.fi\/de\/","name":"Santa Claus Reindeer","description":"Arctic Circle, Rovaniemi, Lapland","publisher":{"@id":"https:\/\/www.santaclausreindeer.fi\/de\/#organization"},"potentialAction":[{"@type":"SearchAction","target":{"@type":"EntryPoint","urlTemplate":"https:\/\/www.santaclausreindeer.fi\/de\/?s={search_term_string}"},"query-input":{"@type":"PropertyValueSpecification","valueRequired":true,"valueName":"search_term_string"}}],"inLanguage":"de"},{"@type":"Organization","@id":"https:\/\/www.santaclausreindeer.fi\/de\/#organization","name":"Santa Claus Reindeer","url":"https:\/\/www.santaclausreindeer.fi\/de\/","logo":{"@type":"ImageObject","inLanguage":"de","@id":"https:\/\/www.santaclausreindeer.fi\/de\/#\/schema\/logo\/image\/","url":"https:\/\/www.santaclausreindeer.fi\/wp-content\/uploads\/2024\/10\/scr_logo_vaakaslogan-RVN-RGB-opt.svg","contentUrl":"https:\/\/www.santaclausreindeer.fi\/wp-content\/uploads\/2024\/10\/scr_logo_vaakaslogan-RVN-RGB-opt.svg","width":396,"height":212,"caption":"Santa Claus Reindeer"},"image":{"@id":"https:\/\/www.santaclausreindeer.fi\/de\/#\/schema\/logo\/image\/"},"sameAs":["https:\/\/www.facebook.com\/SantaClausReindeer\/","https:\/\/www.instagram.com\/santaclausreindeer\/","https:\/\/www.youtube.com\/user\/santareindeerlapland","https:\/\/www.tripadvisor.fr\/Attraction_Review-g189922-d6662018-Reviews-Santa_Claus_Reindeer-Rovaniemi_Lapland.html"]}]}},"_links":{"self":[{"href":"https:\/\/www.santaclausreindeer.fi\/de\/wp-json\/wp\/v2\/product\/66580","targetHints":{"allow":["GET"]}}],"collection":[{"href":"https:\/\/www.santaclausreindeer.fi\/de\/wp-json\/wp\/v2\/product"}],"about":[{"href":"https:\/\/www.santaclausreindeer.fi\/de\/wp-json\/wp\/v2\/types\/product"}],"wp:attachment":[{"href":"https:\/\/www.santaclausreindeer.fi\/de\/wp-json\/wp\/v2\/media?parent=66580"}],"wp:term":[{"taxonomy":"activity-category","embeddable":true,"href":"https:\/\/www.santaclausreindeer.fi\/de\/wp-json\/wp\/v2\/activity-category?post=66580"},{"taxonomy":"activity-attribute","embeddable":true,"href":"https:\/\/www.santaclausreindeer.fi\/de\/wp-json\/wp\/v2\/activity-attribute?post=66580"},{"taxonomy":"difficulty-level","embeddable":true,"href":"https:\/\/www.santaclausreindeer.fi\/de\/wp-json\/wp\/v2\/difficulty-level?post=66580"},{"taxonomy":"activity-type","embeddable":true,"href":"https:\/\/www.santaclausreindeer.fi\/de\/wp-json\/wp\/v2\/activity-type?post=66580"},{"taxonomy":"product-season","embeddable":true,"href":"https:\/\/www.santaclausreindeer.fi\/de\/wp-json\/wp\/v2\/product-season?post=66580"},{"taxonomy":"product-includes","embeddable":true,"href":"https:\/\/www.santaclausreindeer.fi\/de\/wp-json\/wp\/v2\/product-includes?post=66580"},{"taxonomy":"know-before-you-go","embeddable":true,"href":"https:\/\/www.santaclausreindeer.fi\/de\/wp-json\/wp\/v2\/know-before-you-go?post=66580"},{"taxonomy":"company","embeddable":true,"href":"https:\/\/www.santaclausreindeer.fi\/de\/wp-json\/wp\/v2\/company?post=66580"},{"taxonomy":"bookability","embeddable":true,"href":"https:\/\/www.santaclausreindeer.fi\/de\/wp-json\/wp\/v2\/bookability?post=66580"},{"taxonomy":"icons","embeddable":true,"href":"https:\/\/www.santaclausreindeer.fi\/de\/wp-json\/wp\/v2\/icons?post=66580"},{"taxonomy":"product-category","embeddable":true,"href":"https:\/\/www.santaclausreindeer.fi\/de\/wp-json\/wp\/v2\/product-category?post=66580"}],"curies":[{"name":"wp","href":"https:\/\/api.w.org\/{rel}","templated":true}]}}