{"id":70436,"date":"2025-10-14T10:24:13","date_gmt":"2025-10-14T07:24:13","guid":{"rendered":"https:\/\/www.santaclausreindeer.fi\/transfers-von-rovaniemi-nach-taava\/"},"modified":"2026-04-22T13:48:47","modified_gmt":"2026-04-22T10:48:47","slug":"transfers-von-rovaniemi-nach-taava","status":"publish","type":"page","link":"https:\/\/www.santaclausreindeer.fi\/de\/transfers-von-rovaniemi-nach-taava\/","title":{"rendered":"Transfers von Rovaniemi nach Taava"},"content":{"rendered":"<p>[et_pb_section fb_built=&#8220;1&#8243; _builder_version=&#8220;4.27.4&#8243; _module_preset=&#8220;default&#8220; background_color=&#8220;RGBA(62,49,49,0.8)&#8220; global_colors_info=&#8220;{}&#8220;][et_pb_row _builder_version=&#8220;4.27.4&#8243; _module_preset=&#8220;default&#8220; global_colors_info=&#8220;{}&#8220;][et_pb_column type=&#8220;4_4&#8243; _builder_version=&#8220;4.27.4&#8243; _module_preset=&#8220;default&#8220; global_colors_info=&#8220;{}&#8220;][et_pb_text _builder_version=&#8220;4.27.4&#8243; _module_preset=&#8220;default&#8220; background_layout=&#8220;dark&#8220; global_colors_info=&#8220;{}&#8220;]<\/p>\n<h2>Transfers von Rovaniemi nach Taava<\/h2>\n<p><\/p>\n<p>Die Anreise von Rovaniemi zur Taava Rentierfarm ist einfach und unkompliziert. Regelm\u00e4\u00dfige Sammeltransfers und Tourverbindungen verkehren w\u00e4hrend der gesamten Saison und bringen Sie direkt von der Stadt oder Ihrer Unterkunft zur Farm.<\/p>\n<p><\/p>\n<p>Die malerische Fahrt von 30\u201340 Minuten f\u00fchrt durch verschneite W\u00e4lder und die ruhige lappische Landschaft \u2014 die perfekte Einstimmung auf Ihr magisches Taava-Erlebnis.<\/p>\n<p>[\/et_pb_text][\/et_pb_column][\/et_pb_row][\/et_pb_section][et_pb_section fb_built=&#8220;1&#8243; _builder_version=&#8220;4.27.4&#8243; _module_preset=&#8220;default&#8220; background_color=&#8220;#FFF9ED&#8220; custom_margin=&#8220;0px||-74px||false|false&#8220; custom_padding=&#8220;0px||0px||false|false&#8220; global_colors_info=&#8220;{}&#8220;][et_pb_row _builder_version=&#8220;4.27.4&#8243; _module_preset=&#8220;default&#8220; global_colors_info=&#8220;{}&#8220;][et_pb_column type=&#8220;4_4&#8243; _builder_version=&#8220;4.27.4&#8243; _module_preset=&#8220;default&#8220; global_colors_info=&#8220;{}&#8220;][et_pb_text _builder_version=&#8220;4.27.4&#8243; _module_preset=&#8220;default&#8220; global_colors_info=&#8220;{}&#8220;]<\/p>\n<h2>Transfers, Umlauf, Abholzeiten &amp; praktische Informationen<\/h2>\n<p><\/p>\n<p><strong>PRAKTISCHE INFORMATIONEN F\u00dcR G\u00c4STE DER SANTA CLAUS REINDEER ERLEBNISSE<\/strong><\/p>\n<p><\/p>\n<p>Um einen reibungslosen und angenehmen Ablauf zu gew\u00e4hrleisten, bitten wir Sie, die folgenden Hinweise zum Transport zu beachten:<\/p>\n<p><\/p>\n<p><strong>Seien Sie p\u00fcnktlich<\/strong><br \/>Bitte seien Sie mindestens 5 Minuten vor der geplanten Abfahrtszeit am angegebenen Abholpunkt.<br \/>Unsere Transfers folgen einem festen Zeitplan und k\u00f6nnen nicht auf versp\u00e4tete G\u00e4ste warten.<\/p>\n<p><\/p>\n<p><strong>Was passiert bei Versp\u00e4tung<\/strong><br \/>Wenn Sie die Abholung verpassen, ist Santa Claus Reindeer nicht daf\u00fcr verantwortlich, einen alternativen Transport zu organisieren.<br \/>Sie k\u00f6nnen auf eigene Kosten ein Taxi buchen, um zur Taava Rentierfarm oder zum Treffpunkt der Tour zu gelangen.<br \/>Bitte beachten Sie, dass bei einer vom Gast verursachten Versp\u00e4tung keine R\u00fcckerstattung erfolgt und keine Umbuchung oder alternative Erfahrung angeboten werden kann.<\/p>\n<p><\/p>\n<p><strong>Buchungsbest\u00e4tigung erforderlich<\/strong><br \/>Alle G\u00e4ste m\u00fcssen beim Einsteigen eine g\u00fcltige digitale Buchungsbest\u00e4tigung (Bokun) dem Fahrer vorzeigen.<br \/>Nur G\u00e4ste mit g\u00fcltiger Best\u00e4tigung d\u00fcrfen einsteigen.<\/p>\n<p><\/p>\n<p><strong>Erkennen Sie Ihr Fahrzeug<\/strong><br \/>Die Abholung erfolgt mit einem Minibus, der mit einem Santa Claus Reindeer (SCR)-Schild im Fenster gekennzeichnet ist.<br \/>Bitte stellen Sie sicher, dass Sie in das richtige Fahrzeug einsteigen.<\/p>\n<p>[\/et_pb_text][\/et_pb_column][\/et_pb_row][\/et_pb_section][et_pb_section fb_built=&#8220;1&#8243; _builder_version=&#8220;4.27.4&#8243; _module_preset=&#8220;default&#8220; background_color=&#8220;#FFF9ED&#8220; global_colors_info=&#8220;{}&#8220;][et_pb_row column_structure=&#8220;1_2,1_2&#8243; _builder_version=&#8220;4.27.4&#8243; _module_preset=&#8220;default&#8220; global_colors_info=&#8220;{}&#8220;][et_pb_column type=&#8220;1_2&#8243; _builder_version=&#8220;4.27.4&#8243; _module_preset=&#8220;default&#8220; hover_enabled=&#8220;0&#8243; global_colors_info=&#8220;{}&#8220; sticky_enabled=&#8220;0&#8243;][et_pb_text _builder_version=&#8220;4.27.4&#8243; _module_preset=&#8220;default&#8220; global_colors_info=&#8220;{}&#8220;]<\/p>\n<h2>AB DEM 12.01.2026<\/h2>\n<p><\/p>\n<p><strong>RENTIER-SAFARI AM TAG, Programm 10:00 \u2013 12:30 (auf der Rentierfarm)<\/strong><br \/><strong>Nach Taava<\/strong><br \/>9:15 Santa Claus Reindeer \/ SCV<br \/>9:25 Abholpunkt Stadtzentrum Rovaniemi, Adresse: Poromiehentie 2<br \/>9:35 Lapland Hotel Sky Ounasvaara<br \/>10:00 Ankunft in Taava \/ Beginn der Rentier-Safari am Tag<\/p>\n<p><\/p>\n<p><strong>Von Taava<\/strong><br \/>12:30 Abfahrt von Taava<br \/>12:55 Lapland Hotel Sky Ounasvaara<br \/>13:05 Abholpunkt Stadtzentrum Rovaniemi, Adresse: Poromiehentie 2<br \/>13:15 Santa Claus Reindeer \/ SCV<\/p>\n<p><\/p>\n<p><strong>TAAVA RENTIERFARM \u2013 RENTIERE &amp; LAPPISCHE TRADITIONEN DAS GANZE JAHR 1, Programm 13:00 \u2013 14:30 (auf der Rentierfarm)<\/strong><br \/><strong>Nach Taava<\/strong><br \/>12:15 Santa Claus Reindeer \/ SCV<br \/>12:20 Abholpunkt Stadtzentrum Rovaniemi, Adresse: Poromiehentie 2<br \/>12:35 Lapland Hotel Sky Ounasvaara<br \/>13:00 Ankunft in Taava \/ Beginn Besuch Rentierfarm 1<\/p>\n<p><\/p>\n<p><strong>Von Taava<\/strong><br \/>14:30 Abfahrt von Taava<br \/>14:55 Lapland Hotel Sky Ounasvaara<br \/>15:05 Abholpunkt Stadtzentrum Rovaniemi, Adresse: Poromiehentie 2<br \/>15:15 Santa Claus Reindeer \/ SCV<\/p>\n<p><\/p>\n<p><strong>AUF DER SUCHE NACH NORDLICHTERN, Programm 20:00 \u2013 22:15 (auf der Rentierfarm)<\/strong><br \/><strong>Nach Taava<\/strong><br \/>19:15 Santa Claus Reindeer \/ SCV<br \/>19:25 Abholpunkt Stadtzentrum Rovaniemi, Adresse: Poromiehentie 2<br \/>19:35 Lapland Hotel Sky Ounasvaara<br \/>20:00 Ankunft in Taava \/ Beginn des Abendprogramms<\/p>\n<p><\/p>\n<p><strong>Von Taava<\/strong><br \/>22:15 Abfahrt von Taava<br \/>22:35 Lapland Hotel Sky Ounasvaara<br \/>22:45 Abholpunkt Stadtzentrum Rovaniemi, Adresse: Poromiehentie 2<br \/>ca. 23:00 Santa Claus Reindeer \/ SCV<\/p>\n<p><\/p>\n<p>AB DEM 21.03.2026<\/p>\n<p><\/p>\n<p><strong>AUF DER SUCHE NACH NORDLICHTERN, Programm 21:00 \u2013 23:15 (auf der Rentierfarm)<\/strong><br \/><strong>Nach Taava<\/strong><br \/>20:15 Santa Claus Reindeer \/ SCV<br \/>20:25 Abholpunkt Stadtzentrum Rovaniemi, Adresse: Poromiehentie 2<br \/>20:35 Lapland Hotel Sky Ounasvaara<br \/>21:00 Ankunft in Taava \/ Beginn des Abendprogramms<\/p>\n<p><\/p>\n<p><strong>Von Taava<\/strong><br \/>23:15 Abfahrt von Taava<br \/>23:35 Lapland Hotel Sky Ounasvaara<br \/>23:45 Abholpunkt Stadtzentrum Rovaniemi, Adresse: Poromiehentie 2<br \/>ca. 00:00 Santa Claus Reindeer \/ SCV<\/p>\n<p>[\/et_pb_text][\/et_pb_column][et_pb_column type=&#8220;1_2&#8243; _builder_version=&#8220;4.27.4&#8243; _module_preset=&#8220;default&#8220; global_colors_info=&#8220;{}&#8220;]<\/p>\n<p>[bokun_products display_mode=&#8220;specific&#8220; product_ids_text=&#8220;65144, 66025, 68779&#8243; _builder_version=&#8220;4.27.4&#8243; _module_preset=&#8220;default&#8220; global_colors_info=&#8220;{}&#8220;][\/bokun_products]<\/p>\n<p>[\/et_pb_column][\/et_pb_row][et_pb_row _builder_version=&#8220;4.27.4&#8243; _module_preset=&#8220;default&#8220; global_colors_info=&#8220;{}&#8220;][et_pb_column type=&#8220;4_4&#8243; _builder_version=&#8220;4.27.4&#8243; _module_preset=&#8220;default&#8220; global_colors_info=&#8220;{}&#8220;][et_pb_text _builder_version=&#8220;4.27.4&#8243; _module_preset=&#8220;default&#8220; global_colors_info=&#8220;{}&#8220;]<\/p>\n<p><strong>Standorte<\/strong><\/p>\n<p><\/p>\n<p>F\u00fcr ein m\u00f6glichst reibungsloses Erlebnis empfehlen wir, Ihren gew\u00e4hlten Standort vor Ihrem Besuch auf Google Maps oder einer anderen Navigations-App zu \u00fcberpr\u00fcfen, um genaue Wegbeschreibungen und Fahrzeiten zu erhalten. Bitte planen Sie im Winter etwas zus\u00e4tzliche Zeit ein, da Stra\u00dfenverh\u00e4ltnisse durch Schnee oder Eis gelegentlich langsamer sein k\u00f6nnen.<\/p>\n<p><\/p>\n<p>Wenn Sie im Rahmen einer gef\u00fchrten Tour oder eines Transfers teilnehmen, werden Ihr Abholort und der Zeitplan in Ihren Buchungsdetails best\u00e4tigt \u2014 bitte \u00fcberpr\u00fcfen Sie diese sorgf\u00e4ltig und erscheinen Sie einige Minuten fr\u00fcher, um Verz\u00f6gerungen zu vermeiden.<\/p>\n<p><\/p>\n<p>F\u00fcr G\u00e4ste, die individuell anreisen, sind Parkpl\u00e4tze und Haupteing\u00e4nge deutlich ausgeschildert, und unser Team hilft Ihnen gerne bei Ihrer Ankunft. Sollten Sie Schwierigkeiten haben, den genauen Ort zu finden, k\u00f6nnen Sie uns jederzeit anrufen oder per E-Mail kontaktieren \u2014 wir helfen Ihnen gerne weiter.<\/p>\n<p>[\/et_pb_text][\/et_pb_column][\/et_pb_row][et_pb_row column_structure=&#8220;1_3,1_3,1_3&#8243; _builder_version=&#8220;4.27.4&#8243; _module_preset=&#8220;default&#8220; global_colors_info=&#8220;{}&#8220;][et_pb_column type=&#8220;1_3&#8243; _builder_version=&#8220;4.27.4&#8243; _module_preset=&#8220;default&#8220; global_colors_info=&#8220;{}&#8220;][et_pb_text _builder_version=&#8220;4.27.4&#8243; _module_preset=&#8220;default&#8220; global_colors_info=&#8220;{}&#8220;]<\/p>\n<p>Santa Claus Reindeer<\/p>\n<p>[\/et_pb_text][\/et_pb_column][et_pb_column type=&#8220;1_3&#8243; _builder_version=&#8220;4.27.4&#8243; _module_preset=&#8220;default&#8220; global_colors_info=&#8220;{}&#8220;][et_pb_text _builder_version=&#8220;4.27.4&#8243; _module_preset=&#8220;default&#8220; global_colors_info=&#8220;{}&#8220;]<\/p>\n<p>Stadt Rovaniemi<\/p>\n<p>[\/et_pb_text][\/et_pb_column][et_pb_column type=&#8220;1_3&#8243; _builder_version=&#8220;4.27.4&#8243; _module_preset=&#8220;default&#8220; global_colors_info=&#8220;{}&#8220;][et_pb_text _builder_version=&#8220;4.27.4&#8243; _module_preset=&#8220;default&#8220; global_colors_info=&#8220;{}&#8220;]<\/p>\n<p>Hotel Sky Ounasvaara<\/p>\n<p>[\/et_pb_text][\/et_pb_column][\/et_pb_row][et_pb_row column_structure=&#8220;1_3,1_3,1_3&#8243; _builder_version=&#8220;4.27.4&#8243; _module_preset=&#8220;default&#8220; global_colors_info=&#8220;{}&#8220;][et_pb_column type=&#8220;1_3&#8243; _builder_version=&#8220;4.27.4&#8243; _module_preset=&#8220;default&#8220; global_colors_info=&#8220;{}&#8220;][et_pb_code _builder_version=&#8220;4.27.4&#8243; _module_preset=&#8220;default&#8220; global_colors_info=&#8220;{}&#8220;]<iframe src=\"https:\/\/www.google.com\/maps\/embed?pb=!1m18!1m12!1m3!1d1588.2184598962888!2d25.84637737760336!3d66.5425531788714!2m3!1f0!2f0!3f0!3m2!1i1024!2i768!4f13.1!3m3!1m2!1s0x442b4e7fcd5b233b%3A0x668949368d865aaa!2sSanta%20Claus%20Reindeer!5e0!3m2!1sen!2sfi!4v1761127252627!5m2!1sen!2sfi\" width=\"600\" height=\"450\" style=\"border:0;\" allowfullscreen=\"\" loading=\"lazy\" referrerpolicy=\"no-referrer-when-downgrade\"><\/iframe>[\/et_pb_code][\/et_pb_column][et_pb_column type=&#8220;1_3&#8243; _builder_version=&#8220;4.27.4&#8243; _module_preset=&#8220;default&#8220; global_colors_info=&#8220;{}&#8220;][et_pb_code _builder_version=&#8220;4.27.4&#8243; _module_preset=&#8220;default&#8220; global_colors_info=&#8220;{}&#8220;]<iframe src=\"https:\/\/www.google.com\/maps\/embed?pb=!1m18!1m12!1m3!1d795.4485955068391!2d25.71953116991745!3d66.50061304996382!2m3!1f0!2f0!3f0!3m2!1i1024!2i768!4f13.1!3m3!1m2!1s0x442b4b8d5d1c94bd%3A0x762647e33bcbb1e6!2sRoimunrotko%20P!5e0!3m2!1sen!2sfi!4v1764748121758!5m2!1sen!2sfi\" width=\"600\" height=\"450\" style=\"border:0;\" allowfullscreen=\"\" loading=\"lazy\" referrerpolicy=\"no-referrer-when-downgrade\"><\/iframe>[\/et_pb_code][\/et_pb_column][et_pb_column type=&#8220;1_3&#8243; _builder_version=&#8220;4.27.4&#8243; _module_preset=&#8220;default&#8220; global_colors_info=&#8220;{}&#8220;][et_pb_code _builder_version=&#8220;4.27.4&#8243; _module_preset=&#8220;default&#8220; global_colors_info=&#8220;{}&#8220;]<iframe src=\"https:\/\/www.google.com\/maps\/embed?pb=!1m18!1m12!1m3!1d1590.8098506002052!2d25.783450996615546!3d66.50198072429303!2m3!1f0!2f0!3f0!3m2!1i1024!2i768!4f13.1!3m3!1m2!1s0x442b4eaab856d2a1%3A0x96d7ed547ca96d28!2sLapland%20Hotels%20Sky%20Ounasvaara!5e0!3m2!1sen!2sfi!4v1761127297549!5m2!1sen!2sfi\" width=\"600\" height=\"450\" style=\"border:0;\" allowfullscreen=\"\" loading=\"lazy\" referrerpolicy=\"no-referrer-when-downgrade\"><\/iframe>[\/et_pb_code][\/et_pb_column][\/et_pb_row][\/et_pb_section]<\/p>\n","protected":false},"excerpt":{"rendered":"<p>Transfers von Rovaniemi nach TaavaDie Anreise von Rovaniemi zur Taava Rentierfarm ist einfach und unkompliziert. Regelm\u00e4\u00dfige Sammeltransfers und Tourverbindungen verkehren [&hellip;]<\/p>\n","protected":false},"author":9,"featured_media":68237,"parent":0,"menu_order":0,"comment_status":"closed","ping_status":"closed","template":"","meta":{"_acf_changed":false,"_et_pb_use_builder":"on","_et_pb_old_content":"","_et_gb_content_width":"","inline_featured_image":false,"footnotes":""},"class_list":["post-70436","page","type-page","status-publish","has-post-thumbnail","hentry"],"acf":[],"yoast_head":"<!-- This site is optimized with the Yoast SEO plugin v27.4 - https:\/\/yoast.com\/product\/yoast-seo-wordpress\/ -->\n<title>Transfers von Rovaniemi nach Taava - Santa Claus Reindeer<\/title>\n<meta name=\"description\" content=\"Finden Sie detaillierte Abholzeiten und Transferpl\u00e4ne f\u00fcr Santa Claus Reindeer. Sehen Sie die Abfahrts- und R\u00fcckfahrtszeiten zur Taava Rentierfarm ein.\" \/>\n<meta name=\"robots\" content=\"noindex, follow\" \/>\n<meta property=\"og:locale\" content=\"de_DE\" \/>\n<meta property=\"og:type\" content=\"article\" \/>\n<meta property=\"og:title\" content=\"Transfers von Rovaniemi nach Taava - Santa Claus Reindeer\" \/>\n<meta property=\"og:description\" content=\"Finden Sie detaillierte Abholzeiten und Transferpl\u00e4ne f\u00fcr Santa Claus Reindeer. Sehen Sie die Abfahrts- und R\u00fcckfahrtszeiten zur Taava Rentierfarm ein.\" \/>\n<meta property=\"og:url\" content=\"https:\/\/www.santaclausreindeer.fi\/de\/transfers-von-rovaniemi-nach-taava\/\" \/>\n<meta property=\"og:site_name\" content=\"Santa Claus Reindeer\" \/>\n<meta property=\"article:publisher\" content=\"https:\/\/www.facebook.com\/SantaClausReindeer\/\" \/>\n<meta property=\"article:modified_time\" content=\"2026-04-22T10:48:47+00:00\" \/>\n<meta property=\"og:image\" content=\"https:\/\/www.santaclausreindeer.fi\/wp-content\/uploads\/2025\/08\/DSC01309-scaled.jpeg\" \/>\n\t<meta property=\"og:image:width\" content=\"1707\" \/>\n\t<meta property=\"og:image:height\" content=\"2560\" \/>\n\t<meta property=\"og:image:type\" content=\"image\/jpeg\" \/>\n<meta name=\"twitter:card\" content=\"summary_large_image\" \/>\n<meta name=\"twitter:label1\" content=\"Gesch\u00e4tzte Lesezeit\" \/>\n\t<meta name=\"twitter:data1\" content=\"5\u00a0Minuten\" \/>\n<script type=\"application\/ld+json\" class=\"yoast-schema-graph\">{\"@context\":\"https:\\\/\\\/schema.org\",\"@graph\":[{\"@type\":\"WebPage\",\"@id\":\"https:\\\/\\\/www.santaclausreindeer.fi\\\/de\\\/transfers-von-rovaniemi-nach-taava\\\/\",\"url\":\"https:\\\/\\\/www.santaclausreindeer.fi\\\/de\\\/transfers-von-rovaniemi-nach-taava\\\/\",\"name\":\"Transfers von Rovaniemi nach Taava - Santa Claus Reindeer\",\"isPartOf\":{\"@id\":\"https:\\\/\\\/www.santaclausreindeer.fi\\\/de\\\/#website\"},\"primaryImageOfPage\":{\"@id\":\"https:\\\/\\\/www.santaclausreindeer.fi\\\/de\\\/transfers-von-rovaniemi-nach-taava\\\/#primaryimage\"},\"image\":{\"@id\":\"https:\\\/\\\/www.santaclausreindeer.fi\\\/de\\\/transfers-von-rovaniemi-nach-taava\\\/#primaryimage\"},\"thumbnailUrl\":\"https:\\\/\\\/www.santaclausreindeer.fi\\\/wp-content\\\/uploads\\\/2025\\\/08\\\/DSC01309-scaled.jpeg\",\"datePublished\":\"2025-10-14T07:24:13+00:00\",\"dateModified\":\"2026-04-22T10:48:47+00:00\",\"description\":\"Finden Sie detaillierte Abholzeiten und Transferpl\u00e4ne f\u00fcr Santa Claus Reindeer. Sehen Sie die Abfahrts- und R\u00fcckfahrtszeiten zur Taava Rentierfarm ein.\",\"breadcrumb\":{\"@id\":\"https:\\\/\\\/www.santaclausreindeer.fi\\\/de\\\/transfers-von-rovaniemi-nach-taava\\\/#breadcrumb\"},\"inLanguage\":\"de\",\"potentialAction\":[{\"@type\":\"ReadAction\",\"target\":[\"https:\\\/\\\/www.santaclausreindeer.fi\\\/de\\\/transfers-von-rovaniemi-nach-taava\\\/\"]}]},{\"@type\":\"ImageObject\",\"inLanguage\":\"de\",\"@id\":\"https:\\\/\\\/www.santaclausreindeer.fi\\\/de\\\/transfers-von-rovaniemi-nach-taava\\\/#primaryimage\",\"url\":\"https:\\\/\\\/www.santaclausreindeer.fi\\\/wp-content\\\/uploads\\\/2025\\\/08\\\/DSC01309-scaled.jpeg\",\"contentUrl\":\"https:\\\/\\\/www.santaclausreindeer.fi\\\/wp-content\\\/uploads\\\/2025\\\/08\\\/DSC01309-scaled.jpeg\",\"width\":1707,\"height\":2560,\"caption\":\"The road of Taava Reindeer Farm\"},{\"@type\":\"BreadcrumbList\",\"@id\":\"https:\\\/\\\/www.santaclausreindeer.fi\\\/de\\\/transfers-von-rovaniemi-nach-taava\\\/#breadcrumb\",\"itemListElement\":[{\"@type\":\"ListItem\",\"position\":1,\"name\":\"Home\",\"item\":\"https:\\\/\\\/www.santaclausreindeer.fi\\\/de\\\/\"},{\"@type\":\"ListItem\",\"position\":2,\"name\":\"Transfers von Rovaniemi nach Taava\"}]},{\"@type\":\"WebSite\",\"@id\":\"https:\\\/\\\/www.santaclausreindeer.fi\\\/de\\\/#website\",\"url\":\"https:\\\/\\\/www.santaclausreindeer.fi\\\/de\\\/\",\"name\":\"Santa Claus Reindeer\",\"description\":\"Arctic Circle, Rovaniemi, Lapland\",\"publisher\":{\"@id\":\"https:\\\/\\\/www.santaclausreindeer.fi\\\/de\\\/#organization\"},\"potentialAction\":[{\"@type\":\"SearchAction\",\"target\":{\"@type\":\"EntryPoint\",\"urlTemplate\":\"https:\\\/\\\/www.santaclausreindeer.fi\\\/de\\\/?s={search_term_string}\"},\"query-input\":{\"@type\":\"PropertyValueSpecification\",\"valueRequired\":true,\"valueName\":\"search_term_string\"}}],\"inLanguage\":\"de\"},{\"@type\":\"Organization\",\"@id\":\"https:\\\/\\\/www.santaclausreindeer.fi\\\/de\\\/#organization\",\"name\":\"Santa Claus Reindeer\",\"url\":\"https:\\\/\\\/www.santaclausreindeer.fi\\\/de\\\/\",\"logo\":{\"@type\":\"ImageObject\",\"inLanguage\":\"de\",\"@id\":\"https:\\\/\\\/www.santaclausreindeer.fi\\\/de\\\/#\\\/schema\\\/logo\\\/image\\\/\",\"url\":\"https:\\\/\\\/www.santaclausreindeer.fi\\\/wp-content\\\/uploads\\\/2024\\\/10\\\/scr_logo_vaakaslogan-RVN-RGB-opt.svg\",\"contentUrl\":\"https:\\\/\\\/www.santaclausreindeer.fi\\\/wp-content\\\/uploads\\\/2024\\\/10\\\/scr_logo_vaakaslogan-RVN-RGB-opt.svg\",\"width\":396,\"height\":212,\"caption\":\"Santa Claus Reindeer\"},\"image\":{\"@id\":\"https:\\\/\\\/www.santaclausreindeer.fi\\\/de\\\/#\\\/schema\\\/logo\\\/image\\\/\"},\"sameAs\":[\"https:\\\/\\\/www.facebook.com\\\/SantaClausReindeer\\\/\",\"https:\\\/\\\/www.instagram.com\\\/santaclausreindeer\\\/\",\"https:\\\/\\\/www.youtube.com\\\/user\\\/santareindeerlapland\",\"https:\\\/\\\/www.tripadvisor.fr\\\/Attraction_Review-g189922-d6662018-Reviews-Santa_Claus_Reindeer-Rovaniemi_Lapland.html\"]}]}<\/script>\n<!-- \/ Yoast SEO plugin. -->","yoast_head_json":{"title":"Transfers von Rovaniemi nach Taava - Santa Claus Reindeer","description":"Finden Sie detaillierte Abholzeiten und Transferpl\u00e4ne f\u00fcr Santa Claus Reindeer. Sehen Sie die Abfahrts- und R\u00fcckfahrtszeiten zur Taava Rentierfarm ein.","robots":{"index":"noindex","follow":"follow"},"og_locale":"de_DE","og_type":"article","og_title":"Transfers von Rovaniemi nach Taava - Santa Claus Reindeer","og_description":"Finden Sie detaillierte Abholzeiten und Transferpl\u00e4ne f\u00fcr Santa Claus Reindeer. Sehen Sie die Abfahrts- und R\u00fcckfahrtszeiten zur Taava Rentierfarm ein.","og_url":"https:\/\/www.santaclausreindeer.fi\/de\/transfers-von-rovaniemi-nach-taava\/","og_site_name":"Santa Claus Reindeer","article_publisher":"https:\/\/www.facebook.com\/SantaClausReindeer\/","article_modified_time":"2026-04-22T10:48:47+00:00","og_image":[{"width":1707,"height":2560,"url":"https:\/\/www.santaclausreindeer.fi\/wp-content\/uploads\/2025\/08\/DSC01309-scaled.jpeg","type":"image\/jpeg"}],"twitter_card":"summary_large_image","twitter_misc":{"Gesch\u00e4tzte Lesezeit":"5\u00a0Minuten"},"schema":{"@context":"https:\/\/schema.org","@graph":[{"@type":"WebPage","@id":"https:\/\/www.santaclausreindeer.fi\/de\/transfers-von-rovaniemi-nach-taava\/","url":"https:\/\/www.santaclausreindeer.fi\/de\/transfers-von-rovaniemi-nach-taava\/","name":"Transfers von Rovaniemi nach Taava - Santa Claus Reindeer","isPartOf":{"@id":"https:\/\/www.santaclausreindeer.fi\/de\/#website"},"primaryImageOfPage":{"@id":"https:\/\/www.santaclausreindeer.fi\/de\/transfers-von-rovaniemi-nach-taava\/#primaryimage"},"image":{"@id":"https:\/\/www.santaclausreindeer.fi\/de\/transfers-von-rovaniemi-nach-taava\/#primaryimage"},"thumbnailUrl":"https:\/\/www.santaclausreindeer.fi\/wp-content\/uploads\/2025\/08\/DSC01309-scaled.jpeg","datePublished":"2025-10-14T07:24:13+00:00","dateModified":"2026-04-22T10:48:47+00:00","description":"Finden Sie detaillierte Abholzeiten und Transferpl\u00e4ne f\u00fcr Santa Claus Reindeer. Sehen Sie die Abfahrts- und R\u00fcckfahrtszeiten zur Taava Rentierfarm ein.","breadcrumb":{"@id":"https:\/\/www.santaclausreindeer.fi\/de\/transfers-von-rovaniemi-nach-taava\/#breadcrumb"},"inLanguage":"de","potentialAction":[{"@type":"ReadAction","target":["https:\/\/www.santaclausreindeer.fi\/de\/transfers-von-rovaniemi-nach-taava\/"]}]},{"@type":"ImageObject","inLanguage":"de","@id":"https:\/\/www.santaclausreindeer.fi\/de\/transfers-von-rovaniemi-nach-taava\/#primaryimage","url":"https:\/\/www.santaclausreindeer.fi\/wp-content\/uploads\/2025\/08\/DSC01309-scaled.jpeg","contentUrl":"https:\/\/www.santaclausreindeer.fi\/wp-content\/uploads\/2025\/08\/DSC01309-scaled.jpeg","width":1707,"height":2560,"caption":"The road of Taava Reindeer Farm"},{"@type":"BreadcrumbList","@id":"https:\/\/www.santaclausreindeer.fi\/de\/transfers-von-rovaniemi-nach-taava\/#breadcrumb","itemListElement":[{"@type":"ListItem","position":1,"name":"Home","item":"https:\/\/www.santaclausreindeer.fi\/de\/"},{"@type":"ListItem","position":2,"name":"Transfers von Rovaniemi nach Taava"}]},{"@type":"WebSite","@id":"https:\/\/www.santaclausreindeer.fi\/de\/#website","url":"https:\/\/www.santaclausreindeer.fi\/de\/","name":"Santa Claus Reindeer","description":"Arctic Circle, Rovaniemi, Lapland","publisher":{"@id":"https:\/\/www.santaclausreindeer.fi\/de\/#organization"},"potentialAction":[{"@type":"SearchAction","target":{"@type":"EntryPoint","urlTemplate":"https:\/\/www.santaclausreindeer.fi\/de\/?s={search_term_string}"},"query-input":{"@type":"PropertyValueSpecification","valueRequired":true,"valueName":"search_term_string"}}],"inLanguage":"de"},{"@type":"Organization","@id":"https:\/\/www.santaclausreindeer.fi\/de\/#organization","name":"Santa Claus Reindeer","url":"https:\/\/www.santaclausreindeer.fi\/de\/","logo":{"@type":"ImageObject","inLanguage":"de","@id":"https:\/\/www.santaclausreindeer.fi\/de\/#\/schema\/logo\/image\/","url":"https:\/\/www.santaclausreindeer.fi\/wp-content\/uploads\/2024\/10\/scr_logo_vaakaslogan-RVN-RGB-opt.svg","contentUrl":"https:\/\/www.santaclausreindeer.fi\/wp-content\/uploads\/2024\/10\/scr_logo_vaakaslogan-RVN-RGB-opt.svg","width":396,"height":212,"caption":"Santa Claus Reindeer"},"image":{"@id":"https:\/\/www.santaclausreindeer.fi\/de\/#\/schema\/logo\/image\/"},"sameAs":["https:\/\/www.facebook.com\/SantaClausReindeer\/","https:\/\/www.instagram.com\/santaclausreindeer\/","https:\/\/www.youtube.com\/user\/santareindeerlapland","https:\/\/www.tripadvisor.fr\/Attraction_Review-g189922-d6662018-Reviews-Santa_Claus_Reindeer-Rovaniemi_Lapland.html"]}]}},"_links":{"self":[{"href":"https:\/\/www.santaclausreindeer.fi\/de\/wp-json\/wp\/v2\/pages\/70436","targetHints":{"allow":["GET"]}}],"collection":[{"href":"https:\/\/www.santaclausreindeer.fi\/de\/wp-json\/wp\/v2\/pages"}],"about":[{"href":"https:\/\/www.santaclausreindeer.fi\/de\/wp-json\/wp\/v2\/types\/page"}],"author":[{"embeddable":true,"href":"https:\/\/www.santaclausreindeer.fi\/de\/wp-json\/wp\/v2\/users\/9"}],"replies":[{"embeddable":true,"href":"https:\/\/www.santaclausreindeer.fi\/de\/wp-json\/wp\/v2\/comments?post=70436"}],"version-history":[{"count":2,"href":"https:\/\/www.santaclausreindeer.fi\/de\/wp-json\/wp\/v2\/pages\/70436\/revisions"}],"predecessor-version":[{"id":70438,"href":"https:\/\/www.santaclausreindeer.fi\/de\/wp-json\/wp\/v2\/pages\/70436\/revisions\/70438"}],"wp:featuredmedia":[{"embeddable":true,"href":"https:\/\/www.santaclausreindeer.fi\/de\/wp-json\/wp\/v2\/media\/68237"}],"wp:attachment":[{"href":"https:\/\/www.santaclausreindeer.fi\/de\/wp-json\/wp\/v2\/media?parent=70436"}],"curies":[{"name":"wp","href":"https:\/\/api.w.org\/{rel}","templated":true}]}}