{"id":66790,"date":"2025-05-17T10:37:40","date_gmt":"2025-05-17T07:37:40","guid":{"rendered":"https:\/\/www.www.santaclausreindeer.fi\/geschichten-aus-lappland-blog\/"},"modified":"2025-05-17T11:16:41","modified_gmt":"2025-05-17T08:16:41","slug":"geschichten-aus-lappland-blog","status":"publish","type":"page","link":"https:\/\/www.santaclausreindeer.fi\/de\/geschichten-aus-lappland-blog\/","title":{"rendered":"Geschichten aus Lappland \u2013 Blog"},"content":{"rendered":"<p>[et_pb_section fb_built=&#8220;1&#8243; _builder_version=&#8220;4.27.4&#8243; _module_preset=&#8220;default&#8220; background_color=&#8220;#3E3131&#8243; global_colors_info=&#8220;{}&#8220;][et_pb_row _builder_version=&#8220;4.27.4&#8243; _module_preset=&#8220;default&#8220; global_colors_info=&#8220;{}&#8220;][et_pb_column type=&#8220;4_4&#8243; _builder_version=&#8220;4.27.4&#8243; _module_preset=&#8220;default&#8220; global_colors_info=&#8220;{}&#8220;][et_pb_text _builder_version=&#8220;4.27.4&#8243; _module_preset=&#8220;default&#8220; background_layout=&#8220;dark&#8220; global_colors_info=&#8220;{}&#8220;]<\/p>\n<p class=\"\" data-start=\"0\" data-end=\"28\"><strong data-start=\"0\" data-end=\"28\">Geschichten aus Lappland<\/strong><\/p>\n<p><\/p>\n<p class=\"\" data-start=\"30\" data-end=\"496\">Willkommen bei <em data-start=\"45\" data-end=\"71\">Geschichten aus Lappland<\/em>, dem offiziellen Blog von Santa Claus Reindeer. Hier teilen wir herzerw\u00e4rmende Momente, unerz\u00e4hlte Geschichten und die allt\u00e4gliche Magie des Lebens am Polarkreis. Ob du von einem Winterabenteuer tr\u00e4umst, mehr \u00fcber das Leben der Rentiere erfahren m\u00f6chtest oder deinen ersten Besuch im Weihnachtsmanndorf planst \u2013 hier findest du authentische Lappland-Geschichten, saisonale Einblicke und spannende Blicke hinter die Kulissen.<\/p>\n<p><\/p>\n<p class=\"\" data-start=\"498\" data-end=\"696\">Von lokalen Traditionen bis hin zu echten Begegnungen mit Schnee, Rentieren und den Nordlichtern \u2013 <em data-start=\"597\" data-end=\"623\">Geschichten aus Lappland<\/em> bringt dich der Magie unserer Welt n\u00e4her \u2013 ein Beitrag nach dem anderen.<\/p>\n<p>[\/et_pb_text][\/et_pb_column][\/et_pb_row][\/et_pb_section][et_pb_section fb_built=&#8220;1&#8243; _builder_version=&#8220;4.27.4&#8243; _module_preset=&#8220;default&#8220; global_colors_info=&#8220;{}&#8220;][et_pb_row _builder_version=&#8220;4.27.4&#8243; _module_preset=&#8220;default&#8220; global_colors_info=&#8220;{}&#8220;][et_pb_column type=&#8220;4_4&#8243; _builder_version=&#8220;4.27.4&#8243; _module_preset=&#8220;default&#8220; global_colors_info=&#8220;{}&#8220;]<\/p>\n<p>[et_pb_blog _builder_version=&#8220;4.27.4&#8243; _module_preset=&#8220;default&#8220; global_colors_info=&#8220;{}&#8220;][\/et_pb_blog]<\/p>\n<p>[\/et_pb_column][\/et_pb_row][\/et_pb_section]<\/p>\n","protected":false},"excerpt":{"rendered":"<p>Geschichten aus LapplandWillkommen bei Geschichten aus Lappland, dem offiziellen Blog von Santa Claus Reindeer. Hier teilen wir herzerw\u00e4rmende Momente, unerz\u00e4hlte [&hellip;]<\/p>\n","protected":false},"author":9,"featured_media":66470,"parent":0,"menu_order":0,"comment_status":"closed","ping_status":"closed","template":"","meta":{"_acf_changed":false,"_et_pb_use_builder":"on","_et_pb_old_content":"","_et_gb_content_width":"","inline_featured_image":false,"footnotes":""},"class_list":["post-66790","page","type-page","status-publish","has-post-thumbnail","hentry"],"acf":[],"yoast_head":"<!-- This site is optimized with the Yoast SEO plugin v27.3 - https:\/\/yoast.com\/product\/yoast-seo-wordpress\/ -->\n<title>Geschichten aus Lappland \u2013 Blog - Santa Claus Reindeer<\/title>\n<meta name=\"description\" content=\"Geschichten aus Lappland \u2013 Entdecke magische Momente, Rentiergeschichten und Einblicke hinter die Kulissen des Weihnachtsmanndorfes. Erkunde das Leben, die Kultur und die Erlebnisse im Herzen der finnischen Lapplands.\" \/>\n<meta name=\"robots\" content=\"index, follow, max-snippet:-1, max-image-preview:large, max-video-preview:-1\" \/>\n<link rel=\"canonical\" href=\"https:\/\/www.santaclausreindeer.fi\/de\/geschichten-aus-lappland-blog\/\" \/>\n<meta property=\"og:locale\" content=\"de_DE\" \/>\n<meta property=\"og:type\" content=\"article\" \/>\n<meta property=\"og:title\" content=\"Geschichten aus Lappland \u2013 Blog - Santa Claus Reindeer\" \/>\n<meta property=\"og:description\" content=\"Geschichten aus Lappland \u2013 Entdecke magische Momente, Rentiergeschichten und Einblicke hinter die Kulissen des Weihnachtsmanndorfes. Erkunde das Leben, die Kultur und die Erlebnisse im Herzen der finnischen Lapplands.\" \/>\n<meta property=\"og:url\" content=\"https:\/\/www.santaclausreindeer.fi\/de\/geschichten-aus-lappland-blog\/\" \/>\n<meta property=\"og:site_name\" content=\"Santa Claus Reindeer\" \/>\n<meta property=\"article:publisher\" content=\"https:\/\/www.facebook.com\/SantaClausReindeer\/\" \/>\n<meta property=\"article:modified_time\" content=\"2025-05-17T08:16:41+00:00\" \/>\n<meta name=\"twitter:card\" content=\"summary_large_image\" \/>\n<meta name=\"twitter:label1\" content=\"Gesch\u00e4tzte Lesezeit\" \/>\n\t<meta name=\"twitter:data1\" content=\"1\u00a0Minute\" \/>\n<script type=\"application\/ld+json\" class=\"yoast-schema-graph\">{\"@context\":\"https:\\\/\\\/schema.org\",\"@graph\":[{\"@type\":\"WebPage\",\"@id\":\"https:\\\/\\\/www.santaclausreindeer.fi\\\/de\\\/geschichten-aus-lappland-blog\\\/\",\"url\":\"https:\\\/\\\/www.santaclausreindeer.fi\\\/de\\\/geschichten-aus-lappland-blog\\\/\",\"name\":\"Geschichten aus Lappland \u2013 Blog - Santa Claus Reindeer\",\"isPartOf\":{\"@id\":\"https:\\\/\\\/www.santaclausreindeer.fi\\\/de\\\/#website\"},\"primaryImageOfPage\":{\"@id\":\"https:\\\/\\\/www.santaclausreindeer.fi\\\/de\\\/geschichten-aus-lappland-blog\\\/#primaryimage\"},\"image\":{\"@id\":\"https:\\\/\\\/www.santaclausreindeer.fi\\\/de\\\/geschichten-aus-lappland-blog\\\/#primaryimage\"},\"thumbnailUrl\":\"https:\\\/\\\/www.santaclausreindeer.fi\\\/wp-content\\\/uploads\\\/2025\\\/04\\\/Meet-reindeer-in-summer-by-Santa-Claus-Reindeer-in-Santa-Claus-Village-Arctic-Circle-scaled.jpg\",\"datePublished\":\"2025-05-17T07:37:40+00:00\",\"dateModified\":\"2025-05-17T08:16:41+00:00\",\"description\":\"Geschichten aus Lappland \u2013 Entdecke magische Momente, Rentiergeschichten und Einblicke hinter die Kulissen des Weihnachtsmanndorfes. Erkunde das Leben, die Kultur und die Erlebnisse im Herzen der finnischen Lapplands.\",\"breadcrumb\":{\"@id\":\"https:\\\/\\\/www.santaclausreindeer.fi\\\/de\\\/geschichten-aus-lappland-blog\\\/#breadcrumb\"},\"inLanguage\":\"de\",\"potentialAction\":[{\"@type\":\"ReadAction\",\"target\":[\"https:\\\/\\\/www.santaclausreindeer.fi\\\/de\\\/geschichten-aus-lappland-blog\\\/\"]}]},{\"@type\":\"ImageObject\",\"inLanguage\":\"de\",\"@id\":\"https:\\\/\\\/www.santaclausreindeer.fi\\\/de\\\/geschichten-aus-lappland-blog\\\/#primaryimage\",\"url\":\"https:\\\/\\\/www.santaclausreindeer.fi\\\/wp-content\\\/uploads\\\/2025\\\/04\\\/Meet-reindeer-in-summer-by-Santa-Claus-Reindeer-in-Santa-Claus-Village-Arctic-Circle-scaled.jpg\",\"contentUrl\":\"https:\\\/\\\/www.santaclausreindeer.fi\\\/wp-content\\\/uploads\\\/2025\\\/04\\\/Meet-reindeer-in-summer-by-Santa-Claus-Reindeer-in-Santa-Claus-Village-Arctic-Circle-scaled.jpg\",\"width\":2560,\"height\":1708,\"caption\":\"Besucher f\u00fcttern Rentiere im Sommer bei Santa Claus Reindeer, Santa Claus Village, Rovaniemi, Finnland\"},{\"@type\":\"BreadcrumbList\",\"@id\":\"https:\\\/\\\/www.santaclausreindeer.fi\\\/de\\\/geschichten-aus-lappland-blog\\\/#breadcrumb\",\"itemListElement\":[{\"@type\":\"ListItem\",\"position\":1,\"name\":\"Home\",\"item\":\"https:\\\/\\\/www.santaclausreindeer.fi\\\/de\\\/\"},{\"@type\":\"ListItem\",\"position\":2,\"name\":\"Geschichten aus Lappland \u2013 Blog\"}]},{\"@type\":\"WebSite\",\"@id\":\"https:\\\/\\\/www.santaclausreindeer.fi\\\/de\\\/#website\",\"url\":\"https:\\\/\\\/www.santaclausreindeer.fi\\\/de\\\/\",\"name\":\"Santa Claus Reindeer\",\"description\":\"Arctic Circle, Rovaniemi, Lapland\",\"publisher\":{\"@id\":\"https:\\\/\\\/www.santaclausreindeer.fi\\\/de\\\/#organization\"},\"potentialAction\":[{\"@type\":\"SearchAction\",\"target\":{\"@type\":\"EntryPoint\",\"urlTemplate\":\"https:\\\/\\\/www.santaclausreindeer.fi\\\/de\\\/?s={search_term_string}\"},\"query-input\":{\"@type\":\"PropertyValueSpecification\",\"valueRequired\":true,\"valueName\":\"search_term_string\"}}],\"inLanguage\":\"de\"},{\"@type\":\"Organization\",\"@id\":\"https:\\\/\\\/www.santaclausreindeer.fi\\\/de\\\/#organization\",\"name\":\"Santa Claus Reindeer\",\"url\":\"https:\\\/\\\/www.santaclausreindeer.fi\\\/de\\\/\",\"logo\":{\"@type\":\"ImageObject\",\"inLanguage\":\"de\",\"@id\":\"https:\\\/\\\/www.santaclausreindeer.fi\\\/de\\\/#\\\/schema\\\/logo\\\/image\\\/\",\"url\":\"https:\\\/\\\/www.santaclausreindeer.fi\\\/wp-content\\\/uploads\\\/2024\\\/10\\\/scr_logo_vaakaslogan-RVN-RGB-opt.svg\",\"contentUrl\":\"https:\\\/\\\/www.santaclausreindeer.fi\\\/wp-content\\\/uploads\\\/2024\\\/10\\\/scr_logo_vaakaslogan-RVN-RGB-opt.svg\",\"width\":396,\"height\":212,\"caption\":\"Santa Claus Reindeer\"},\"image\":{\"@id\":\"https:\\\/\\\/www.santaclausreindeer.fi\\\/de\\\/#\\\/schema\\\/logo\\\/image\\\/\"},\"sameAs\":[\"https:\\\/\\\/www.facebook.com\\\/SantaClausReindeer\\\/\",\"https:\\\/\\\/www.instagram.com\\\/santaclausreindeer\\\/\",\"https:\\\/\\\/www.youtube.com\\\/user\\\/santareindeerlapland\",\"https:\\\/\\\/www.tripadvisor.fr\\\/Attraction_Review-g189922-d6662018-Reviews-Santa_Claus_Reindeer-Rovaniemi_Lapland.html\"]}]}<\/script>\n<!-- \/ Yoast SEO plugin. -->","yoast_head_json":{"title":"Geschichten aus Lappland \u2013 Blog - Santa Claus Reindeer","description":"Geschichten aus Lappland \u2013 Entdecke magische Momente, Rentiergeschichten und Einblicke hinter die Kulissen des Weihnachtsmanndorfes. Erkunde das Leben, die Kultur und die Erlebnisse im Herzen der finnischen Lapplands.","robots":{"index":"index","follow":"follow","max-snippet":"max-snippet:-1","max-image-preview":"max-image-preview:large","max-video-preview":"max-video-preview:-1"},"canonical":"https:\/\/www.santaclausreindeer.fi\/de\/geschichten-aus-lappland-blog\/","og_locale":"de_DE","og_type":"article","og_title":"Geschichten aus Lappland \u2013 Blog - Santa Claus Reindeer","og_description":"Geschichten aus Lappland \u2013 Entdecke magische Momente, Rentiergeschichten und Einblicke hinter die Kulissen des Weihnachtsmanndorfes. Erkunde das Leben, die Kultur und die Erlebnisse im Herzen der finnischen Lapplands.","og_url":"https:\/\/www.santaclausreindeer.fi\/de\/geschichten-aus-lappland-blog\/","og_site_name":"Santa Claus Reindeer","article_publisher":"https:\/\/www.facebook.com\/SantaClausReindeer\/","article_modified_time":"2025-05-17T08:16:41+00:00","twitter_card":"summary_large_image","twitter_misc":{"Gesch\u00e4tzte Lesezeit":"1\u00a0Minute"},"schema":{"@context":"https:\/\/schema.org","@graph":[{"@type":"WebPage","@id":"https:\/\/www.santaclausreindeer.fi\/de\/geschichten-aus-lappland-blog\/","url":"https:\/\/www.santaclausreindeer.fi\/de\/geschichten-aus-lappland-blog\/","name":"Geschichten aus Lappland \u2013 Blog - Santa Claus Reindeer","isPartOf":{"@id":"https:\/\/www.santaclausreindeer.fi\/de\/#website"},"primaryImageOfPage":{"@id":"https:\/\/www.santaclausreindeer.fi\/de\/geschichten-aus-lappland-blog\/#primaryimage"},"image":{"@id":"https:\/\/www.santaclausreindeer.fi\/de\/geschichten-aus-lappland-blog\/#primaryimage"},"thumbnailUrl":"https:\/\/www.santaclausreindeer.fi\/wp-content\/uploads\/2025\/04\/Meet-reindeer-in-summer-by-Santa-Claus-Reindeer-in-Santa-Claus-Village-Arctic-Circle-scaled.jpg","datePublished":"2025-05-17T07:37:40+00:00","dateModified":"2025-05-17T08:16:41+00:00","description":"Geschichten aus Lappland \u2013 Entdecke magische Momente, Rentiergeschichten und Einblicke hinter die Kulissen des Weihnachtsmanndorfes. Erkunde das Leben, die Kultur und die Erlebnisse im Herzen der finnischen Lapplands.","breadcrumb":{"@id":"https:\/\/www.santaclausreindeer.fi\/de\/geschichten-aus-lappland-blog\/#breadcrumb"},"inLanguage":"de","potentialAction":[{"@type":"ReadAction","target":["https:\/\/www.santaclausreindeer.fi\/de\/geschichten-aus-lappland-blog\/"]}]},{"@type":"ImageObject","inLanguage":"de","@id":"https:\/\/www.santaclausreindeer.fi\/de\/geschichten-aus-lappland-blog\/#primaryimage","url":"https:\/\/www.santaclausreindeer.fi\/wp-content\/uploads\/2025\/04\/Meet-reindeer-in-summer-by-Santa-Claus-Reindeer-in-Santa-Claus-Village-Arctic-Circle-scaled.jpg","contentUrl":"https:\/\/www.santaclausreindeer.fi\/wp-content\/uploads\/2025\/04\/Meet-reindeer-in-summer-by-Santa-Claus-Reindeer-in-Santa-Claus-Village-Arctic-Circle-scaled.jpg","width":2560,"height":1708,"caption":"Besucher f\u00fcttern Rentiere im Sommer bei Santa Claus Reindeer, Santa Claus Village, Rovaniemi, Finnland"},{"@type":"BreadcrumbList","@id":"https:\/\/www.santaclausreindeer.fi\/de\/geschichten-aus-lappland-blog\/#breadcrumb","itemListElement":[{"@type":"ListItem","position":1,"name":"Home","item":"https:\/\/www.santaclausreindeer.fi\/de\/"},{"@type":"ListItem","position":2,"name":"Geschichten aus Lappland \u2013 Blog"}]},{"@type":"WebSite","@id":"https:\/\/www.santaclausreindeer.fi\/de\/#website","url":"https:\/\/www.santaclausreindeer.fi\/de\/","name":"Santa Claus Reindeer","description":"Arctic Circle, Rovaniemi, Lapland","publisher":{"@id":"https:\/\/www.santaclausreindeer.fi\/de\/#organization"},"potentialAction":[{"@type":"SearchAction","target":{"@type":"EntryPoint","urlTemplate":"https:\/\/www.santaclausreindeer.fi\/de\/?s={search_term_string}"},"query-input":{"@type":"PropertyValueSpecification","valueRequired":true,"valueName":"search_term_string"}}],"inLanguage":"de"},{"@type":"Organization","@id":"https:\/\/www.santaclausreindeer.fi\/de\/#organization","name":"Santa Claus Reindeer","url":"https:\/\/www.santaclausreindeer.fi\/de\/","logo":{"@type":"ImageObject","inLanguage":"de","@id":"https:\/\/www.santaclausreindeer.fi\/de\/#\/schema\/logo\/image\/","url":"https:\/\/www.santaclausreindeer.fi\/wp-content\/uploads\/2024\/10\/scr_logo_vaakaslogan-RVN-RGB-opt.svg","contentUrl":"https:\/\/www.santaclausreindeer.fi\/wp-content\/uploads\/2024\/10\/scr_logo_vaakaslogan-RVN-RGB-opt.svg","width":396,"height":212,"caption":"Santa Claus Reindeer"},"image":{"@id":"https:\/\/www.santaclausreindeer.fi\/de\/#\/schema\/logo\/image\/"},"sameAs":["https:\/\/www.facebook.com\/SantaClausReindeer\/","https:\/\/www.instagram.com\/santaclausreindeer\/","https:\/\/www.youtube.com\/user\/santareindeerlapland","https:\/\/www.tripadvisor.fr\/Attraction_Review-g189922-d6662018-Reviews-Santa_Claus_Reindeer-Rovaniemi_Lapland.html"]}]}},"_links":{"self":[{"href":"https:\/\/www.santaclausreindeer.fi\/de\/wp-json\/wp\/v2\/pages\/66790","targetHints":{"allow":["GET"]}}],"collection":[{"href":"https:\/\/www.santaclausreindeer.fi\/de\/wp-json\/wp\/v2\/pages"}],"about":[{"href":"https:\/\/www.santaclausreindeer.fi\/de\/wp-json\/wp\/v2\/types\/page"}],"author":[{"embeddable":true,"href":"https:\/\/www.santaclausreindeer.fi\/de\/wp-json\/wp\/v2\/users\/9"}],"replies":[{"embeddable":true,"href":"https:\/\/www.santaclausreindeer.fi\/de\/wp-json\/wp\/v2\/comments?post=66790"}],"version-history":[{"count":2,"href":"https:\/\/www.santaclausreindeer.fi\/de\/wp-json\/wp\/v2\/pages\/66790\/revisions"}],"predecessor-version":[{"id":66792,"href":"https:\/\/www.santaclausreindeer.fi\/de\/wp-json\/wp\/v2\/pages\/66790\/revisions\/66792"}],"wp:featuredmedia":[{"embeddable":true,"href":"https:\/\/www.santaclausreindeer.fi\/de\/wp-json\/wp\/v2\/media\/66470"}],"wp:attachment":[{"href":"https:\/\/www.santaclausreindeer.fi\/de\/wp-json\/wp\/v2\/media?parent=66790"}],"curies":[{"name":"wp","href":"https:\/\/api.w.org\/{rel}","templated":true}]}}