{"id":65559,"date":"2025-02-11T11:16:22","date_gmt":"2025-02-11T09:16:22","guid":{"rendered":"https:\/\/www.www.santaclausreindeer.fi\/aaaaa\/"},"modified":"2025-02-17T13:42:39","modified_gmt":"2025-02-17T11:42:39","slug":"aaaaa","status":"publish","type":"page","link":"https:\/\/www.santaclausreindeer.fi\/de\/aaaaa\/","title":{"rendered":"AAAAA"},"content":{"rendered":"<p>[et_pb_section fb_built=&#8220;1&#8243; _builder_version=&#8220;4.27.4&#8243; _module_preset=&#8220;default&#8220; global_colors_info=&#8220;{}&#8220;][et_pb_row _builder_version=&#8220;4.27.4&#8243; _module_preset=&#8220;default&#8220; global_colors_info=&#8220;{}&#8220;][et_pb_column type=&#8220;4_4&#8243; _builder_version=&#8220;4.27.4&#8243; _module_preset=&#8220;default&#8220; global_colors_info=&#8220;{}&#8220;][et_pb_text _builder_version=&#8220;4.27.4&#8243; _module_preset=&#8220;default&#8220; global_colors_info=&#8220;{}&#8220;]<\/p>\n<h1>Test<\/h1>\n<p>[\/et_pb_text][bokun_products _builder_version=&#8220;4.27.4&#8243; _module_preset=&#8220;default&#8220; hover_enabled=&#8220;0&#8243; global_colors_info=&#8220;{}&#8220; display_mode=&#8220;specific&#8220; selected_products=&#8220;off|off|off|off|on|on|off|on|off|off|off|off|off|off|off|off|off|off|off&#8220; sticky_enabled=&#8220;0&#8243;][\/bokun_products][\/et_pb_column][\/et_pb_row][\/et_pb_section]<\/p>\n","protected":false},"excerpt":{"rendered":"<p>Test<div class=\"et_pb_module bokun_products bokun_products_0\">\n\t\t\t\t\n\t\t\t\t\n\t\t\t\t\n\t\t\t\t\n\t\t\t\t\n\t\t\t\t\n\t\t\t\t<div class=\"et_pb_module_inner\">\n\t\t\t\t\t<div class=\"notice notice-info\"><p>Some products are shown in English where translations are not available.<\/p><\/div><div class=\"product-grid\"><div class=\"product-item-wrapper\"><a href=\"https:\/\/www.santaclausreindeer.fi\/de\/product\/santa-claus-sommerzauber-in-rovaniemi-ein-unterhaltsames-und-unvergessliches-treffen-mit-rentieren-im-sommer-und-herbst\/\" class=\"product-item-link\"><div class=\"product-item\"><div class=\"et_pb_image_wrap\"><img decoding=\"async\" src=\"https:\/\/imgcdn.bokun.tools\/0e79b299-2c40-4330-808f-ef31d34b3ae8.jpeg?w=400&#038;h=300&#038;mode=crop\" alt=\"Santa Claus Sommerzauber in Rovaniemi \u2013 Ein unterhaltsames und unvergessliches Treffen mit Rentieren im Sommer und Herbst\"><\/div><div class=\"content-wrap\"><p class=\"price\">From: <span>19 \u20ac<\/span><\/p><div class=\"main-content\"><div class=\"incl\"><span class=\"bonfire\"><\/span><span class=\"feeding-reindeer\"><\/span><\/div><p class=\"subheading\">Santa Claus Village<\/p><h3>Santa Claus Sommerzauber in Rovaniemi \u2013 Ein unterhaltsames und unvergessliches Treffen mit Rentieren im Sommer und Herbst<\/h3><p>Der Sommerzauber des Weihnachtsmanns in Rovaniemi erwartet Sie \u2013 Begegnen Sie arktischen Rentieren hautnah und genie\u00dfen Sie die entspannte Atmosph\u00e4re&hellip;<\/p><div class=\"et_pb_button_module_wrapper et_pb_button_alignment_center et_pb_module btn-tuote-haku\"><span class=\"et_pb_button et_pb_bg_layout_light\">View Product<\/span><\/div><\/div><\/div><\/div><\/a><\/div><div class=\"product-item-wrapper\"><a href=\"https:\/\/www.santaclausreindeer.fi\/de\/product\/winterabenteuer-rentier-safari-in-rovaniemi\/\" class=\"product-item-link\"><div class=\"product-item\"><div class=\"et_pb_image_wrap\"><img decoding=\"async\" src=\"https:\/\/imgcdn.bokun.tools\/20216e54-f454-4539-be56-be9daf57ac9c.jpeg?w=400&#038;h=300&#038;mode=crop\" alt=\"Winterabenteuer Rentier-Safari in Rovaniemi\"><\/div><div class=\"content-wrap\"><div class=\"duration\">1 Stunde<\/div><p class=\"price\">From: <span>120 \u20ac<\/span><\/p><div class=\"main-content\"><div class=\"incl\"><span class=\"bonfire\"><\/span><span class=\"guide\"><\/span><span class=\"reindeer-ride\"><\/span><span class=\"snack\"><\/span><\/div><p class=\"subheading\">Santa Claus Village<\/p><h3>Winterabenteuer Rentier-Safari in Rovaniemi<\/h3><p>Secure your spot before today's rides sell out.<\/p><div class=\"et_pb_button_module_wrapper et_pb_button_alignment_center et_pb_module btn-tuote-haku\"><span class=\"et_pb_button et_pb_bg_layout_light\">View Product<\/span><\/div><\/div><\/div><\/div><\/a><\/div><div class=\"product-item-wrapper\"><a href=\"https:\/\/www.santaclausreindeer.fi\/de\/product\/rentier-safari-am-tag-3-stundiges-wildniserlebnis-in-rovaniemi\/\" class=\"product-item-link\"><div class=\"product-item\"><div class=\"et_pb_image_wrap\"><img decoding=\"async\" src=\"https:\/\/imgcdn.bokun.tools\/2a484a35-283e-4175-8c39-270ce846cf54.jpeg?w=400&#038;h=300&#038;mode=crop\" alt=\"Rentier-Safari am Tag \u2013 3-st\u00fcndiges Wildniserlebnis in Rovaniemi\"><\/div><div class=\"content-wrap\"><div class=\"duration\">3 Stunden<\/div><p class=\"price\">From: <span>145 \u20ac<\/span><\/p><div class=\"main-content\"><div class=\"incl\"><span class=\"bonfire\"><\/span><span class=\"feeding-reindeer\"><\/span><span class=\"guide\"><\/span><span class=\"reindeer-ride\"><\/span><span class=\"snack\"><\/span><span class=\"transportation\"><\/span><\/div><p class=\"subheading\">Taava Reindeer Farm<\/p><h3>Rentier-Safari am Tag \u2013 3-st\u00fcndiges Wildniserlebnis in Rovaniemi<\/h3><p>Ein wundersch\u00f6nes Erlebnis einer Rentierschlittenfahrt im Wald.<\/p><div class=\"et_pb_button_module_wrapper et_pb_button_alignment_center et_pb_module btn-tuote-haku\"><span class=\"et_pb_button et_pb_bg_layout_light\">View Product<\/span><\/div><\/div><\/div><\/div><\/a><\/div><div class=\"product-item-wrapper\"><a href=\"https:\/\/www.santaclausreindeer.fi\/de\/product\/rentier-safari-am-tag-3-stundiges-wildniserlebnis-in-rovaniemi-2\/\" class=\"product-item-link\"><div class=\"product-item\"><div class=\"et_pb_image_wrap\"><img decoding=\"async\" src=\"https:\/\/imgcdn.bokun.tools\/2a484a35-283e-4175-8c39-270ce846cf54.jpeg?w=400&#038;h=300&#038;mode=crop\" alt=\"Rentier-Safari am Tag \u2013 3-st\u00fcndiges Wildniserlebnis in Rovaniemi\"><\/div><div class=\"content-wrap\"><div class=\"duration\">3 Stunden<\/div><p class=\"price\">From: <span>160 \u20ac<\/span><\/p><div class=\"main-content\"><div class=\"incl\"><span class=\"bonfire\"><\/span><span class=\"feeding-reindeer\"><\/span><span class=\"guide\"><\/span><span class=\"reindeer-ride\"><\/span><span class=\"snack\"><\/span><span class=\"transportation\"><\/span><\/div><p class=\"subheading\">Taava Reindeer Farm<\/p><h3>Rentier-Safari am Tag \u2013 3-st\u00fcndiges Wildniserlebnis in Rovaniemi<\/h3><p>Ein wundersch\u00f6nes Erlebnis einer Rentierschlittenfahrt im Wald.<\/p><div class=\"et_pb_button_module_wrapper et_pb_button_alignment_center et_pb_module btn-tuote-haku\"><span class=\"et_pb_button et_pb_bg_layout_light\">View Product<\/span><\/div><\/div><\/div><\/div><\/a><\/div><div class=\"product-item-wrapper\"><a href=\"https:\/\/www.santaclausreindeer.fi\/de\/product\/auf-der-suche-nach-dem-nordlicht-rentierschlittenfahrt-unter-dem-arktischen-himmel\/\" class=\"product-item-link\"><div class=\"product-item\"><div class=\"et_pb_image_wrap\"><img decoding=\"async\" src=\"https:\/\/imgcdn.bokun.tools\/f5862720-65d1-435a-94dc-ba240b21bcc6.jpeg?w=400&#038;h=300&#038;mode=crop\" alt=\"Auf der Suche nach dem Nordlicht \u2013 Rentierschlittenfahrt unter dem arktischen Himmel\"><\/div><div class=\"content-wrap\"><div class=\"duration\">3 Stunden<\/div><p class=\"price\">From: <span>169 \u20ac<\/span><\/p><div class=\"main-content\"><div class=\"incl\"><span class=\"bonfire\"><\/span><span class=\"feeding-reindeer\"><\/span><span class=\"guide\"><\/span><span class=\"reindeer-ride\"><\/span><span class=\"snack\"><\/span><span class=\"transportation\"><\/span><\/div><p class=\"subheading\">Taava Reindeer Farm<\/p><h3>Auf der Suche nach dem Nordlicht \u2013 Rentierschlittenfahrt unter dem arktischen Himmel<\/h3><p>Ein magischer Abend erwartet Sie! Begleiten Sie Santa Claus Reindeer auf eine Reise unter dem arktischen Nachthimmel.<\/p><div class=\"et_pb_button_module_wrapper et_pb_button_alignment_center et_pb_module btn-tuote-haku\"><span class=\"et_pb_button et_pb_bg_layout_light\">View Product<\/span><\/div><\/div><\/div><\/div><\/a><\/div><div class=\"product-item-wrapper\"><a href=\"https:\/\/www.santaclausreindeer.fi\/de\/product\/zeremonie-zur-uberquerung-des-polarkreises-ganzjahriges-stimmungsvolles-erlebnis\/\" class=\"product-item-link\"><div class=\"product-item\"><div class=\"et_pb_image_wrap\"><img decoding=\"async\" src=\"https:\/\/imgcdn.bokun.tools\/db9d2784-153b-4e5c-b3c8-66b5eb6a8070.jpeg?w=400&#038;h=300&#038;mode=crop\" alt=\"Zeremonie zur \u00dcberquerung des Polarkreises \u2013 Ganzj\u00e4hriges stimmungsvolles Erlebnis\"><\/div><div class=\"content-wrap\"><div class=\"duration\">30 Minuten<\/div><p class=\"price\">From: <span>600 \u20ac<\/span><\/p><div class=\"main-content\"><div class=\"incl\"><span class=\"bonfire\"><\/span><span class=\"certificate\"><\/span><span class=\"guide\"><\/span><span class=\"snack\"><\/span><\/div><p class=\"subheading\">Santa Claus Village<\/p><h3>Zeremonie zur \u00dcberquerung des Polarkreises \u2013 Ganzj\u00e4hriges stimmungsvolles Erlebnis<\/h3><p>Faszinierende Zeremonie am Polarkreis<\/p><div class=\"et_pb_button_module_wrapper et_pb_button_alignment_center et_pb_module btn-tuote-haku\"><span class=\"et_pb_button et_pb_bg_layout_light\">View Product<\/span><\/div><\/div><\/div><\/div><\/a><\/div><div class=\"product-item-wrapper\"><a href=\"https:\/\/www.santaclausreindeer.fi\/de\/product\/waldpfad-ein-800-meter-rentierschlitten-abenteuer-im-weihnachtswald-von-rovaniemi-2\/\" class=\"product-item-link\"><div class=\"product-item\"><div class=\"et_pb_image_wrap\"><img decoding=\"async\" src=\"https:\/\/imgcdn.bokun.tools\/fbeeef6b-c71f-4f94-b2b8-8f15633810a7.jpeg?w=400&#038;h=300&#038;mode=crop\" alt=\"Waldpfad \u2013 Ein 800-Meter-Rentierschlitten-Abenteuer im Weihnachtswald von Rovaniemi\"><\/div><div class=\"content-wrap\"><div class=\"duration\">10 Minuten<\/div><p class=\"price\">From: <span>50 \u20ac<\/span><\/p><div class=\"main-content\"><div class=\"incl\"><span class=\"guide\"><\/span><span class=\"reindeer-ride\"><\/span><\/div><p class=\"subheading\">Santa Claus Village<\/p><h3>Waldpfad \u2013 Ein 800-Meter-Rentierschlitten-Abenteuer im Weihnachtswald von Rovaniemi<\/h3><p>Waldpfad \u2013 800\u202fm Rentierschlittenfahrt mitten im Santa Claus Village<\/p><div class=\"et_pb_button_module_wrapper et_pb_button_alignment_center et_pb_module btn-tuote-haku\"><span class=\"et_pb_button et_pb_bg_layout_light\">View Product<\/span><\/div><\/div><\/div><\/div><\/a><\/div><div class=\"product-item-wrapper\"><a href=\"https:\/\/www.santaclausreindeer.fi\/de\/product\/rentierpfad-eine-400-meter-rentierschlittenfahrt-mit-den-rentieren-des-weihnachtsmanns\/\" class=\"product-item-link\"><div class=\"product-item\"><div class=\"et_pb_image_wrap\"><img decoding=\"async\" src=\"https:\/\/imgcdn.bokun.tools\/adaae575-55a1-4b7a-bf50-670088e2cf1a.jpeg?w=400&#038;h=300&#038;mode=crop\" alt=\"Rentierpfad \u2013 Eine 400-Meter-Rentierschlittenfahrt mit den Rentieren des Weihnachtsmanns\"><\/div><div class=\"content-wrap\"><div class=\"duration\">6 Minuten<\/div><p class=\"price\">From: <span>30 \u20ac<\/span><\/p><div class=\"main-content\"><div class=\"incl\"><span class=\"guide\"><\/span><span class=\"reindeer-ride\"><\/span><\/div><p class=\"subheading\">Santa Claus Village<\/p><h3>Rentierpfad \u2013 Eine 400-Meter-Rentierschlittenfahrt mit den Rentieren des Weihnachtsmanns<\/h3><p>Rentierpfad \u2013 400 m Rentierschlittenfahrt mitten im Santa Claus Village<\/p><div class=\"et_pb_button_module_wrapper et_pb_button_alignment_center et_pb_module btn-tuote-haku\"><span class=\"et_pb_button et_pb_bg_layout_light\">View Product<\/span><\/div><\/div><\/div><\/div><\/a><\/div><div class=\"product-item-wrapper\"><a href=\"https:\/\/www.santaclausreindeer.fi\/de\/product\/treffen-sie-frau-weihnachtsmann-in-ihrem-weihnachtscottage-im-santa-claus-dorf-2\/\" class=\"product-item-link\"><div class=\"product-item\"><div class=\"et_pb_image_wrap\"><img decoding=\"async\" src=\"https:\/\/imgcdn.bokun.tools\/885bdc26-3037-49fb-9a1a-e8fa6be85a3f.jpeg?w=400&#038;h=300&#038;mode=crop\" alt=\"Treffen Sie Frau Weihnachtsmann in ihrem Weihnachtscottage im Santa Claus Dorf.\"><\/div><div class=\"content-wrap\"><div class=\"duration\">10 Minuten<\/div><p class=\"price\">From: <span>50 \u20ac<\/span><\/p><div class=\"main-content\"><p class=\"subheading\">Santa Claus Village<\/p><h3>Treffen Sie Frau Weihnachtsmann in ihrem Weihnachtscottage im Santa Claus Dorf.<\/h3><p>Tretet ein in die warme und einladende Welt von Frau Weihnachtsmann \u2013 das ganze Jahr \u00fcber Weihnachtszauber!<\/p><div class=\"et_pb_button_module_wrapper et_pb_button_alignment_center et_pb_module btn-tuote-haku\"><span class=\"et_pb_button et_pb_bg_layout_light\">View Product<\/span><\/div><\/div><\/div><\/div><\/a><\/div><div class=\"product-item-wrapper\"><a href=\"https:\/\/www.santaclausreindeer.fi\/de\/product\/prioritats-rentierschlittenfahrt-fast-track-fur-deine-forest-path-rentierfahrt\/\" class=\"product-item-link\"><div class=\"product-item\"><div class=\"et_pb_image_wrap\"><img decoding=\"async\" src=\"https:\/\/imgcdn.bokun.tools\/24a3c8ca-051f-445d-8068-2b3fd367ad71.jpeg?w=400&#038;h=300&#038;mode=crop\" alt=\"Priorit\u00e4ts-Rentierschlittenfahrt \u2013 Fast Track f\u00fcr deine Forest Path Rentierfahrt.\"><\/div><div class=\"content-wrap\"><div class=\"duration\">25 Minuten<\/div><p class=\"price\">From: <span>100 \u20ac<\/span><\/p><div class=\"main-content\"><div class=\"incl\"><span class=\"bonfire\"><\/span><span class=\"guide\"><\/span><span class=\"reindeer-ride\"><\/span><\/div><p class=\"subheading\">Santa Claus Village<\/p><h3>Priorit\u00e4ts-Rentierschlittenfahrt \u2013 Fast Track f\u00fcr deine Forest Path Rentierfahrt.<\/h3><p>\u00dcberspringen Sie die Warteschlange und genie\u00dfen Sie eine magische Rentierschlittenfahrt auf dem Waldweg mit einem warmen Getr\u00e4nk und einem Souvenir-Rentierf\u00fchrerschein.<\/p><div class=\"et_pb_button_module_wrapper et_pb_button_alignment_center et_pb_module btn-tuote-haku\"><span class=\"et_pb_button et_pb_bg_layout_light\">View Product<\/span><\/div><\/div><\/div><\/div><\/a><\/div><div class=\"product-item-wrapper\"><a href=\"https:\/\/www.santaclausreindeer.fi\/de\/product\/lebe-das-leben-eines-rentierhirten-ein-halber-tag-in-der-arktis\/\" class=\"product-item-link\"><div class=\"product-item\"><div class=\"et_pb_image_wrap\"><img decoding=\"async\" src=\"https:\/\/imgcdn.bokun.tools\/fe224096-c8b3-43e1-8743-fa17148f0f66.jpeg?w=400&#038;h=300&#038;mode=crop\" alt=\"Lebe das Leben eines Rentierhirten \u2013 Ein Halber Tag in der Arktis\"><\/div><div class=\"content-wrap\"><div class=\"duration\">4 Stunden<\/div><p class=\"price\">From: <span>99 \u20ac<\/span><\/p><div class=\"main-content\"><div class=\"incl\"><span class=\"bonfire\"><\/span><span class=\"feeding-reindeer\"><\/span><span class=\"guide\"><\/span><span class=\"snack\"><\/span><span class=\"transportation\"><\/span><\/div><h3>Lebe das Leben eines Rentierhirten \u2013 Ein Halber Tag in der Arktis<\/h3><p>Das Leben eines Rentierhirten erwartet dich \u2013 Entfliehe deinem Alltag und erlebe die raue, authentische Welt der arktischen Rentierhaltung in&hellip;<\/p><div class=\"et_pb_button_module_wrapper et_pb_button_alignment_center et_pb_module btn-tuote-haku\"><span class=\"et_pb_button et_pb_bg_layout_light\">View Product<\/span><\/div><\/div><\/div><\/div><\/a><\/div><div class=\"product-item-wrapper\"><a href=\"https:\/\/www.santaclausreindeer.fi\/de\/product\/taava-rentierfarm-rentiere-lapplandische-traditionen-das-ganze-jahr-uber\/\" class=\"product-item-link\"><div class=\"product-item\"><div class=\"et_pb_image_wrap\"><img decoding=\"async\" src=\"https:\/\/imgcdn.bokun.tools\/806f7671-b1b7-463c-b388-18e70dd6d414.jpeg?w=400&#038;h=300&#038;mode=crop\" alt=\"Taava Rentierfarm \u2013 Rentiere &amp; Lappl\u00e4ndische Traditionen das ganze Jahr \u00fcber\"><\/div><div class=\"content-wrap\"><div class=\"duration\">1 Stunde und 30 Minuten<\/div><p class=\"price\">From: <span>79 \u20ac<\/span><\/p><div class=\"main-content\"><p class=\"subheading\">Taava Reindeer Farm<\/p><h3>Taava Rentierfarm \u2013 Rentiere &amp; Lappl\u00e4ndische Traditionen das ganze Jahr \u00fcber<\/h3><p>Besuch der Taava Rentierfarm \u2013 Authentisches Rentiererlebnis in Lappland<\/p><div class=\"et_pb_button_module_wrapper et_pb_button_alignment_center et_pb_module btn-tuote-haku\"><span class=\"et_pb_button et_pb_bg_layout_light\">View Product<\/span><\/div><\/div><\/div><\/div><\/a><\/div><div class=\"product-item-wrapper\"><a href=\"https:\/\/www.santaclausreindeer.fi\/de\/product\/herbstzauber-im-weihnachtsmanndorf-ein-lustiges-und-unvergessliches-erlebnis-mit-rentieren\/\" class=\"product-item-link\"><div class=\"product-item\"><div class=\"et_pb_image_wrap\"><img decoding=\"async\" src=\"https:\/\/imgcdn.bokun.tools\/08a29108-1d27-40cb-a7ee-f1395a81de4b.jpeg?w=400&#038;h=300&#038;mode=crop\" alt=\"Herbstzauber im Weihnachtsmanndorf \u2013 Ein lustiges und unvergessliches Erlebnis mit Rentieren\"><\/div><div class=\"content-wrap\"><p class=\"price\">From: <span>19 \u20ac<\/span><\/p><div class=\"main-content\"><h3>Herbstzauber im Weihnachtsmanndorf \u2013 Ein lustiges und unvergessliches Erlebnis mit Rentieren<\/h3><p>Herbstzauber im Weihnachtsmanndorf Rovaniemi mit Rentieren<\/p><div class=\"et_pb_button_module_wrapper et_pb_button_alignment_center et_pb_module btn-tuote-haku\"><span class=\"et_pb_button et_pb_bg_layout_light\">View Product<\/span><\/div><\/div><\/div><\/div><\/a><\/div><div class=\"product-item-wrapper\"><a href=\"https:\/\/www.santaclausreindeer.fi\/product\/1-hour-reindeer-safari-in-santa-claus-village-2\/\" class=\"product-item-link\"><div class=\"product-item\"><div class=\"et_pb_image_wrap\"><\/div><div class=\"content-wrap\"><div class=\"main-content\"><h3>Winter Adventure Reindeer Safari in Rovaniemi, Santa Claus Village<\/h3><p>A magical 2-3km long reindeer sleigh ride in Santa Claus Village.<\/p><div class=\"et_pb_button_module_wrapper et_pb_button_alignment_center et_pb_module btn-tuote-haku\"><span class=\"et_pb_button et_pb_bg_layout_light\">View Product<\/span><\/div><\/div><\/div><\/div><\/a><\/div><div class=\"product-item-wrapper\"><a href=\"https:\/\/www.santaclausreindeer.fi\/product\/group-booking-at-lapland-restaurant-kotahovi-ideal-for-your-lapland-experience\/\" class=\"product-item-link\"><div class=\"product-item\"><div class=\"et_pb_image_wrap\"><img decoding=\"async\" src=\"https:\/\/imgcdn.bokun.tools\/9bc1170d-cfab-4af4-a167-67a64593f2d4.jpeg?w=400&#038;h=300&#038;mode=crop\" alt=\"Group Booking at Lapland Restaurant Kotahovi \u2013 Ideal for Your Lapland Experience\"><\/div><div class=\"content-wrap\"><div class=\"duration\">1 hour<\/div><p class=\"price\">From: <span>69 \u20ac<\/span><\/p><div class=\"main-content\"><p class=\"subheading\">Santa Claus Village<\/p><h3>Group Booking at Lapland Restaurant Kotahovi \u2013 Ideal for Your Lapland Experience<\/h3><p>Book a group reservation at Lapland Restaurant Kotahovi for a memorable Lapland dining experience<\/p><div class=\"et_pb_button_module_wrapper et_pb_button_alignment_center et_pb_module btn-tuote-haku\"><span class=\"et_pb_button et_pb_bg_layout_light\">View Product<\/span><\/div><\/div><\/div><\/div><\/a><\/div><\/div>\n\t\t\t\t<\/div>\n\t\t\t<\/div><\/p>\n","protected":false},"author":2,"featured_media":0,"parent":0,"menu_order":0,"comment_status":"closed","ping_status":"closed","template":"","meta":{"_acf_changed":false,"_et_pb_use_builder":"on","_et_pb_old_content":"","_et_gb_content_width":"","inline_featured_image":false,"footnotes":""},"class_list":["post-65559","page","type-page","status-publish","hentry"],"acf":[],"yoast_head":"<!-- This site is optimized with the Yoast SEO plugin v27.5 - https:\/\/yoast.com\/product\/yoast-seo-wordpress\/ -->\n<title>AAAAA - Santa Claus Reindeer<\/title>\n<meta name=\"robots\" content=\"index, follow, max-snippet:-1, max-image-preview:large, max-video-preview:-1\" \/>\n<link rel=\"canonical\" href=\"https:\/\/www.santaclausreindeer.fi\/de\/aaaaa\/\" \/>\n<meta property=\"og:locale\" content=\"de_DE\" \/>\n<meta property=\"og:type\" content=\"article\" \/>\n<meta property=\"og:title\" content=\"AAAAA - Santa Claus Reindeer\" \/>\n<meta property=\"og:url\" content=\"https:\/\/www.santaclausreindeer.fi\/de\/aaaaa\/\" \/>\n<meta property=\"og:site_name\" content=\"Santa Claus Reindeer\" \/>\n<meta property=\"article:publisher\" content=\"https:\/\/www.facebook.com\/SantaClausReindeer\/\" \/>\n<meta property=\"article:modified_time\" content=\"2025-02-17T11:42:39+00:00\" \/>\n<meta name=\"twitter:card\" content=\"summary_large_image\" \/>\n<meta name=\"twitter:label1\" content=\"Gesch\u00e4tzte Lesezeit\" \/>\n\t<meta name=\"twitter:data1\" content=\"2\u00a0Minuten\" \/>\n<script type=\"application\/ld+json\" class=\"yoast-schema-graph\">{\"@context\":\"https:\\\/\\\/schema.org\",\"@graph\":[{\"@type\":\"WebPage\",\"@id\":\"https:\\\/\\\/www.santaclausreindeer.fi\\\/de\\\/aaaaa\\\/\",\"url\":\"https:\\\/\\\/www.santaclausreindeer.fi\\\/de\\\/aaaaa\\\/\",\"name\":\"AAAAA - Santa Claus Reindeer\",\"isPartOf\":{\"@id\":\"https:\\\/\\\/www.santaclausreindeer.fi\\\/de\\\/#website\"},\"datePublished\":\"2025-02-11T09:16:22+00:00\",\"dateModified\":\"2025-02-17T11:42:39+00:00\",\"breadcrumb\":{\"@id\":\"https:\\\/\\\/www.santaclausreindeer.fi\\\/de\\\/aaaaa\\\/#breadcrumb\"},\"inLanguage\":\"de\",\"potentialAction\":[{\"@type\":\"ReadAction\",\"target\":[\"https:\\\/\\\/www.santaclausreindeer.fi\\\/de\\\/aaaaa\\\/\"]}]},{\"@type\":\"BreadcrumbList\",\"@id\":\"https:\\\/\\\/www.santaclausreindeer.fi\\\/de\\\/aaaaa\\\/#breadcrumb\",\"itemListElement\":[{\"@type\":\"ListItem\",\"position\":1,\"name\":\"Home\",\"item\":\"https:\\\/\\\/www.santaclausreindeer.fi\\\/de\\\/\"},{\"@type\":\"ListItem\",\"position\":2,\"name\":\"AAAAA\"}]},{\"@type\":\"WebSite\",\"@id\":\"https:\\\/\\\/www.santaclausreindeer.fi\\\/de\\\/#website\",\"url\":\"https:\\\/\\\/www.santaclausreindeer.fi\\\/de\\\/\",\"name\":\"Santa Claus Reindeer\",\"description\":\"Arctic Circle, Rovaniemi, Lapland\",\"publisher\":{\"@id\":\"https:\\\/\\\/www.santaclausreindeer.fi\\\/de\\\/#organization\"},\"potentialAction\":[{\"@type\":\"SearchAction\",\"target\":{\"@type\":\"EntryPoint\",\"urlTemplate\":\"https:\\\/\\\/www.santaclausreindeer.fi\\\/de\\\/?s={search_term_string}\"},\"query-input\":{\"@type\":\"PropertyValueSpecification\",\"valueRequired\":true,\"valueName\":\"search_term_string\"}}],\"inLanguage\":\"de\"},{\"@type\":\"Organization\",\"@id\":\"https:\\\/\\\/www.santaclausreindeer.fi\\\/de\\\/#organization\",\"name\":\"Santa Claus Reindeer\",\"url\":\"https:\\\/\\\/www.santaclausreindeer.fi\\\/de\\\/\",\"logo\":{\"@type\":\"ImageObject\",\"inLanguage\":\"de\",\"@id\":\"https:\\\/\\\/www.santaclausreindeer.fi\\\/de\\\/#\\\/schema\\\/logo\\\/image\\\/\",\"url\":\"https:\\\/\\\/www.santaclausreindeer.fi\\\/wp-content\\\/uploads\\\/2024\\\/10\\\/scr_logo_vaakaslogan-RVN-RGB-opt.svg\",\"contentUrl\":\"https:\\\/\\\/www.santaclausreindeer.fi\\\/wp-content\\\/uploads\\\/2024\\\/10\\\/scr_logo_vaakaslogan-RVN-RGB-opt.svg\",\"width\":396,\"height\":212,\"caption\":\"Santa Claus Reindeer\"},\"image\":{\"@id\":\"https:\\\/\\\/www.santaclausreindeer.fi\\\/de\\\/#\\\/schema\\\/logo\\\/image\\\/\"},\"sameAs\":[\"https:\\\/\\\/www.facebook.com\\\/SantaClausReindeer\\\/\",\"https:\\\/\\\/www.instagram.com\\\/santaclausreindeer\\\/\",\"https:\\\/\\\/www.youtube.com\\\/user\\\/santareindeerlapland\",\"https:\\\/\\\/www.tripadvisor.fr\\\/Attraction_Review-g189922-d6662018-Reviews-Santa_Claus_Reindeer-Rovaniemi_Lapland.html\"]}]}<\/script>\n<!-- \/ Yoast SEO plugin. -->","yoast_head_json":{"title":"AAAAA - Santa Claus Reindeer","robots":{"index":"index","follow":"follow","max-snippet":"max-snippet:-1","max-image-preview":"max-image-preview:large","max-video-preview":"max-video-preview:-1"},"canonical":"https:\/\/www.santaclausreindeer.fi\/de\/aaaaa\/","og_locale":"de_DE","og_type":"article","og_title":"AAAAA - Santa Claus Reindeer","og_url":"https:\/\/www.santaclausreindeer.fi\/de\/aaaaa\/","og_site_name":"Santa Claus Reindeer","article_publisher":"https:\/\/www.facebook.com\/SantaClausReindeer\/","article_modified_time":"2025-02-17T11:42:39+00:00","twitter_card":"summary_large_image","twitter_misc":{"Gesch\u00e4tzte Lesezeit":"2\u00a0Minuten"},"schema":{"@context":"https:\/\/schema.org","@graph":[{"@type":"WebPage","@id":"https:\/\/www.santaclausreindeer.fi\/de\/aaaaa\/","url":"https:\/\/www.santaclausreindeer.fi\/de\/aaaaa\/","name":"AAAAA - Santa Claus Reindeer","isPartOf":{"@id":"https:\/\/www.santaclausreindeer.fi\/de\/#website"},"datePublished":"2025-02-11T09:16:22+00:00","dateModified":"2025-02-17T11:42:39+00:00","breadcrumb":{"@id":"https:\/\/www.santaclausreindeer.fi\/de\/aaaaa\/#breadcrumb"},"inLanguage":"de","potentialAction":[{"@type":"ReadAction","target":["https:\/\/www.santaclausreindeer.fi\/de\/aaaaa\/"]}]},{"@type":"BreadcrumbList","@id":"https:\/\/www.santaclausreindeer.fi\/de\/aaaaa\/#breadcrumb","itemListElement":[{"@type":"ListItem","position":1,"name":"Home","item":"https:\/\/www.santaclausreindeer.fi\/de\/"},{"@type":"ListItem","position":2,"name":"AAAAA"}]},{"@type":"WebSite","@id":"https:\/\/www.santaclausreindeer.fi\/de\/#website","url":"https:\/\/www.santaclausreindeer.fi\/de\/","name":"Santa Claus Reindeer","description":"Arctic Circle, Rovaniemi, Lapland","publisher":{"@id":"https:\/\/www.santaclausreindeer.fi\/de\/#organization"},"potentialAction":[{"@type":"SearchAction","target":{"@type":"EntryPoint","urlTemplate":"https:\/\/www.santaclausreindeer.fi\/de\/?s={search_term_string}"},"query-input":{"@type":"PropertyValueSpecification","valueRequired":true,"valueName":"search_term_string"}}],"inLanguage":"de"},{"@type":"Organization","@id":"https:\/\/www.santaclausreindeer.fi\/de\/#organization","name":"Santa Claus Reindeer","url":"https:\/\/www.santaclausreindeer.fi\/de\/","logo":{"@type":"ImageObject","inLanguage":"de","@id":"https:\/\/www.santaclausreindeer.fi\/de\/#\/schema\/logo\/image\/","url":"https:\/\/www.santaclausreindeer.fi\/wp-content\/uploads\/2024\/10\/scr_logo_vaakaslogan-RVN-RGB-opt.svg","contentUrl":"https:\/\/www.santaclausreindeer.fi\/wp-content\/uploads\/2024\/10\/scr_logo_vaakaslogan-RVN-RGB-opt.svg","width":396,"height":212,"caption":"Santa Claus Reindeer"},"image":{"@id":"https:\/\/www.santaclausreindeer.fi\/de\/#\/schema\/logo\/image\/"},"sameAs":["https:\/\/www.facebook.com\/SantaClausReindeer\/","https:\/\/www.instagram.com\/santaclausreindeer\/","https:\/\/www.youtube.com\/user\/santareindeerlapland","https:\/\/www.tripadvisor.fr\/Attraction_Review-g189922-d6662018-Reviews-Santa_Claus_Reindeer-Rovaniemi_Lapland.html"]}]}},"_links":{"self":[{"href":"https:\/\/www.santaclausreindeer.fi\/de\/wp-json\/wp\/v2\/pages\/65559","targetHints":{"allow":["GET"]}}],"collection":[{"href":"https:\/\/www.santaclausreindeer.fi\/de\/wp-json\/wp\/v2\/pages"}],"about":[{"href":"https:\/\/www.santaclausreindeer.fi\/de\/wp-json\/wp\/v2\/types\/page"}],"author":[{"embeddable":true,"href":"https:\/\/www.santaclausreindeer.fi\/de\/wp-json\/wp\/v2\/users\/2"}],"replies":[{"embeddable":true,"href":"https:\/\/www.santaclausreindeer.fi\/de\/wp-json\/wp\/v2\/comments?post=65559"}],"version-history":[{"count":0,"href":"https:\/\/www.santaclausreindeer.fi\/de\/wp-json\/wp\/v2\/pages\/65559\/revisions"}],"wp:attachment":[{"href":"https:\/\/www.santaclausreindeer.fi\/de\/wp-json\/wp\/v2\/media?parent=65559"}],"curies":[{"name":"wp","href":"https:\/\/api.w.org\/{rel}","templated":true}]}}